{"id":5,"date":"2024-07-30T19:31:20","date_gmt":"2024-07-30T19:31:20","guid":{"rendered":"https:\/\/www.ifop.cl\/simpaee2\/?page_id=5"},"modified":"2024-11-05T20:00:50","modified_gmt":"2024-11-05T20:00:50","slug":"inicio","status":"publish","type":"page","link":"https:\/\/www.ifop.cl\/simpaee2\/","title":{"rendered":"Inicio"},"content":{"rendered":"<section id=\"introduccion\" class=\"pt-5 pb-3 section-contenido\">\r\n            <div data-aos=\"fade-up\" data-aos-duration=\"700\" data-aos-delay=\"350\" class=\"container col-md-10\">\r\n                <h1 class=\"text-info\">INTRODUCCI&Oacute;N<\/h1>\r\n            \r\n                <p class=\"aos-init lead\" data-aos=\"fade-up\" data-aos-duration=\"700\" data-aos-delay=\"450\">Los recursos marinos son vitales para la econom&iacute;a, la alimentaci&oacute;n y el equilibrio ecol&oacute;gico de nuestro planeta. Sin embargo, en un escenario de cambio clim&aacute;tico, estos recursos enfrentan desaf&iacute;os sin precedentes. El aumento de las temperaturas, la acidificaci&oacute;n de los oc&eacute;anos y la elevaci&oacute;n del nivel del mar est&aacute;n afectando directamente a los ecosistemas marinos y a las especies que dependen de ellos.<\/p>\r\n                <p class=\"aos-init lead\" data-aos=\"fade-up\" data-aos-duration=\"700\" data-aos-delay=\"450\">El manejo ecosist&eacute;mico desempe&ntilde;a un papel fundamental frente al cambio clim&aacute;tico, ya que se centra en la conservaci&oacute;n y el uso sostenible de los recursos naturales en el contexto de los ecosistemas completos. En el caso de los recursos marinos, el manejo ecosist&eacute;mico proporciona un enfoque integral para abordar los impactos del cambio clim&aacute;tico.<\/p>\r\n                <p class=\"aos-init lead\" data-aos=\"fade-up\" data-aos-duration=\"700\" data-aos-delay=\"450\">En este contexto, la gesti&oacute;n sostenible de los recursos marinos est&aacute; siendo objeto de un cambio de paradigma, evolucionando lentamente desde un manejo mono-espec&iacute;fico a un Manejo con Enfoque Ecosist&eacute;mico (MEE). En efecto, se est&aacute; considerando aplicar el MEE dentro de los objetivos de la gesti&oacute;n de las actividades asociadas a los recursos pesqueros y de cultivos para el logro de actividades sostenibles, que proporcionen fuentes de alimentos, empleos, rendimientos socioecon&oacute;micos y un buen estado del ambiente.<\/p>\r\n                <p class=\"aos-init lead\" data-aos=\"fade-up\" data-aos-duration=\"700\" data-aos-delay=\"450\">En la actualidad este concepto no ha sido f&aacute;cil de comprender ni de implementar tanto en el &aacute;mbito ambiental, como ecol&oacute;gico, social e incluso pol&iacute;tico. Debido a esto, es necesario construir espacios de discusi&oacute;n en donde se muestre c&oacute;mo e implementar el MEE de manera efectiva para la gesti&oacute;n de los recursos acu&aacute;ticos. Esta iniciativa que se plantea desarrollar resulta particularmente relevante y oportuno al considerar el estado desmejorado de muchas pesquer&iacute;as y sistemas de cultivos, la creciente evidencia de los impactos del cambio clim&aacute;tico, y la contaminaci&oacute;n de los oc&eacute;anos. La discusi&oacute;n sobre c&oacute;mo implementar el MEE no es trivial, dada la multiplicidad de visiones que existen al respecto y la necesidad de definir y proponer pol&iacute;ticas p&uacute;blicas claras y oportunas. En este escenario, se deben aprovechar los avances cient&iacute;ficos y tecnol&oacute;gicos que han tenido gran desarrollo en los &uacute;ltimos a&ntilde;os, permitiendo mejorar el monitoreo de los sistemas marinos y pesqueros y con ello obtener una mejor aproximaci&oacute;n del estado de los ecosistemas.<\/p>\r\n                <p class=\"aos-init lead\" data-aos=\"fade-up\" data-aos-duration=\"700\" data-aos-delay=\"450\">Por su parte, la Comisi&oacute;n Permanente del Pac&iacute;fico Sur (CPPS) ha efectuado acciones para la incorporaci&oacute;n del MEE a trav&eacute;s de asociaciones con la Organizaci&oacute;n de las Naciones Unidas para la Alimentaci&oacute;n y la Agricultura (FAO) y centros de investigaci&oacute;n que han liderado el tema a nivel regional. Destacan el taller &ldquo;Enfoque Ecosist&eacute;mico en Pesquer&iacute;as como Instrumento de Apoyo al Proceso de toma de Decisiones, Fase I&rdquo; (Lima, Per&uacute;, 12-14\/ junio\/2018) y el taller &ldquo;Enfoque Ecosist&eacute;mico en Pesquer&iacute;as como Instrumento de Apoyo al Proceso de toma de Decisiones, Fase II&rdquo; (Santiago, Chile, 18-20\/junio\/ 2019). En tanto que Chile ha organizado, entre otros, el &ldquo;Seminario Internacional sobre Manejo de recursos acu&aacute;ticos con enfoque ecosist&eacute;mico: avances, brechas y perspectivas&rdquo; (1-3\/diciembre\/2020): Siguiendo esta misma l&iacute;nea, el presente a&ntilde;o 2024, se llevar&aacute; a cabo el II Seminario Internacional sobre manejo de recursos marinos con enfoque ecosist&eacute;mico en tiempos de cambio clim&aacute;tico: Avances, desaf&iacute;os y acciones, en la ciudad de Valpara&iacute;so, entre los d&iacute;as 12 y 14 de noviembre del 2024, el cual contempla charlas magistrales de los diferentes &aacute;mbitos que engloban el MEE. Adicionalmente, se abrir&aacute;n espacios de discusi&oacute;n para la implementaci&oacute;n de este manejo en la gesti&oacute;n de los recursos marinos de Chile.<\/p>\r\n                <p class=\"aos-init lead\" data-aos=\"fade-up\" data-aos-duration=\"700\" data-aos-delay=\"450\">El con un enfoque ecosist&eacute;mico en la pesca y acuicultura, ya sea en su aplicaci&oacute;n estrat&eacute;gica o t&aacute;ctica, promueve el avance equilibrado hacia los objetivos de conservaci&oacute;n y el uso sostenible de los recursos marinos en el largo plazo. Este lineamiento guarda coherencia con los objetivos de la Agenda 2030 para el Desarrollo Sostenible de la ONU, particularmente con aquellos relacionados a la acci&oacute;n clim&aacute;tica (objetivo 13) y la vida submarina (objetivo 14). La protecci&oacute;n de los ecosistemas marinos que sustentan estos recursos, seg&uacute;n lo indica la regulaci&oacute;n pesquera en Chile, es un desaf&iacute;o que debemos enfrentar como sociedad, especialmente en el contexto actual bajo escenarios de incertidumbre como el cambio clim&aacute;tico, que podr&iacute;a intensificar las presiones sobre los servicios ecosist&eacute;micos.<\/p>\r\n                <br>\r\n            <\/div>\r\n        <\/section>\r\n\r\n        <section id=\"objetivos\" class=\"pt-5 pb-3 section-contenido bg-primary-subtle\">\r\n            <div data-aos=\"fade-up\" data-aos-duration=\"700\" data-aos-delay=\"450\" class=\"container col-md-10\">\r\n                <h1 class=\"\">OBJETIVOS<\/h1>\r\n                <p class=\"lead\"><strong>El II Seminario Internacional sobre manejo de la pesca y la acuicultura con enfoque ecosist&eacute;mico en tiempos de cambio clim&aacute;tico: Avances, desaf&iacute;os y acciones<\/strong>, tiene como objetivo analizar las m&uacute;ltiples visiones y asimetr&iacute;as existentes sobre el MEE para la gesti&oacute;n sostenible de recursos marinos. Lo anterior considerando escalas locales, regionales e internacionales, as&iacute; como actores artesanales e industriales, consider&aacute;ndolo desde la investigaci&oacute;n socio-ecol&oacute;gica al manejo, incluyendo la gobernanza oce&aacute;nica.<\/p>\r\n                <p class=\"lead\">El desarrollo de este objetivo contempla comprender las experiencias de las regiones de Chile y de otros lugares en el mundo y tener una idea de c&oacute;mo es la gesti&oacute;n pr&aacute;ctica basada en ecosistemas y cu&aacute;les son las acciones y lecciones aprendidas para llevar a cabo este crucial desaf&iacute;o. En este sentido hemos querido comprometer a un conjunto de expositores que reflejan la diversidad de visiones, con la intenci&oacute;n de obtener el mayor provecho en la expectativa de identificar caminos para este proceso. Finalmente, se elaborar&aacute; un documento sobre los diversos conceptos, visiones, discusiones y recomendaciones para la definici&oacute;n y dise&ntilde;o de pol&iacute;ticas p&uacute;blicas que emerjan del Seminario, con el fin de enviarlos a los responsables del manejo de recursos marinos y al p&uacute;blico en general.<\/p>\r\n                <br>\r\n            <\/div>\r\n        <\/section>\r\n        <section id=\"ins-respo\" class=\"pt-5 pb-3 section-contenido\">\r\n        <div data-aos=\"fade-up\" data-aos-duration=\"700\" data-aos-delay=\"450\" class=\"container col-md-10 aos-init aos-animate\">\r\n                <h1 class=\"text-info\">INSTITUCIONES RESPONSABLES<\/h1>\r\n                <div class=\"row\">\r\n                    <div class=\"col\">\r\n                         <img decoding=\"async\" class=\"sccm\" src=\"http:\/\/www.ifop.cl\/simpaee2\/wp-content\/uploads\/sites\/30\/2024\/08\/sccm.jpg\" alt=\"\">\r\n                         <br>\r\n                        <p class=\"lead\">Sociedad Chilena de Ciencias del Mar (SCHCM)<\/p>\r\n                    <\/div>\r\n                    <div class=\"col\">\r\n                         <img decoding=\"async\" src=\"https:\/\/www.ifop.cl\/wp-content\/uploads\/2023\/12\/LogoIFOP_60-300x213.jpg\" alt=\"\">\r\n                         <br>\r\n                        <p>Instituto de Fomento Pesquero (IFOP)<\/p>\r\n                    <\/div>\r\n                <\/div>\r\n            <\/div>\r\n        <\/section>\r\n        <section id=\"comite\" class=\"pt-5 pb-3 section-contenido  bg-dark text-light\">\r\n            <div class=\"container col-md-10\">\r\n                <div data-aos=\"fade-up\" data-aos-duration=\"700\" data-aos-delay=\"450\">\r\n                        <h1 class=\"text-light\">COMIT&Eacute; ORGANIZADOR<\/h1>\r\n                    <div class=\"row\">\r\n                        <div data-aos=\"fade-up\" data-aos-duration=\"1000\" data-aos-delay=\"950\" class=\"col\">\r\n                            <ul class=\"lead\">\r\n                                <li>Dra. Claudia Andrade (SCHCM, UMAG)<\/li>\r\n                                <li>Dra. Daniela D&iacute;az (IFOP)<\/li>\r\n                                <li>Dr. Cristian Canales (ECM, PUCV)<\/li>\r\n                                <li>Dra.(c) Carolina Lang (IFOP)<\/li>\r\n                                <li>Dr. Carlos Montenegro (IFOP)<\/li>\r\n                            <\/ul>\r\n                        <\/div>\r\n                        <div data-aos=\"fade-up\" data-aos-duration=\"1000\" data-aos-delay=\"950\" class=\"col\">\r\n                            <ul class=\"lead\">\r\n                                <li>Economista Marcelo Nilo (IFOP)<\/li>\r\n                                <li>Dra. Doris Soto (SCHCM, INCAR)<\/li>\r\n                                <li>Dr. Eleuterio Y&aacute;&ntilde;ez (SCHCM, Prof. Titular PUCV)<\/li>\r\n                                <li>Mag&iacute;ster (c) Taryn Sep&uacute;lveda (SCHCM, UMAG)<\/li>\r\n                            <\/ul>\r\n                        <\/div>\r\n                    <\/div>\r\n                <\/div>\r\n                <br>\r\n            <\/div>\r\n        <\/section>\r\n\r\n        <section id=\"aspectos\" class=\"pt-5 pb-3 section-contenido\">\r\n            <div data-aos=\"fade-up\" data-aos-duration=\"700\" data-aos-delay=\"450\" class=\"container col-md-10 aos-init aos-animate\">\r\n                <h1 class=\"text-info\">ASPECTOS LOG\u00cdSTICOS Y DE ALCANCE<\/h1>\r\n                       <div class=\"row pb-5\">\r\n                        <div class=\"col-md-6\">\r\n                            <div class=\"card\">\r\n                            <h3 class=\"p-2\">Modalidad:<\/h3>\r\n                            <p class=\"p-2 lead\">El seminario tendr\u00e1 una duraci\u00f3n de 3 d\u00edas con 3 m\u00f3dulos por d\u00eda los cuales permitir\u00e1n realizar presentaciones de 15 minutos. Al final de cada m\u00f3dulo se destinar\u00e1n 30 minutos para discusi\u00f3n y la generaci\u00f3n de propuestas orientadas a favorecer pol\u00edticas p\u00fablicas.<\/p>\r\n                            <\/div>\r\n                        <\/div>\r\n                        <div class=\"col-md-6\">\r\n                            <div class=\"card\">\r\n                            <h3 class=\"p-2\">P\u00fablico objetivo:<\/h3>\r\n                            <p class=\"p-2 lead\">Investigadores, acad\u00e9micos, estudiantes, representantes del sector p\u00fablico y privado, usuarios de los recursos (representantes del sector pesquero industrial, artesanal y acuicultura y otros), ONGs, instituciones internacionales y p\u00fablico interesado.<\/p>\r\n                            <\/div>\r\n                        <\/div>\r\n                    <\/div>\r\n                     <div class=\"row pb-5\">\r\n                        <div class=\"col-md-4\">\r\n                            <div class=\"card\">\r\n                            <h3 class=\"p-2\">Forma:<\/h3>\r\n                            <p class=\"p-2 lead\">Presencial y v\u00eda online<\/p>\r\n                            <\/div>\r\n                        <\/div>\r\n                        <div class=\"col-md-4\">\r\n                            <div class=\"card\">\r\n                            <h3 class=\"p-2\">Fecha:<\/h3>\r\n                            <p class=\"p-2 lead\">12 al 14 de noviembre de 2024<\/p>\r\n                            <\/div>\r\n                        <\/div>\r\n                        <div class=\"col-md-4\">\r\n                            <div class=\"card\">\r\n                            <h3 class=\"p-2\">Lugar:<\/h3>\r\n                            <p class=\"p-2 lead\">Sal\u00f3n de Honor, Casa Central PUCV. Av. Brasil 2950, Valpara\u00edso.<\/p>\r\n                            <\/div>\r\n                        <\/div>\r\n                    <\/div>\r\n                <\/div>\r\n                <br>\r\n            <\/div>\r\n        <\/section>\r\n        <section id=\"call-to-action\"><\/section>\r\n\r\n        <section id=\"programa\" class=\"pt-5 section-contenido\">\r\n            <div data-aos=\"fade-up\" data-aos-duration=\"700\" data-aos-delay=\"450\" class=\"container col-md-10\">\r\n                <h1 class=\"text-info\">PROGRAMA PRELIMINAR<\/h1>\r\n                <div class=\"aos-init lead\" data-aos=\"fade-up\" data-aos-duration=\"700\" data-aos-delay=\"450\">\r\n                    <table class=\"table table-striped\">\r\n                        <thead>\r\n                            <tr>\r\n                                <th colspan=\"2\"><h3>D&Iacute;A 1: 12 de Noviembre, 2024<\/h3><\/th>\r\n                            <\/tr>\r\n                        <\/thead>\r\n                        <tbody>\r\n                            <tr>\r\n                                <td>\r\n                                    <h2>Recepci&oacute;n e Inauguraci&oacute;n<\/h2>\r\n                                <\/td>\r\n                                <td>\r\n                                    <p>Registro participantes y Ceremonia de Inauguraci&oacute;n<\/p>\r\n                                <\/td>\r\n                            <\/tr>\r\n                            <tr>\r\n                                <td>\r\n                                    <h2>M&oacute;dulo 1<\/h2>\r\n                                <\/td>\r\n                                <td>\r\n                                    <p><strong>Perspectivas institucionales sobre manejo con enfoque ecosist&eacute;mico.<\/strong><\/p>\r\n                                <\/td>\r\n                            <\/tr>\r\n                            <tr>\r\n                                <td>\r\n                                    <h2>M&oacute;dulo 2<\/h2>\r\n                                <\/td>\r\n                                <td>\r\n                                    <p><strong>Compromisos de los usuarios con la implementaci&oacute;n del manejo con enfoque ecosist&eacute;mico. <\/strong><\/p>\r\n                                <\/td>\r\n                            <\/tr>\r\n                            <tr>\r\n                                <td>\r\n                                    <h2>M&oacute;dulo 3<\/h2>\r\n                                <\/td>\r\n                                <td>\r\n                                    <strong>Consideraciones sobre adaptaci&oacute;n al cambio clim&aacute;tico en la gesti&oacute;n basada en el enfoque ecosist&eacute;mico.<\/strong>\r\n                                <\/td>\r\n                            <\/tr>\r\n                        <\/tbody>\r\n                  \r\n               \r\n                        <thead>\r\n                            <tr>\r\n                                <th colspan=\"2\"><h3>D&Iacute;A 2: 13 de Noviembre, 2024<\/h3><\/th>\r\n                            <\/tr>\r\n                        <\/thead>\r\n                        <tbody>\r\n                            <tr>\r\n                                <td>\r\n                                    <h2>M&oacute;dulo 4<\/h2>\r\n                                <\/td>\r\n                                <td>\r\n                                    <strong>Manejo de la acuicultura con enfoque ecosist&eacute;mico.<\/strong>\r\n                                <\/td>\r\n                            <\/tr>\r\n                            <tr>\r\n                                <td>\r\n                                    <h2>M&oacute;dulo 5<\/h2>\r\n                                <\/td>\r\n                                <td>\r\n                                    <p><strong>Sostenibilidad de los recursos y desaf&iacute;os de la gesti&oacute;n pesquera con enfoque ecosist&eacute;mico. <\/strong><\/p>\r\n                                <\/td>\r\n                            <\/tr>\r\n                            <tr>\r\n                                <td>\r\n                                    <h2>M&oacute;dulo 6<\/h2>\r\n                                <\/td>\r\n                                <td>\r\n                                    <p><strong>Experiencias internacionales I<\/strong><\/p>\r\n                                <\/td>\r\n                            <\/tr>\r\n                        <\/tbody>\r\n                   \r\n                        <thead>\r\n                            <tr>\r\n                                <th colspan=\"2\"><h3>D&Iacute;A 3: 14 de Noviembre, 2024<\/h3><\/th>\r\n                            <\/tr>\r\n                        <\/thead>\r\n                        <tbody>\r\n                            <tr>\r\n                                <td>\r\n                                    <h2>M&oacute;dulo 7<\/h2>\r\n                                <\/td>\r\n                                <td>\r\n                                    <p><strong>Experiencias internacionales II<\/strong><\/p>\r\n                                <\/td>\r\n                            <\/tr>\r\n                            <tr>\r\n                                <td>\r\n                                    <h2>M&oacute;dulo 8<\/h2>\r\n                                <\/td>\r\n                                <td>\r\n                                    <p><strong>Discusi&oacute;n General y Propuestas de Pol&iacute;ticas P&uacute;blicas<\/strong><\/p>\r\n                                <\/td>\r\n                            <\/tr>\r\n                        <\/tbody>\r\n                    <\/table>\r\n                <\/div>\r\n            <\/div>\r\n        <\/section>","protected":false},"excerpt":{"rendered":"INTRODUCCI&Oacute;N Los recursos marinos son vitales para la econom&iacute;a, la alimentaci&oacute;n y el equilibrio ecol&oacute;gico de nuestro planeta. Sin embargo, en un escenario de cambio clim&aacute;tico, estos recursos enfrentan desaf&iacute;os sin precedentes. El aumento de las temperaturas, la acidificaci&oacute;n de los oc&eacute;anos y la elevaci&oacute;n del nivel del mar est&aacute;n afectando directamente a los ecosistemas [&hellip;]","protected":false},"author":1,"featured_media":0,"parent":0,"menu_order":0,"comment_status":"closed","ping_status":"closed","template":"Portada-simpaee2.php","meta":{"footnotes":""},"class_list":["post-5","page","type-page","status-publish","hentry"],"_links":{"self":[{"href":"https:\/\/www.ifop.cl\/simpaee2\/wp-json\/wp\/v2\/pages\/5"}],"collection":[{"href":"https:\/\/www.ifop.cl\/simpaee2\/wp-json\/wp\/v2\/pages"}],"about":[{"href":"https:\/\/www.ifop.cl\/simpaee2\/wp-json\/wp\/v2\/types\/page"}],"author":[{"embeddable":true,"href":"https:\/\/www.ifop.cl\/simpaee2\/wp-json\/wp\/v2\/users\/1"}],"replies":[{"embeddable":true,"href":"https:\/\/www.ifop.cl\/simpaee2\/wp-json\/wp\/v2\/comments?post=5"}],"version-history":[{"count":123,"href":"https:\/\/www.ifop.cl\/simpaee2\/wp-json\/wp\/v2\/pages\/5\/revisions"}],"predecessor-version":[{"id":217,"href":"https:\/\/www.ifop.cl\/simpaee2\/wp-json\/wp\/v2\/pages\/5\/revisions\/217"}],"wp:attachment":[{"href":"https:\/\/www.ifop.cl\/simpaee2\/wp-json\/wp\/v2\/media?parent=5"}],"curies":[{"name":"wp","href":"https:\/\/api.w.org\/{rel}","templated":true}]}}