{"id":36,"date":"2022-03-08T12:13:39","date_gmt":"2022-03-08T12:13:39","guid":{"rendered":"https:\/\/www.ifop.cl\/safa\/?page_id=36"},"modified":"2022-05-25T18:39:12","modified_gmt":"2022-05-25T18:39:12","slug":"acerca-de","status":"publish","type":"page","link":"https:\/\/www.ifop.cl\/safa\/acerca-de\/","title":{"rendered":"Acerca de"},"content":{"rendered":"<p><em><span style=\"font-weight: 400\">\u00a0 \u00a0 \u00a0 <\/span><\/em><span style=\"font-weight: 400\">\u00a0 SAFA, transferencia monitoreo de recursos sardina com\u00fan y anchoveta asociado a la flota pesquera artesanal regi\u00f3n de Biob\u00edo, es un programa de investigaci\u00f3n complementario, resultado de un trabajo colaborativo entre el sector de la pesca artesanal, Instituto de Fomento pesquero, el Gobierno Regional del Biob\u00edo y la gobernanza pesquera.\u00a0<\/span><\/p>\n<p><span style=\"font-weight: 400\">\u00a0 \u00a0 \u00a0 \u00a0Este programa complementa y expande el alcance del convenio ASIPA, Asesor\u00eda Integral para la toma de decisiones en Pesca y Acuicultura, fortaleciendo los lazos entre las instituciones encargadas de gestionar los recursos y el sector de pesca artesanal, lo cual es fundamental para avanzar en la gobernanza y en la sustentabilidad de las pesquer\u00edas en Chile.\u00a0<\/span><\/p>\n<p><span style=\"font-weight: 400\">\u00a0 \u00a0 \u00a0 Genera informaci\u00f3n cient\u00edfica de calidad, pertinente para sustentar las medidas administrativas y en consecuencia la efectividad de la administraci\u00f3n pesquera.<\/span><\/p>\n<p>De esta forma, sindicatos y asociaciones gremiales de pescadores en conjunto con IFOP, acuerdan desarrollar un programa de investigaci\u00f3n complementario a las actividades del convenio ASIPA, para asegurar cobertura temporal completa del periodo fijo y variable de la veda de reclutamiento fijada por el Decreto Ex. N\u00b051-16, asegurar la cobertura temporal completa del periodo fijo y variable de la veda reproductiva fijada por el Decreto Ex. N\u00b0530-16 y ampliar el crucero ac\u00fastico de sesgo de orilla durante el verano a la totalidad de \u00e1rea de reserva artesanal de las regiones del Biob\u00edo, con una separaci\u00f3n latitudinal entre transectas de 2,5 mn y hasta una distancia de 5 millas n\u00e1uticas desde la costa.<span style=\"font-weight: 400\"><a href=\"http:\/\/www.ifop.cl\/safa\/wp-content\/uploads\/sites\/26\/2022\/02\/pesca-safa.jpeg\"><img loading=\"lazy\" decoding=\"async\" class=\"size-medium wp-image-57 alignleft\" src=\"http:\/\/www.ifop.cl\/safa\/wp-content\/uploads\/sites\/26\/2022\/02\/pesca-safa-300x154.jpeg\" alt=\"\" width=\"300\" height=\"154\" srcset=\"https:\/\/www.ifop.cl\/safa\/wp-content\/uploads\/sites\/26\/2022\/02\/pesca-safa-300x154.jpeg 300w, https:\/\/www.ifop.cl\/safa\/wp-content\/uploads\/sites\/26\/2022\/02\/pesca-safa-768x394.jpeg 768w, https:\/\/www.ifop.cl\/safa\/wp-content\/uploads\/sites\/26\/2022\/02\/pesca-safa-1024x525.jpeg 1024w, https:\/\/www.ifop.cl\/safa\/wp-content\/uploads\/sites\/26\/2022\/02\/pesca-safa-350x179.jpeg 350w, https:\/\/www.ifop.cl\/safa\/wp-content\/uploads\/sites\/26\/2022\/02\/pesca-safa.jpeg 1170w\" sizes=\"(max-width: 300px) 100vw, 300px\" \/><\/a><\/span><\/p>\n<p><span style=\"font-weight: 400\">\u00a0 \u00a0 \u00a0 El Gobierno Regional del Biob\u00edo, aprob\u00f3 el a\u00f1o 2021 la propuesta del programa presentado por IFOP, financiando su desarrollo para los a\u00f1os 2022 y 2023.<\/span><\/p>\n<p><span style=\"font-weight: 400\">\u00a0 \u00a0 \u00a0El objetivo se revela de los desaf\u00edos que presenta el manejo de pesquer\u00edas mixtas (anchoveta y sardina com\u00fan) y asegurar su sustentabilidad. En este contexto que IFOP realiza el seguimiento de la din\u00e1mica poblacional de los principales recursos pesqueros explotados.<\/span><\/p>\n<p><span style=\"font-weight: 400\">\u00a0 \u00a0 Y el presente programa estudia la zona que corresponde al \u00e1rea de distribuci\u00f3n de la anchoveta y sardina com\u00fan que es explotada por la flota de la Regi\u00f3n del Biob\u00edo y cubre la zona de exclusi\u00f3n para la pesca artesanal, desde la costa hasta las cinco millas n\u00e1uticas.<\/span><\/p>\n<p>&nbsp;<\/p>\n","protected":false},"excerpt":{"rendered":"<p>\u00a0 \u00a0 \u00a0 \u00a0 SAFA, transferencia monitoreo de recursos sardina com\u00fan y anchoveta asociado a la flota pesquera artesanal regi\u00f3n de Biob\u00edo, es un programa de investigaci\u00f3n complementario, resultado de un trabajo colaborativo entre el sector de la pesca artesanal, Instituto de Fomento pesquero, el Gobierno Regional del Biob\u00edo y la gobernanza pesquera.\u00a0 \u00a0 \u00a0 [&hellip;]<\/p>\n","protected":false},"author":1,"featured_media":57,"parent":0,"menu_order":0,"comment_status":"closed","ping_status":"closed","template":"plantilla_contenido_SAFA.php","meta":{"footnotes":""},"class_list":["post-36","page","type-page","status-publish","has-post-thumbnail","hentry"],"_links":{"self":[{"href":"https:\/\/www.ifop.cl\/safa\/wp-json\/wp\/v2\/pages\/36"}],"collection":[{"href":"https:\/\/www.ifop.cl\/safa\/wp-json\/wp\/v2\/pages"}],"about":[{"href":"https:\/\/www.ifop.cl\/safa\/wp-json\/wp\/v2\/types\/page"}],"author":[{"embeddable":true,"href":"https:\/\/www.ifop.cl\/safa\/wp-json\/wp\/v2\/users\/1"}],"replies":[{"embeddable":true,"href":"https:\/\/www.ifop.cl\/safa\/wp-json\/wp\/v2\/comments?post=36"}],"version-history":[{"count":8,"href":"https:\/\/www.ifop.cl\/safa\/wp-json\/wp\/v2\/pages\/36\/revisions"}],"predecessor-version":[{"id":149,"href":"https:\/\/www.ifop.cl\/safa\/wp-json\/wp\/v2\/pages\/36\/revisions\/149"}],"wp:featuredmedia":[{"embeddable":true,"href":"https:\/\/www.ifop.cl\/safa\/wp-json\/wp\/v2\/media\/57"}],"wp:attachment":[{"href":"https:\/\/www.ifop.cl\/safa\/wp-json\/wp\/v2\/media?parent=36"}],"curies":[{"name":"wp","href":"https:\/\/api.w.org\/{rel}","templated":true}]}}