{"id":2,"date":"2022-03-01T18:51:16","date_gmt":"2022-03-01T18:51:16","guid":{"rendered":"https:\/\/www.ifop.cl\/safa\/?page_id=2"},"modified":"2022-06-02T22:44:04","modified_gmt":"2022-06-02T22:44:04","slug":"inicio","status":"publish","type":"page","link":"https:\/\/www.ifop.cl\/safa\/","title":{"rendered":"Inicio"},"content":{"rendered":"<p><\/p>\n<h3>Programa de transferencia para el estudio de la sardina com\u00fan\u00a0y anchoveta asociada a la flota artesanal de la regi\u00f3n del Biob\u00edo &#8211; BIP.<\/h3>\n<p><img loading=\"lazy\" decoding=\"async\" class=\"size-medium wp-image-49 alignleft\" src=\"http:\/\/www.ifop.cl\/safa\/wp-content\/uploads\/sites\/26\/2022\/03\/logotipo-safa-22-23-176x300.png\" alt=\"\" width=\"176\" height=\"300\" srcset=\"https:\/\/www.ifop.cl\/safa\/wp-content\/uploads\/sites\/26\/2022\/03\/logotipo-safa-22-23-176x300.png 176w, https:\/\/www.ifop.cl\/safa\/wp-content\/uploads\/sites\/26\/2022\/03\/logotipo-safa-22-23-768x1306.png 768w, https:\/\/www.ifop.cl\/safa\/wp-content\/uploads\/sites\/26\/2022\/03\/logotipo-safa-22-23-602x1024.png 602w, https:\/\/www.ifop.cl\/safa\/wp-content\/uploads\/sites\/26\/2022\/03\/logotipo-safa-22-23-206x350.png 206w, https:\/\/www.ifop.cl\/safa\/wp-content\/uploads\/sites\/26\/2022\/03\/logotipo-safa-22-23.png 1405w\" sizes=\"(max-width: 176px) 100vw, 176px\" \/><\/p>\n<p><img loading=\"lazy\" decoding=\"async\" class=\"size-medium wp-image-159 alignright\" src=\"http:\/\/www.ifop.cl\/safa\/wp-content\/uploads\/sites\/26\/2022\/03\/DSC01186-300x200.jpg\" alt=\"\" width=\"300\" height=\"200\" srcset=\"https:\/\/www.ifop.cl\/safa\/wp-content\/uploads\/sites\/26\/2022\/03\/DSC01186-300x200.jpg 300w, https:\/\/www.ifop.cl\/safa\/wp-content\/uploads\/sites\/26\/2022\/03\/DSC01186-768x512.jpg 768w, https:\/\/www.ifop.cl\/safa\/wp-content\/uploads\/sites\/26\/2022\/03\/DSC01186-1024x683.jpg 1024w, https:\/\/www.ifop.cl\/safa\/wp-content\/uploads\/sites\/26\/2022\/03\/DSC01186-350x233.jpg 350w\" sizes=\"(max-width: 300px) 100vw, 300px\" \/><\/p>\n<p>&nbsp;<\/p>\n<p>&nbsp;<\/p>\n<p>&nbsp;<\/p>\n<p>Este programa es desarrollado por el <a href=\"http:\/\/www.ifop.cl\" target=\"_blank\" rel=\"noopener\">Instituto de Fomento Pesquero<\/a>\u00a0y financiado por el <a href=\"https:\/\/sitio.gorebiobio.cl\/\" target=\"_blank\" rel=\"noopener\">Gobierno Regional del Biob\u00edo<\/a>, tendr\u00e1 una duraci\u00f3n de dos a\u00f1os y busca atender los comentarios de lospescadores artesanales, para incluir zonas de pesca que hist\u00f3ricamente no se han incluido por el programa ASIPA (Asesor\u00eda Integral para la toma de decisiones en Pesca y Acuicultura).<\/p>\n<p>&nbsp;<\/p>","protected":false},"excerpt":{"rendered":"<p>Programa de transferencia para el estudio de la sardina com\u00fan\u00a0y anchoveta asociada a la flota artesanal de la regi\u00f3n del Biob\u00edo &#8211; BIP. &nbsp; &nbsp; &nbsp; Este programa es desarrollado por el Instituto de Fomento Pesquero\u00a0y financiado por el Gobierno Regional del Biob\u00edo, tendr\u00e1 una duraci\u00f3n de dos a\u00f1os y busca atender los comentarios de [&hellip;]<\/p>\n","protected":false},"author":1,"featured_media":50,"parent":0,"menu_order":0,"comment_status":"closed","ping_status":"closed","template":"portada_micrositio_safa.php","meta":{"footnotes":""},"class_list":["post-2","page","type-page","status-publish","has-post-thumbnail","hentry"],"_links":{"self":[{"href":"https:\/\/www.ifop.cl\/safa\/wp-json\/wp\/v2\/pages\/2"}],"collection":[{"href":"https:\/\/www.ifop.cl\/safa\/wp-json\/wp\/v2\/pages"}],"about":[{"href":"https:\/\/www.ifop.cl\/safa\/wp-json\/wp\/v2\/types\/page"}],"author":[{"embeddable":true,"href":"https:\/\/www.ifop.cl\/safa\/wp-json\/wp\/v2\/users\/1"}],"replies":[{"embeddable":true,"href":"https:\/\/www.ifop.cl\/safa\/wp-json\/wp\/v2\/comments?post=2"}],"version-history":[{"count":10,"href":"https:\/\/www.ifop.cl\/safa\/wp-json\/wp\/v2\/pages\/2\/revisions"}],"predecessor-version":[{"id":161,"href":"https:\/\/www.ifop.cl\/safa\/wp-json\/wp\/v2\/pages\/2\/revisions\/161"}],"wp:featuredmedia":[{"embeddable":true,"href":"https:\/\/www.ifop.cl\/safa\/wp-json\/wp\/v2\/media\/50"}],"wp:attachment":[{"href":"https:\/\/www.ifop.cl\/safa\/wp-json\/wp\/v2\/media?parent=2"}],"curies":[{"name":"wp","href":"https:\/\/api.w.org\/{rel}","templated":true}]}}