{"id":52,"date":"2021-01-12T14:49:06","date_gmt":"2021-01-12T14:49:06","guid":{"rendered":"https:\/\/www.ifop.cl\/programa-camaron-choapa\/?page_id=52"},"modified":"2025-09-29T09:48:24","modified_gmt":"2025-09-29T12:48:24","slug":"beneficiarios","status":"publish","type":"page","link":"https:\/\/www.ifop.cl\/programa-camaron-choapa\/colaboradores\/beneficiarios\/","title":{"rendered":"Beneficiarios"},"content":{"rendered":"<h3><strong>Asociaci\u00f3n Productores y Extractores de Recursos Dulceacu\u00edcolas del Choapa A.G.<\/strong><\/h3>\n<p>Organizaci\u00f3n de base conformada por 25 socios de la comuna de Illapel, provincia de Choapa, que viven de la extracci\u00f3n del recurso camar\u00f3n de r\u00edo del norte.<\/p>\n<figure id=\"attachment_169\" aria-describedby=\"caption-attachment-169\" style=\"width: 300px\" class=\"wp-caption aligncenter\"><a href=\"http:\/\/www.ifop.cl\/programa-camaron-choapa\/wp-content\/uploads\/sites\/24\/2021\/01\/tabita-zepeda.jpg\" rel=\"52\"><img loading=\"lazy\" decoding=\"async\" class=\"wp-image-169 size-medium\" src=\"http:\/\/www.ifop.cl\/programa-camaron-choapa\/wp-content\/uploads\/sites\/24\/2021\/01\/tabita-zepeda-300x249.jpg\" alt=\"\" width=\"300\" height=\"249\" srcset=\"https:\/\/www.ifop.cl\/programa-camaron-choapa\/wp-content\/uploads\/sites\/24\/2021\/01\/tabita-zepeda-300x249.jpg 300w, https:\/\/www.ifop.cl\/programa-camaron-choapa\/wp-content\/uploads\/sites\/24\/2021\/01\/tabita-zepeda-350x290.jpg 350w, https:\/\/www.ifop.cl\/programa-camaron-choapa\/wp-content\/uploads\/sites\/24\/2021\/01\/tabita-zepeda.jpg 694w\" sizes=\"(max-width: 300px) 100vw, 300px\" \/><\/a><figcaption id=\"caption-attachment-169\" class=\"wp-caption-text\">Sra. Tabita Zepeda (Presidenta)<\/figcaption><\/figure>\n<p>&nbsp;<\/p>\n<h3><strong>Sindicato de Trabajadores Independientes Camaroneros del Choapa.<\/strong><\/h3>\n<p>Organizaci\u00f3n de base conformada por 37 socios de la comuna de Illapel, provincia de Choapa, que viven de la extracci\u00f3n del recurso camar\u00f3n de r\u00edo del norte.<\/p>\n<figure id=\"attachment_171\" aria-describedby=\"caption-attachment-171\" style=\"width: 300px\" class=\"wp-caption aligncenter\"><a href=\"http:\/\/www.ifop.cl\/programa-camaron-choapa\/wp-content\/uploads\/sites\/24\/2021\/01\/marlene_villalon.jpg\" rel=\"52\"><img loading=\"lazy\" decoding=\"async\" class=\"wp-image-171 size-medium\" src=\"http:\/\/www.ifop.cl\/programa-camaron-choapa\/wp-content\/uploads\/sites\/24\/2021\/01\/marlene_villalon-300x223.jpg\" alt=\"\" width=\"300\" height=\"223\" srcset=\"https:\/\/www.ifop.cl\/programa-camaron-choapa\/wp-content\/uploads\/sites\/24\/2021\/01\/marlene_villalon-300x223.jpg 300w, https:\/\/www.ifop.cl\/programa-camaron-choapa\/wp-content\/uploads\/sites\/24\/2021\/01\/marlene_villalon-768x572.jpg 768w, https:\/\/www.ifop.cl\/programa-camaron-choapa\/wp-content\/uploads\/sites\/24\/2021\/01\/marlene_villalon-1024x763.jpg 1024w, https:\/\/www.ifop.cl\/programa-camaron-choapa\/wp-content\/uploads\/sites\/24\/2021\/01\/marlene_villalon-350x261.jpg 350w, https:\/\/www.ifop.cl\/programa-camaron-choapa\/wp-content\/uploads\/sites\/24\/2021\/01\/marlene_villalon.jpg 1329w\" sizes=\"(max-width: 300px) 100vw, 300px\" \/><\/a><figcaption id=\"caption-attachment-171\" class=\"wp-caption-text\">Sra. Marlene Villal\u00f3n (Presidenta)<\/figcaption><\/figure>\n<p>&nbsp;<\/p>\n<hr>\n\t\t\t\t\t\t<div class=\"gallery_box_single\">\n\t\t\t\t\t\t\t\t\t\t\t\t\t\t\t<div class=\"gallery gllr_grid\" data-gllr-columns=\"7\" data-gllr-border-width=\"5\">\n\t\t\t\t\t\t\t\t\t\t\t\t\t\t\t\t\t\t\t\t<div class=\"gllr_image_row\">\n\t\t\t\t\t\t\t\t\t\t\t\t\t\t\t\t\t\t\t\t\t<div class=\"gllr_image_block\">\n\t\t\t\t\t\t\t\t\t\t\t\t<p style=\"\n\t\t\t\t\t\t\t\t\t\t\t\t\t\t\t\t\t\t\t\t\t\t\t\t\">\n\t\t\t\t\t\t\t\t\t\t\t\t\t\t\t\t\t\t\t\t\t\t\t\t\t\t\t\t<a data-fancybox=\"gallery_fancybox_155\" href=\"https:\/\/www.ifop.cl\/programa-camaron-choapa\/wp-content\/uploads\/sites\/24\/2021\/02\/beneficiarios_11-1024x768.jpg\" title=\"\" >\n\t\t\t\t\t\t\t\t\t\t\t\t\t\t\t\t<img decoding=\"async\"   style=\"  border-width: 5px; border-color:#cccccc;border: 5px solid #cccccc\" alt=\"\" title=\"\" src=\"https:\/\/www.ifop.cl\/programa-camaron-choapa\/wp-content\/uploads\/sites\/24\/2021\/02\/beneficiarios_11-100x100.jpg\" rel=\"https:\/\/www.ifop.cl\/programa-camaron-choapa\/wp-content\/uploads\/sites\/24\/2021\/02\/beneficiarios_11.jpg\" \/>\t\t\t\t\t\t\t\t\t\t\t\t\t\t\t<\/a>\n\t\t\t\t\t\t\t\t\t\t\t\t\t\t\t\t\t\t\t\t\t\t\t\t\t\t<\/p>\n\t\t\t\t\t\t\t\t\t\t\t\t\t\t\t\t\t\t\t\t\t\t\t<\/div><!-- .gllr_image_block -->\n\t\t\t\t\t\t\t\t\t\t\t\t\t\t\t\t\t\t\t\t\t<div class=\"gllr_image_block\">\n\t\t\t\t\t\t\t\t\t\t\t\t<p style=\"\n\t\t\t\t\t\t\t\t\t\t\t\t\t\t\t\t\t\t\t\t\t\t\t\t\">\n\t\t\t\t\t\t\t\t\t\t\t\t\t\t\t\t\t\t\t\t\t\t\t\t\t\t\t\t<a data-fancybox=\"gallery_fancybox_155\" href=\"https:\/\/www.ifop.cl\/programa-camaron-choapa\/wp-content\/uploads\/sites\/24\/2021\/02\/beneficiarios_13-1024x768.jpg\" title=\"\" >\n\t\t\t\t\t\t\t\t\t\t\t\t\t\t\t\t<img decoding=\"async\"   style=\"  border-width: 5px; border-color:#cccccc;border: 5px solid #cccccc\" alt=\"\" title=\"\" src=\"https:\/\/www.ifop.cl\/programa-camaron-choapa\/wp-content\/uploads\/sites\/24\/2021\/02\/beneficiarios_13-100x100.jpg\" rel=\"https:\/\/www.ifop.cl\/programa-camaron-choapa\/wp-content\/uploads\/sites\/24\/2021\/02\/beneficiarios_13.jpg\" \/>\t\t\t\t\t\t\t\t\t\t\t\t\t\t\t<\/a>\n\t\t\t\t\t\t\t\t\t\t\t\t\t\t\t\t\t\t\t\t\t\t\t\t\t\t<\/p>\n\t\t\t\t\t\t\t\t\t\t\t\t\t\t\t\t\t\t\t\t\t\t\t<\/div><!-- .gllr_image_block -->\n\t\t\t\t\t\t\t\t\t\t\t\t\t\t\t\t\t\t\t\t\t<div class=\"gllr_image_block\">\n\t\t\t\t\t\t\t\t\t\t\t\t<p style=\"\n\t\t\t\t\t\t\t\t\t\t\t\t\t\t\t\t\t\t\t\t\t\t\t\t\">\n\t\t\t\t\t\t\t\t\t\t\t\t\t\t\t\t\t\t\t\t\t\t\t\t\t\t\t\t<a data-fancybox=\"gallery_fancybox_155\" href=\"https:\/\/www.ifop.cl\/programa-camaron-choapa\/wp-content\/uploads\/sites\/24\/2021\/02\/beneficiarios_08-1024x768.jpg\" title=\"\" >\n\t\t\t\t\t\t\t\t\t\t\t\t\t\t\t\t<img decoding=\"async\"   style=\"  border-width: 5px; border-color:#cccccc;border: 5px solid #cccccc\" alt=\"\" title=\"\" src=\"https:\/\/www.ifop.cl\/programa-camaron-choapa\/wp-content\/uploads\/sites\/24\/2021\/02\/beneficiarios_08-100x100.jpg\" rel=\"https:\/\/www.ifop.cl\/programa-camaron-choapa\/wp-content\/uploads\/sites\/24\/2021\/02\/beneficiarios_08.jpg\" \/>\t\t\t\t\t\t\t\t\t\t\t\t\t\t\t<\/a>\n\t\t\t\t\t\t\t\t\t\t\t\t\t\t\t\t\t\t\t\t\t\t\t\t\t\t<\/p>\n\t\t\t\t\t\t\t\t\t\t\t\t\t\t\t\t\t\t\t\t\t\t\t<\/div><!-- .gllr_image_block -->\n\t\t\t\t\t\t\t\t\t\t\t\t\t\t\t\t\t\t\t\t\t<div class=\"gllr_image_block\">\n\t\t\t\t\t\t\t\t\t\t\t\t<p style=\"\n\t\t\t\t\t\t\t\t\t\t\t\t\t\t\t\t\t\t\t\t\t\t\t\t\">\n\t\t\t\t\t\t\t\t\t\t\t\t\t\t\t\t\t\t\t\t\t\t\t\t\t\t\t\t<a data-fancybox=\"gallery_fancybox_155\" href=\"https:\/\/www.ifop.cl\/programa-camaron-choapa\/wp-content\/uploads\/sites\/24\/2021\/02\/beneficiarios_10-1024x683.jpg\" title=\"\" >\n\t\t\t\t\t\t\t\t\t\t\t\t\t\t\t\t<img decoding=\"async\"   style=\"  border-width: 5px; border-color:#cccccc;border: 5px solid #cccccc\" alt=\"\" title=\"\" src=\"https:\/\/www.ifop.cl\/programa-camaron-choapa\/wp-content\/uploads\/sites\/24\/2021\/02\/beneficiarios_10-100x100.jpg\" rel=\"https:\/\/www.ifop.cl\/programa-camaron-choapa\/wp-content\/uploads\/sites\/24\/2021\/02\/beneficiarios_10.jpg\" \/>\t\t\t\t\t\t\t\t\t\t\t\t\t\t\t<\/a>\n\t\t\t\t\t\t\t\t\t\t\t\t\t\t\t\t\t\t\t\t\t\t\t\t\t\t<\/p>\n\t\t\t\t\t\t\t\t\t\t\t\t\t\t\t\t\t\t\t\t\t\t\t<\/div><!-- .gllr_image_block -->\n\t\t\t\t\t\t\t\t\t\t\t\t\t\t\t\t\t\t\t\t\t<div class=\"gllr_image_block\">\n\t\t\t\t\t\t\t\t\t\t\t\t<p style=\"\n\t\t\t\t\t\t\t\t\t\t\t\t\t\t\t\t\t\t\t\t\t\t\t\t\">\n\t\t\t\t\t\t\t\t\t\t\t\t\t\t\t\t\t\t\t\t\t\t\t\t\t\t\t\t<a data-fancybox=\"gallery_fancybox_155\" href=\"https:\/\/www.ifop.cl\/programa-camaron-choapa\/wp-content\/uploads\/sites\/24\/2021\/02\/beneficiarios_09-1024x768.jpg\" title=\"\" >\n\t\t\t\t\t\t\t\t\t\t\t\t\t\t\t\t<img decoding=\"async\"   style=\"  border-width: 5px; border-color:#cccccc;border: 5px solid #cccccc\" alt=\"\" title=\"\" src=\"https:\/\/www.ifop.cl\/programa-camaron-choapa\/wp-content\/uploads\/sites\/24\/2021\/02\/beneficiarios_09-100x100.jpg\" rel=\"https:\/\/www.ifop.cl\/programa-camaron-choapa\/wp-content\/uploads\/sites\/24\/2021\/02\/beneficiarios_09.jpg\" \/>\t\t\t\t\t\t\t\t\t\t\t\t\t\t\t<\/a>\n\t\t\t\t\t\t\t\t\t\t\t\t\t\t\t\t\t\t\t\t\t\t\t\t\t\t<\/p>\n\t\t\t\t\t\t\t\t\t\t\t\t\t\t\t\t\t\t\t\t\t\t\t<\/div><!-- .gllr_image_block -->\n\t\t\t\t\t\t\t\t\t\t\t\t\t\t\t\t\t\t\t\t\t<div class=\"gllr_image_block\">\n\t\t\t\t\t\t\t\t\t\t\t\t<p style=\"\n\t\t\t\t\t\t\t\t\t\t\t\t\t\t\t\t\t\t\t\t\t\t\t\t\">\n\t\t\t\t\t\t\t\t\t\t\t\t\t\t\t\t\t\t\t\t\t\t\t\t\t\t\t\t<a data-fancybox=\"gallery_fancybox_155\" href=\"https:\/\/www.ifop.cl\/programa-camaron-choapa\/wp-content\/uploads\/sites\/24\/2021\/02\/beneficiarios_07-1024x768.jpg\" title=\"\" >\n\t\t\t\t\t\t\t\t\t\t\t\t\t\t\t\t<img decoding=\"async\"   style=\"  border-width: 5px; border-color:#cccccc;border: 5px solid #cccccc\" alt=\"\" title=\"\" src=\"https:\/\/www.ifop.cl\/programa-camaron-choapa\/wp-content\/uploads\/sites\/24\/2021\/02\/beneficiarios_07-100x100.jpg\" rel=\"https:\/\/www.ifop.cl\/programa-camaron-choapa\/wp-content\/uploads\/sites\/24\/2021\/02\/beneficiarios_07.jpg\" \/>\t\t\t\t\t\t\t\t\t\t\t\t\t\t\t<\/a>\n\t\t\t\t\t\t\t\t\t\t\t\t\t\t\t\t\t\t\t\t\t\t\t\t\t\t<\/p>\n\t\t\t\t\t\t\t\t\t\t\t\t\t\t\t\t\t\t\t\t\t\t\t<\/div><!-- .gllr_image_block -->\n\t\t\t\t\t\t\t\t\t\t\t\t\t\t\t\t\t\t\t\t\t<div class=\"gllr_image_block\">\n\t\t\t\t\t\t\t\t\t\t\t\t<p style=\"\n\t\t\t\t\t\t\t\t\t\t\t\t\t\t\t\t\t\t\t\t\t\t\t\t\">\n\t\t\t\t\t\t\t\t\t\t\t\t\t\t\t\t\t\t\t\t\t\t\t\t\t\t\t\t<a data-fancybox=\"gallery_fancybox_155\" href=\"https:\/\/www.ifop.cl\/programa-camaron-choapa\/wp-content\/uploads\/sites\/24\/2021\/02\/beneficiarios_05-1024x768.jpg\" title=\"\" >\n\t\t\t\t\t\t\t\t\t\t\t\t\t\t\t\t<img decoding=\"async\"   style=\"  border-width: 5px; border-color:#cccccc;border: 5px solid #cccccc\" alt=\"\" title=\"\" src=\"https:\/\/www.ifop.cl\/programa-camaron-choapa\/wp-content\/uploads\/sites\/24\/2021\/02\/beneficiarios_05-100x100.jpg\" rel=\"https:\/\/www.ifop.cl\/programa-camaron-choapa\/wp-content\/uploads\/sites\/24\/2021\/02\/beneficiarios_05.jpg\" \/>\t\t\t\t\t\t\t\t\t\t\t\t\t\t\t<\/a>\n\t\t\t\t\t\t\t\t\t\t\t\t\t\t\t\t\t\t\t\t\t\t\t\t\t\t<\/p>\n\t\t\t\t\t\t\t\t\t\t\t\t\t\t\t\t\t\t\t\t\t\t\t<\/div><!-- .gllr_image_block -->\n\t\t\t\t\t\t\t\t\t\t\t\t\t\t\t\t\t\t\t\t\t<\/div><!-- .gllr_image_row -->\n\t\t\t\t\t\t\t\t\t\t\t\t\t\t\t\t\t\t\t\t\t\t<div class=\"gllr_image_row\">\n\t\t\t\t\t\t\t\t\t\t\t\t\t\t\t\t\t\t\t\t\t<div class=\"gllr_image_block\">\n\t\t\t\t\t\t\t\t\t\t\t\t<p style=\"\n\t\t\t\t\t\t\t\t\t\t\t\t\t\t\t\t\t\t\t\t\t\t\t\t\">\n\t\t\t\t\t\t\t\t\t\t\t\t\t\t\t\t\t\t\t\t\t\t\t\t\t\t\t\t<a data-fancybox=\"gallery_fancybox_155\" href=\"https:\/\/www.ifop.cl\/programa-camaron-choapa\/wp-content\/uploads\/sites\/24\/2021\/02\/beneficiarios_06-1024x768.jpg\" title=\"\" >\n\t\t\t\t\t\t\t\t\t\t\t\t\t\t\t\t<img decoding=\"async\"   style=\"  border-width: 5px; border-color:#cccccc;border: 5px solid #cccccc\" alt=\"\" title=\"\" src=\"https:\/\/www.ifop.cl\/programa-camaron-choapa\/wp-content\/uploads\/sites\/24\/2021\/02\/beneficiarios_06-100x100.jpg\" rel=\"https:\/\/www.ifop.cl\/programa-camaron-choapa\/wp-content\/uploads\/sites\/24\/2021\/02\/beneficiarios_06.jpg\" \/>\t\t\t\t\t\t\t\t\t\t\t\t\t\t\t<\/a>\n\t\t\t\t\t\t\t\t\t\t\t\t\t\t\t\t\t\t\t\t\t\t\t\t\t\t<\/p>\n\t\t\t\t\t\t\t\t\t\t\t\t\t\t\t\t\t\t\t\t\t\t\t<\/div><!-- .gllr_image_block -->\n\t\t\t\t\t\t\t\t\t\t\t\t\t\t\t\t\t\t\t\t\t<div class=\"gllr_image_block\">\n\t\t\t\t\t\t\t\t\t\t\t\t<p style=\"\n\t\t\t\t\t\t\t\t\t\t\t\t\t\t\t\t\t\t\t\t\t\t\t\t\">\n\t\t\t\t\t\t\t\t\t\t\t\t\t\t\t\t\t\t\t\t\t\t\t\t\t\t\t\t<a data-fancybox=\"gallery_fancybox_155\" href=\"https:\/\/www.ifop.cl\/programa-camaron-choapa\/wp-content\/uploads\/sites\/24\/2021\/02\/beneficiarios_04-1024x768.jpg\" title=\"\" >\n\t\t\t\t\t\t\t\t\t\t\t\t\t\t\t\t<img decoding=\"async\"   style=\"  border-width: 5px; border-color:#cccccc;border: 5px solid #cccccc\" alt=\"\" title=\"\" src=\"https:\/\/www.ifop.cl\/programa-camaron-choapa\/wp-content\/uploads\/sites\/24\/2021\/02\/beneficiarios_04-100x100.jpg\" rel=\"https:\/\/www.ifop.cl\/programa-camaron-choapa\/wp-content\/uploads\/sites\/24\/2021\/02\/beneficiarios_04.jpg\" \/>\t\t\t\t\t\t\t\t\t\t\t\t\t\t\t<\/a>\n\t\t\t\t\t\t\t\t\t\t\t\t\t\t\t\t\t\t\t\t\t\t\t\t\t\t<\/p>\n\t\t\t\t\t\t\t\t\t\t\t\t\t\t\t\t\t\t\t\t\t\t\t<\/div><!-- .gllr_image_block -->\n\t\t\t\t\t\t\t\t\t\t\t\t\t\t\t\t\t\t\t\t\t<div class=\"gllr_image_block\">\n\t\t\t\t\t\t\t\t\t\t\t\t<p style=\"\n\t\t\t\t\t\t\t\t\t\t\t\t\t\t\t\t\t\t\t\t\t\t\t\t\">\n\t\t\t\t\t\t\t\t\t\t\t\t\t\t\t\t\t\t\t\t\t\t\t\t\t\t\t\t<a data-fancybox=\"gallery_fancybox_155\" href=\"https:\/\/www.ifop.cl\/programa-camaron-choapa\/wp-content\/uploads\/sites\/24\/2021\/02\/beneficiarios_02-1024x768.jpg\" title=\"\" >\n\t\t\t\t\t\t\t\t\t\t\t\t\t\t\t\t<img decoding=\"async\"   style=\"  border-width: 5px; border-color:#cccccc;border: 5px solid #cccccc\" alt=\"\" title=\"\" src=\"https:\/\/www.ifop.cl\/programa-camaron-choapa\/wp-content\/uploads\/sites\/24\/2021\/02\/beneficiarios_02-100x100.jpg\" rel=\"https:\/\/www.ifop.cl\/programa-camaron-choapa\/wp-content\/uploads\/sites\/24\/2021\/02\/beneficiarios_02.jpg\" \/>\t\t\t\t\t\t\t\t\t\t\t\t\t\t\t<\/a>\n\t\t\t\t\t\t\t\t\t\t\t\t\t\t\t\t\t\t\t\t\t\t\t\t\t\t<\/p>\n\t\t\t\t\t\t\t\t\t\t\t\t\t\t\t\t\t\t\t\t\t\t\t<\/div><!-- .gllr_image_block -->\n\t\t\t\t\t\t\t\t\t\t\t\t\t\t\t\t\t\t\t\t\t<div class=\"gllr_image_block\">\n\t\t\t\t\t\t\t\t\t\t\t\t<p style=\"\n\t\t\t\t\t\t\t\t\t\t\t\t\t\t\t\t\t\t\t\t\t\t\t\t\">\n\t\t\t\t\t\t\t\t\t\t\t\t\t\t\t\t\t\t\t\t\t\t\t\t\t\t\t\t<a data-fancybox=\"gallery_fancybox_155\" href=\"https:\/\/www.ifop.cl\/programa-camaron-choapa\/wp-content\/uploads\/sites\/24\/2021\/02\/beneficiarios_03-1024x768.jpg\" title=\"\" >\n\t\t\t\t\t\t\t\t\t\t\t\t\t\t\t\t<img decoding=\"async\"   style=\"  border-width: 5px; border-color:#cccccc;border: 5px solid #cccccc\" alt=\"\" title=\"\" src=\"https:\/\/www.ifop.cl\/programa-camaron-choapa\/wp-content\/uploads\/sites\/24\/2021\/02\/beneficiarios_03-100x100.jpg\" rel=\"https:\/\/www.ifop.cl\/programa-camaron-choapa\/wp-content\/uploads\/sites\/24\/2021\/02\/beneficiarios_03.jpg\" \/>\t\t\t\t\t\t\t\t\t\t\t\t\t\t\t<\/a>\n\t\t\t\t\t\t\t\t\t\t\t\t\t\t\t\t\t\t\t\t\t\t\t\t\t\t<\/p>\n\t\t\t\t\t\t\t\t\t\t\t\t\t\t\t\t\t\t\t\t\t\t\t<\/div><!-- .gllr_image_block -->\n\t\t\t\t\t\t\t\t\t\t\t\t\t\t\t\t\t\t\t\t\t<div class=\"gllr_image_block\">\n\t\t\t\t\t\t\t\t\t\t\t\t<p style=\"\n\t\t\t\t\t\t\t\t\t\t\t\t\t\t\t\t\t\t\t\t\t\t\t\t\">\n\t\t\t\t\t\t\t\t\t\t\t\t\t\t\t\t\t\t\t\t\t\t\t\t\t\t\t\t<a data-fancybox=\"gallery_fancybox_155\" href=\"https:\/\/www.ifop.cl\/programa-camaron-choapa\/wp-content\/uploads\/sites\/24\/2021\/02\/beneficiarios_01-1024x768.jpg\" title=\"\" >\n\t\t\t\t\t\t\t\t\t\t\t\t\t\t\t\t<img decoding=\"async\"   style=\"  border-width: 5px; border-color:#cccccc;border: 5px solid #cccccc\" alt=\"\" title=\"\" src=\"https:\/\/www.ifop.cl\/programa-camaron-choapa\/wp-content\/uploads\/sites\/24\/2021\/02\/beneficiarios_01-100x100.jpg\" rel=\"https:\/\/www.ifop.cl\/programa-camaron-choapa\/wp-content\/uploads\/sites\/24\/2021\/02\/beneficiarios_01.jpg\" \/>\t\t\t\t\t\t\t\t\t\t\t\t\t\t\t<\/a>\n\t\t\t\t\t\t\t\t\t\t\t\t\t\t\t\t\t\t\t\t\t\t\t\t\t\t<\/p>\n\t\t\t\t\t\t\t\t\t\t\t\t\t\t\t\t\t\t\t\t\t\t\t<\/div><!-- .gllr_image_block -->\n\t\t\t\t\t\t\t\t\t\t\t\t\t\t\t\t\t\t\t\t\t<div class=\"clear\"><\/div>\n\t\t\t\t\t\t\t\t\t\t<\/div><!-- .gllr_image_row -->\n\t\t\t\t\t\t\t\t\t\t\t\t\t\t\t\t\t<\/div><!-- .gallery.clearfix -->\n\t\t\t\t\t\t\t\t\t\t\t\t\t\t<\/div><!-- .gallery_box_single -->\n\t\t\t\t\t\t<div class=\"gllr_clear\"><\/div>\n\t\t\t\t\t\t\n","protected":false},"excerpt":{"rendered":"<p>Asociaci\u00f3n Productores y Extractores de Recursos Dulceacu\u00edcolas del Choapa A.G. Organizaci\u00f3n de base conformada por 25 socios de la comuna de Illapel, provincia de Choapa, que viven de la extracci\u00f3n del recurso camar\u00f3n de r\u00edo del norte. &nbsp; Sindicato de Trabajadores Independientes Camaroneros del Choapa. Organizaci\u00f3n de base conformada por 37 socios de la comuna de Illapel, provincia de Choapa, que viven de la extracci\u00f3n del recurso camar\u00f3n de r\u00edo del norte. &nbsp;<\/p>\n","protected":false},"author":1,"featured_media":0,"parent":16,"menu_order":2,"comment_status":"closed","ping_status":"closed","template":"plantilla-minisitio_contenido.php","meta":{"footnotes":""},"class_list":["post-52","page","type-page","status-publish","hentry"],"_links":{"self":[{"href":"https:\/\/www.ifop.cl\/programa-camaron-choapa\/wp-json\/wp\/v2\/pages\/52"}],"collection":[{"href":"https:\/\/www.ifop.cl\/programa-camaron-choapa\/wp-json\/wp\/v2\/pages"}],"about":[{"href":"https:\/\/www.ifop.cl\/programa-camaron-choapa\/wp-json\/wp\/v2\/types\/page"}],"author":[{"embeddable":true,"href":"https:\/\/www.ifop.cl\/programa-camaron-choapa\/wp-json\/wp\/v2\/users\/1"}],"replies":[{"embeddable":true,"href":"https:\/\/www.ifop.cl\/programa-camaron-choapa\/wp-json\/wp\/v2\/comments?post=52"}],"version-history":[{"count":8,"href":"https:\/\/www.ifop.cl\/programa-camaron-choapa\/wp-json\/wp\/v2\/pages\/52\/revisions"}],"predecessor-version":[{"id":303,"href":"https:\/\/www.ifop.cl\/programa-camaron-choapa\/wp-json\/wp\/v2\/pages\/52\/revisions\/303"}],"up":[{"embeddable":true,"href":"https:\/\/www.ifop.cl\/programa-camaron-choapa\/wp-json\/wp\/v2\/pages\/16"}],"wp:attachment":[{"href":"https:\/\/www.ifop.cl\/programa-camaron-choapa\/wp-json\/wp\/v2\/media?parent=52"}],"curies":[{"name":"wp","href":"https:\/\/api.w.org\/{rel}","templated":true}]}}