{"id":375,"date":"2021-08-12T16:59:33","date_gmt":"2021-08-12T20:59:33","guid":{"rendered":"https:\/\/www.ifop.cl\/programa-camaron-choapa\/?page_id=375"},"modified":"2021-08-12T17:03:55","modified_gmt":"2021-08-12T21:03:55","slug":"talleres","status":"publish","type":"page","link":"https:\/\/www.ifop.cl\/programa-camaron-choapa\/talleres\/","title":{"rendered":"Talleres"},"content":{"rendered":"<div class=\"panel panel-primary\">\n<div class=\"panel-heading\">Taller 01: &#8220;Experiencias de Ordenamiento y Manejo del recurso Camar\u00f3n de r\u00edo <em>Cryphiops caementarius<\/em>: lecciones aprendidas y perspectivas de sustentabilidad de la pesquer\u00eda en Chile y Per\u00fa&#8221;<\/div>\n<div class=\"panel-body\">\nEl 2 de agosto de 2021, IFOP organiz\u00f3 el taller \u201cExperiencias de Ordenamiento y Manejo del recurso Camar\u00f3n de r\u00edo <em>Cryphiops caementarius<\/em>: lecciones aprendidas y perspectivas de sustentabilidad de la pesquer\u00eda en Chile y Per\u00fa\u201d; actividad desarrollada en el marco del proyecto GORE de la Regi\u00f3n de Coquimbo denominado: \u201cPrograma para la consolidaci\u00f3n de la Estrategia Pesquero Acu\u00edcola (EPA) del camar\u00f3n de r\u00edo del norte (<em>Cryphiops caementarius<\/em>) en la cuenca hidrogr\u00e1fica del R\u00edo Choapa\u201d.<br \/>\nParticiparon profesionales de IFOP, del Instituto del Mar del Per\u00fa (IMARPE) y la Gerencia Regional de Producci\u00f3n de Arequipa. El objetivo de la actividad se centr\u00f3 en compartir conocimientos y experiencias de investigaci\u00f3n y manejo del recurso y su pesquer\u00eda.<\/p>\n<p><strong>Presentaciones<\/strong><\/p>\n<ul>\n<li>Caracter\u00edsticas del h\u00e1bitat y factores ambientales relevantes asociados al recurso camar\u00f3n en el rio, en la cuenca del Choapa. Sr. Carlos Vel\u00e1squez, Investigador IFOP, Coquimbo. <a href=\"https:\/\/www.ifop.cl\/wp-content\/contenidos\/uploads\/minisitios\/camaron_choapa\/talleres\/taller20210802\/01Velasquez,21.0802.Ambiente.Taller Cryphiops_IFOP.pdf\" target=\"_Blank\"><i class=\"fa fa-file-pdf-o\" aria-hidden=\"true\"><\/i> PDF<\/a><\/li>\n<li>Determinaci\u00f3n del estado presi\u00f3n respuesta ambiental de las cuencas de los r\u00edos Caman\u00e1 y Oco\u00f1a. Sr. Mario Polar. Profesional de IMARPE, Lima. <a href=\"https:\/\/www.ifop.cl\/wp-content\/contenidos\/uploads\/minisitios\/camaron_choapa\/talleres\/taller20210802\/02Polar,21.0802.Ambiente PPR.Taller Cryphiops_IFOP.pdf\" target=\"_Blank\"><i class=\"fa fa-file-pdf-o\" aria-hidden=\"true\"><\/i> PDF<\/a><\/li>\n<li>Evaluaci\u00f3n poblacional del recurso Camar\u00f3n en el rio Choapa. Sr. Carlos Vel\u00e1squez, Investigador IFOP, Coquimbo. <a href=\"https:\/\/www.ifop.cl\/wp-content\/contenidos\/uploads\/minisitios\/camaron_choapa\/talleres\/taller20210802\/03Velasquez,21.0802.Evaluacion.Taller Cryphiops_IFOP.pdf\" target=\"_Blank\"><i class=\"fa fa-file-pdf-o\" aria-hidden=\"true\"><\/i> PDF<\/a><\/li>\n<li>Evaluaci\u00f3n poblacional de camar\u00f3n en los r\u00edos del sur del Per\u00fa. Sr. Stive Flores. Profesional IMARPE, Lima. <a href=\"https:\/\/www.ifop.cl\/wp-content\/contenidos\/uploads\/minisitios\/camaron_choapa\/talleres\/taller20210802\/04Flores,21.0802.Evaluacion.Taller Cryphiops_IFOP.pdf\" target=\"_Blank\"><i class=\"fa fa-file-pdf-o\" aria-hidden=\"true\"><\/i> PDF<\/a><\/li>\n<li>Monitoreo biol\u00f3gico pesquero del recurso camar\u00f3n C. caementarius, en los r\u00edos Majes-Caman\u00e1 y Oco\u00f1a de la regi\u00f3n de Arequipa. Sr. Kristhian Pinazo. Profesional IMARPE, Caman\u00e1 <a href=\"https:\/\/www.ifop.cl\/wp-content\/contenidos\/uploads\/minisitios\/camaron_choapa\/talleres\/taller20210802\/05Pinazo,21.0802.Monitoreo.Taller Cryphiops_IFOP.pdf\" target=\"_Blank\"><i class=\"fa fa-file-pdf-o\" aria-hidden=\"true\"><\/i> PDF<\/a><\/li>\n<li>Propuesta de ordenamiento elaborada en el marco del programa. Sr. Alvaro Wilson. Investigador IFOP, Coquimbo. <a href=\"https:\/\/www.ifop.cl\/wp-content\/contenidos\/uploads\/minisitios\/camaron_choapa\/talleres\/taller20210802\/07Wilson,21.0802.Normativa y propuesta.Taller Cryphiops_IFOP.pdf\" target=\"_Blank\"><i class=\"fa fa-file-pdf-o\" aria-hidden=\"true\"><\/i> PDF<\/a><\/li>\n<li>Marco normativo y gobernanza asociados a la pesquer\u00eda. Sra. Antonia Ch\u00e1vez. Subgerenta. Gerencia Regional de la Producci\u00f3n,Arequipa. <a href=\"https:\/\/www.ifop.cl\/wp-content\/contenidos\/uploads\/minisitios\/camaron_choapa\/talleres\/taller20210802\/06Chavez,21.0802.Ospas.Taller Cryphops.pdf\" target=\"_Blank\"><i class=\"fa fa-file-pdf-o\" aria-hidden=\"true\"><\/i> PDF<\/a><\/li>\n<\/ul>\n<\/div>\n<\/div>\n","protected":false},"excerpt":{"rendered":"<p>Taller 01: &#8220;Experiencias de Ordenamiento y Manejo del recurso Camar\u00f3n de r\u00edo Cryphiops caementarius: lecciones aprendidas y perspectivas de sustentabilidad de la pesquer\u00eda en Chile y Per\u00fa&#8221; El 2 de agosto de 2021, IFOP organiz\u00f3 el taller \u201cExperiencias de Ordenamiento y Manejo del recurso Camar\u00f3n de r\u00edo Cryphiops caementarius: lecciones aprendidas y perspectivas de sustentabilidad de la pesquer\u00eda en Chile y Per\u00fa\u201d; actividad desarrollada en el marco del proyecto GORE de la Regi\u00f3n de Coquimbo denominado: \u201cPrograma para la consolidaci\u00f3n de la Estrategia Pesquero Acu\u00edcola (EPA) del camar\u00f3n de r\u00edo del norte (Cryphiops caementarius) en la cuenca hidrogr\u00e1fica del R\u00edo [&hellip;]<\/p>\n","protected":false},"author":1,"featured_media":0,"parent":0,"menu_order":0,"comment_status":"closed","ping_status":"closed","template":"plantilla_pagina_full_with_camaron.php","meta":{"footnotes":""},"class_list":["post-375","page","type-page","status-publish","hentry"],"_links":{"self":[{"href":"https:\/\/www.ifop.cl\/programa-camaron-choapa\/wp-json\/wp\/v2\/pages\/375"}],"collection":[{"href":"https:\/\/www.ifop.cl\/programa-camaron-choapa\/wp-json\/wp\/v2\/pages"}],"about":[{"href":"https:\/\/www.ifop.cl\/programa-camaron-choapa\/wp-json\/wp\/v2\/types\/page"}],"author":[{"embeddable":true,"href":"https:\/\/www.ifop.cl\/programa-camaron-choapa\/wp-json\/wp\/v2\/users\/1"}],"replies":[{"embeddable":true,"href":"https:\/\/www.ifop.cl\/programa-camaron-choapa\/wp-json\/wp\/v2\/comments?post=375"}],"version-history":[{"count":4,"href":"https:\/\/www.ifop.cl\/programa-camaron-choapa\/wp-json\/wp\/v2\/pages\/375\/revisions"}],"predecessor-version":[{"id":379,"href":"https:\/\/www.ifop.cl\/programa-camaron-choapa\/wp-json\/wp\/v2\/pages\/375\/revisions\/379"}],"wp:attachment":[{"href":"https:\/\/www.ifop.cl\/programa-camaron-choapa\/wp-json\/wp\/v2\/media?parent=375"}],"curies":[{"name":"wp","href":"https:\/\/api.w.org\/{rel}","templated":true}]}}