{"id":246,"date":"2021-04-20T10:17:42","date_gmt":"2021-04-20T14:17:42","guid":{"rendered":"https:\/\/www.ifop.cl\/programa-camaron-choapa\/?page_id=246"},"modified":"2025-09-29T09:49:44","modified_gmt":"2025-09-29T12:49:44","slug":"reportes-y-publicaciones","status":"publish","type":"page","link":"https:\/\/www.ifop.cl\/programa-camaron-choapa\/reportes-y-publicaciones\/","title":{"rendered":"Reportes y publicaciones"},"content":{"rendered":"<p><strong>PUBLICACIONES DEL PROGRAMA <\/strong><\/p>\n<ul>\n<li>Camarones, camaroneros y escasez h\u00eddrica: desaf\u00edos para la sostenibilidad pesquera de Cryphiops caementarius en la cuenca del r\u00edo Choapa, Chile (2019-2021) Vel\u00e1squez, C., Alan\u00eds, Y., Torres-Avil\u00e9s, D., Wilson, A.,&#038; C\u00e1rcamo, F. (2022). Marine and Fishery Science, 35(2), 237-254, DOI: 10.47193\/mafis.3522022010506 <a href=\"https:\/\/www.ifop.cl\/wp-content\/contenidos\/uploads\/minisitios\/camaron_choapa\/publicaciones\/Desafios_para_sostenibilidad_pesquera_Cryphiops_Caementarius_Velasquez_etal_2022.pdf\" target=\"_blank\" rel=\"noopener\"><i class=\"fa fa-external-link\" aria-hidden=\"true\"><\/i><br \/>\n<\/a><\/li>\n<li>Vel&aacute;squez, C., &nbsp;Alan&iacute;s, Y., &amp; C&aacute;rcamo, F. (2022) Mortandades masivas del camar&oacute;n de r&iacute;o&nbsp;<em>Cryphiops caementarius<\/em> causadas por la crisis h&iacute;drica en el norte Semi&aacute;rido de Chile, Neotropical Biodiversity, 8:1, 151-155, DOI: 10.1080\/23766808.2022.2054303. <a href=\"https:\/\/www.ifop.cl\/wp-content\/contenidos\/uploads\/minisitios\/camaron_choapa\/publicaciones\/Velasquez et al. 2022b.pdf\" target=\"_blank\" rel=\"noopener\"><i class=\"fa fa-external-link\" aria-hidden=\"true\"><\/i><br \/>\n<\/a><\/li>\n<li>Vel&aacute;squez, C., Rudolph, E., Oyanedel, A., &nbsp;Alan&iacute;s, Y., &amp; Henr&iacute;quez-Antipa, L.&nbsp;(2022)&nbsp;The burrowing crayfish <em>Parastacus pugnax<\/em> (Decapoda: Parastacidae) in the Semiarid Region of Chile: findings of a naturalized or threatened population?,&nbsp;Neotropical Biodiversity,&nbsp;8:1,&nbsp;124-130,&nbsp;DO<wbr>I: <a href=\"https:\/\/doi.org\/10.1080\/23766808.2022.2049173\" target=\"_blank\" rel=\"noopener\">10.1080\/23766808.2022.<wbr>2049173<\/a>. <a href=\"https:\/\/www.ifop.cl\/wp-content\/contenidos\/uploads\/minisitios\/camaron_choapa\/publicaciones\/The burrowing crayfish Parastacus pugnax Decapoda Parastacidae in the Semiarid Region of Chile findings of a naturalized or threatened population.pdf\" target=\"_blank\" rel=\"noopener\"><i class=\"fa fa-external-link\" aria-hidden=\"true\"><\/i><br \/>\n<\/a><\/li>\n<li>Vel\u00e1squez, C., Henr\u00edquez-Antipa, L., Torres-Avil\u00e9s, D., Wilson, A.E., Alan\u00eds, Y., &amp; C\u00e1rcamo, F. (2020). Knowledge status of predators of the freshwater prawn <em>Cryphiops caementarius<\/em> (Decapoda: Palaemonidae) in river systems along the North Western Andean region from Per\u00fa and Chile. <em>Revista de Biolog\u00eda Tropical, 68<\/em>(4), 1062-1072. <a href=\"https:\/\/revistas.ucr.ac.cr\/index.php\/rbt\/article\/view\/41213\" target=\"_blank\" rel=\"noopener\"><i class=\"fa fa-external-link\" aria-hidden=\"true\"><\/i><br \/>\n<\/a><\/li>\n<\/ul>\n<p><strong>REPORTES<\/strong><\/p>\n<table class=\"table table-bordered table-striped\">\n<tbody>\n<tr>\n<td>Propuesta de plan de manejo integrado para el camar\u00f3n de r\u00edo del norte (<i>Cryphiops caementarius<\/i>) en la cuenca del r\u00edo Choapa, enero 2022<\/td>\n<td><a href=\"https:\/\/www.ifop.cl\/wp-content\/contenidos\/uploads\/minisitios\/camaron_choapa\/reporte\/Propuesta_PMI_Camaro\u0301n__rio Choapa__enero_2022.pdf\" target=\"_Blank\" rel=\"noopener\"><i class=\"fa fa-file-pdf-o\" aria-hidden=\"true\"><\/i> Informe<\/a><\/td>\n<\/tr>\n<tr>\n<td>Informe Final 7 diciembre 2020<\/td>\n<td><a href=\"https:\/\/www.ifop.cl\/wp-content\/contenidos\/uploads\/minisitios\/camaron_choapa\/reporte\/Informe-Final-7-dic-2020.pdf\" target=\"_Blank\" rel=\"noopener\"><i class=\"fa fa-file-pdf-o\" aria-hidden=\"true\"><\/i> Informe<\/a><\/td>\n<\/tr>\n<tr>\n<td>Ordenamiento pesqueria<\/td>\n<td><a href=\"https:\/\/www.ifop.cl\/wp-content\/contenidos\/uploads\/minisitios\/camaron_choapa\/reporte\/Ordenamiento-pesqueria.pdf\" target=\"_Blank\" rel=\"noopener\"><i class=\"fa fa-file-pdf-o\" aria-hidden=\"true\"><\/i> Informe<\/a><\/td>\n<\/tr>\n<tr>\n<td>Propuesta plan de manejo<\/td>\n<td><a href=\"https:\/\/www.ifop.cl\/wp-content\/contenidos\/uploads\/minisitios\/camaron_choapa\/reporte\/Propuesta-plan-de-manejo.pdf\" target=\"_Blank\" rel=\"noopener\"><i class=\"fa fa-file-pdf-o\" aria-hidden=\"true\"><\/i> Informe<\/a><\/td>\n<\/tr>\n<tr>\n<td>Propuesta plan de manejo extendida<\/td>\n<td><a href=\"https:\/\/www.ifop.cl\/wp-content\/contenidos\/uploads\/minisitios\/camaron_choapa\/reporte\/Propuesta-plan-de-manejo-extendida.pdf\" target=\"_Blank\" rel=\"noopener\"><i class=\"fa fa-file-pdf-o\" aria-hidden=\"true\"><\/i> Informe<\/a><\/td>\n<\/tr>\n<p><!--\n\n\n<tr>\n\n\n<td>Informe avance Febrero 2019<\/td>\n\n\n\n\n<td><a href=\"https:\/\/www.ifop.cl\/wp-content\/contenidos\/uploads\/minisitios\/camaron_choapa\/informes\/1er_Informe_Avance_Febrero_2019.pdf\" target=\"_Blank\" rel=\"noopener\"><i class=\"fa fa-file-pdf-o\" aria-hidden=\"true\"><\/i> Informe<\/a><\/td>\n\n\n\n\n<td><a href=\"https:\/\/www.ifop.cl\/wp-content\/contenidos\/uploads\/minisitios\/camaron_choapa\/informes\/1er_informe_febrero%202019_anexos.zip\" target=\"_blank\" rel=\"noopener\"><i class=\"fa fa-file-archive-o\" aria-hidden=\"true\"><\/i> Anexos<\/a><\/td>\n\n\n<\/tr>\n\n\n\n\n<tr>\n\n\n<td>Informe avance Mayo 2019<\/td>\n\n\n\n\n<td><a href=\"https:\/\/www.ifop.cl\/wp-content\/contenidos\/uploads\/minisitios\/camaron_choapa\/informes\/2do_Informe_Avance_Mayo_2019.pdf\" target=\"_Blank\" rel=\"noopener\"><i class=\"fa fa-file-pdf-o\" aria-hidden=\"true\"><\/i> Informe<\/a><\/td>\n\n\n\n\n<td><a href=\"https:\/\/www.ifop.cl\/wp-content\/contenidos\/uploads\/minisitios\/camaron_choapa\/informes\/2do_informe_mayo_2019_anexos.zip\" target=\"_blank\" rel=\"noopener\"><i class=\"fa fa-file-archive-o\" aria-hidden=\"true\"><\/i> Anexos<\/a><\/td>\n\n\n<\/tr>\n\n\n\n\n<tr>\n\n\n<td>Informe avance Agosto 2019<\/td>\n\n\n\n\n<td><a href=\"https:\/\/www.ifop.cl\/wp-content\/contenidos\/uploads\/minisitios\/camaron_choapa\/informes\/3er_Informe_Avance_Agosto_2019.pdf\" target=\"_Blank\" rel=\"noopener\"><i class=\"fa fa-file-pdf-o\" aria-hidden=\"true\"><\/i> Informe<\/a><\/td>\n\n\n\n\n<td><a href=\"https:\/\/www.ifop.cl\/wp-content\/contenidos\/uploads\/minisitios\/camaron_choapa\/informes\/3er_informe_agosto_2019_anexos.zip\" target=\"_blank\" rel=\"noopener\"><i class=\"fa fa-file-archive-o\" aria-hidden=\"true\"><\/i> Anexos<\/a><\/td>\n\n\n<\/tr>\n\n\n\n\n<tr>\n\n\n<td>Informe avance Noviembre 2019<\/td>\n\n\n\n\n<td><a href=\"https:\/\/www.ifop.cl\/wp-content\/contenidos\/uploads\/minisitios\/camaron_choapa\/informes\/4o_informe_Avance_Noviembre_2019.pdf\" target=\"_Blank\" rel=\"noopener\"><i class=\"fa fa-file-pdf-o\" aria-hidden=\"true\"><\/i> Informe<\/a><\/td>\n\n\n\n\n<td><a href=\"https:\/\/www.ifop.cl\/wp-content\/contenidos\/uploads\/minisitios\/camaron_choapa\/informes\/4to_informe_noviembre_2019_anexos.zip\" target=\"_blank\" rel=\"noopener\"><i class=\"fa fa-file-archive-o\" aria-hidden=\"true\"><\/i> Anexos<\/a><\/td>\n\n\n<\/tr>\n\n\n\n\n<tr>\n\n\n<td>Informe avance Febrero 2020<\/td>\n\n\n\n\n<td><a href=\"https:\/\/www.ifop.cl\/wp-content\/contenidos\/uploads\/minisitios\/camaron_choapa\/informes\/5to_Informe_Avance_Febrero_2020.pdf\" target=\"_Blank\" rel=\"noopener\"><i class=\"fa fa-file-pdf-o\" aria-hidden=\"true\"><\/i> Informe<\/a><\/td>\n\n\n\n\n<td><a href=\"https:\/\/www.ifop.cl\/wp-content\/contenidos\/uploads\/minisitios\/camaron_choapa\/informes\/5to_informe_febrero_2020_anexos.zip\" target=\"_blank\" rel=\"noopener\"><i class=\"fa fa-file-archive-o\" aria-hidden=\"true\"><\/i> Anexos<\/a><\/td>\n\n\n<\/tr>\n\n\n\n\n<tr>\n\n\n<td>Informe avance Mayo 2020<\/td>\n\n\n\n\n<td><a href=\"https:\/\/www.ifop.cl\/wp-content\/contenidos\/uploads\/minisitios\/camaron_choapa\/informes\/6to_Informe_Avance_Mayo_2020.pdf\" target=\"_Blank\" rel=\"noopener\"><i class=\"fa fa-file-pdf-o\" aria-hidden=\"true\"><\/i> Informe<\/a><\/td>\n\n\n\n\n<td><a href=\"https:\/\/www.ifop.cl\/wp-content\/contenidos\/uploads\/minisitios\/camaron_choapa\/informes\/6to_informe_mayo_2020_anexos.zip\" target=\"_blank\" rel=\"noopener\"><i class=\"fa fa-file-archive-o\" aria-hidden=\"true\"><\/i> Anexos<\/a><\/td>\n\n\n<\/tr>\n\n\n\n\n<tr>\n\n\n<td>Informe avance Agosto 2020<\/td>\n\n\n\n\n<td><a href=\"https:\/\/www.ifop.cl\/wp-content\/contenidos\/uploads\/minisitios\/camaron_choapa\/informes\/7mo_Informe_Agosto_2020.pdf\" target=\"_Blank\" rel=\"noopener\"><i class=\"fa fa-file-pdf-o\" aria-hidden=\"true\"><\/i> Informe<\/a><\/td>\n\n\n\n\n<td><a href=\"https:\/\/www.ifop.cl\/wp-content\/contenidos\/uploads\/minisitios\/camaron_choapa\/informes\/7mo_informe_agosto_2020_anexos.zip\" target=\"_blank\" rel=\"noopener\"><i class=\"fa fa-file-archive-o\" aria-hidden=\"true\"><\/i> Anexos<\/a><\/td>\n\n\n<\/tr>\n\n\n\n\n<tr>\n\n\n<td>Informe avance Noviembre 2020<\/td>\n\n\n\n\n<td><a href=\"https:\/\/www.ifop.cl\/wp-content\/contenidos\/uploads\/minisitios\/camaron_choapa\/informes\/8vo_informe_noviembre_2020.pdf\" target=\"_Blank\" rel=\"noopener\"><i class=\"fa fa-file-pdf-o\" aria-hidden=\"true\"><\/i> Informe<\/a><\/td>\n\n\n\n\n<td><a href=\"https:\/\/www.ifop.cl\/wp-content\/contenidos\/uploads\/minisitios\/camaron_choapa\/informes\/8vo_informe_noviembre_2020_anexos.zip\" target=\"_blank\" rel=\"noopener\"><i class=\"fa fa-file-archive-o\" aria-hidden=\"true\"><\/i> Anexos<\/a><\/td>\n\n\n<\/tr>\n\n\n\n\n<tr>\n\n\n<td>Informe avance Febrero 2021<\/td>\n\n\n\n\n<td><a href=\"https:\/\/www.ifop.cl\/wp-content\/contenidos\/uploads\/minisitios\/camaron_choapa\/informes\/9no_informe_avance.pdf\" target=\"_Blank\" rel=\"noopener\"><i class=\"fa fa-file-pdf-o\" aria-hidden=\"true\"><\/i> Informe<\/a><\/td>\n\n\n\n\n<td><a href=\"https:\/\/www.ifop.cl\/wp-content\/contenidos\/uploads\/minisitios\/camaron_choapa\/informes\/9no_informe_avance_febrero_2021_anexos.zip\" target=\"_blank\" rel=\"noopener\"><i class=\"fa fa-file-archive-o\" aria-hidden=\"true\"><\/i> Anexos<\/a><\/td>\n\n\n<\/tr>\n\n--><br \/>\n<\/tbody>\n<\/table>\n<div class=\"panel panel-primary\">\n<div class=\"panel-heading\">Taller  &#8220;Experiencias de Ordenamiento y Manejo del recurso Camar\u00f3n de r\u00edo <em>Cryphiops caementarius<\/em>: lecciones aprendidas y perspectivas de sustentabilidad de la pesquer\u00eda en Chile y Per\u00fa&#8221;<\/div>\n<div class=\"panel-body\">\nEl 2 de agosto de 2021, IFOP organiz\u00f3 el taller \u201cExperiencias de Ordenamiento y Manejo del recurso Camar\u00f3n de r\u00edo <em>Cryphiops caementarius<\/em>: lecciones aprendidas y perspectivas de sustentabilidad de la pesquer\u00eda en Chile y Per\u00fa\u201d; actividad desarrollada en el marco del proyecto GORE de la Regi\u00f3n de Coquimbo denominado: \u201cPrograma para la consolidaci\u00f3n de la Estrategia Pesquero Acu\u00edcola (EPA) del camar\u00f3n de r\u00edo del norte (<em>Cryphiops caementarius<\/em>) en la cuenca hidrogr\u00e1fica del R\u00edo Choapa\u201d.<br \/>\nParticiparon profesionales de IFOP, del Instituto del Mar del Per\u00fa (IMARPE) y la Gerencia Regional de Producci\u00f3n de Arequipa. El objetivo de la actividad se centr\u00f3 en compartir conocimientos y experiencias de investigaci\u00f3n y manejo del recurso y su pesquer\u00eda.<\/p>\n<p><strong>Presentaciones<\/strong><\/p>\n<ul>\n<li>Caracter\u00edsticas del h\u00e1bitat y factores ambientales relevantes asociados al recurso camar\u00f3n en el rio, en la cuenca del Choapa. Sr. Carlos Vel\u00e1squez, Investigador IFOP, Coquimbo. <a href=\"https:\/\/www.ifop.cl\/wp-content\/contenidos\/uploads\/minisitios\/camaron_choapa\/talleres\/taller20210802\/01Velasquez,21.0802.Ambiente.Taller Cryphiops_IFOP.pdf\" target=\"_Blank\" rel=\"noopener\"><i class=\"fa fa-file-pdf-o\" aria-hidden=\"true\"><\/i> PDF<\/a><\/li>\n<li>Determinaci\u00f3n del estado presi\u00f3n respuesta ambiental de las cuencas de los r\u00edos Caman\u00e1 y Oco\u00f1a. Sr. Mario Polar. Profesional de IMARPE, Lima. <a href=\"https:\/\/www.ifop.cl\/wp-content\/contenidos\/uploads\/minisitios\/camaron_choapa\/talleres\/taller20210802\/02Polar,21.0802.Ambiente PPR.Taller Cryphiops_IFOP.pdf\" target=\"_Blank\" rel=\"noopener\"><i class=\"fa fa-file-pdf-o\" aria-hidden=\"true\"><\/i> PDF<\/a><\/li>\n<li>Evaluaci\u00f3n poblacional del recurso Camar\u00f3n en el rio Choapa. Sr. Carlos Vel\u00e1squez, Investigador IFOP, Coquimbo. <a href=\"https:\/\/www.ifop.cl\/wp-content\/contenidos\/uploads\/minisitios\/camaron_choapa\/talleres\/taller20210802\/03Velasquez,21.0802.Evaluacion.Taller Cryphiops_IFOP.pdf\" target=\"_Blank\" rel=\"noopener\"><i class=\"fa fa-file-pdf-o\" aria-hidden=\"true\"><\/i> PDF<\/a><\/li>\n<li>Evaluaci\u00f3n poblacional de camar\u00f3n en los r\u00edos del sur del Per\u00fa. Sr. Stive Flores. Profesional IMARPE, Lima. <a href=\"https:\/\/www.ifop.cl\/wp-content\/contenidos\/uploads\/minisitios\/camaron_choapa\/talleres\/taller20210802\/04Flores,21.0802.Evaluacion.Taller Cryphiops_IFOP.pdf\" target=\"_Blank\" rel=\"noopener\"><i class=\"fa fa-file-pdf-o\" aria-hidden=\"true\"><\/i> PDF<\/a><\/li>\n<li>Monitoreo biol\u00f3gico pesquero del recurso camar\u00f3n C. caementarius, en los r\u00edos Majes-Caman\u00e1 y Oco\u00f1a de la regi\u00f3n de Arequipa. Sr. Kristhian Pinazo. Profesional IMARPE, Caman\u00e1 <a href=\"https:\/\/www.ifop.cl\/wp-content\/contenidos\/uploads\/minisitios\/camaron_choapa\/talleres\/taller20210802\/05Pinazo,21.0802.Monitoreo.Taller Cryphiops_IFOP.pdf\" target=\"_Blank\" rel=\"noopener\"><i class=\"fa fa-file-pdf-o\" aria-hidden=\"true\"><\/i> PDF<\/a><\/li>\n<li>Propuesta de ordenamiento elaborada en el marco del programa. Sr. Alvaro Wilson. Investigador IFOP, Coquimbo. <a href=\"https:\/\/www.ifop.cl\/wp-content\/contenidos\/uploads\/minisitios\/camaron_choapa\/talleres\/taller20210802\/07Wilson,21.0802.Normativa y propuesta.Taller Cryphiops_IFOP.pdf\" target=\"_Blank\" rel=\"noopener\"><i class=\"fa fa-file-pdf-o\" aria-hidden=\"true\"><\/i> PDF<\/a><\/li>\n<li>Marco normativo y gobernanza asociados a la pesquer\u00eda. Sra. Antonia Ch\u00e1vez. Subgerenta. Gerencia Regional de la Producci\u00f3n,Arequipa. <a href=\"https:\/\/www.ifop.cl\/wp-content\/contenidos\/uploads\/minisitios\/camaron_choapa\/talleres\/taller20210802\/06Chavez,21.0802.Ospas.Taller Cryphops.pdf\" target=\"_Blank\" rel=\"noopener\"><i class=\"fa fa-file-pdf-o\" aria-hidden=\"true\"><\/i> PDF<\/a><\/li>\n<\/ul>\n<\/div>\n<\/div>\n<div class=\"panel panel-primary\">\n<div class=\"panel-heading\">OTRAS PUBLICACIONES<\/div>\n<div class=\"panel-body\">\n<ul>\n<li>Bahamonde, N. &amp; Vila, I. (1971). Sinopsis sobre la biolog\u00eda del camar\u00f3n de r\u00edo del norte. <em>Biolog\u00eda Pesquera, Chile. 5,<\/em> 3-60.<\/li>\n<li>Dennenmoser, S., Thiel, M. &amp; Schubart, C. (2010). High Genetic Variability With No Apparent Geographic Structuring in the mtDNA of the Amphidromous River Shrimp Cryphiops caementarius (Decapoda: Palaemonidae) in Northern-Central Chile. <em>Journal of Crustacean Biology. 30<\/em>, 763-767. <a href=\"http:\/\/dx.doi.org\/10.1651\/09-3273.1\" target=\"_Blank\" rel=\"noopener\"><i class=\"fa fa-external-link\" aria-hidden=\"true\"><\/i><\/a><\/li>\n<li>Meruane, J., Morales, M.C., Galleguillos, C., Rivera, M., &amp; Hosokawa, H. (2006). Experiencias y resultados de investigaciones sobre el camar\u00f3n de r\u00edo del norte C<em>ryphiops caementarius<\/em> (Molina 1782) (Decapoda: Palaemonidae): historia natural y cultivo. <em>Gayana, 70<\/em>, 280-292.  <a href=\"http:\/\/dx.doi.org\/10.4067\/S0717-65382006000200015\" target=\"_Blank\" rel=\"noopener\"><i class=\"fa fa-external-link\" aria-hidden=\"true\"><\/i><\/a><\/li>\n<li>Morales, M.C., Meruane, J., Galleguillos, C., Rivera, M., &amp; Hosokawa, H. (2006). Morphological characterization of larval stages and first juvenile of freshwater prawn <em>Cryphiops caementarius<\/em> (Molina 1782) (Decapoda: Palaemonidae) under laboratory conditions. <em>Aquaculture, 261<\/em>, 908-931. <a href=\"https:\/\/doi.org\/10.1016\/j.aquaculture.2006.07.042\" target=\"_Blank\" rel=\"noopener\"><i class=\"fa fa-external-link\" aria-hidden=\"true\"><\/i><\/a><\/li>\n<li>Morales, M.C., &amp; Meruane, J. (2013a). The Northern river shrimp <em>Cryphiops caementarius<\/em> (Decapoda: Palaemonidae). Research chronology between 1958 and 2008, I: distribution, population status, biology and life cycle. <em>Crustaceana, 86<\/em>, 1441-1451. <a href=\"http:\/\/dx.doi.org\/10.1163\/15685403-00003259\" target=\"_Blank\" rel=\"noopener\"><i class=\"fa fa-external-link\" aria-hidden=\"true\"><\/i><\/a><\/li>\n<li>Morales, M.C., &amp; Meruane, J. (2013b). The Northern river shrimp <em>Cryphiops caementarius<\/em> (Decapoda: Palaemonidae). Research chronology between 1958 and 2008, II: aquaculture research and development in Northern Chile. <em>Crustaceana, 86<\/em>, 1452-1467. <a href=\"http:\/\/dx.doi.org\/10.1163\/15685403-00003260\" target=\"_Blank\" rel=\"noopener\"><i class=\"fa fa-external-link\" aria-hidden=\"true\"><\/i><\/a><\/li>\n<li>Rojas, R., Morales, M., Rivadeneira, M., Thiel, M., &amp; Kitchener, A. (2012). Male morphotypes in the Andean river shrimp <em>Cryphiops caementarius<\/em> (Decapoda: Caridea): Morphology, coloration and injuries. <em>Journal of Zoology. 288<\/em>, 21-32. <a href=\"https:\/\/doi.org\/10.1111\/j.1469-7998.2012.00922.x\" target=\"_Blank\" rel=\"noopener\"><i class=\"fa fa-external-link\" aria-hidden=\"true\"><\/i><\/a><\/li>\n<\/ul>\n<\/div>\n<\/div>\n","protected":false},"excerpt":{"rendered":"<p>PUBLICACIONES DEL PROGRAMA Camarones, camaroneros y escasez h\u00eddrica: desaf\u00edos para la sostenibilidad pesquera de Cryphiops caementarius en la cuenca del r\u00edo Choapa, Chile (2019-2021) Vel\u00e1squez, C., Alan\u00eds, Y., Torres-Avil\u00e9s, D., Wilson, A.,&#038; C\u00e1rcamo, F. (2022). Marine and Fishery Science, 35(2), 237-254, DOI: 10.47193\/mafis.3522022010506 Vel&aacute;squez, C., &nbsp;Alan&iacute;s, Y., &amp; C&aacute;rcamo, F. (2022) Mortandades masivas del camar&oacute;n de r&iacute;o&nbsp;Cryphiops caementarius causadas por la crisis h&iacute;drica en el norte Semi&aacute;rido de Chile, Neotropical Biodiversity, 8:1, 151-155, DOI: 10.1080\/23766808.2022.2054303. Vel&aacute;squez, C., Rudolph, E., Oyanedel, A., &nbsp;Alan&iacute;s, Y., &amp; Henr&iacute;quez-Antipa, L.&nbsp;(2022)&nbsp;The burrowing crayfish Parastacus pugnax (Decapoda: Parastacidae) in the Semiarid Region of Chile: findings of [&hellip;]<\/p>\n","protected":false},"author":1,"featured_media":0,"parent":0,"menu_order":0,"comment_status":"closed","ping_status":"closed","template":"plantilla-minisitio_contenido.php","meta":{"footnotes":""},"class_list":["post-246","page","type-page","status-publish","hentry"],"_links":{"self":[{"href":"https:\/\/www.ifop.cl\/programa-camaron-choapa\/wp-json\/wp\/v2\/pages\/246"}],"collection":[{"href":"https:\/\/www.ifop.cl\/programa-camaron-choapa\/wp-json\/wp\/v2\/pages"}],"about":[{"href":"https:\/\/www.ifop.cl\/programa-camaron-choapa\/wp-json\/wp\/v2\/types\/page"}],"author":[{"embeddable":true,"href":"https:\/\/www.ifop.cl\/programa-camaron-choapa\/wp-json\/wp\/v2\/users\/1"}],"replies":[{"embeddable":true,"href":"https:\/\/www.ifop.cl\/programa-camaron-choapa\/wp-json\/wp\/v2\/comments?post=246"}],"version-history":[{"count":29,"href":"https:\/\/www.ifop.cl\/programa-camaron-choapa\/wp-json\/wp\/v2\/pages\/246\/revisions"}],"predecessor-version":[{"id":405,"href":"https:\/\/www.ifop.cl\/programa-camaron-choapa\/wp-json\/wp\/v2\/pages\/246\/revisions\/405"}],"wp:attachment":[{"href":"https:\/\/www.ifop.cl\/programa-camaron-choapa\/wp-json\/wp\/v2\/media?parent=246"}],"curies":[{"name":"wp","href":"https:\/\/api.w.org\/{rel}","templated":true}]}}