{"id":8,"date":"2017-08-10T17:15:16","date_gmt":"2017-08-10T17:15:16","guid":{"rendered":"https:\/\/www.ifop.cl\/pafrnetwork\/?page_id=8"},"modified":"2026-03-18T19:15:10","modified_gmt":"2026-03-18T19:15:10","slug":"inicio","status":"publish","type":"page","link":"https:\/\/www.ifop.cl\/pafrnetwork\/","title":{"rendered":"Inicio"},"content":{"rendered":"<p><\/p>\n<p>La Red-IIPA\/AP, est\u00e1 constituida por Instituciones de Investigaci\u00f3n Pesquera y Acu\u00edcola de los pa\u00edses miembros de la Alianza del Pac\u00edfico, y fue creada con el prop\u00f3sito de construir, de manera participativa y consensuada, un \u00e1rea de integraci\u00f3n profunda para avanzar progresivamente hacia la mejor generaci\u00f3n de conocimiento cient\u00edfico en pesca y acuicultura para la gesti\u00f3n sostenible de los recursos hidrobiol\u00f3gicos de nuestros pa\u00edses.<\/p>\n<p><\/p>","protected":false},"excerpt":{"rendered":"<p>La Red-IIPA\/AP, est\u00e1 constituida por Instituciones de Investigaci\u00f3n Pesquera y Acu\u00edcola de los pa\u00edses miembros de la Alianza del Pac\u00edfico, y fue creada con el prop\u00f3sito de construir, de manera participativa y consensuada, un \u00e1rea de integraci\u00f3n profunda para avanzar progresivamente hacia la mejor generaci\u00f3n de conocimiento cient\u00edfico en pesca y acuicultura para la gesti\u00f3n sostenible de los recursos hidrobiol\u00f3gicos de nuestros pa\u00edses.<\/p>\n","protected":false},"author":1,"featured_media":0,"parent":0,"menu_order":0,"comment_status":"closed","ping_status":"closed","template":"plantilla-minisitio_contenido.php","meta":{"footnotes":""},"class_list":["post-8","page","type-page","status-publish","hentry"],"_links":{"self":[{"href":"https:\/\/www.ifop.cl\/pafrnetwork\/wp-json\/wp\/v2\/pages\/8"}],"collection":[{"href":"https:\/\/www.ifop.cl\/pafrnetwork\/wp-json\/wp\/v2\/pages"}],"about":[{"href":"https:\/\/www.ifop.cl\/pafrnetwork\/wp-json\/wp\/v2\/types\/page"}],"author":[{"embeddable":true,"href":"https:\/\/www.ifop.cl\/pafrnetwork\/wp-json\/wp\/v2\/users\/1"}],"replies":[{"embeddable":true,"href":"https:\/\/www.ifop.cl\/pafrnetwork\/wp-json\/wp\/v2\/comments?post=8"}],"version-history":[{"count":5,"href":"https:\/\/www.ifop.cl\/pafrnetwork\/wp-json\/wp\/v2\/pages\/8\/revisions"}],"predecessor-version":[{"id":688,"href":"https:\/\/www.ifop.cl\/pafrnetwork\/wp-json\/wp\/v2\/pages\/8\/revisions\/688"}],"wp:attachment":[{"href":"https:\/\/www.ifop.cl\/pafrnetwork\/wp-json\/wp\/v2\/media?parent=8"}],"curies":[{"name":"wp","href":"https:\/\/api.w.org\/{rel}","templated":true}]}}