{"id":59,"date":"2017-11-28T13:35:24","date_gmt":"2017-11-28T13:35:24","guid":{"rendered":"https:\/\/www.ifop.cl\/pafrnetwork\/?page_id=59"},"modified":"2026-03-18T20:20:02","modified_gmt":"2026-03-18T20:20:02","slug":"inidep-arg","status":"publish","type":"page","link":"https:\/\/www.ifop.cl\/pafrnetwork\/instituciones\/inidep-arg\/","title":{"rendered":"INIDEP (ARG)"},"content":{"rendered":"<p><\/p>\n<div class=\"div_paises\">\n<div class=\"Argentina_\"> <img loading=\"lazy\" decoding=\"async\" class=\"aligncenter size-thumbnail\" src=\"http:\/\/www.ifop.cl\/pafrnetwork\/wp-content\/uploads\/sites\/13\/2024\/07\/Logo-INIDEP2.png\" alt=\"\" width=\"280\" height=\"140\" \/>\n    <\/div>\n<\/div>\n<div class=\"panel-group\" id=\"accordion\" role=\"tablist\">\n<div class=\"panel panel-info\">\n<div class=\"panel-heading\" role=\"tab\" id=\"titulo_panel_uno\">\n<h4 class=\"panel-title\">INFORMACI\u00d3N B\u00c1SICA<a role=\"button\" href=\"#panel_uno\" class=\"pull-right\"><\/a><\/h4>\n<\/p><\/div>\n<div id=\"panel_uno\" class=\"panel-collapse_ collapse_ in\" role=\"tabpanel\">\n<div class=\"panel-body\">\n<div class=\"row\">\n<div class=\"col-md-3\">\n                        <a href=\"http:\/\/www.ifop.cl\/pafrnetwork\/wp-content\/uploads\/sites\/13\/2024\/07\/Sede-INIDEP.jpg\"><br \/>\n                            <img decoding=\"async\" class=\"alignleft size-thumbnail\" src=\"http:\/\/www.ifop.cl\/pafrnetwork\/wp-content\/uploads\/sites\/13\/2024\/07\/Sede-INIDEP.jpg\" alt=\"\" height=\"150\" \/><br \/>\n                        <\/a>\n                    <\/div>\n<div class=\"col-md-3\">\n                        <strong>NOMBRE OFICIAL:<\/strong><br \/>Instituto Nacional de Investigaci\u00f3n y Desarrollo Pesquero<br \/>\n                        <strong>SEDE PRINCIPAL:<\/strong><br \/>Mar del Plata\n                    <\/div>\n<div class=\"col-md-3\">\n                        <b>CONSTITUCI\u00d3N JURIDICA:<\/b><br \/>Corporaci\u00f3n civil sin lucro de derecho privado<br \/>\n                        <b>A\u00d1O DE CREACI\u00d3N:<\/b> 1977\n                    <\/div>\n<div class=\"col-md-3\">\n                        <b>PAGINA WEB:<\/b><br \/>\n                        <a href=\"http:\/\/www.inidep.edu.ar\" rel=\"noopener\" target=\"_blank\">www.inidep.edu.ar<\/a>\n                    <\/div>\n<\/p><\/div>\n<\/p><\/div>\n<\/p><\/div>\n<\/p><\/div>\n<div class=\"panel panel-info\">\n<div class=\"panel-heading\" role=\"tab\" id=\"titulo_panel_dos\">\n<h4 class=\"panel-title\">PROGRAMAS Y LINEAS DE INVESTIGACI\u00d3N<a class=\"collapsed_ pull-right\" role=\"button\" href=\"#panel_dos\"><\/a><\/h4>\n<\/p><\/div>\n<div id=\"panel_dos\" class=\"panel-collapse_ collapse_\" role=\"tabpanel\">\n<div class=\"panel-body\">\n<table class=\"table table-bordered\">\n<thead>\n<tr>\n<th bgcolor=\"#808080\" class=\"text-center\" style=\"color:white;\"><strong>Direcci\u00f3n<\/strong><\/th>\n<th bgcolor=\"#808080\" class=\"text-center\" style=\"color:white;\"><strong>Programa<\/strong><\/th>\n<th bgcolor=\"#808080\" class=\"text-center\" style=\"color:white;\"><strong>L\u00ednea de Investigaci\u00f3n<\/strong><\/th>\n<\/tr>\n<\/thead>\n<tbody>\n<tr>\n<td rowspan=\"9\" class=\"col-md-3\"><strong>Direcci\u00f3n de Pesquer\u00eda de Peces<\/strong><\/td>\n<td class=\"col-md-3\">Pesquer\u00eda Merluza y Fauna Acompa\u00f1ante<\/td>\n<td class=\"col-md-6\">Estado de explotaci\u00f3n y alternativas de manejo de los recursos merluza y abadejo.<\/td>\n<\/tr>\n<\/tbody>\n<\/table><\/div>\n<\/p><\/div>\n<\/p><\/div>\n<div class=\"panel panel-info\">\n<div class=\"panel-heading\" role=\"tab\" id=\"titulo_panel_tres\">\n<h4 class=\"panel-title\">NAVES Y EQUIPAMIENTO DE INVESTIGACI\u00d3N<a class=\"collapsed_ pull-right\" role=\"button\" href=\"#panel_tres\"><\/a><\/h4>\n<\/p><\/div>\n<div id=\"panel_tres\" class=\"panel-collapse_ collapse_\" role=\"tabpanel\">\n<div class=\"panel-body\">\n<table class=\"table table-bordered\">\n<tbody>\n<tr>\n<td><strong>Buque de Investigaci\u00f3n Pesquera Oceanogr\u00e1fica V\u00edctor Angelescu<\/strong><\/td>\n<\/tr>\n<\/tbody>\n<\/table><\/div>\n<div style=\"padding: 15px;\">\n                \t\t\t\t\t\t<div class=\"gallery_box_single\">\n\t\t\t\t\t\t\t\t\t\t\t\t\t\t\t<div class=\"gallery gllr_grid\" data-gllr-columns=\"4\" data-gllr-border-width=\"10\">\n\t\t\t\t\t\t\t\t\t\t\t\t\t\t\t\t\t\t\t\t<div class=\"gllr_image_row\">\n\t\t\t\t\t\t\t\t\t\t\t\t\t\t\t\t\t\t\t\t\t<div class=\"gllr_image_block\">\n\t\t\t\t\t\t\t\t\t\t\t\t<p style=\"\n\t\t\t\t\t\t\t\t\t\t\t\twidth:170px;height:170px;\t\t\t\t\t\t\t\t\t\t\t\t\">\n\t\t\t\t\t\t\t\t\t\t\t\t\t\t\t\t\t\t\t\t\t\t\t\t\t\t\t\t<a data-fancybox=\"gallery_fancybox_586\" href=\"https:\/\/www.ifop.cl\/pafrnetwork\/wp-content\/uploads\/sites\/13\/2024\/07\/BI-Victor-Angelescu-1-1024x683.jpg\" title=\"\" >\n\t\t\t\t\t\t\t\t\t\t\t\t\t\t\t\t<img loading=\"lazy\" decoding=\"async\" width=\"150\" height=\"150\" style=\"width:150px; height:150px; border-width: 10px; border-color:#F1F1F1;border: 10px solid #F1F1F1\" alt=\"\" title=\"\" src=\"https:\/\/www.ifop.cl\/pafrnetwork\/wp-content\/uploads\/sites\/13\/2024\/07\/BI-Victor-Angelescu-1-150x150.jpg\" rel=\"https:\/\/www.ifop.cl\/pafrnetwork\/wp-content\/uploads\/sites\/13\/2024\/07\/BI-Victor-Angelescu-1.jpg\" \/>\t\t\t\t\t\t\t\t\t\t\t\t\t\t\t<\/a>\n\t\t\t\t\t\t\t\t\t\t\t\t\t\t\t\t\t\t\t\t\t\t\t\t\t\t<\/p>\n\t\t\t\t\t\t\t\t\t\t\t\t\t\t\t\t\t\t\t\t\t\t\t<\/div><!-- .gllr_image_block -->\n\t\t\t\t\t\t\t\t\t\t\t\t\t\t\t\t\t\t\t\t\t<div class=\"clear\"><\/div>\n\t\t\t\t\t\t\t\t\t\t<\/div><!-- .gllr_image_row -->\n\t\t\t\t\t\t\t\t\t\t\t\t\t\t\t\t\t<\/div><!-- .gallery.clearfix -->\n\t\t\t\t\t\t\t\t\t\t\t\t\t\t<\/div><!-- .gallery_box_single -->\n\t\t\t\t\t\t<div class=\"gllr_clear\"><\/div>\n\t\t\t\t\t\t\n            <\/div>\n<\/p><\/div>\n<\/p><\/div>\n<\/div>\n<p><\/p>","protected":false},"excerpt":{"rendered":"<p>INFORMACI\u00d3N B\u00c1SICA NOMBRE OFICIAL:Instituto Nacional de Investigaci\u00f3n y Desarrollo Pesquero SEDE PRINCIPAL:Mar del Plata CONSTITUCI\u00d3N JURIDICA:Corporaci\u00f3n civil sin lucro de derecho privado A\u00d1O DE CREACI\u00d3N: 1977 PAGINA WEB: www.inidep.edu.ar PROGRAMAS Y LINEAS DE INVESTIGACI\u00d3N Direcci\u00f3n Programa L\u00ednea de Investigaci\u00f3n Direcci\u00f3n de Pesquer\u00eda de Peces Pesquer\u00eda Merluza y Fauna Acompa\u00f1ante Estado de explotaci\u00f3n y alternativas de manejo de los recursos merluza y abadejo. NAVES Y EQUIPAMIENTO DE INVESTIGACI\u00d3N Buque de Investigaci\u00f3n Pesquera Oceanogr\u00e1fica V\u00edctor Angelescu<\/p>\n","protected":false},"author":1,"featured_media":0,"parent":23,"menu_order":5,"comment_status":"closed","ping_status":"closed","template":"plantilla_fichas_instituciones.php","meta":{"footnotes":""},"class_list":["post-59","page","type-page","status-publish","hentry"],"_links":{"self":[{"href":"https:\/\/www.ifop.cl\/pafrnetwork\/wp-json\/wp\/v2\/pages\/59"}],"collection":[{"href":"https:\/\/www.ifop.cl\/pafrnetwork\/wp-json\/wp\/v2\/pages"}],"about":[{"href":"https:\/\/www.ifop.cl\/pafrnetwork\/wp-json\/wp\/v2\/types\/page"}],"author":[{"embeddable":true,"href":"https:\/\/www.ifop.cl\/pafrnetwork\/wp-json\/wp\/v2\/users\/1"}],"replies":[{"embeddable":true,"href":"https:\/\/www.ifop.cl\/pafrnetwork\/wp-json\/wp\/v2\/comments?post=59"}],"version-history":[{"count":39,"href":"https:\/\/www.ifop.cl\/pafrnetwork\/wp-json\/wp\/v2\/pages\/59\/revisions"}],"predecessor-version":[{"id":693,"href":"https:\/\/www.ifop.cl\/pafrnetwork\/wp-json\/wp\/v2\/pages\/59\/revisions\/693"}],"up":[{"embeddable":true,"href":"https:\/\/www.ifop.cl\/pafrnetwork\/wp-json\/wp\/v2\/pages\/23"}],"wp:attachment":[{"href":"https:\/\/www.ifop.cl\/pafrnetwork\/wp-json\/wp\/v2\/media?parent=59"}],"curies":[{"name":"wp","href":"https:\/\/api.w.org\/{rel}","templated":true}]}}