{"id":57,"date":"2017-11-28T13:35:03","date_gmt":"2017-11-28T13:35:03","guid":{"rendered":"https:\/\/www.ifop.cl\/pafrnetwork\/?page_id=57"},"modified":"2026-03-18T20:04:13","modified_gmt":"2026-03-18T20:04:13","slug":"imarpe-per","status":"publish","type":"page","link":"https:\/\/www.ifop.cl\/pafrnetwork\/instituciones\/imarpe-per\/","title":{"rendered":"IMARPE (PER)"},"content":{"rendered":"<p><\/p>\n<div class=\"div_paises\">\n<div class=\"Peru_\">\n        <img loading=\"lazy\" decoding=\"async\" class=\"aligncenter size-thumbnail\" src=\"http:\/\/www.ifop.cl\/pafrnetwork\/wp-content\/uploads\/sites\/13\/2024\/07\/LOGO-IMARPE.png\" alt=\"\" height=\"145\" width=\"480\" \/>\n    <\/div>\n<\/div>\n<div class=\"panel-group\" id=\"accordion\" role=\"tablist\">\n<div class=\"panel panel-danger\">\n<div class=\"panel-heading\" role=\"tab\" id=\"titulo_panel_uno\">\n<h4 class=\"panel-title\">INFORMACI\u00d3N B\u00c1SICA<a role=\"button\" href=\"#panel_uno\" class=\"pull-right\"><\/a><\/h4>\n<\/p><\/div>\n<div id=\"panel_uno\" class=\"panel-collapse_ collapse_ in\" role=\"tabpanel\">\n<div class=\"panel-body\">\n<div class=\"row\">\n<div class=\"col-md-3\">\n                        <a href=\"http:\/\/www.ifop.cl\/pafrnetwork\/wp-content\/uploads\/sites\/13\/2024\/07\/Sede-IMARPE.jpg\"><br \/>\n                            <img decoding=\"async\" class=\"alignleft size-thumbnail\" src=\"http:\/\/www.ifop.cl\/pafrnetwork\/wp-content\/uploads\/sites\/13\/2024\/07\/Sede-IMARPE.jpg\" alt=\"\" height=\"150\" \/><br \/>\n                        <\/a>\n                    <\/div>\n<div class=\"col-md-3\">\n                        <strong>NOMBRE OFICIAL:<\/strong><br \/>Instituto del Mar del Per\u00fa<br \/>\n                        <strong>SEDE PRINCIPAL:<\/strong><br \/>Callao\n                    <\/div>\n<div class=\"col-md-3\">\n                        <b>CONSTITUCI\u00d3N JURIDICA:<\/b><br \/>D. Leg. N\u00b0 95, Ley del Instituto del Mar del Per\u00fa &#8211; IMARPE<br \/>\n                        <b>A\u00d1O DE CREACI\u00d3N:<\/b>1964\n                    <\/div>\n<div class=\"col-md-3\">\n                        <b>PAGINA WEB:<\/b><br \/>\n                        <a href=\"http:\/\/www.imarpe.gob.pe\" rel=\"noopener\" target=\"_blank\">www.imarpe.gob.pe<\/a>\n                    <\/div>\n<\/div>\n<\/div>\n<\/div><\/div>\n<\/div>\n<div class=\"panel panel-danger\">\n<div class=\"panel-heading\" role=\"tab\" id=\"titulo_panel_dos\">\n<h4 class=\"panel-title\">PROGRAMAS Y LINEAS DE INVESTIGACI\u00d3N<a class=\"collapsed_ pull-right\" role=\"button\" href=\"#panel_dos\"><\/a><\/h4>\n<\/p><\/div>\n<div id=\"panel_dos\" class=\"panel-collapse_ collapse_\" role=\"tabpanel\">\n<div class=\"panel-body\">\n<table class=\"table table-bordered\">\n<thead>\n<tr>\n<th bgcolor=\"#808080\" class=\"text-center\"><strong>Direcci\u00f3n<\/strong><\/th>\n<th bgcolor=\"#808080\" class=\"text-center\"><strong>\u00c1rea de Investigaci\u00f3n<\/strong><\/th>\n<th bgcolor=\"#808080\" class=\"text-center\"><strong>L\u00ednea de Trabajo<\/strong><\/th>\n<\/tr>\n<\/thead>\n<tbody>\n<tr>\n<td rowspan=\"3\" class=\"col-md-3\"><strong>DIRECCI&Oacute;N GENERAL DE INVESTIGACIONES DE RECURSOS PEL&Aacute;GICOS<\/strong><\/td>\n<td class=\"col-md-3\">&Aacute;rea Funcional De Investigaciones De Recursos Ner&iacute;ticos Pel&aacute;gicos<\/td>\n<td class=\"col-md-6\">\n<ul>\n<li>Monitoreo de indicadores biol&oacute;gicos, pesqueros y poblacionales de los peces pel&aacute;gicos en relaci&oacute;n con el ambiente marino. (Informaci&oacute;n diaria publicada en p&aacute;gina WEB de Imarpe).<\/li>\n<li>Estudio de los principales aspectos reproductivos de peces e invertebrados marinos: ciclo reproductivo y talla de primera madurez gonadal, indicadores reproductivos, etc.<\/li>\n<li>Temas relacionados con la Comisi&oacute;n Interamericana del At&uacute;n tropical (CIAT)<\/li>\n<\/ul>\n<\/td>\n<\/tr>\n<tr>\n<td>&Aacute;rea Funcional De Recursos Transzonales Y Altamente Migratorios<\/td>\n<td>\n<ul>\n<li>Biolog&iacute;a y pesquer&iacute;a de las especies transzonales en relaci&oacute;n a su h&aacute;bitat, en aguas jurisdiccionales y zona de altamar del Pacifico Suroriental<\/li>\n<li>Investigaciones sobre el recurso perico y peces picudos<\/li>\n<\/ul>\n<\/td>\n<\/tr>\n<tr>\n<td>&Aacute;rea Funcional De Din&aacute;mica De Poblaci&oacute;n Y Evaluaci&oacute;n De Recursos Pel&aacute;gicos<\/td>\n<td>\n<ul>\n<li>Implementaci&oacute;n y aplicaci&oacute;n de modelos de evaluaci&oacute;n indirecta para los principales recursos pel&aacute;gicos.<\/li>\n<li>Programa de Observadores a bordo.<\/li>\n<li>Variaciones estacionales y espaciales en la abundancia y el consumo de presas por parte de las aves guaneras.<\/li>\n<li>Abundancia, distribuci&oacute;n y estructura poblacional del lobo fino y lobo chusco en el litoral peruano. Avistamientos de mam&iacute;feros marinos durante cruceros. Interacciones con operaciones de pesca.<\/li>\n<li>Monitoreo de tortugas marinas en la zona norte (Piura): Estimaci&oacute;n de abundancia relativa, y ecolog&iacute;a alimentaria<\/li>\n<\/ul>\n<\/td>\n<\/tr>\n<tr>\n<td rowspan=\"3\"><strong>DIRECCI&Oacute;N GENERAL DE INVESTIGACIONES DE RECURSOS DEMERSALES Y LITORALES<\/strong><\/td>\n<td>&Aacute;rea Funcional Investigaciones Peces Demersales Bent&oacute;nicos Y Litorales<\/td>\n<td>\n<ul>\n<li>Atenci&oacute;n de eventos de mortandad masiva y varamientos en la costa peruana<\/li>\n<li>Monitoreo del potencial pesquero artesanal a trav&eacute;s del Sistema de Captaci&oacute;n de Informaci&oacute;n de la Pesca Artesanal, determinando el esfuerzo de pesca y la variaci&oacute;n espacio &ndash;temporal de la captura por unidad de esfuerzo de las principales especies por artes de pesca.<\/li>\n<li>Investigaciones sobre el espectro tr&oacute;fico de los principales recursos pesqueros y sus variaciones espacio-temporales a fin de comprender la trofodin&aacute;mica del mar peruano.<\/li>\n<li>Investigaciones sobre la edad y crecimiento de los principales recursos pesqueros, para la estimaci&oacute;n de sus par&aacute;metros y claves de talla-edad, y su aplicaci&oacute;n en los modelos de evaluaci&oacute;n poblacional.<\/li>\n<li>Evaluaci&oacute;n poblacional de los principales recursos demersales &ndash; Crucero de evaluaci&oacute;n de la merluza y otros recursos demersales.<\/li>\n<\/ul>\n<\/td>\n<\/tr>\n<tr>\n<td>&Aacute;rea Funcional Investigaciones Invertebrados Marinos Y Macro Algas<\/td>\n<td>\n<ul>\n<li>Proyecto &ldquo;Reforzamiento de las bases cient&iacute;ficas para el desarrollo de la pesquer&iacute;a del calamar gigante&rdquo;, R.M. N&deg;552-2017-PRODUCE<\/li>\n<li>Investigaciones y monitoreo sobre la biolog&iacute;a, pesquer&iacute;a y din&aacute;mica poblacional de los principales recursos de invertebrados marinos y macroalgas, con &eacute;nfasis en el calamar gigante, para las recomendaciones de ordenamiento pesquero.<\/li>\n<li>Evaluaci&oacute;n de las poblaciones de invertebrados marinos, a trav&eacute;s de m&eacute;todos directos e indirectos, para la estimaci&oacute;n de la abundancia y sus fluctuaciones espacio-temporales.<\/li>\n<li>Investigaciones en macroalgas marinas<\/li>\n<\/ul>\n<\/td>\n<\/tr>\n<tr>\n<td>&Aacute;rea Funcional De Investigaciones En Biodiversidad<\/td>\n<td>\n<ul>\n<li>Inventario de las comunidades de peces, invertebrados y macroalgas marinas, con la finalidad de contribuir al conocimiento y valoraci&oacute;n de la diversidad biol&oacute;gica del pa&iacute;s, as&iacute; como monitorear la variabilidad natural de indicadores ecol&oacute;gicos basados en biodiversidad frente a posibles impactos generados por intervenciones antropog&eacute;nicas o eventos naturales como El Ni&ntilde;o.<\/li>\n<li>Investigaciones sobre especies y ecosistemas en el mar peruano, como elementos t&eacute;cnicos que contribuyan a garantizar su conservaci&oacute;n, en concordancia con los conceptos, principios y acuerdos nacionales e internacionales.<\/li>\n<\/ul>\n<\/td>\n<\/tr>\n<tr>\n<td rowspan=\"3\"><strong>DIRECCI&Oacute;N GENERAL DE INVESTIGACIONES EN ACUICULTURA<\/strong><\/td>\n<td>&Aacute;rea Funcional De Investigaciones Marino Costero<\/td>\n<td>\n<ul>\n<li>Evaluaci&oacute;n del Estado Presi&oacute;n y Respuesta Ambiental, as&iacute; como de la calidad ambiental en la zona marino costera<\/li>\n<li>Evaluaci&oacute;n y An&aacute;lisis de Ecotoxicolog&iacute;a en organismos y matrices ambientales.<\/li>\n<li>Investigaci&oacute;n en Basura Marina (Macro, meso y micropl&aacute;sticos)<\/li>\n<li>Sistemas de Informaci&oacute;n Geogr&aacute;fica<\/li>\n<li>Investigaci&oacute;n para el manejo en la zona marino costera (Planificaci&oacute;n espacial marina, enfoque adaptativo, servicios ecosist&eacute;micos, evaluaci&oacute;n de la capacidad de carga)<\/li>\n<\/ul>\n<\/td>\n<\/tr>\n<tr>\n<td>&Aacute;rea Funcional De Investigaciones En Recursos De Aguas Continentales<\/td>\n<td>\n<ul>\n<li>Monitoreo poblacional del &#8220;camar&oacute;n de r&iacute;o&#8221;<\/li>\n<li>Seguimiento de la pesquer&iacute;a amaz&oacute;nica<\/li>\n<li>Estudio de recursos pesqueros altoandinos (biolog&iacute;a reproductiva de la trucha y el pejerrey)<\/li>\n<li>Estudios limnol&oacute;gicos pesqueros en cuerpos de aguas continentales<\/li>\n<\/ul>\n<p><span> <\/span><\/p>\n<\/td>\n<\/tr>\n<tr>\n<td>&Aacute;rea Funcional De Investigaciones En Acuicultura<\/td>\n<td>\n<ul>\n<li>Investigaciones para la ampliaci&oacute;n de la frontera acu&iacute;cola y su producci&oacute;n sostenida aplicadas en apoyo al sector acu&iacute;cola.<\/li>\n<li>Investigaciones en biotecnolog&iacute;a de organismos acu&aacute;ticos y su aplicaci&oacute;n en el sector productivo acu&iacute;cola<\/li>\n<li>Investigaciones para la transferencia de tecnolog&iacute;a de cultivo a las comunidades de zonas Alto Andinas y Amaz&oacute;nicas.<\/li>\n<\/ul>\n<\/td>\n<\/tr>\n<tr>\n<td rowspan=\"4\"><strong>DIRECCI&Oacute;N GENERAL DE INVESTIGACIONES DE HIDROAC&Uacute;STICA, SENSORAMIENTO REMOTO Y ARTES DE PESCA<\/td>\n<td>\n<p><span>&Aacute;rea Funcional de Hidroac&uacute;stica<\/span><\/p>\n<p><span>&Aacute;rea Funcional de Artes de Pesca<\/span><\/p>\n<p><span>&Aacute;rea Funcional de Sensoramiento Remoto<\/span><\/p>\n<p>&nbsp;<\/p>\n<\/td>\n<td>\n<ul>\n<li>Aplicaci&oacute;n del M&eacute;todo Hidroac&uacute;stico en la Evaluaci&oacute;n de Recursos Pesqueros<\/li>\n<li>Desarrollo de Tecnolog&iacute;as Hidroac&uacute;sticas para el Manejo de Ecosistemas Acu&aacute;ticos<\/li>\n<\/ul>\n<\/td>\n<\/tr>\n<tr>\n<td>\n<p><span>&Aacute;rea Funcional de Hidroac&uacute;stica<\/span><\/p>\n<p><span>&Aacute;rea Funcional de Artes de Pesca<\/span><\/p>\n<\/td>\n<td>\n<ul>\n<li>Investigaci&oacute;n de artes, m&eacute;todos y sistemas de pesca ambientalmente segura y suimpacto en el ecosistema.<\/li>\n<li>Investigaciones de las artes de pesca tradicional y no tradicional.<\/li>\n<\/ul>\n<\/td>\n<\/tr>\n<tr>\n<td>&Aacute;rea Funcional de Sensoramiento Remoto<\/td>\n<td>\n<ul>\n<li>Monitoreo satelital de los procesos f&iacute;sicos y biol&oacute;gicos de ambientes acu&aacute;ticos con la estaci&oacute;n TeraScan.<\/li>\n<li>Fortalecimiento de la plataforma del Sistema de Monitoreo Satelital de Embarcaciones Pesqueras SISESAT.<\/li>\n<\/ul>\n<\/td>\n<\/tr>\n<tr>\n<td>Apoyo, Coordinaci&oacute;n y Difusi&oacute;n Cient&iacute;fica<\/td>\n<td>\n<ul>\n<li>Coordinaci&oacute;n y Administraci&oacute;n de los T&eacute;cnicos Cient&iacute;ficos de Investigaci&oacute;n TCI.<\/li>\n<\/ul>\n<\/td>\n<\/tr>\n<tr>\n<td rowspan=\"3\"><strong>DIRECCI&Oacute;N GENERAL DE INVESTIGACIONES OCEANOGR&Aacute;FICAS Y CAMBIO CLIM&Aacute;TICO<\/strong><\/td>\n<td>&Aacute;rea Funcional Investigaciones En Oceanograf&iacute;a Fisica<\/td>\n<td>\n<ul>\n<li>Estudio y monitoreo de los efectos del Fen&oacute;meno El Ni&ntilde;o en el Ecosistema Marino frente al Per&uacute; :\n<ul>\n<li>Caracterizaci&oacute;n de las manifestaciones de El Ni&ntilde;o y La Ni&ntilde;a y monitoreo f&iacute;sico y biogeoqu&iacute;mico en base a datos in situ y satelitales, para la alerta temprana<\/li>\n<li>Monitoreo de indicadores biol&oacute;gicos de las masas de agua y de la biodiversidad del plancton frente a la costa<\/li>\n<li>Mecanismos que contribuyen al calentamiento costero (vientos, advecci&oacute;n, ondas atrapadas)<\/li>\n<\/ul>\n<\/li>\n<li>Impacto de los Cambios Clim&aacute;ticos en los ecosistemas marinos frente al Per&uacute;: an&aacute;lisis, modelado y adaptaci&oacute;n\n<ul>\n<li>Proyecciones regionales de escenarios de cambio clim&aacute;tico en las condiciones f&iacute;sicas, biogeoqu&iacute;micas y bioclim&aacute;ticas<\/li>\n<li>Vulnerabilidad actual y futura al cambio clim&aacute;tico de recursos pesqueros y acu&iacute;colas<\/li>\n<li>Paleo-reconstrucci&oacute;n de manifestaciones pasadas de las variaciones clim&aacute;ticas en el ecosistema asociado al afloramiento costero y la zona de m&iacute;nima de ox&iacute;geno<\/li>\n<\/ul>\n<\/li>\n<\/ul>\n<\/td>\n<\/tr>\n<tr>\n<td>&Aacute;rea Funcional Investigaciones En Oceanograf&iacute;a Qu&iacute;mica Y Geolog&iacute;a<\/td>\n<td>\n<ul>\n<li>Estudio integrado del afloramiento costero frente a Per&uacute;\n<ul>\n<li>Aspectos din&aacute;micos del afloramiento costero: viento costero, circulaci&oacute;n, variabilidad.<\/li>\n<li>Biogeoqu&iacute;mica del afloramiento costero y de la Zona de M&iacute;nimo de Ox&iacute;geno<\/li>\n<li>Productividad y comunidades de fitoplancton asociados al afloramiento.<\/li>\n<li>Comunidades bent&oacute;nicas, biogeoqu&iacute;mica del sedimento y acoplamiento bento-pel&aacute;gico en el gradiente costa-oc&eacute;ano.<\/li>\n<\/ul>\n<\/li>\n<\/ul>\n<\/td>\n<\/tr>\n<tr>\n<td>&Aacute;rea Funcional Investigaciones en Oceanograf&iacute;a Biol&oacute;gica<\/td>\n<td>\n<ul>\n<li>Estudio integrado de los procesos F&iacute;sicos, Qu&iacute;micos y Biol&oacute;gicos en los Ecosistemas de Borde Costero\n<ul>\n<li>Circulaci&oacute;n costera (datos y modelamiento)<\/li>\n<li>Caracterizaci&oacute;n del fitoplancton y del zooplancton asociados a las FAN y factores abi&oacute;ticos condicionantes<\/li>\n<li>Impactos de FAN en condiciones biogeoqu&iacute;micas y bentos de las bah&iacute;as<\/li>\n<\/ul>\n<\/li>\n<li>Oceanograf&iacute;a pesquera\n<ul>\n<li>Estudios de sobrevivencia larval de recursos pesqueros con &eacute;nfasis en la anchoveta en zonas y &eacute;pocas de desove<\/li>\n<li>Estimaci&oacute;n de la biomasa desovante de la anchoveta en base al m&eacute;todo de producci&oacute;n de huevos<\/li>\n<\/ul>\n<\/li>\n<\/ul>\n<\/td>\n<\/tr>\n<\/tbody>\n<\/table>\n<\/div><\/div>\n<\/div>\n<div class=\"panel panel-danger\">\n<div class=\"panel-heading\" role=\"tab\" id=\"titulo_panel_tres\">\n<h4 class=\"panel-title\">NAVES Y EQUIPAMIENTO DE INVESTIGACI\u00d3N<a class=\"collapsed_ pull-right\" role=\"button\" href=\"#panel_tres\"><\/a><\/h4>\n<\/p><\/div>\n<div id=\"panel_tres\" class=\"panel-collapse_ collapse_\" role=\"tabpanel\">\n<div class=\"panel-body\">\n<table class=\"table table-bordered\">\n<tbody>\n<tr>\n<td>BUQUES DE INVESTIGACI\u00d3N<\/td>\n<td>\n<ul>\n<li>BIC Humboldt<\/li>\n<li>BIC Jos\u00e9 Oyala Balandra<\/li>\n<li>BIC Luis Alberto Flores Portugal<\/li>\n<\/ul>\n<\/td>\n<\/tr>\n<tr>\n<td>EMBARCACIONES MENORES<\/td>\n<td>\n<ul>\n<li>Lancha IMARPE III<\/li>\n<li>IMARPE IV<\/li>\n<li>IMARPE V<\/li>\n<li>IMARPE VI<\/li>\n<li>IMARPE VIII<\/li>\n<li>Bote Se\u00f1or de Sip\u00e1n<\/li>\n<li>Bote Don Paco<\/li>\n<li>Bote Don Manuel<\/li>\n<\/ul>\n<\/td>\n<\/tr>\n<\/tbody>\n<\/table><\/div>\n\t\t\t\t\t\t<div class=\"gallery_box_single\">\n\t\t\t\t\t\t\t\t\t\t\t\t\t\t\t<div class=\"gallery gllr_grid\" data-gllr-columns=\"4\" data-gllr-border-width=\"10\">\n\t\t\t\t\t\t\t\t\t\t\t\t\t\t\t\t\t\t\t\t<div class=\"gllr_image_row\">\n\t\t\t\t\t\t\t\t\t\t\t\t\t\t\t\t\t\t\t\t\t<div class=\"gllr_image_block\">\n\t\t\t\t\t\t\t\t\t\t\t\t<p style=\"\n\t\t\t\t\t\t\t\t\t\t\t\twidth:170px;height:170px;\t\t\t\t\t\t\t\t\t\t\t\t\">\n\t\t\t\t\t\t\t\t\t\t\t\t\t\t\t\t\t\t\t\t\t\t\t\t\t\t\t\t<a data-fancybox=\"gallery_fancybox_513\" href=\"https:\/\/www.ifop.cl\/pafrnetwork\/wp-content\/uploads\/sites\/13\/2024\/07\/BIC-Oyala-1024x731.jpg\" title=\"\" >\n\t\t\t\t\t\t\t\t\t\t\t\t\t\t\t\t<img loading=\"lazy\" decoding=\"async\" width=\"150\" height=\"150\" style=\"width:150px; height:150px; border-width: 10px; border-color:#F1F1F1;border: 10px solid #F1F1F1\" alt=\"\" title=\"\" src=\"https:\/\/www.ifop.cl\/pafrnetwork\/wp-content\/uploads\/sites\/13\/2024\/07\/BIC-Oyala-150x150.jpg\" rel=\"https:\/\/www.ifop.cl\/pafrnetwork\/wp-content\/uploads\/sites\/13\/2024\/07\/BIC-Oyala.jpg\" \/>\t\t\t\t\t\t\t\t\t\t\t\t\t\t\t<\/a>\n\t\t\t\t\t\t\t\t\t\t\t\t\t\t\t\t\t\t\t\t\t\t\t\t\t\t<\/p>\n\t\t\t\t\t\t\t\t\t\t\t\t\t\t\t\t\t\t\t\t\t\t\t<\/div><!-- .gllr_image_block -->\n\t\t\t\t\t\t\t\t\t\t\t\t\t\t\t\t\t\t\t\t\t<div class=\"gllr_image_block\">\n\t\t\t\t\t\t\t\t\t\t\t\t<p style=\"\n\t\t\t\t\t\t\t\t\t\t\t\twidth:170px;height:170px;\t\t\t\t\t\t\t\t\t\t\t\t\">\n\t\t\t\t\t\t\t\t\t\t\t\t\t\t\t\t\t\t\t\t\t\t\t\t\t\t\t\t<a data-fancybox=\"gallery_fancybox_513\" href=\"https:\/\/www.ifop.cl\/pafrnetwork\/wp-content\/uploads\/sites\/13\/2024\/07\/BIC-Humboldt-1024x540.jpg\" title=\"\" >\n\t\t\t\t\t\t\t\t\t\t\t\t\t\t\t\t<img loading=\"lazy\" decoding=\"async\" width=\"150\" height=\"150\" style=\"width:150px; height:150px; border-width: 10px; border-color:#F1F1F1;border: 10px solid #F1F1F1\" alt=\"\" title=\"\" src=\"https:\/\/www.ifop.cl\/pafrnetwork\/wp-content\/uploads\/sites\/13\/2024\/07\/BIC-Humboldt-150x150.jpg\" rel=\"https:\/\/www.ifop.cl\/pafrnetwork\/wp-content\/uploads\/sites\/13\/2024\/07\/BIC-Humboldt.jpg\" \/>\t\t\t\t\t\t\t\t\t\t\t\t\t\t\t<\/a>\n\t\t\t\t\t\t\t\t\t\t\t\t\t\t\t\t\t\t\t\t\t\t\t\t\t\t<\/p>\n\t\t\t\t\t\t\t\t\t\t\t\t\t\t\t\t\t\t\t\t\t\t\t<\/div><!-- .gllr_image_block -->\n\t\t\t\t\t\t\t\t\t\t\t\t\t\t\t\t\t\t\t\t\t<div class=\"gllr_image_block\">\n\t\t\t\t\t\t\t\t\t\t\t\t<p style=\"\n\t\t\t\t\t\t\t\t\t\t\t\twidth:170px;height:170px;\t\t\t\t\t\t\t\t\t\t\t\t\">\n\t\t\t\t\t\t\t\t\t\t\t\t\t\t\t\t\t\t\t\t\t\t\t\t\t\t\t\t<a data-fancybox=\"gallery_fancybox_513\" href=\"https:\/\/www.ifop.cl\/pafrnetwork\/wp-content\/uploads\/sites\/13\/2024\/07\/BIC-Luis-Flores-Portugal-1024x644.jpg\" title=\"\" >\n\t\t\t\t\t\t\t\t\t\t\t\t\t\t\t\t<img loading=\"lazy\" decoding=\"async\" width=\"150\" height=\"150\" style=\"width:150px; height:150px; border-width: 10px; border-color:#F1F1F1;border: 10px solid #F1F1F1\" alt=\"\" title=\"\" src=\"https:\/\/www.ifop.cl\/pafrnetwork\/wp-content\/uploads\/sites\/13\/2024\/07\/BIC-Luis-Flores-Portugal-150x150.jpg\" rel=\"https:\/\/www.ifop.cl\/pafrnetwork\/wp-content\/uploads\/sites\/13\/2024\/07\/BIC-Luis-Flores-Portugal.jpg\" \/>\t\t\t\t\t\t\t\t\t\t\t\t\t\t\t<\/a>\n\t\t\t\t\t\t\t\t\t\t\t\t\t\t\t\t\t\t\t\t\t\t\t\t\t\t<\/p>\n\t\t\t\t\t\t\t\t\t\t\t\t\t\t\t\t\t\t\t\t\t\t\t<\/div><!-- .gllr_image_block -->\n\t\t\t\t\t\t\t\t\t\t\t\t\t\t\t\t\t\t\t\t\t<div class=\"clear\"><\/div>\n\t\t\t\t\t\t\t\t\t\t<\/div><!-- .gllr_image_row -->\n\t\t\t\t\t\t\t\t\t\t\t\t\t\t\t\t\t<\/div><!-- .gallery.clearfix -->\n\t\t\t\t\t\t\t\t\t\t\t\t\t\t<\/div><!-- .gallery_box_single -->\n\t\t\t\t\t\t<div class=\"gllr_clear\"><\/div>\n\t\t\t\t\t\t<\/div>\n<\/div>\n<p><\/p>","protected":false},"excerpt":{"rendered":"<p>INFORMACI\u00d3N B\u00c1SICA NOMBRE OFICIAL:Instituto del Mar del Per\u00fa SEDE PRINCIPAL:Callao CONSTITUCI\u00d3N JURIDICA:D. Leg. N\u00b0 95, Ley del Instituto del Mar del Per\u00fa &#8211; IMARPE A\u00d1O DE CREACI\u00d3N:1964 PAGINA WEB: www.imarpe.gob.pe PROGRAMAS Y LINEAS DE INVESTIGACI\u00d3N Direcci\u00f3n \u00c1rea de Investigaci\u00f3n L\u00ednea de Trabajo DIRECCI&Oacute;N GENERAL DE INVESTIGACIONES DE RECURSOS PEL&Aacute;GICOS &Aacute;rea Funcional De Investigaciones De Recursos Ner&iacute;ticos Pel&aacute;gicos Monitoreo de indicadores biol&oacute;gicos, pesqueros y poblacionales de los peces pel&aacute;gicos en relaci&oacute;n con el ambiente marino. (Informaci&oacute;n diaria publicada en p&aacute;gina WEB de Imarpe). Estudio de los principales aspectos reproductivos de peces e invertebrados marinos: ciclo reproductivo y talla de primera madurez [&hellip;]<\/p>\n","protected":false},"author":1,"featured_media":0,"parent":23,"menu_order":4,"comment_status":"closed","ping_status":"closed","template":"plantilla_fichas_instituciones.php","meta":{"footnotes":""},"class_list":["post-57","page","type-page","status-publish","hentry"],"_links":{"self":[{"href":"https:\/\/www.ifop.cl\/pafrnetwork\/wp-json\/wp\/v2\/pages\/57"}],"collection":[{"href":"https:\/\/www.ifop.cl\/pafrnetwork\/wp-json\/wp\/v2\/pages"}],"about":[{"href":"https:\/\/www.ifop.cl\/pafrnetwork\/wp-json\/wp\/v2\/types\/page"}],"author":[{"embeddable":true,"href":"https:\/\/www.ifop.cl\/pafrnetwork\/wp-json\/wp\/v2\/users\/1"}],"replies":[{"embeddable":true,"href":"https:\/\/www.ifop.cl\/pafrnetwork\/wp-json\/wp\/v2\/comments?post=57"}],"version-history":[{"count":49,"href":"https:\/\/www.ifop.cl\/pafrnetwork\/wp-json\/wp\/v2\/pages\/57\/revisions"}],"predecessor-version":[{"id":692,"href":"https:\/\/www.ifop.cl\/pafrnetwork\/wp-json\/wp\/v2\/pages\/57\/revisions\/692"}],"up":[{"embeddable":true,"href":"https:\/\/www.ifop.cl\/pafrnetwork\/wp-json\/wp\/v2\/pages\/23"}],"wp:attachment":[{"href":"https:\/\/www.ifop.cl\/pafrnetwork\/wp-json\/wp\/v2\/media?parent=57"}],"curies":[{"name":"wp","href":"https:\/\/api.w.org\/{rel}","templated":true}]}}