{"id":55,"date":"2017-11-28T13:34:40","date_gmt":"2017-11-28T13:34:40","guid":{"rendered":"https:\/\/www.ifop.cl\/pafrnetwork\/?page_id=55"},"modified":"2026-03-18T19:58:50","modified_gmt":"2026-03-18T19:58:50","slug":"inapesca-mex","status":"publish","type":"page","link":"https:\/\/www.ifop.cl\/pafrnetwork\/instituciones\/inapesca-mex\/","title":{"rendered":"IMIPAS (MEX)"},"content":{"rendered":"<p><\/p>\n<div class=\"div_paises\">\n<div class=\"Mexico_\">\n        <img loading=\"lazy\" decoding=\"async\" class=\"aligncenter size-thumbnail\" src=\"http:\/\/www.ifop.cl\/pafrnetwork\/wp-content\/uploads\/sites\/13\/2024\/07\/Logo-IMIPAS.png\" alt=\"\" height=\"135\" width=\"150\">\n    <\/div>\n<\/div>\n<div class=\"panel-group\" id=\"accordion\" role=\"tablist\">\n<div class=\"panel panel-success\">\n<div class=\"panel-heading\" role=\"tab\" id=\"titulo_panel_uno\">\n<h4 class=\"panel-title\">INFORMACI\u00d3N B\u00c1SICA<a role=\"button\" href=\"#panel_uno\" class=\"pull-right\"><\/a><\/h4>\n<\/p><\/div>\n<div id=\"panel_uno\" class=\"panel-collapse_ collapse_ in\" role=\"tabpanel\">\n<div class=\"panel-body\">\n<div class=\"row\">\n<div class=\"col-md-3\">\n                        <a href=\"http:\/\/www.ifop.cl\/pafrnetwork\/wp-content\/uploads\/sites\/13\/2017\/11\/INAPESCA-logo.jpg\"><br \/>\n                            <img decoding=\"async\" class=\"alignleft size-thumbnail\" src=\"http:\/\/www.ifop.cl\/pafrnetwork\/wp-content\/uploads\/sites\/13\/2017\/11\/INAPESCA-logo.jpg\" alt=\"\" height=\"150\" \/><br \/>\n                        <\/a>\n                    <\/div>\n<div class=\"col-md-3\">\n                        <strong>NOMBRE OFICIAL:<\/strong><br \/>Instituto Mexicano de Investigaci\u00f3n en Pesca y Acuacultura<br \/>\n                        Sustentables<br \/>\n                        <strong>SEDE PRINCIPAL:<\/strong><br \/>Ciudad de M\u00e9xico\n                    <\/div>\n<div class=\"col-md-3\">\n                        <b>CONSTITUCI\u00d3N JURIDICA:<\/b><br \/>\u00d3rgano P\u00fablico descentralizado sectorizado con la Secretar\u00eda de<br \/>\n                        Agricultura, Ganader\u00eda, Desarrollo Rural, Pesca y Alimentaci\u00f3n<br \/>\n                        <b>A\u00d1O DE CREACI\u00d3N: <\/b>1962\n                    <\/div>\n<div class=\"col-md-3\">\n                        <b>PAGINA WEB:<\/b><br \/>\n                        <a href=\"https:\/\/www.gob.mx\/imipas?idiom=es&amp;filter_origin=archive\" rel=\"noopener\" target=\"_blank\">https:\/\/www.gob.mx\/imipas?idiom=es<\/a>\n                    <\/div>\n<\/div>\n<\/div>\n<\/div><\/div>\n<\/div>\n<div class=\"panel panel-success\">\n<div class=\"panel-heading\" role=\"tab\" id=\"titulo_panel_dos\">\n<h4 class=\"panel-title\">PROGRAMAS Y LINEAS DE INVESTIGACI\u00d3N<a class=\"collapsed_ pull-right\" role=\"button\" href=\"#panel_dos\"><\/a><\/h4>\n<\/p><\/div>\n<div id=\"panel_dos\" class=\"panel-collapse_ collapse_\" role=\"tabpanel\">\n<div class=\"panel-body\">\n<table class=\"table table-bordered\">\n<tr>\n<th bgcolor=\"#808080\" class=\"text-center\"><strong>Direcci\u00f3n<\/strong><\/th>\n<th bgcolor=\"#808080\" class=\"text-center\"><strong>L\u00edneas de Investigaci\u00f3n<\/strong><\/th>\n<\/tr>\n<tbody>\n<tr>\n<td>\n<p>Direcci&oacute;n de Investigaci&oacute;n en Acuacultura<\/p>\n<p><\/p>\n<p><\/p>\n<\/td>\n<td rowspan=\"3\">\n<ul>\n<li>Capacidad de Carga<\/li>\n<li>Peces Marinos<\/li>\n<li>Peces de Agua Dulce<\/li>\n<li>Invertebrados<\/li>\n<li>Sanidad Acu&iacute;cola<\/li>\n<li>Transferencia de Tecnolog&iacute;a<\/li>\n<li>Recursos Gen&eacute;ticos Acu&aacute;ticos<\/li>\n<li>Carta Nacional Acu&iacute;cola<\/li>\n<li>Red Nacional de Informaci&oacute;n e Investigaci&oacute;n en Pesca y Acuacultura\n                                <\/li>\n<\/ul>\n<\/td>\n<\/tr>\n<tr>\n<td>\n                            Direcci&oacute;n de Investigaci&oacute;n Pesquera en el Atl&aacute;ntico<\/p>\n<\/td>\n<\/tr>\n<tr>\n<td>\n                            Direcci&oacute;n de Investigaci&oacute;n Pesquera en el<br \/>\n                            <br \/>\n                            Pac&iacute;fico\n                        <\/td>\n<\/tr>\n<\/tbody>\n<\/table><\/div>\n<\/div>\n<\/div>\n<div class=\"panel panel-success\">\n<div class=\"panel-heading\" role=\"tab\" id=\"titulo_panel_tres\">\n<h4 class=\"panel-title\">NAVES Y EQUIPAMIENTO DE INVESTIGACI\u00d3N<a class=\"collapsed_ pull-right\" role=\"button\" href=\"#panel_tres\"><\/a><\/h4>\n<\/p><\/div>\n<div id=\"panel_tres\" class=\"panel-collapse_ collapse_\" role=\"tabpanel\">\n<div class=\"panel-body\">\n<ul>\n<li>Buque de Investigaci\u00f3n Dr. Jorge Carranza Frazer<\/li>\n<li>Centros Regionales de Investigaci\u00f3n Acu\u00edcola y Pesquera (14 centros en todo el pa\u00eds)<\/li>\n<li>Centro de Investigaci\u00f3n y Transferencia de Tecnolog\u00eda Acu\u00edcola de Tabasco<\/li>\n<li>Centro de Investigaci\u00f3n (2 centros de investigaci\u00f3n: Pucuato y Morelos)<\/li>\n<\/ul><\/div>\n\t\t\t\t\t\t<div class=\"gallery_box_single\">\n\t\t\t\t\t\t\t\t\t\t\t\t\t\t\t<div class=\"gallery gllr_grid\" data-gllr-columns=\"4\" data-gllr-border-width=\"10\">\n\t\t\t\t\t\t\t\t\t\t\t\t\t\t\t\t\t\t\t\t<div class=\"gllr_image_row\">\n\t\t\t\t\t\t\t\t\t\t\t\t\t\t\t\t\t\t\t\t\t<div class=\"gllr_image_block\">\n\t\t\t\t\t\t\t\t\t\t\t\t<p style=\"\n\t\t\t\t\t\t\t\t\t\t\t\twidth:170px;height:170px;\t\t\t\t\t\t\t\t\t\t\t\t\">\n\t\t\t\t\t\t\t\t\t\t\t\t\t\t\t\t\t\t\t\t\t\t\t\t\t\t\t\t<a data-fancybox=\"gallery_fancybox_509\" href=\"https:\/\/www.ifop.cl\/pafrnetwork\/wp-content\/uploads\/sites\/13\/2024\/07\/BI-Dr.-Jorge-Carranza-Frazer-1024x576.jpeg\" title=\"\" >\n\t\t\t\t\t\t\t\t\t\t\t\t\t\t\t\t<img loading=\"lazy\" decoding=\"async\" width=\"150\" height=\"150\" style=\"width:150px; height:150px; border-width: 10px; border-color:#F1F1F1;border: 10px solid #F1F1F1\" alt=\"\" title=\"\" src=\"https:\/\/www.ifop.cl\/pafrnetwork\/wp-content\/uploads\/sites\/13\/2024\/07\/BI-Dr.-Jorge-Carranza-Frazer-150x150.jpeg\" rel=\"https:\/\/www.ifop.cl\/pafrnetwork\/wp-content\/uploads\/sites\/13\/2024\/07\/BI-Dr.-Jorge-Carranza-Frazer.jpeg\" \/>\t\t\t\t\t\t\t\t\t\t\t\t\t\t\t<\/a>\n\t\t\t\t\t\t\t\t\t\t\t\t\t\t\t\t\t\t\t\t\t\t\t\t\t\t<\/p>\n\t\t\t\t\t\t\t\t\t\t\t\t\t\t\t\t\t\t\t\t\t\t\t<\/div><!-- .gllr_image_block -->\n\t\t\t\t\t\t\t\t\t\t\t\t\t\t\t\t\t\t\t\t\t<div class=\"clear\"><\/div>\n\t\t\t\t\t\t\t\t\t\t<\/div><!-- .gllr_image_row -->\n\t\t\t\t\t\t\t\t\t\t\t\t\t\t\t\t\t<\/div><!-- .gallery.clearfix -->\n\t\t\t\t\t\t\t\t\t\t\t\t\t\t<\/div><!-- .gallery_box_single -->\n\t\t\t\t\t\t<div class=\"gllr_clear\"><\/div>\n\t\t\t\t\t\t<\/div>\n<\/div>\n<p><\/p>","protected":false},"excerpt":{"rendered":"<p>INFORMACI\u00d3N B\u00c1SICA NOMBRE OFICIAL:Instituto Mexicano de Investigaci\u00f3n en Pesca y Acuacultura Sustentables SEDE PRINCIPAL:Ciudad de M\u00e9xico CONSTITUCI\u00d3N JURIDICA:\u00d3rgano P\u00fablico descentralizado sectorizado con la Secretar\u00eda de Agricultura, Ganader\u00eda, Desarrollo Rural, Pesca y Alimentaci\u00f3n A\u00d1O DE CREACI\u00d3N: 1962 PAGINA WEB: https:\/\/www.gob.mx\/imipas?idiom=es PROGRAMAS Y LINEAS DE INVESTIGACI\u00d3N Direcci\u00f3n L\u00edneas de Investigaci\u00f3n Direcci&oacute;n de Investigaci&oacute;n en Acuacultura Capacidad de Carga Peces Marinos Peces de Agua Dulce Invertebrados Sanidad Acu&iacute;cola Transferencia de Tecnolog&iacute;a Recursos Gen&eacute;ticos Acu&aacute;ticos Carta Nacional Acu&iacute;cola Red Nacional de Informaci&oacute;n e Investigaci&oacute;n en Pesca y Acuacultura Direcci&oacute;n de Investigaci&oacute;n Pesquera en el Atl&aacute;ntico Direcci&oacute;n de Investigaci&oacute;n Pesquera en el Pac&iacute;fico NAVES Y [&hellip;]<\/p>\n","protected":false},"author":1,"featured_media":0,"parent":23,"menu_order":3,"comment_status":"closed","ping_status":"closed","template":"plantilla_fichas_instituciones.php","meta":{"footnotes":""},"class_list":["post-55","page","type-page","status-publish","hentry"],"_links":{"self":[{"href":"https:\/\/www.ifop.cl\/pafrnetwork\/wp-json\/wp\/v2\/pages\/55"}],"collection":[{"href":"https:\/\/www.ifop.cl\/pafrnetwork\/wp-json\/wp\/v2\/pages"}],"about":[{"href":"https:\/\/www.ifop.cl\/pafrnetwork\/wp-json\/wp\/v2\/types\/page"}],"author":[{"embeddable":true,"href":"https:\/\/www.ifop.cl\/pafrnetwork\/wp-json\/wp\/v2\/users\/1"}],"replies":[{"embeddable":true,"href":"https:\/\/www.ifop.cl\/pafrnetwork\/wp-json\/wp\/v2\/comments?post=55"}],"version-history":[{"count":27,"href":"https:\/\/www.ifop.cl\/pafrnetwork\/wp-json\/wp\/v2\/pages\/55\/revisions"}],"predecessor-version":[{"id":691,"href":"https:\/\/www.ifop.cl\/pafrnetwork\/wp-json\/wp\/v2\/pages\/55\/revisions\/691"}],"up":[{"embeddable":true,"href":"https:\/\/www.ifop.cl\/pafrnetwork\/wp-json\/wp\/v2\/pages\/23"}],"wp:attachment":[{"href":"https:\/\/www.ifop.cl\/pafrnetwork\/wp-json\/wp\/v2\/media?parent=55"}],"curies":[{"name":"wp","href":"https:\/\/api.w.org\/{rel}","templated":true}]}}