{"id":51,"date":"2017-11-28T13:33:55","date_gmt":"2017-11-28T13:33:55","guid":{"rendered":"https:\/\/www.ifop.cl\/pafrnetwork\/?page_id=51"},"modified":"2026-03-18T19:18:45","modified_gmt":"2026-03-18T19:18:45","slug":"ifop-chi","status":"publish","type":"page","link":"https:\/\/www.ifop.cl\/pafrnetwork\/instituciones\/ifop-chi\/","title":{"rendered":"IFOP (CHI)"},"content":{"rendered":"<p><\/p>\n<div class=\"div_paises\">\n<div>\n<img loading=\"lazy\" decoding=\"async\" class=\"aligncenter size-thumbnail\" src=\"https:\/\/www.ifop.cl\/wp-content\/themes\/ifop-2024-07\/assets\/img\/logo_ifop_transparente.png\" alt=\"\" width=\"500\" height=\"130\">\n<\/div>\n<\/div>\n<div class=\"panel-group\" id=\"accordion\" role=\"tablist\">\n<div class=\"panel panel-primary\">\n<div class=\"panel-heading\" role=\"tab\" id=\"titulo_panel_uno\">\n<h4 class=\"panel-title\">INFORMACI\u00d3N B\u00c1SICA<a role=\"button\" href=\"#panel_uno\" class=\"pull-right\"><\/a><\/h4>\n<\/div>\n<div id=\"panel_uno\" class=\"panel-collapse_ collapse_ in\" role=\"tabpanel\">\n<div class=\"panel-body\">\n<div class=\"row\">\n<div class=\"col-md-3\">\n<a href=\"https:\/\/www.ifop.cl\/wp-content\/contenidos\/uploads\/2010\/12\/Imagen242.jpg\"><br \/>\n<img decoding=\"async\" class=\"alignleft size-thumbnail wp-image-101\" src=\"https:\/\/www.ifop.cl\/wp-content\/contenidos\/uploads\/2010\/12\/Imagen242.jpg\" alt=\"\" height=\"150\" \/><br \/>\n<\/a>\n<\/div>\n<div class=\"col-md-3\">\n<strong>NOMBRE OFICIAL:<\/strong><br \/>Instituto de Fomento Pesquero<br \/>\n<strong>SEDE PRINCIPAL:<\/strong><br \/>Valpara\u00edso<\/div>\n<div class=\"col-md-3\"><b>CONSTITUCI\u00d3N JURIDICA:<\/b><br \/>Corporaci\u00f3n de derecho privado sin fines de lucro <br \/><b>A\u00d1O DE CREACI\u00d3N:<\/b>1964<\/div>\n<p><b>PAGINA WEB:<\/b><br \/>\n<a href=\"http:\/\/www.ifop.cl\" rel=\"noopener\" target=\"_blank\">www.ifop.cl<\/a><\/div>\n<\/div>\n<\/div>\n<\/div>\n<\/div>\n<div class=\"panel panel-primary\">\n<div class=\"panel-heading\" role=\"tab\" id=\"titulo_panel_dos\">\n<h4 class=\"panel-title\">PROGRAMAS Y LINEAS DE INVESTIGACI\u00d3N<a class=\"collapsed_ pull-right\" role=\"button\" href=\"#panel_dos\"><\/a><\/h4>\n<\/div>\n<div id=\"panel_dos\" class=\"panel-collapse_ collapse_\" role=\"tabpanel\">\n<div class=\"panel-body\">\n<table class=\"table table-bordered\">\n<thead>\n<tr>\n<th bgcolor=\"#808080\" class=\"text-center\"><strong>Divisi\u00f3n<\/strong><\/th>\n<th bgcolor=\"#808080\" class=\"text-center\"><strong>Departamento<\/strong><\/th>\n<th bgcolor=\"#808080\" class=\"text-center\"><strong>L\u00ednea de Trabajo<\/strong><\/th>\n<\/tr>\n<\/thead>\n<tbody>\n<tr>\n<td rowspan=\"4\" class=\"col-md-3\"> Division de Investigaci\u00f3n Pesquera<\/td>\n<td class=\"col-md-3\"> Depto. de Evaluaci\u00f3n de Pesquer\u00edas<\/td>\n<td class=\"col-md-6\">\n<ul>\n<li>Monitoreo y seguimiento de indicadores biol\u00f3gicopesqueros, recursos bent\u00f3nicos, pel\u00e1gicos, y demersales, incluyendo peces, moluscos y<br \/>\ncrust\u00e1ceos.<\/li>\n<li>Estudios de los procesos de reclutamiento y desove.<\/li>\n<li>Estudio de aspectos reproductivos y tr\u00f3fodin\u00e1mica.<\/li>\n<li>Estudios de medidas de mitigaci\u00f3n del descarte ycaptura incidental.<\/li>\n<\/ul>\n<\/td>\n<\/tr>\n<tr>\n<td>Depto. de Evaluaci\u00f3n de Recursos<\/td>\n<td>\n<ul>\n<li>Estudios de evaluaci\u00f3n de stock.<\/li>\n<li>Estimaci\u00f3n capturas biol\u00f3gicamente aceptables (CBA)<\/li>\n<li>Estudios de edad y crecimiento en especies.<\/li>\n<li>Modelamiento de din\u00e1mica de poblaciones.<\/li>\n<li>Simulaci\u00f3n de Modelos operacionales orientados a la evaluaci\u00f3n de procedimientos de manejo.<\/li>\n<\/ul>\n<\/td>\n<\/tr>\n<tr>\n<td> Depto. de Evaluaciones Directas<\/td>\n<td>\n<ul>\n<li>Evaluaci\u00f3n directa de recursos pesqueros pel\u00e1gicos y demersales.<\/li>\n<li>Din\u00e1mica espacial de recursos pesqueros.<\/li>\n<li>Din\u00e1mica tr\u00f3fica de recursos pesqueros pel\u00e1gicos y demersales.<\/li>\n<li>Din\u00e1mica reproductiva de recursos demersales.<\/li>\n<\/ul>\n<\/td>\n<\/tr>\n<tr>\n<td> Depto. de Oceanograf\u00eda y Medio Ambiente<\/td>\n<td>\n<ul>\n<li>Din\u00e1mica poblacional de los estad\u00edos tempranos de los componentes del plancton<\/li>\n<li>Din\u00e1mica poblacional de grandes pel\u00e1gicos a trav\u00e9s de patrones de desplazamiento, ecolog\u00eda tr\u00f3fica como tambi\u00e9n biolog\u00eda reproductiva, estructura y diversidad gen\u00e9tica.<\/li>\n<li>Oceanograf\u00eda F\u00edsica y Qu\u00edmica, Cambio Clim\u00e1tico, El Ni\u00f1o, Oceanograf\u00eda satelital.<\/li>\n<li>\u00c1reas de Manejo: Pesquer\u00edas artesanales bent\u00f3nicas e impactos medioambientales costeros, modelaci\u00f3n oceanogr\u00e1fica, metapoblaciones, conectividad larval, contaminaci\u00f3n ambiental, enfoque ecosist\u00e9mico<\/li>\n<\/ul>\n<\/td>\n<\/tr>\n<tr>\n<td rowspan=\"3\"> Division de Investigaci\u00f3n en<br \/>\nAcuicultura<\/td>\n<td> Depto. de Medioambiente<\/td>\n<td>\n<ul>\n<li>Seguimiento, evaluaci\u00f3n y modelaci\u00f3n de las especies nocivas e invasoras en cuerpos de agua continentales y marinas.<\/li>\n<li>Desarrollo de oceanograf\u00eda operacional para la administraci\u00f3n de la acuicultura y para explicar procesos biol\u00f3gicos oce\u00e1nicos de gran escala.<\/li>\n<li>Seguimiento y evaluaci\u00f3n de impactos ambientales en cuerpos de agua continentales y marinas causados por eventos naturales o por fuentes antropog\u00e9nicas.<\/li>\n<li>Seguimiento y evaluaci\u00f3n de recursos marinos para la sustentabilidad de la acuicultura (larvas de mit\u00edlidos).<\/li>\n<li>Seguimiento y evaluaci\u00f3n de cambios ambientales causados por la acuicultura.<\/li>\n<\/ul>\n<\/td>\n<\/tr>\n<tr>\n<td> Depto. de Salud Hidrobiol\u00f3gica<\/td>\n<td>\n<ul>\n<li>Investigaci\u00f3n en enfermedades asociadas a especies de cultivo o inter\u00e9s sectorial, sus agentes pat\u00f3genos y sus impactos en la acuicultura nacional.<\/li>\n<li>Investigaci\u00f3n y vigilancia epidemiol\u00f3gica como acciones de apoyo a la autoridad para el resguardo del patrimonio sanitario nacional.<\/li>\n<li>Investigaci\u00f3n y evaluaci\u00f3n de productos qu\u00edmicos biol\u00f3gicos u otros compuestos utilizados en especies hidrobiol\u00f3gicas y sus efectos.<\/li>\n<li>Investigaci\u00f3n, monitoreo y diagn\u00f3stico en t\u00f3picos sanitarios, como apoyo en la toma de decisiones en la administraci\u00f3n de la acuicultura.<\/li>\n<li>Investigaci\u00f3n de los efectos sociales y econ\u00f3micos de los cambios en el estatus y aplicaci\u00f3n de normativas en el \u00e1mbito sanitario de la acuicultura.<\/li>\n<\/ul>\n<\/td>\n<\/tr>\n<tr>\n<td> Depto. de Repoblaci\u00f3n y Cultivo<\/td>\n<td>\n<ul>\n<li>Investigaci\u00f3n para el desarrollo de la acuicultura de peque\u00f1a escala de especies nativas.<\/li>\n<li>Investigaci\u00f3n para el desarrollo de acciones de repoblaci\u00f3n, conservaci\u00f3n y sustentabilidad de recursos hidrobiol\u00f3gicos.<\/li>\n<li>Investigaci\u00f3n de apoyo a la planificaci\u00f3n espacial marina costera.<\/li>\n<\/ul>\n<\/td>\n<\/tr>\n<\/tbody>\n<\/table>\n<\/div>\n<\/div>\n<\/div>\n<div class=\"panel panel-primary\">\n<div class=\"panel-heading\" role=\"tab\" id=\"titulo_panel_tres\">\n<h4 class=\"panel-title\">NAVES Y EQUIPAMIENTO DE INVESTIGACI\u00d3N<a class=\"collapsed_ pull-right\" role=\"button\" href=\"#panel_tres\"><\/a><\/h4>\n<\/div>\n<div id=\"panel_tres\" class=\"panel-collapse_ collapse_\" role=\"tabpanel\">\n<div class=\"panel-body\">\n<ul>\n<li>1 sede central (Valpara\u00edso) y 7 sedes regionales a lo largo del pa\u00eds (Arica, Iquique, Coquimbo, Talcahuano, Puerto Montt, Puerto Ays\u00e9n y Punta Arenas).<\/li>\n<li>Centro de Estudios de Algas Nocivas (CREAN)<\/li>\n<li>1 cepario (CREAN, Puerto Montt)<\/li>\n<li>4 Centros de Investigaci\u00f3n (San Antonio, Ancud, Heihue y Putem\u00fan)<\/li>\n<li>Centro de Preembarque para an\u00e1lisis de harina de pescado (Talcahuano)<\/li>\n<li>16 centros de muestreo y m\u00e1s de 40 laboratorios<\/li>\n<li>2 buques cient\u00edficos BC Abate Molina y BC Doctora Barbieri<\/li>\n<\/ul>\n<\/div>\n\t\t\t\t\t\t<div class=\"gallery_box_single\">\n\t\t\t\t\t\t\t\t\t\t\t\t\t\t\t<div class=\"gallery gllr_grid\" data-gllr-columns=\"4\" data-gllr-border-width=\"10\">\n\t\t\t\t\t\t\t\t\t\t\t\t\t\t\t\t\t\t\t\t<div class=\"gllr_image_row\">\n\t\t\t\t\t\t\t\t\t\t\t\t\t\t\t\t\t\t\t\t\t<div class=\"gllr_image_block\">\n\t\t\t\t\t\t\t\t\t\t\t\t<p style=\"\n\t\t\t\t\t\t\t\t\t\t\t\twidth:170px;height:170px;\t\t\t\t\t\t\t\t\t\t\t\t\">\n\t\t\t\t\t\t\t\t\t\t\t\t\t\t\t\t\t\t\t\t\t\t\t\t\t\t\t\t<a data-fancybox=\"gallery_fancybox_503\" href=\"https:\/\/www.ifop.cl\/pafrnetwork\/wp-content\/uploads\/sites\/13\/2024\/07\/CREAN-1024x920.jpg\" title=\"\" >\n\t\t\t\t\t\t\t\t\t\t\t\t\t\t\t\t<img loading=\"lazy\" decoding=\"async\" width=\"150\" height=\"150\" style=\"width:150px; height:150px; border-width: 10px; border-color:#F1F1F1;border: 10px solid #F1F1F1\" alt=\"\" title=\"\" src=\"https:\/\/www.ifop.cl\/pafrnetwork\/wp-content\/uploads\/sites\/13\/2024\/07\/CREAN-150x150.jpg\" rel=\"https:\/\/www.ifop.cl\/pafrnetwork\/wp-content\/uploads\/sites\/13\/2024\/07\/CREAN.jpg\" \/>\t\t\t\t\t\t\t\t\t\t\t\t\t\t\t<\/a>\n\t\t\t\t\t\t\t\t\t\t\t\t\t\t\t\t\t\t\t\t\t\t\t\t\t\t<\/p>\n\t\t\t\t\t\t\t\t\t\t\t\t\t\t\t\t\t\t\t\t\t\t\t<\/div><!-- .gllr_image_block -->\n\t\t\t\t\t\t\t\t\t\t\t\t\t\t\t\t\t\t\t\t\t<div class=\"gllr_image_block\">\n\t\t\t\t\t\t\t\t\t\t\t\t<p style=\"\n\t\t\t\t\t\t\t\t\t\t\t\twidth:170px;height:170px;\t\t\t\t\t\t\t\t\t\t\t\t\">\n\t\t\t\t\t\t\t\t\t\t\t\t\t\t\t\t\t\t\t\t\t\t\t\t\t\t\t\t<a data-fancybox=\"gallery_fancybox_503\" href=\"https:\/\/www.ifop.cl\/pafrnetwork\/wp-content\/uploads\/sites\/13\/2024\/07\/CREAN-2-1024x768.jpg\" title=\"\" >\n\t\t\t\t\t\t\t\t\t\t\t\t\t\t\t\t<img loading=\"lazy\" decoding=\"async\" width=\"150\" height=\"150\" style=\"width:150px; height:150px; border-width: 10px; border-color:#F1F1F1;border: 10px solid #F1F1F1\" alt=\"\" title=\"\" src=\"https:\/\/www.ifop.cl\/pafrnetwork\/wp-content\/uploads\/sites\/13\/2024\/07\/CREAN-2-150x150.jpg\" rel=\"https:\/\/www.ifop.cl\/pafrnetwork\/wp-content\/uploads\/sites\/13\/2024\/07\/CREAN-2.jpg\" \/>\t\t\t\t\t\t\t\t\t\t\t\t\t\t\t<\/a>\n\t\t\t\t\t\t\t\t\t\t\t\t\t\t\t\t\t\t\t\t\t\t\t\t\t\t<\/p>\n\t\t\t\t\t\t\t\t\t\t\t\t\t\t\t\t\t\t\t\t\t\t\t<\/div><!-- .gllr_image_block -->\n\t\t\t\t\t\t\t\t\t\t\t\t\t\t\t\t\t\t\t\t\t<div class=\"gllr_image_block\">\n\t\t\t\t\t\t\t\t\t\t\t\t<p style=\"\n\t\t\t\t\t\t\t\t\t\t\t\twidth:170px;height:170px;\t\t\t\t\t\t\t\t\t\t\t\t\">\n\t\t\t\t\t\t\t\t\t\t\t\t\t\t\t\t\t\t\t\t\t\t\t\t\t\t\t\t<a data-fancybox=\"gallery_fancybox_503\" href=\"https:\/\/www.ifop.cl\/pafrnetwork\/wp-content\/uploads\/sites\/13\/2024\/07\/Hueihue-1024x768.jpg\" title=\"\" >\n\t\t\t\t\t\t\t\t\t\t\t\t\t\t\t\t<img loading=\"lazy\" decoding=\"async\" width=\"150\" height=\"150\" style=\"width:150px; height:150px; border-width: 10px; border-color:#F1F1F1;border: 10px solid #F1F1F1\" alt=\"\" title=\"\" src=\"https:\/\/www.ifop.cl\/pafrnetwork\/wp-content\/uploads\/sites\/13\/2024\/07\/Hueihue-150x150.jpg\" rel=\"https:\/\/www.ifop.cl\/pafrnetwork\/wp-content\/uploads\/sites\/13\/2024\/07\/Hueihue.jpg\" \/>\t\t\t\t\t\t\t\t\t\t\t\t\t\t\t<\/a>\n\t\t\t\t\t\t\t\t\t\t\t\t\t\t\t\t\t\t\t\t\t\t\t\t\t\t<\/p>\n\t\t\t\t\t\t\t\t\t\t\t\t\t\t\t\t\t\t\t\t\t\t\t<\/div><!-- .gllr_image_block -->\n\t\t\t\t\t\t\t\t\t\t\t\t\t\t\t\t\t\t\t\t\t<div class=\"gllr_image_block\">\n\t\t\t\t\t\t\t\t\t\t\t\t<p style=\"\n\t\t\t\t\t\t\t\t\t\t\t\twidth:170px;height:170px;\t\t\t\t\t\t\t\t\t\t\t\t\">\n\t\t\t\t\t\t\t\t\t\t\t\t\t\t\t\t\t\t\t\t\t\t\t\t\t\t\t\t<a data-fancybox=\"gallery_fancybox_503\" href=\"https:\/\/www.ifop.cl\/pafrnetwork\/wp-content\/uploads\/sites\/13\/2023\/03\/abate_molina-1024x768.jpeg\" title=\"\" >\n\t\t\t\t\t\t\t\t\t\t\t\t\t\t\t\t<img loading=\"lazy\" decoding=\"async\" width=\"150\" height=\"150\" style=\"width:150px; height:150px; border-width: 10px; border-color:#F1F1F1;border: 10px solid #F1F1F1\" alt=\"\" title=\"\" src=\"https:\/\/www.ifop.cl\/pafrnetwork\/wp-content\/uploads\/sites\/13\/2023\/03\/abate_molina-150x150.jpeg\" rel=\"https:\/\/www.ifop.cl\/pafrnetwork\/wp-content\/uploads\/sites\/13\/2023\/03\/abate_molina.jpeg\" \/>\t\t\t\t\t\t\t\t\t\t\t\t\t\t\t<\/a>\n\t\t\t\t\t\t\t\t\t\t\t\t\t\t\t\t\t\t\t\t\t\t\t\t\t\t<\/p>\n\t\t\t\t\t\t\t\t\t\t\t\t\t\t\t\t\t\t\t\t\t\t\t<\/div><!-- .gllr_image_block -->\n\t\t\t\t\t\t\t\t\t\t\t\t\t\t\t\t\t\t\t\t\t<\/div><!-- .gllr_image_row -->\n\t\t\t\t\t\t\t\t\t\t\t\t\t\t\t\t\t\t\t\t\t\t<div class=\"gllr_image_row\">\n\t\t\t\t\t\t\t\t\t\t\t\t\t\t\t\t\t\t\t\t\t<div class=\"gllr_image_block\">\n\t\t\t\t\t\t\t\t\t\t\t\t<p style=\"\n\t\t\t\t\t\t\t\t\t\t\t\twidth:170px;height:170px;\t\t\t\t\t\t\t\t\t\t\t\t\">\n\t\t\t\t\t\t\t\t\t\t\t\t\t\t\t\t\t\t\t\t\t\t\t\t\t\t\t\t<a data-fancybox=\"gallery_fancybox_503\" href=\"https:\/\/www.ifop.cl\/pafrnetwork\/wp-content\/uploads\/sites\/13\/2024\/07\/BC-Dra-Barbieri-1024x682.jpg\" title=\"\" >\n\t\t\t\t\t\t\t\t\t\t\t\t\t\t\t\t<img loading=\"lazy\" decoding=\"async\" width=\"150\" height=\"150\" style=\"width:150px; height:150px; border-width: 10px; border-color:#F1F1F1;border: 10px solid #F1F1F1\" alt=\"\" title=\"\" src=\"https:\/\/www.ifop.cl\/pafrnetwork\/wp-content\/uploads\/sites\/13\/2024\/07\/BC-Dra-Barbieri-150x150.jpg\" rel=\"https:\/\/www.ifop.cl\/pafrnetwork\/wp-content\/uploads\/sites\/13\/2024\/07\/BC-Dra-Barbieri.jpg\" \/>\t\t\t\t\t\t\t\t\t\t\t\t\t\t\t<\/a>\n\t\t\t\t\t\t\t\t\t\t\t\t\t\t\t\t\t\t\t\t\t\t\t\t\t\t<\/p>\n\t\t\t\t\t\t\t\t\t\t\t\t\t\t\t\t\t\t\t\t\t\t\t<\/div><!-- .gllr_image_block -->\n\t\t\t\t\t\t\t\t\t\t\t\t\t\t\t\t\t\t\t\t\t<div class=\"clear\"><\/div>\n\t\t\t\t\t\t\t\t\t\t<\/div><!-- .gllr_image_row -->\n\t\t\t\t\t\t\t\t\t\t\t\t\t\t\t\t\t<\/div><!-- .gallery.clearfix -->\n\t\t\t\t\t\t\t\t\t\t\t\t\t\t<\/div><!-- .gallery_box_single -->\n\t\t\t\t\t\t<div class=\"gllr_clear\"><\/div>\n\t\t\t\t\t\t<\/div>\n<\/div>\n<p><\/p>","protected":false},"excerpt":{"rendered":"<p>INFORMACI\u00d3N B\u00c1SICA NOMBRE OFICIAL:Instituto de Fomento Pesquero SEDE PRINCIPAL:Valpara\u00edso CONSTITUCI\u00d3N JURIDICA:Corporaci\u00f3n de derecho privado sin fines de lucro A\u00d1O DE CREACI\u00d3N:1964 PAGINA WEB: www.ifop.cl PROGRAMAS Y LINEAS DE INVESTIGACI\u00d3N Divisi\u00f3n Departamento L\u00ednea de Trabajo Division de Investigaci\u00f3n Pesquera Depto. de Evaluaci\u00f3n de Pesquer\u00edas Monitoreo y seguimiento de indicadores biol\u00f3gicopesqueros, recursos bent\u00f3nicos, pel\u00e1gicos, y demersales, incluyendo peces, moluscos y crust\u00e1ceos. Estudios de los procesos de reclutamiento y desove. Estudio de aspectos reproductivos y tr\u00f3fodin\u00e1mica. Estudios de medidas de mitigaci\u00f3n del descarte ycaptura incidental. Depto. de Evaluaci\u00f3n de Recursos Estudios de evaluaci\u00f3n de stock. Estimaci\u00f3n capturas biol\u00f3gicamente aceptables (CBA) Estudios de edad [&hellip;]<\/p>\n","protected":false},"author":1,"featured_media":0,"parent":23,"menu_order":1,"comment_status":"closed","ping_status":"closed","template":"plantilla_fichas_instituciones.php","meta":{"footnotes":""},"class_list":["post-51","page","type-page","status-publish","hentry"],"_links":{"self":[{"href":"https:\/\/www.ifop.cl\/pafrnetwork\/wp-json\/wp\/v2\/pages\/51"}],"collection":[{"href":"https:\/\/www.ifop.cl\/pafrnetwork\/wp-json\/wp\/v2\/pages"}],"about":[{"href":"https:\/\/www.ifop.cl\/pafrnetwork\/wp-json\/wp\/v2\/types\/page"}],"author":[{"embeddable":true,"href":"https:\/\/www.ifop.cl\/pafrnetwork\/wp-json\/wp\/v2\/users\/1"}],"replies":[{"embeddable":true,"href":"https:\/\/www.ifop.cl\/pafrnetwork\/wp-json\/wp\/v2\/comments?post=51"}],"version-history":[{"count":90,"href":"https:\/\/www.ifop.cl\/pafrnetwork\/wp-json\/wp\/v2\/pages\/51\/revisions"}],"predecessor-version":[{"id":689,"href":"https:\/\/www.ifop.cl\/pafrnetwork\/wp-json\/wp\/v2\/pages\/51\/revisions\/689"}],"up":[{"embeddable":true,"href":"https:\/\/www.ifop.cl\/pafrnetwork\/wp-json\/wp\/v2\/pages\/23"}],"wp:attachment":[{"href":"https:\/\/www.ifop.cl\/pafrnetwork\/wp-json\/wp\/v2\/media?parent=51"}],"curies":[{"name":"wp","href":"https:\/\/api.w.org\/{rel}","templated":true}]}}