{"id":329,"date":"2023-12-04T17:02:06","date_gmt":"2023-12-04T17:02:06","guid":{"rendered":"https:\/\/www.ifop.cl\/pafrnetwork\/?page_id=329"},"modified":"2026-03-16T18:00:38","modified_gmt":"2026-03-16T18:00:38","slug":"webinar-sobre-cambio-climatico","status":"publish","type":"page","link":"https:\/\/www.ifop.cl\/pafrnetwork\/webinar-sobre-cambio-climatico\/","title":{"rendered":"Webinar sobre Cambio Clim\u00e1tico, 10 noviembre 2023"},"content":{"rendered":"<p>El viernes 10 de noviembre, se llev\u00f3 a cabo el webinar \u201cCambio Clim\u00e1tico: vulnerabilidad y posibles efectos en la pesca y acuicultura\u201d, evento que convoc\u00f3 a mas de 100 participantes de los distintos pa\u00edses que participan de la Red IIPA-AP, que incluyen Chile, Per\u00fa, Colombia, M\u00e9xico y Argentina.<\/p>\n<p><strong>Documentos<\/strong><\/p>\n<li><a target=\"_blank\" href=\"https:\/\/www.ifop.cl\/wp-content\/contenidos\/uploads\/minisitios\/pafrnetwork\/documentos\/otros_documentos\/webinar_cambio_climatico\/PPT Dr. Adolfo Chamorro - IMARPE.pdf\" rel=\"noopener\">PPT Dr. Adolfo Chamorro &#8211; IMARPE<\/a><\/li>\n<li><a target=\"_blank\" href=\"https:\/\/www.ifop.cl\/wp-content\/contenidos\/uploads\/minisitios\/pafrnetwork\/documentos\/otros_documentos\/webinar_cambio_climatico\/PPT Dra. Micaela Giorgini - INIDEP.pdf\" rel=\"noopener\">PPT Dra. Micaela Giorgini &#8211; INIDEP<\/a><\/li>\n<li><a target=\"_blank\" href=\"https:\/\/www.ifop.cl\/wp-content\/contenidos\/uploads\/minisitios\/pafrnetwork\/documentos\/otros_documentos\/webinar_cambio_climatico\/PPT Dr. Jaime Letelier -IFOP.pdf\" rel=\"noopener\">PPT Dr. Jaime Letelier -IFOP<\/a><\/li>\n<li><a target=\"_blank\" href=\"https:\/\/www.ifop.cl\/wp-content\/contenidos\/uploads\/minisitios\/pafrnetwork\/documentos\/otros_documentos\/webinar_cambio_climatico\/PPT Dra. Doris Soto - INCAR.pdf\" rel=\"noopener\">PPT Dra. Doris Soto &#8211; INCAR<\/a><\/li>\n<p><strong>Videos<\/strong><\/p>\n<div class=\"row\">\n<div class=\"col-md-6\">\n        <video controls=\"controls\" width=\"100%\"><source src=\"https:\/\/www.ifop.cl\/wp-content\/contenidos\/uploads\/minisitios\/pafrnetwork\/documentos\/otros_documentos\/webinar_cambio_climatico\/Video Adolfo Chamorro, IMARPE.mp4\" type=\"video\/mp4\" \/><\/video>Video Adolfo Chamorro, IMARPE\n    <\/div>\n<div class=\"col-md-6\">\n\t\t<video controls=\"controls\" width=\"100%\"><source src=\"https:\/\/www.ifop.cl\/wp-content\/contenidos\/uploads\/minisitios\/pafrnetwork\/documentos\/otros_documentos\/webinar_cambio_climatico\/Video Micaela Giorgini, INIDEP.mp4\" type=\"video\/mp4\" \/><\/video>Video Micaela Giorgini, INIDEP\n\t<\/div>\n<div class=\"col-md-6\">\n\t\t<video controls=\"controls\" width=\"100%\"><source src=\"https:\/\/www.ifop.cl\/wp-content\/contenidos\/uploads\/minisitios\/pafrnetwork\/documentos\/otros_documentos\/webinar_cambio_climatico\/Video Jaime Letelier, IFOP.mp4\" type=\"video\/mp4\" \/><\/video>Video Jaime Letelier, IFOP\n\t<\/div>\n<div class=\"col-md-6\">\n        <video controls=\"controls\" width=\"100%\"><source src=\"https:\/\/www.ifop.cl\/wp-content\/contenidos\/uploads\/minisitios\/pafrnetwork\/documentos\/otros_documentos\/webinar_cambio_climatico\/Video Doris Soto, INCAR.mp4\" type=\"video\/mp4\" \/><\/video>Video Doris Soto, INCAR\n    <\/div>\n<\/div>\n<p><\/p>","protected":false},"excerpt":{"rendered":"<p>El viernes 10 de noviembre, se llev\u00f3 a cabo el webinar \u201cCambio Clim\u00e1tico: vulnerabilidad y posibles efectos en la pesca y acuicultura\u201d, evento que convoc\u00f3 a mas de 100 participantes de los distintos pa\u00edses que participan de la Red IIPA-AP, que incluyen Chile, Per\u00fa, Colombia, M\u00e9xico y Argentina. Documentos PPT Dr. Adolfo Chamorro &#8211; IMARPE PPT Dra. Micaela Giorgini &#8211; INIDEP PPT Dr. Jaime Letelier -IFOP PPT Dra. Doris Soto &#8211; INCAR Videos Video Adolfo Chamorro, IMARPE Video Micaela Giorgini, INIDEP Video Jaime Letelier, IFOP Video Doris Soto, INCAR<\/p>\n","protected":false},"author":1,"featured_media":0,"parent":0,"menu_order":0,"comment_status":"closed","ping_status":"closed","template":"plantilla-minisitio_contenido.php","meta":{"footnotes":""},"class_list":["post-329","page","type-page","status-publish","hentry"],"_links":{"self":[{"href":"https:\/\/www.ifop.cl\/pafrnetwork\/wp-json\/wp\/v2\/pages\/329"}],"collection":[{"href":"https:\/\/www.ifop.cl\/pafrnetwork\/wp-json\/wp\/v2\/pages"}],"about":[{"href":"https:\/\/www.ifop.cl\/pafrnetwork\/wp-json\/wp\/v2\/types\/page"}],"author":[{"embeddable":true,"href":"https:\/\/www.ifop.cl\/pafrnetwork\/wp-json\/wp\/v2\/users\/1"}],"replies":[{"embeddable":true,"href":"https:\/\/www.ifop.cl\/pafrnetwork\/wp-json\/wp\/v2\/comments?post=329"}],"version-history":[{"count":22,"href":"https:\/\/www.ifop.cl\/pafrnetwork\/wp-json\/wp\/v2\/pages\/329\/revisions"}],"predecessor-version":[{"id":654,"href":"https:\/\/www.ifop.cl\/pafrnetwork\/wp-json\/wp\/v2\/pages\/329\/revisions\/654"}],"wp:attachment":[{"href":"https:\/\/www.ifop.cl\/pafrnetwork\/wp-json\/wp\/v2\/media?parent=329"}],"curies":[{"name":"wp","href":"https:\/\/api.w.org\/{rel}","templated":true}]}}