{"id":321,"date":"2023-12-04T14:40:55","date_gmt":"2023-12-04T14:40:55","guid":{"rendered":"https:\/\/www.ifop.cl\/pafrnetwork\/?page_id=321"},"modified":"2026-03-16T18:01:29","modified_gmt":"2026-03-16T18:01:29","slug":"documentos-reuniones","status":"publish","type":"page","link":"https:\/\/www.ifop.cl\/pafrnetwork\/documentos-reuniones\/","title":{"rendered":"DOCUMENTOS REUNIONES"},"content":{"rendered":"<p><\/p>\n<div class=\"panel panel-primary\">\n<div class=\"panel-heading\"> Minutas<\/div>\n<div class=\"panel-body\">\n<ul>\n<li><a href=\"http:\/\/www.ifop.cl\/pafrnetwork\/wp-content\/uploads\/sites\/13\/2026\/03\/Minuta-8va-Reunion-Red-IIAP-AP-virtual.pdf\" target=\"_blank\" rel=\"noopener\"><i class=\"fa fa-th-list\"><\/i> Minuta 8va Reunio\u0301n Red IIPA-AP diciembre 2025 (virtual)<\/a><\/li>\n<li><a href=\"https:\/\/www.ifop.cl\/wp-content\/contenidos\/uploads\/minisitios\/pafrnetwork\/documentos\/otros_documentos\/Minutas\/Minuta 6ta Reunion Red IIPA-AP.pdf\" target=\"_blank\" rel=\"noopener\"><i class=\"fa fa-th-list\"><\/i> Minuta 6ta Reunio\u0301n Red IIPA-AP noviembre 2023 (virtual)<\/a><\/li>\n<li><a href=\"https:\/\/www.ifop.cl\/wp-content\/contenidos\/uploads\/minisitios\/pafrnetwork\/documentos\/otros_documentos\/Minutas\/Minuta 5ta Reunio\u0301n Red IIPA-AP noviembre 2023 (Colombia).pdf\" target=\"_blank\" rel=\"noopener\"><i class=\"fa fa-th-list\"><\/i> Minuta 5ta Reunio\u0301n Red IIPA-AP noviembre 2023 (Colombia)<\/a><\/li>\n<li><a href=\"https:\/\/www.ifop.cl\/wp-content\/contenidos\/uploads\/minisitios\/pafrnetwork\/documentos\/otros_documentos\/Minutas\/Minuta 4ta reunio\u0301n RedIIPA-AP septiembre 2022 (virtual).pdf\" target=\"_blank\" rel=\"noopener\"><i class=\"fa fa-th-list\"><\/i> Minuta 4ta reunio\u0301n RedIIPA-AP septiembre 2022 (virtual)<\/a><\/li>\n<li><a href=\"https:\/\/www.ifop.cl\/wp-content\/contenidos\/uploads\/minisitios\/pafrnetwork\/documentos\/otros_documentos\/Minutas\/Minuta 3ra reunio\u0301n Red IIPA-AP mayo 2022 (virtual).pdf\" target=\"_blank\" rel=\"noopener\"><i class=\"fa fa-th-list\"><\/i> Minuta 3ra reunio\u0301n Red IIPA-AP mayo 2022 (virtual)<\/a><\/li>\n<li><a href=\"https:\/\/www.ifop.cl\/wp-content\/contenidos\/uploads\/minisitios\/pafrnetwork\/documentos\/otros_documentos\/Minutas\/Minuta 2da reunion Red IIPA-AP 2018 (Chile).pdf\" target=\"_blank\" rel=\"noopener\"><i class=\"fa fa-th-list\"><\/i> Minuta 2da reunion Red IIPA-AP 2018 (Chile)<\/a><\/li>\n<li><a href=\"https:\/\/www.ifop.cl\/wp-content\/contenidos\/uploads\/minisitios\/pafrnetwork\/documentos\/otros_documentos\/Minutas\/Minuta 1ra reunio\u0301n Red IIPA-AP 2017 (Peru\u0301).pdf\" target=\"_blank\" rel=\"noopener\"><i class=\"fa fa-th-list\"><\/i> Minuta 1ra reunio\u0301n Red IIPA-AP 2017 (Peru\u0301)<\/a><\/li>\n<\/ul>\n<\/div>\n<\/div>\n<div class=\"panel panel-primary\">\n<div class=\"panel-heading\"> Presentaciones 7ma reunio\u0301n (Chile &#8211; abril 2024)<\/div>\n<div class=\"panel-body\">\n<ul>\n<li><a href=\"https:\/\/www.ifop.cl\/wp-content\/contenidos\/uploads\/minisitios\/pafrnetwork\/documentos\/otros_documentos\/presentaciones\/7ma_reunion\/PPT Dra Daniela Diaz Guisado - IFOP Chile.pdf\" target=\"_blank\" rel=\"noopener\">PPT Dra. Daniela D\u00edaz &#8211; IFOP, Chile<\/a><\/li>\n<li><a href=\"https:\/\/www.ifop.cl\/wp-content\/contenidos\/uploads\/minisitios\/pafrnetwork\/documentos\/otros_documentos\/presentaciones\/7ma_reunion\/PPT Dr Gaston Vidal - IFOP Chile.pdf\" target=\"_blank\" rel=\"noopener\">PPT Dr. Gast\u00f3n Vidal &#8211; IFOP, Chile<\/a><\/li>\n<li><a href=\"https:\/\/www.ifop.cl\/wp-content\/contenidos\/uploads\/minisitios\/pafrnetwork\/documentos\/otros_documentos\/presentaciones\/7ma_reunion\/PPT Nancy Barahona - IFOP Chile.pdf\" target=\"_blank\" rel=\"noopener\">PPT Nancy Barahona &#8211; IFOP, Chile<\/a><\/li>\n<li><a href=\"https:\/\/www.ifop.cl\/wp-content\/contenidos\/uploads\/minisitios\/pafrnetwork\/documentos\/otros_documentos\/presentaciones\/7ma_reunion\/PPT Betsy Buitron - IMARPE Peru.pdf\" target=\"_blank\" rel=\"noopener\">PPT Betsy Buitr\u00f3n &#8211; IMARPE, Per\u00fa<\/a><\/li>\n<li><a href=\"https:\/\/www.ifop.cl\/wp-content\/contenidos\/uploads\/minisitios\/pafrnetwork\/documentos\/otros_documentos\/presentaciones\/7ma_reunion\/PPT Dr Mario Rueda INVEMAR Colombia.pdf\" target=\"_blank\" rel=\"noopener\">PPT Dr. Mario Rueda, INVEMAR, Colombia<\/a><\/li>\n<li><a href=\"https:\/\/www.ifop.cl\/wp-content\/contenidos\/uploads\/minisitios\/pafrnetwork\/documentos\/otros_documentos\/presentaciones\/7ma_reunion\/PPT Jose Aguilar FAO.pdf\" target=\"_blank\" rel=\"noopener\">PPT Jos\u00e9 Aguilar, FAO<\/a><\/li>\n<\/ul>\n<\/div>\n<\/div>\n<div class=\"panel panel-primary\">\n<div class=\"panel-heading\"> Presentaciones 6ta reunio\u0301n (Virtual &#8211; noviembre 2023)<\/div>\n<div class=\"panel-body\">\n<ul>\n<li><a href=\"https:\/\/www.ifop.cl\/wp-content\/contenidos\/uploads\/minisitios\/pafrnetwork\/documentos\/otros_documentos\/presentaciones\/6ta_reunion\/PPT 6ta reuni\u00f3n Red IIPA-AP noviembre 2023.pdf\" target=\"_blank\" rel=\"noopener\"><i class=\"fa fa-th-list\"><\/i> PPT 6ta reunio\u0301n RedIIPA-AP<\/a><\/li>\n<\/ul>\n<\/div>\n<\/div>\n<div class=\"panel panel-primary\">\n<div class=\"panel-heading\"> Presentaciones 5ta reunio\u0301n (Colombia &#8211; marzo 2023)<\/div>\n<div class=\"panel-body\">\n<ul>\n<li><a href=\"https:\/\/www.ifop.cl\/wp-content\/contenidos\/uploads\/minisitios\/pafrnetwork\/documentos\/otros_documentos\/presentaciones\/5ta_reunion\/PPT MSc. David Alonso - INVEMAR, Colombia.pdf\" target=\"_blank\" rel=\"noopener\"><i class=\"fa fa-th-list\"><\/i> PPT MSc. David Alonso &#8211; INVEMAR, Colombia<\/a><\/li>\n<li><a href=\"https:\/\/www.ifop.cl\/wp-content\/contenidos\/uploads\/minisitios\/pafrnetwork\/documentos\/otros_documentos\/presentaciones\/5ta_reunion\/PPT Dra. Claudia Carozza - INIDEP, Argentina.pdf\" target=\"_blank\" rel=\"noopener\"><i class=\"fa fa-th-list\"><\/i> PPT Dra. Claudia Carozza &#8211; INIDEP, Argentina<\/a><\/li>\n<li><a href=\"https:\/\/www.ifop.cl\/wp-content\/contenidos\/uploads\/minisitios\/pafrnetwork\/documentos\/otros_documentos\/presentaciones\/5ta_reunion\/PPT Dra. Daniela D\u00edaz - IFOP, Chile.pdf\" target=\"_blank\" rel=\"noopener\"><i class=\"fa fa-th-list\"><\/i> PPT Dra. Daniela Di\u0301az &#8211; IFOP, Chile<\/a><\/li>\n<li><a href=\"https:\/\/www.ifop.cl\/wp-content\/contenidos\/uploads\/minisitios\/pafrnetwork\/documentos\/otros_documentos\/presentaciones\/5ta_reunion\/PPT Mariamalia Jimenez - Costa Rica (3ra Conferencia sobre el Oc\u00e9ano).pdf\" target=\"_blank\" rel=\"noopener\"><i class=\"fa fa-th-list\"><\/i> PPT Mariamalia Jimenez &#8211; Costa Rica (3ra Conferencia sobre el Oce\u0301ano)<\/a><\/li>\n<li><a href=\"https:\/\/www.ifop.cl\/wp-content\/contenidos\/uploads\/minisitios\/pafrnetwork\/documentos\/otros_documentos\/presentaciones\/5ta_reunion\/PPT MSc. Rita Orozco - IMARPE, Per\u00fa.pdf\" target=\"_blank\" rel=\"noopener\"><i class=\"fa fa-th-list\"><\/i> PPT MSc. Rita Orozco &#8211; IMARPE, Peru\u0301<\/a><\/li>\n<li><a href=\"https:\/\/www.ifop.cl\/wp-content\/contenidos\/uploads\/minisitios\/pafrnetwork\/documentos\/otros_documentos\/presentaciones\/5ta_reunion\/PPT Dr. Mario Rueda - INVEMAR, Colombia (Seminario equidad de g\u00e9nero).pdf\" target=\"_blank\" rel=\"noopener\"><i class=\"fa fa-th-list\"><\/i> PPT Dr. Mario Rueda &#8211; INVEMAR, Colombia (Seminario equidad de ge\u0301nero)<\/a><\/li>\n<li><a href=\"https:\/\/www.ifop.cl\/wp-content\/contenidos\/uploads\/minisitios\/pafrnetwork\/documentos\/otros_documentos\/presentaciones\/5ta_reunion\/PPT Dr. Mario Rueda - INVEMAR, Colombia.pdf\" target=\"_blank\" rel=\"noopener\"><i class=\"fa fa-th-list\"><\/i> PPT Dr. Mario Rueda &#8211; INVEMAR, Colombia<\/a><\/li>\n<li><a href=\"https:\/\/www.ifop.cl\/wp-content\/contenidos\/uploads\/minisitios\/pafrnetwork\/documentos\/otros_documentos\/presentaciones\/5ta_reunion\/PPT Dra. Paula Sierra-Correa - INVEMAR, Colombia (Desafios cooperacion Pacifico Sudeste).pdf\" target=\"_blank\" rel=\"noopener\"><i class=\"fa fa-th-list\"><\/i> PPT Dra. Paula Sierra-Correa &#8211; INVEMAR, Colombia (Desafios cooperacion Pacifico Sudeste)<\/a><\/li>\n<li><a href=\"https:\/\/www.ifop.cl\/wp-content\/contenidos\/uploads\/minisitios\/pafrnetwork\/documentos\/otros_documentos\/presentaciones\/5ta_reunion\/Dra. Paula Sierra-Correa - INVEMAR, Colombia.pdf\" target=\"_blank\" rel=\"noopener\"><i class=\"fa fa-th-list\"><\/i> PPT Dra. Paula Sierra-Correa &#8211; INVEMAR, Colombia<\/a><\/li>\n<\/ul>\n<\/div>\n<\/div>\n<div class=\"panel panel-primary\">\n<div class=\"panel-heading\"> Presentaciones 4ta reunio\u0301n  (Virtual &#8211; septiembre 2022)<\/div>\n<div class=\"panel-body\">\n<ul>\n<li><a href=\"https:\/\/www.ifop.cl\/wp-content\/contenidos\/uploads\/minisitios\/pafrnetwork\/documentos\/otros_documentos\/presentaciones\/4ta_reunion\/PPT 4ta reunion Red IIPA-AP septiembre 2022.pdf\" target=\"_blank\" rel=\"noopener\"><i class=\"fa fa-th-list\"><\/i> PPT 4ta reunio\u0301n RedIIPA-AP<\/a><\/li>\n<\/ul>\n<\/div>\n<\/div>\n<p><\/p>","protected":false},"excerpt":{"rendered":"<p>Minutas Minuta 8va Reunio\u0301n Red IIPA-AP diciembre 2025 (virtual) Minuta 6ta Reunio\u0301n Red IIPA-AP noviembre 2023 (virtual) Minuta 5ta Reunio\u0301n Red IIPA-AP noviembre 2023 (Colombia) Minuta 4ta reunio\u0301n RedIIPA-AP septiembre 2022 (virtual) Minuta 3ra reunio\u0301n Red IIPA-AP mayo 2022 (virtual) Minuta 2da reunion Red IIPA-AP 2018 (Chile) Minuta 1ra reunio\u0301n Red IIPA-AP 2017 (Peru\u0301) Presentaciones 7ma reunio\u0301n (Chile &#8211; abril 2024) PPT Dra. Daniela D\u00edaz &#8211; IFOP, Chile PPT Dr. Gast\u00f3n Vidal &#8211; IFOP, Chile PPT Nancy Barahona &#8211; IFOP, Chile PPT Betsy Buitr\u00f3n &#8211; IMARPE, Per\u00fa PPT Dr. Mario Rueda, INVEMAR, Colombia PPT Jos\u00e9 Aguilar, FAO Presentaciones 6ta reunio\u0301n [&hellip;]<\/p>\n","protected":false},"author":1,"featured_media":0,"parent":0,"menu_order":0,"comment_status":"closed","ping_status":"closed","template":"plantilla-minisitio_contenido.php","meta":{"footnotes":""},"class_list":["post-321","page","type-page","status-publish","hentry"],"_links":{"self":[{"href":"https:\/\/www.ifop.cl\/pafrnetwork\/wp-json\/wp\/v2\/pages\/321"}],"collection":[{"href":"https:\/\/www.ifop.cl\/pafrnetwork\/wp-json\/wp\/v2\/pages"}],"about":[{"href":"https:\/\/www.ifop.cl\/pafrnetwork\/wp-json\/wp\/v2\/types\/page"}],"author":[{"embeddable":true,"href":"https:\/\/www.ifop.cl\/pafrnetwork\/wp-json\/wp\/v2\/users\/1"}],"replies":[{"embeddable":true,"href":"https:\/\/www.ifop.cl\/pafrnetwork\/wp-json\/wp\/v2\/comments?post=321"}],"version-history":[{"count":22,"href":"https:\/\/www.ifop.cl\/pafrnetwork\/wp-json\/wp\/v2\/pages\/321\/revisions"}],"predecessor-version":[{"id":653,"href":"https:\/\/www.ifop.cl\/pafrnetwork\/wp-json\/wp\/v2\/pages\/321\/revisions\/653"}],"wp:attachment":[{"href":"https:\/\/www.ifop.cl\/pafrnetwork\/wp-json\/wp\/v2\/media?parent=321"}],"curies":[{"name":"wp","href":"https:\/\/api.w.org\/{rel}","templated":true}]}}