{"id":17,"date":"2017-08-10T17:32:20","date_gmt":"2017-08-10T17:32:20","guid":{"rendered":"https:\/\/www.ifop.cl\/pafrnetwork\/?page_id=17"},"modified":"2026-03-16T18:04:52","modified_gmt":"2026-03-16T18:04:52","slug":"propositos-objetivos","status":"publish","type":"page","link":"https:\/\/www.ifop.cl\/pafrnetwork\/que-es-la-red\/propositos-objetivos\/","title":{"rendered":"Propositos &amp; objetivos"},"content":{"rendered":"<p>El prop\u00f3sito de la Red-IIPA\/AP es construir, de manera participativa y consensuada, un \u00e1rea de integraci\u00f3n profunda para avanzar progresivamente hacia la mejor generaci\u00f3n de conocimiento cient\u00edfico en pesca y acuicultura para la gesti\u00f3n sostenible de los recursos hidrobiol\u00f3gicos de los pa\u00edses de la Alianza del Pacifico.<\/p>\n<p>Los objetivos son:<\/p>\n<ul>\n<li>Desarrollar un programa de trabajo conjunto entre los institutos de investigaci\u00f3n pesquera y acu\u00edcola que contribuya a los objetivos de la Alianza del Pac\u00edfico<\/li>\n<li>Identificar y priorizar los recursos hidrobiol\u00f3gicos de inter\u00e9s com\u00fan para focalizar los esfuerzos de investigaci\u00f3n.<\/li>\n<li>Armonizar u homologar enfoques de investigaci\u00f3n, protocolos de monitoreo y muestreo, t\u00e9cnicas, y equipamiento de investigaci\u00f3n conforme el avance actual de la ciencia pesquera y las necesidades de la regi\u00f3n.<\/li>\n<li>Desarrollar programas cient\u00edficos conjuntos en pesquer\u00edas, acuicultura, oceanograf\u00eda y econom\u00eda pesquera.<\/li>\n<li>Formar recursos humanos especializados y fortalecer las capacidades nacionales, a trav\u00e9s del Intercambio de expertos, programas de becas y cursos de capacitaci\u00f3n.<\/li>\n<li>Definir una estrategia para la b\u00fasqueda de recursos financieros que complementen las acciones de la Red.<\/li>\n<\/ul>\n<p><\/p>","protected":false},"excerpt":{"rendered":"<p>El prop\u00f3sito de la Red-IIPA\/AP es construir, de manera participativa y consensuada, un \u00e1rea de integraci\u00f3n profunda para avanzar progresivamente hacia la mejor generaci\u00f3n de conocimiento cient\u00edfico en pesca y acuicultura para la gesti\u00f3n sostenible de los recursos hidrobiol\u00f3gicos de los pa\u00edses de la Alianza del Pacifico. Los objetivos son: Desarrollar un programa de trabajo conjunto entre los institutos de investigaci\u00f3n pesquera y acu\u00edcola que contribuya a los objetivos de la Alianza del Pac\u00edfico Identificar y priorizar los recursos hidrobiol\u00f3gicos de inter\u00e9s com\u00fan para focalizar los esfuerzos de investigaci\u00f3n. Armonizar u homologar enfoques de investigaci\u00f3n, protocolos de monitoreo y muestreo, [&hellip;]<\/p>\n","protected":false},"author":1,"featured_media":0,"parent":15,"menu_order":0,"comment_status":"closed","ping_status":"closed","template":"plantilla-minisitio_contenido.php","meta":{"footnotes":""},"class_list":["post-17","page","type-page","status-publish","hentry"],"_links":{"self":[{"href":"https:\/\/www.ifop.cl\/pafrnetwork\/wp-json\/wp\/v2\/pages\/17"}],"collection":[{"href":"https:\/\/www.ifop.cl\/pafrnetwork\/wp-json\/wp\/v2\/pages"}],"about":[{"href":"https:\/\/www.ifop.cl\/pafrnetwork\/wp-json\/wp\/v2\/types\/page"}],"author":[{"embeddable":true,"href":"https:\/\/www.ifop.cl\/pafrnetwork\/wp-json\/wp\/v2\/users\/1"}],"replies":[{"embeddable":true,"href":"https:\/\/www.ifop.cl\/pafrnetwork\/wp-json\/wp\/v2\/comments?post=17"}],"version-history":[{"count":2,"href":"https:\/\/www.ifop.cl\/pafrnetwork\/wp-json\/wp\/v2\/pages\/17\/revisions"}],"predecessor-version":[{"id":601,"href":"https:\/\/www.ifop.cl\/pafrnetwork\/wp-json\/wp\/v2\/pages\/17\/revisions\/601"}],"up":[{"embeddable":true,"href":"https:\/\/www.ifop.cl\/pafrnetwork\/wp-json\/wp\/v2\/pages\/15"}],"wp:attachment":[{"href":"https:\/\/www.ifop.cl\/pafrnetwork\/wp-json\/wp\/v2\/media?parent=17"}],"curies":[{"name":"wp","href":"https:\/\/api.w.org\/{rel}","templated":true}]}}