{"id":12,"date":"2017-08-10T17:21:17","date_gmt":"2017-08-10T17:21:17","guid":{"rendered":"https:\/\/www.ifop.cl\/pafrnetwork\/?page_id=12"},"modified":"2026-03-16T18:04:28","modified_gmt":"2026-03-16T18:04:28","slug":"antecedentes","status":"publish","type":"page","link":"https:\/\/www.ifop.cl\/pafrnetwork\/que-es-la-red\/antecedentes\/","title":{"rendered":"Antecedentes"},"content":{"rendered":"<p>La Red de Instituciones de Investigaci\u00f3n Pesquera y Acu\u00edcola de los Pa\u00edses Miembros de la Alianza del Pac\u00edfico, en adelante Red-IIPA\/AP, nace en el seno del Grupo ad hoc de Pesca y Acuicultura de la Alianza del Pac\u00edfico, el cual tiene su base en los Mandatos Presidenciales (Anexo 1) de la <a href=\"https:\/\/alianzapacifico.net\/download\/declaracion-de-puerto-varas-julio-1-de-2016\/\" rel=\"noopener\" target=\"_blank\">Declaraci\u00f3n de Puerto Varas <i class=\"fa fa-external-link\"><\/i><\/a> de 1 de julio de 2016, en el marco de la XI Cumbre de la Alianza del Pac\u00edfico. La constituci\u00f3n de la Red ocurri\u00f3 en julio de 2017 con base en el Mandato Presidencial contenido en la <a href=\"https:\/\/alianzapacifico.net\/download\/declaracion-de-cali-junio-30-de-2017\/\">Declaraci\u00f3n de Cali <i class=\"fa fa-external-link\"><\/i><\/a> de 30 de junio de 2017 (Anexo 9.1).<\/p>\n<p>La Red-IIPA\/AP est\u00e1 conformada por los institutos nacionales de investigaci\u00f3n de Chile, Colombia, M\u00e9xico y Per\u00fa que tienen como misi\u00f3n general\u00a0<strong>realizar investigaci\u00f3n b\u00e1sica y aplicada de los recursos naturales renovables de los ecosistemas lacustres, marinos y oce\u00e1nicos del Pac\u00edfico Oriental con el fin de proporcionar el conocimiento cient\u00edfico necesario para la formulaci\u00f3n de pol\u00edticas y la toma de decisiones en sus respectivos Estados<\/strong>. Igualmente, en calidad de miembros observadores, integran la Red, los institutos de investigaci\u00f3n de Argentina y Australia, as\u00ed como la Organizaci\u00f3n de las Naciones Unidas para la Alimentaci\u00f3n y la Agricultura (FAO, por sus siglas en ingl\u00e9s).<\/p>\n<p>La Red-IIPA\/AP est\u00e1 dirigida por los Directores de las cuatro instituciones, y actualmente corresponden a:<\/p>\n<div class=\"row\">\n<div class=\"col-md-6 contenido_paises\"><b>Chile<br \/>\nSr. Gonzalo Pereira Puchy<\/b><br \/>\nDirector Ejecutivo<br \/>\ngonzalo.pereira@ifop.cl<br \/>\nInstituto de Fomento Pesquero, IFOP<br \/>\nTel: +56 32 2151500<\/div>\n<div class=\"col-md-6 contenido_paises\"><b>Colombia<br \/>\nSr. Francisco Arias Isaza<\/b><br \/>\nDirector General<br \/>\nInstituto de Investigaciones Marinas y Costeras Jos\u00e9 Benito Vives de Andr\u00e9is, INVEMAR<br \/>\ndirector.invemar@invemar.org.co \/ francisco.arias@invemar.org.co<br \/>\nTel: +57 + 60 + 5 + 4328600 Ext. 441 &#8211; 661<\/div>\n<div class=\"col-md-6 contenido_paises\"><b>Per\u00fa<br \/>\nSr. Renato Guevara Carrasco<\/b><br \/>\nDirector Ejecutivo Cient\u00edfico<br \/>\nInstituto del Mar del Per\u00fa, IMARPE<br \/>\nrguevara@imarpe.gob.pe<br \/>\nTel: +051 2088650<\/div>\n<div class=\"col-md-6 contenido_paises\"><b>M\u00e9xico<br \/>\nSr. Pablo Roberto Arenas Fuentes<\/b><br \/>\nDirector General<br \/>\nInstituto Mexicano de Investigaci\u00f3n en Pesca y Acuacultura Sustentables, IMIPAS<br \/>\npablo.arenas@imipas.gob.mx<br \/>\nTel: +52 (55) 38719500<\/div>\n<\/div>\n<p><\/p>","protected":false},"excerpt":{"rendered":"<p>La Red de Instituciones de Investigaci\u00f3n Pesquera y Acu\u00edcola de los Pa\u00edses Miembros de la Alianza del Pac\u00edfico, en adelante Red-IIPA\/AP, nace en el seno del Grupo ad hoc de Pesca y Acuicultura de la Alianza del Pac\u00edfico, el cual tiene su base en los Mandatos Presidenciales (Anexo 1) de la Declaraci\u00f3n de Puerto Varas de 1 de julio de 2016, en el marco de la XI Cumbre de la Alianza del Pac\u00edfico. La constituci\u00f3n de la Red ocurri\u00f3 en julio de 2017 con base en el Mandato Presidencial contenido en la Declaraci\u00f3n de Cali de 30 de junio de [&hellip;]<\/p>\n","protected":false},"author":1,"featured_media":0,"parent":15,"menu_order":0,"comment_status":"closed","ping_status":"closed","template":"plantilla-minisitio_contenido.php","meta":{"footnotes":""},"class_list":["post-12","page","type-page","status-publish","hentry"],"_links":{"self":[{"href":"https:\/\/www.ifop.cl\/pafrnetwork\/wp-json\/wp\/v2\/pages\/12"}],"collection":[{"href":"https:\/\/www.ifop.cl\/pafrnetwork\/wp-json\/wp\/v2\/pages"}],"about":[{"href":"https:\/\/www.ifop.cl\/pafrnetwork\/wp-json\/wp\/v2\/types\/page"}],"author":[{"embeddable":true,"href":"https:\/\/www.ifop.cl\/pafrnetwork\/wp-json\/wp\/v2\/users\/1"}],"replies":[{"embeddable":true,"href":"https:\/\/www.ifop.cl\/pafrnetwork\/wp-json\/wp\/v2\/comments?post=12"}],"version-history":[{"count":32,"href":"https:\/\/www.ifop.cl\/pafrnetwork\/wp-json\/wp\/v2\/pages\/12\/revisions"}],"predecessor-version":[{"id":623,"href":"https:\/\/www.ifop.cl\/pafrnetwork\/wp-json\/wp\/v2\/pages\/12\/revisions\/623"}],"up":[{"embeddable":true,"href":"https:\/\/www.ifop.cl\/pafrnetwork\/wp-json\/wp\/v2\/pages\/15"}],"wp:attachment":[{"href":"https:\/\/www.ifop.cl\/pafrnetwork\/wp-json\/wp\/v2\/media?parent=12"}],"curies":[{"name":"wp","href":"https:\/\/api.w.org\/{rel}","templated":true}]}}