{"id":321,"date":"2023-12-04T14:40:55","date_gmt":"2023-12-04T14:40:55","guid":{"rendered":"https:\/\/www.ifop.cl\/pafrnetwork\/?page_id=321"},"modified":"2026-03-16T18:01:29","modified_gmt":"2026-03-16T18:01:29","slug":"documentos-reuniones","status":"publish","type":"page","link":"https:\/\/www.ifop.cl\/pafrnetwork\/en\/documentos-reuniones\/","title":{"rendered":"MEETING DOCUMENTS"},"content":{"rendered":"<p><\/p>\n<div class=\"panel panel-primary\">\n<div class=\"panel-heading\"> Minutes<\/div>\n<div class=\"panel-body\">\n<ul>\n<li><a href=\"https:\/\/www.ifop.cl\/wp-content\/contenidos\/uploads\/minisitios\/pafrnetwork\/documentos\/otros_documentos\/Minutas\/Minuta 6ta Reunion Red IIPA-AP.pdf\" target=\"_blank\" rel=\"noopener\"><i class=\"fa fa-th-list\"><\/i> Minutes of the 6th IIPA-AP Network Meeting November 2023 (virtual)<\/a><\/li>\n<li><a href=\"https:\/\/www.ifop.cl\/wp-content\/contenidos\/uploads\/minisitios\/pafrnetwork\/documentos\/otros_documentos\/Minutas\/Minuta 5ta Reunio\u0301n Red IIPA-AP noviembre 2023 (Colombia).pdf\" target=\"_blank\" rel=\"noopener\"><i class=\"fa fa-th-list\"><\/i> Minutes of the 5th IIPA-AP Network Meeting November 2023 (Colombia)<\/a><\/li>\n<li><a href=\"https:\/\/www.ifop.cl\/wp-content\/contenidos\/uploads\/minisitios\/pafrnetwork\/documentos\/otros_documentos\/Minutas\/Minuta 4ta reunio\u0301n RedIIPA-AP septiembre 2022 (virtual).pdf\" target=\"_blank\" rel=\"noopener\"><i class=\"fa fa-th-list\"><\/i> Minutes of the 4th RedIIPA-AP meeting September 2022 (virtual)<\/a><\/li>\n<li><a href=\"https:\/\/www.ifop.cl\/wp-content\/contenidos\/uploads\/minisitios\/pafrnetwork\/documentos\/otros_documentos\/Minutas\/Minuta 3ra reunio\u0301n Red IIPA-AP mayo 2022 (virtual).pdf\" target=\"_blank\" rel=\"noopener\"><i class=\"fa fa-th-list\"><\/i> Minutes of the 3rd IIPA-AP Network meeting May 2022 (virtual)<\/a><\/li>\n<li><a href=\"https:\/\/www.ifop.cl\/wp-content\/contenidos\/uploads\/minisitios\/pafrnetwork\/documentos\/otros_documentos\/Minutas\/Minuta 2da reunion Red IIPA-AP 2018 (Chile).pdf\" target=\"_blank\" rel=\"noopener\"><i class=\"fa fa-th-list\"><\/i> Minutes of the 2nd IIPA-AP Network meeting 2018 (Chile)<\/a><\/li>\n<li><a href=\"https:\/\/www.ifop.cl\/wp-content\/contenidos\/uploads\/minisitios\/pafrnetwork\/documentos\/otros_documentos\/Minutas\/Minuta 1ra reunio\u0301n Red IIPA-AP 2017 (Peru\u0301).pdf\" target=\"_blank\" rel=\"noopener\"><i class=\"fa fa-th-list\"><\/i> Minutes of the 1st IIPA-AP Network meeting 2017 (Peru)<\/a><\/li>\n<\/ul>\n<\/div>\n<\/div>\n<div class=\"panel panel-primary\">\n<div class=\"panel-heading\"> Presentations 7th meeting (Chile \u2013 April 2024)<\/div>\n<div class=\"panel-body\">\n<ul>\n<li><a href=\"https:\/\/www.ifop.cl\/wp-content\/contenidos\/uploads\/minisitios\/pafrnetwork\/documentos\/otros_documentos\/presentaciones\/7ma_reunion\/PPT Dra Daniela Diaz Guisado - IFOP Chile.pdf\" target=\"_blank\" rel=\"noopener\">PPT Dra. Daniela D\u00edaz &#8211; IFOP, Chile<\/a><\/li>\n<li><a href=\"https:\/\/www.ifop.cl\/wp-content\/contenidos\/uploads\/minisitios\/pafrnetwork\/documentos\/otros_documentos\/presentaciones\/7ma_reunion\/PPT Dr Gaston Vidal - IFOP Chile.pdf\" target=\"_blank\" rel=\"noopener\">PPT Dr. Gast\u00f3n Vidal &#8211; IFOP, Chile<\/a><\/li>\n<li><a href=\"https:\/\/www.ifop.cl\/wp-content\/contenidos\/uploads\/minisitios\/pafrnetwork\/documentos\/otros_documentos\/presentaciones\/7ma_reunion\/PPT Nancy Barahona - IFOP Chile.pdf\" target=\"_blank\" rel=\"noopener\">PPT Nancy Barahona &#8211; IFOP, Chile<\/a><\/li>\n<li><a href=\"https:\/\/www.ifop.cl\/wp-content\/contenidos\/uploads\/minisitios\/pafrnetwork\/documentos\/otros_documentos\/presentaciones\/7ma_reunion\/PPT Betsy Buitron - IMARPE Peru.pdf\" target=\"_blank\" rel=\"noopener\">PPT Betsy Buitr\u00f3n &#8211; IMARPE, Per\u00fa<\/a><\/li>\n<li><a href=\"https:\/\/www.ifop.cl\/wp-content\/contenidos\/uploads\/minisitios\/pafrnetwork\/documentos\/otros_documentos\/presentaciones\/7ma_reunion\/PPT Dr Mario Rueda INVEMAR Colombia.pdf\" target=\"_blank\" rel=\"noopener\">PPT Dr. Mario Rueda, INVEMAR, Colombia<\/a><\/li>\n<li><a href=\"https:\/\/www.ifop.cl\/wp-content\/contenidos\/uploads\/minisitios\/pafrnetwork\/documentos\/otros_documentos\/presentaciones\/7ma_reunion\/PPT Jose Aguilar FAO.pdf\" target=\"_blank\" rel=\"noopener\">PPT Jos\u00e9 Aguilar, FAO<\/a><\/li>\n<\/ul>\n<\/div>\n<\/div>\n<div class=\"panel panel-primary\">\n<div class=\"panel-heading\"> Presentations 6th meeting (Virtual &#8211; November 2023)<\/div>\n<div class=\"panel-body\">\n<ul>\n<li><a href=\"https:\/\/www.ifop.cl\/wp-content\/contenidos\/uploads\/minisitios\/pafrnetwork\/documentos\/otros_documentos\/presentaciones\/6ta_reunion\/PPT 6ta reuni\u00f3n Red IIPA-AP noviembre 2023.pdf\" target=\"_blank\" rel=\"noopener\"><i class=\"fa fa-th-list\"><\/i> PPT 6th RedIIPA-AP meeting<\/a><\/li>\n<\/ul>\n<\/div>\n<\/div>\n<div class=\"panel panel-primary\">\n<div class=\"panel-heading\"> Presentations 5th meeting (Colombia &#8211; March 2023)<\/div>\n<div class=\"panel-body\">\n<ul>\n<li><a href=\"https:\/\/www.ifop.cl\/wp-content\/contenidos\/uploads\/minisitios\/pafrnetwork\/documentos\/otros_documentos\/presentaciones\/5ta_reunion\/PPT MSc. David Alonso - INVEMAR, Colombia.pdf\" target=\"_blank\" rel=\"noopener\"><i class=\"fa fa-th-list\"><\/i> PPT MSc. David Alonso &#8211; INVEMAR, Colombia<\/a><\/li>\n<li><a href=\"https:\/\/www.ifop.cl\/wp-content\/contenidos\/uploads\/minisitios\/pafrnetwork\/documentos\/otros_documentos\/presentaciones\/5ta_reunion\/PPT Dra. Claudia Carozza - INIDEP, Argentina.pdf\" target=\"_blank\" rel=\"noopener\"><i class=\"fa fa-th-list\"><\/i> PPT Dr. Claudia Carozza &#8211; INIDEP, Argentina<\/a><\/li>\n<li><a href=\"https:\/\/www.ifop.cl\/wp-content\/contenidos\/uploads\/minisitios\/pafrnetwork\/documentos\/otros_documentos\/presentaciones\/5ta_reunion\/PPT Dra. Daniela D\u00edaz - IFOP, Chile.pdf\" target=\"_blank\" rel=\"noopener\"><i class=\"fa fa-th-list\"><\/i> PPT Dr. Daniela D\u00edaz &#8211; IFOP, Chile<\/a><\/li>\n<li><a href=\"https:\/\/www.ifop.cl\/wp-content\/contenidos\/uploads\/minisitios\/pafrnetwork\/documentos\/otros_documentos\/presentaciones\/5ta_reunion\/PPT Mariamalia Jimenez - Costa Rica (3ra Conferencia sobre el Oc\u00e9ano).pdf\" target=\"_blank\" rel=\"noopener\"><i class=\"fa fa-th-list\"><\/i> PPT Mariamalia Jimenez &#8211; Costa Rica (3rd Ocean Conference)<\/a><\/li>\n<li><a href=\"https:\/\/www.ifop.cl\/wp-content\/contenidos\/uploads\/minisitios\/pafrnetwork\/documentos\/otros_documentos\/presentaciones\/5ta_reunion\/PPT MSc. Rita Orozco - IMARPE, Per\u00fa.pdf\" target=\"_blank\" rel=\"noopener\"><i class=\"fa fa-th-list\"><\/i> PPT MSc. Rita Orozco &#8211; IMARPE, Peru<\/a><\/li>\n<li><a href=\"https:\/\/www.ifop.cl\/wp-content\/contenidos\/uploads\/minisitios\/pafrnetwork\/documentos\/otros_documentos\/presentaciones\/5ta_reunion\/PPT Dr. Mario Rueda - INVEMAR, Colombia (Seminario equidad de g\u00e9nero).pdf\" target=\"_blank\" rel=\"noopener\"><i class=\"fa fa-th-list\"><\/i> PPT Dr. Mario Rueda &#8211; INVEMAR, Colombia (Gender equity seminar)<\/a><\/li>\n<li><a href=\"https:\/\/www.ifop.cl\/wp-content\/contenidos\/uploads\/minisitios\/pafrnetwork\/documentos\/otros_documentos\/presentaciones\/5ta_reunion\/PPT Dr. Mario Rueda - INVEMAR, Colombia.pdf\" target=\"_blank\" rel=\"noopener\"><i class=\"fa fa-th-list\"><\/i> PPT Dr. Mario Rueda &#8211; INVEMAR, Colombia<\/a><\/li>\n<li><a href=\"https:\/\/www.ifop.cl\/wp-content\/contenidos\/uploads\/minisitios\/pafrnetwork\/documentos\/otros_documentos\/presentaciones\/5ta_reunion\/PPT Dra. Paula Sierra-Correa - INVEMAR, Colombia (Desafios cooperacion Pacifico Sudeste).pdf\" target=\"_blank\" rel=\"noopener\"><i class=\"fa fa-th-list\"><\/i> PPT Dr. Paula Sierra-Correa &#8211; INVEMAR, Colombia (Southeast Pacific Cooperation Challenges)<\/a><\/li>\n<li><a href=\"https:\/\/www.ifop.cl\/wp-content\/contenidos\/uploads\/minisitios\/pafrnetwork\/documentos\/otros_documentos\/presentaciones\/5ta_reunion\/Dra. Paula Sierra-Correa - INVEMAR, Colombia.pdf\" target=\"_blank\" rel=\"noopener\"><i class=\"fa fa-th-list\"><\/i> PPT Dr. Paula Sierra-Correa &#8211; INVEMAR, Colombia<\/a><\/li>\n<\/ul>\n<\/div>\n<\/div>\n<div class=\"panel panel-primary\">\n<div class=\"panel-heading\"> Presentations 4th meeting (Virtual &#8211; September 2022)<\/div>\n<div class=\"panel-body\">\n<ul>\n<li><a href=\"https:\/\/www.ifop.cl\/wp-content\/contenidos\/uploads\/minisitios\/pafrnetwork\/documentos\/otros_documentos\/presentaciones\/4ta_reunion\/PPT 4ta reunion Red IIPA-AP septiembre 2022.pdf\" target=\"_blank\" rel=\"noopener\"><i class=\"fa fa-th-list\"><\/i> PPT 4th RedIIPA-AP meeting<\/a><\/li>\n<\/ul>\n<\/div>\n<\/div>\n<p><\/p>","protected":false},"excerpt":{"rendered":"<p>Minutes Minutes of the 6th IIPA-AP Network Meeting November 2023 (virtual) Minutes of the 5th IIPA-AP Network Meeting November 2023 (Colombia) Minutes of the 4th RedIIPA-AP meeting September 2022 (virtual) Minutes of the 3rd IIPA-AP Network meeting May 2022 (virtual) Minutes of the 2nd IIPA-AP Network meeting 2018 (Chile) Minutes of the 1st IIPA-AP Network meeting 2017 (Peru) Presentations 7th meeting (Chile \u2013 April 2024) PPT Dra. Daniela D\u00edaz &#8211; IFOP, Chile PPT Dr. Gast\u00f3n Vidal &#8211; IFOP, Chile PPT Nancy Barahona &#8211; IFOP, Chile PPT Betsy Buitr\u00f3n &#8211; IMARPE, Per\u00fa PPT Dr. Mario Rueda, INVEMAR, Colombia PPT Jos\u00e9 Aguilar, [&hellip;]<\/p>\n","protected":false},"author":1,"featured_media":0,"parent":0,"menu_order":0,"comment_status":"closed","ping_status":"closed","template":"plantilla-minisitio_contenido.php","meta":{"footnotes":""},"class_list":["post-321","page","type-page","status-publish","hentry"],"_links":{"self":[{"href":"https:\/\/www.ifop.cl\/pafrnetwork\/en\/wp-json\/wp\/v2\/pages\/321"}],"collection":[{"href":"https:\/\/www.ifop.cl\/pafrnetwork\/en\/wp-json\/wp\/v2\/pages"}],"about":[{"href":"https:\/\/www.ifop.cl\/pafrnetwork\/en\/wp-json\/wp\/v2\/types\/page"}],"author":[{"embeddable":true,"href":"https:\/\/www.ifop.cl\/pafrnetwork\/en\/wp-json\/wp\/v2\/users\/1"}],"replies":[{"embeddable":true,"href":"https:\/\/www.ifop.cl\/pafrnetwork\/en\/wp-json\/wp\/v2\/comments?post=321"}],"version-history":[{"count":22,"href":"https:\/\/www.ifop.cl\/pafrnetwork\/en\/wp-json\/wp\/v2\/pages\/321\/revisions"}],"predecessor-version":[{"id":653,"href":"https:\/\/www.ifop.cl\/pafrnetwork\/en\/wp-json\/wp\/v2\/pages\/321\/revisions\/653"}],"wp:attachment":[{"href":"https:\/\/www.ifop.cl\/pafrnetwork\/en\/wp-json\/wp\/v2\/media?parent=321"}],"curies":[{"name":"wp","href":"https:\/\/api.w.org\/{rel}","templated":true}]}}