{"id":99,"date":"2017-11-23T15:41:01","date_gmt":"2017-11-23T15:41:01","guid":{"rendered":"https:\/\/www.ifop.cl\/macrofauna\/?page_id=99"},"modified":"2025-06-03T16:21:15","modified_gmt":"2025-06-03T16:21:15","slug":"bibliografia-moluscos","status":"publish","type":"page","link":"https:\/\/www.ifop.cl\/macrofauna\/coleccion-de-especies\/bibliografia-moluscos\/","title":{"rendered":"Bibliograf\u00eda Moluscos"},"content":{"rendered":"<ol>\n<li><b>ABBOTT, T<\/b>. 1974. American seashells: The marine mollusca of the Atlantic and Pacific coast of North America. Second Edition.<\/li>\n<li><b>ABBOTT, T. &amp; P. DANCE.<\/b>\u00a01982. Compendium of seashells. Firth published in 1982 in the United States by E. P. Dutton, Inc., 2 Park Avenue, New York, N.Y. 100016.<\/li>\n<li><b>AGEITOS, Z.<\/b>\u00a0 1992. Cat\u00e1logo descriptivo de la malacofauna marina Magall\u00e1nica. Provincia de Buenos Aires Comisi\u00f3n de Investigaciones Cient\u00edficas.<\/li>\n<li><b>ALDEA, C., OLAVE, J. &amp; C. VALDOVINOS.<\/b>\u00a0 2002. Descripci\u00f3n de la concha de <em>Cumingia Mutica<\/em> Sowerby, 1833 (Bivalvia, Semelidae) de la Costa Chilena. Bol. Soc. Biol. Concepci\u00f3n, Chile. Tomo 73, Pp 77-82.<\/li>\n<li><b>ALDEA, C. &amp; C.<\/b><b>\u00a0VALDOVINOS.<\/b>\u00a02005. Moluscos del intermareal rocoso del Centro-Sur de Chile (36\u00b0 &#8211; 38\u00b0S): Taxonom\u00eda y clave de identificaci\u00f3n. <em>Gayana (Concepc.)<\/em>.\u00a0 Vol.69, No.2, Pp 364-396.<\/li>\n<li><b>BASLY, J.<\/b>\u00a01982. Moluscos marinos del norte de Chile. Sociedad Chilena de Malacolog\u00eda. Iquique, Chile. Pp 49.<\/li>\n<li><b>BERNARD, F.R<\/b>. 1974. Septibranch of the Eastern Pacific (Bivalvia Anomalodesmata). Journal of the Fisheries Board of Canada. Vol. 8:31, 97, 105.<\/li>\n<li><b>BERTRAN, C., VARGAS-CHACOFF, L., PE\u00d1A-CORT\u00c9S, F., MULSOW, S., TAPIA, J., HAUENSTEIN, E., SCHLATER, R. &amp; A. BRAVO. <\/b>2006.\u00a0Macrofauna bent\u00f3nica de los humedales de tres lagos salinos en el borde costero del sur de Chile. Ciencias Marinas, 32 (3). Pp. 589-596.<\/li>\n<li><b>BOUCHET, V. &amp; P. SAURIAU<\/b>. 2008. Influence of oyster culture practices and environmental conditions on the ecological status of intertidal mudflats in the Pertuis Charentais (Sw France): A multi-index Approach. Marine Pollution Bulletin. 56: 1898-1912.<\/li>\n<li><b>BRIONES, C. &amp; R. GUI\u00d1EZ. <\/b>2008. Una revisi\u00f3n de la asimetr\u00eda bilateral en bivalvos. Revista de Biolog\u00eda Marina y Oceanograf\u00eda. 43(1): 1-6.<\/li>\n<li><b>DARRIGRAN, G. &amp; M. LAGRECA.<\/b>\u00a02005. Moluscos litorales del estuario del r\u00edo de la Plata- Argentina. Serie t\u00e9cnica did\u00e1ctica N\u00ba 8. La Plata, Buenos Aires, Argentina. Serie T\u00e9cnica Did\u00e1ctica N\u00ba 8, 40 Pp.<\/li>\n<li><b>ESPOZ, C., LINDBERG, D., CASTILLA, J. C. &amp; B. SIMISON.<\/b>\u00a02004. Los patelogastr\u00f3podos intermareales de Chile y Per\u00fa. Revista Chilena de Historia Natural. 77: 257-283.<\/li>\n<li><b>FORCELLI, D. <\/b>2000. Moluscos Magall\u00e1nicos, gu\u00eda de moluscos de Patagonia y Sur de Chile. V\u00e1zquez Manzini Editores, Buenos Aires, Argentina. 200 Pp.<\/li>\n<li><b>GALLARDO, C. &amp; C. OSORIO.<\/b>\u00a01978.\u00a0<em>Hiatella Solida<\/em> (Sowerby, 1834), (Mollusca: Hiatelliade) on <em>Concholepas Concholepas<\/em> (Brugi\u00e8re, 1789) and other substrates. The Veliger. Vol. 20; N\u00ba3: 274\u2013278.<\/li>\n<li><b>GRAU, G.<\/b> 1959. Key to the Eastern Pacific genera and subgenera. Pectinidae of the Eastern Pacific. Allan Hancock Pacific. Expedt. Vol 23: 1-57.<\/li>\n<li><b>GUZM\u00c1N, N., SAA, S. &amp; L. ORTILEB.<\/b>\u00a01998. Cat\u00e1logo descriptivo de los moluscos litorales (Gastropoda y Pelecypoda) de la zona de Antofagasta, 23\u00ba S (Chile). Estudios Oceanol\u00f3gicos. 17: 17-86.<\/li>\n<li><b>HABE, T. <\/b>1968. Shells of the Western Pacific in Color, Vol Ii. Hoikusha Publishing Co., Ltda. Pp 233.<\/li>\n<li><b>HUAQU\u00cdN, L. <\/b>2002.\u00a0Curso de moluscos de importancia econ\u00f3mica: Gu\u00eda de caracter\u00edsticas e identificaci\u00f3n de moluscos de importancia econ\u00f3mica para Chile. Universidad de Chile. 2002.<\/li>\n<li><b>KEEN, M.<\/b>\u00a01971. Seashells of Tropical West America. Phylum Mollusca. P. 14-19.<\/li>\n<li><b>KEEN, M.<\/b>\u00a01971. eashells of Tropical West America. Marine Mollusks from Baja California to Per\u00fa. Stanford, University Press, California. Second Edition.<\/li>\n<li><b>KEEN, M.<\/b>\u00a01963. Marine molluscan genera of Western North America. Stanford, California. Pp. 81.<\/li>\n<li><b>KIRA, T.<\/b>\u00a01962. Shells of the Western Pacific in color. Vol. I, Hoikusha Publishing Co, Ltda. Pp. 224.<\/li>\n<li><b>LANCELLOTTI, D. &amp; J. VASQUEZ.<\/b>\u00a02000. Zoogeograf\u00eda de macroinvertebrados bent\u00f3nicos de la costa de Chile: Contribuci\u00f3n para la conservaci\u00f3n marina. <em>Rev. Chil. Hist. Nat.<\/em>\u00a0. Mar. Vol.73, No.1, P. 99-129.<\/li>\n<li><b>LETELIER, S., VEGA, M., RAMOS, A. M. &amp; E. CARRE\u00d1O.<\/b>\u00a02003. Base de datos del museo nacional de historia natural: Moluscos De Chile. Rev. Biol. Trop. 51 (3): 33-137.<\/li>\n<li><b>LINSE, K.\u00a0<\/b>2002. The shelled magellanic mollusca: with special reference to biogeographic relations in the southern ocean. A:R:A: Gantner Verlag K G. Ruggell\/Linchtenstein.<\/li>\n<li><b>MERCADO, M.<\/b>\u00a0 2004. Macroinvertebrados de tuberas Australes (Tierra Del Fuego). Wetlands Internacional, Publicaci\u00f3n 19, Capitulo 11: 119\u2013126. 019x<\/li>\n<li><b>OSORIO, C.<\/b>\u00a01967. Clave de determinaci\u00f3n de Subphylum y Clases de Moluscos.<\/li>\n<li><b>OSORIO, C.<\/b>\u00a0 1979.\u00a0<em>Modiolus Aurum<\/em> Osorio, <em>Spec. Nov<\/em>., from Juan Fern\u00e1ndez\u00a0 Archipi\u00e9lago, Chile (Mollusca: Bivalvia: Mytilidae). The Veliger. 22: 199-203.<\/li>\n<li><b>OSORIO, C.<\/b>\u00a01979. Moluscos marinos de importancia econ\u00f3mica en Chile. Biol. Pesq. Chile. Santiago. P. 3\u201347.<\/li>\n<li><b>OSORIO, C. &amp; A. SAN MARTIN.\u00a0<\/b>1985.\u00a0<em>Displasterias brucei<\/em> (Koehler, 1908), Asteroideo incubador de Isla Elefante, Ant\u00e1rtica Chilena. (Echinodermata, Asteroidea, Asteriidae). Ser. Cient. Inach. 32: 99\u2013102.<\/li>\n<li><b>OSORIO, C. &amp; D. REID.<\/b>\u00a02004. Moluscos marinos intermareales y submareales entre la Boca del Guafo y el Estero Elefantes, Sur de Chile. <em>Investig. Mar.<\/em> . Vol.32, No.2, P.71-89.<\/li>\n<li><b>OSORIO, C. &amp; N. BAHAMONDE.<\/b>\u00a01970. Lista preliminar de Lamelibranquios de Chile. en apartado del Bolet\u00edn del Museo Nacional de Historia Natural, Chile. 31: 185\u2013256.<\/li>\n<li><b>OSORIO, C. &amp; P. ARNAUD.<\/b>\u00a01984.\u00a0<em>Gaimardia bahamondei<\/em> , Spec. Nov., from Central Chile (Mollusca: Bivalvia: Cyamiidae: Gaimardiinae). The Veliger. 26(4): 311\u2013315.<\/li>\n<li><b>OSORIO, C., FRASSINETTI, D. &amp; E. BUSTOS.<\/b>\u00a01983. Taxonom\u00eda y morfometr\u00eda de <em>Venus Antiqua<\/em> , <em>Antiqua King<\/em>\u00a0y Broderip, 1835 (Mollusca, Bivavia, Veneridae). Tethys. 11 (1): 49\u201356.<\/li>\n<li><b>OSORIO, C., PE\u00d1A, R., RAMAJO, L. &amp; N. GARCELON.<\/b> 2006. Malacofauna Bentonica de los Canales Oce\u00e1nicos del Sur de Chile (43\u00ba &#8211; 45\u00bas). Ciencia y Tecnolog\u00eda del Mar. 29(1): 103 \u2013 114.<\/li>\n<li><b>OSORIO, C., RAM\u00cdREZ, M. E. &amp; M. VEGA.<\/b>\u00a02002. Distribuci\u00f3n y abundancia de macroorganismos del intermareal de Isla Traigu\u00e9n, (45\u00bas 73\u00baw) Estero Elefantes, Regi\u00f3n de Ays\u00e9n, Chile. Bolet\u00edn del Museo Nacional de Historia Natural, Chile. 51: 175-184.<\/li>\n<li><b>OSORIO, C., REID, D. &amp; L. RAMAJO.<\/b>\u00a02005. Moluscos en los canales del Sur de Chile entre Boca del Guafo y Estero Elefantes (Cimar 7 Fiordos), Revista Ciencia y Tecnolog\u00eda del Mar. Vol. 28(1): 91\u201398.<\/li>\n<li><b>OSORIO, C.<\/b>\u00a01989. Las Pesquer\u00edas de moluscos en el Pac\u00edfico Sudeste. Memorias del simposio internacional de los recursos vivos y las pesquer\u00edas en el Pac\u00edfico Sudeste. Revista Pac\u00edfico Sur (Numero Especial). P. 529\u2013542.<\/li>\n<li><b>OSORIO, C., PE\u00d1A, R. &amp; O. G\u00c1LVEZ.<\/b>\u00a02005. \u00cdndice bibliogr\u00e1fico sobre biodiversidad acu\u00e1tica de Chile: Polyplacophora, Caudofoveata, Selenogastra, Monoplacophora y Scaphopoda (Mollusca). Revista Ciencia y Tecnolog\u00eda del Mar. Vol. 28 (2): 97\u2013101.<\/li>\n<li><b>PARADA, E. &amp; S. PEREDO.<\/b>\u00a02005. La relocalizaci\u00f3n como una Herramienta de conservaci\u00f3n y manejo de la biodiversidad. Lecciones aprendidas con <em>Diplodon Chilensis<\/em> (Gray 1828) (Bivalvia, Hyr\u00eddae). Gayana. 69(1): 41\u201347.<\/li>\n<li><b>PARADA, E. &amp; S. PEREDO.<\/b>\u00a02006. Estado de conocimiento de los bivalvos dulceacu\u00edcolas de Chile. <em>Gayana (Concepc.)<\/em>. Jun. Vol.70, No.1, P. 82-87.<\/li>\n<li><b>PAREDES, C. &amp; F. CARDOSO.<\/b>\u00a01999. Nuevas adiciones de bivalvos a la malacofauna marina peruana. Revista Peruana de Biolog\u00eda. Vol. 6 N\u00ba1.<\/li>\n<li><b>PASTORINO, G.<\/b>\u00a02005. A revision of the genus Trophon Montfort, 1810 (Gastropoda: Muricidae) from Southern South America. The Nautilus. 119(2): 55\u201382.<\/li>\n<li><b>REID, D. &amp; C. OSORIO.<\/b>\u00a02000. The shallow-water marine mollusca of the Estero Elefante and Laguna San Rafael, Souther Chile. Vol. 66 (2): 109-146.<\/li>\n<li><b>SCOTT, P. &amp; J. BLAKE.<\/b>\u00a01997. Taxonomic atlas of benthic fauna of The Santa Barbara Basin and Western Santa Barbara Channel, Volume 8, The Mollusca Part 1, the Aplacophora, Polyplacophora, Scaphopoda, Bivalvia, and Cephalopoda. Santa Barbara, California: Santa Barbara Museum of Natural History. 250 Pp.<\/li>\n<li><b>SCOTT, P., BLAKE, J. &amp; A. LISSNER.<\/b>\u00a01997. Taxonomic atlas of benthic fauna of the Santa Barbara Basin and Western Santa Barbara Channel, volume 9, The Mollusca Part 2, The Gastroppoda. Santa Barbara, California: Santa Barbara Museum of Natural History. 228 Pp.<\/li>\n<li><b>SCHWABE, E., F\u00d6RSTERRA, G., H\u00c4USSERMANN, V., MEZLER, R. &amp; M. SCHROEDL.<\/b>\u00a02006. Chitons (Mollusca:Polyplacophora) from the Southern Chilean Comau Fjord, with reinstatement of <em>Tonicia Calbucensis<\/em> Plate, 1897. Zootaxa. 27pp.<\/li>\n<li><b>SOOT-RYAN, T.<\/b>\u00a01959. The Lund University Chile Expedition. 1948-1949<\/li>\n<li><b>SOOT-RYAN, T.<\/b> 1955.<b>\u00a0<\/b>Key to genera of Mitilids based on West American Species. A report on the family Mytilidae (Pelecypoda). Allan Hancock Pacific. Expedt. Vol 20(1): 1-78.<\/li>\n<li><b>TAYLOR, J. &amp; E. GLOVER.<\/b> 2006. Lucinidae (Bivalvia) &#8211; The most diverse group of chemosymbiotic molluscs. Zoological Journal of the Linnean Society. 148. 421 &#8211; 438.<\/li>\n<li><b>VALDOVINOS, C<\/b><b>.<\/b>\u00a01994. Clave para la identificaci\u00f3n de los Poliplac\u00f3foros litorales de Chile Central (Mollusca: Polyplacophora). Com. Mus. Hist. Nat. Concepci\u00f3n. 8:67-69.<\/li>\n<li><b>VALDOVINOS, C. &amp; M. R\u00dcTH.<\/b>\u00a0 2005. Nacellidae limpets of the Southern end of South America: Taxonomy and distribution. Revista Chilena de Historia Natural. 78: 497-517.<\/li>\n<li><b>VALDOVINOS, C.<\/b>\u00a01994. Clave para la identificaci\u00f3n de los Poliplacoforos Litorales de Chile Central (Mollusca: Polyplacophora). Com. Museo Historia Natural. Concepci\u00f3n. 8: 67\u201369.<\/li>\n<li><b>VELIZ, D. &amp; J. V\u00c1SQUEZ.<\/b>\u00a02000. La familia Trochidae (Mollusca: Gastropoda) en el norte de Chile: Consideraciones ecol\u00f3gicas y taxon\u00f3micas. Revista Chilena de Historia Natural. Vol. 73 N\u00ba4: 14pp.<\/li>\n<li><b>VILLARROEL, M. &amp; J. STUARDO.<\/b>\u00a01998. Protobranchia (Mollusca:Bivalvia) chilenos recientes y algunos f\u00f3siles. Revista internacional de malacolog\u00eda. Vol.40 (1-2): 113\u2013229.<\/li>\n<li><b>WINIFRED, A.<\/b>\u00a01965. A glossary of a thousand and ones terms. California Malacozoological Society. Tucson, Arizona. Vol. 7. 50pp.<\/li>\n<li><b>ZAGAL, C. &amp; C. HERMOSILLA.<\/b>\u00a02001. Gu\u00eda de invertebrados marinos del litoral Valdiviano. Quebecor World Chile S.A., Santiago De Chile. 217pp.<\/li>\n<\/ol>\n<p>FORAMIN\u00cdFEROS<\/p>\n<ol>\n<li><b>FIGUEROA, S., MARCHANT, M., GIGLIO, S. &amp; M. RAM\u00cdREZ.<\/b>\u00a02006. Foramin\u00edferos bent\u00f3nicos del talud continental desde Concepci\u00f3n a las Islas Guaitecas (36\u00ba &#8211; 44\u00bas), Chile (Foraminifera: Lagenina, Miliolina y Robertinina). Gayana. 70 (1): 255-279.<\/li>\n<li><b>HROMIC, T.<\/b>\u00a02006. Distribuci\u00f3n latitudinal\u00a0 de foramin\u00edferos bent\u00f3nicos (Protozoo: Foraminiferida) a nivel de sub\u00f3rdenes y familias, en canales y fiordos Patag\u00f3nicos Chilenos. Invest. Mar. Valpara\u00edso, 34(1): 71-81.<\/li>\n<li><b>P\u00c1EZ, M. &amp; O. Z\u00da\u00d1IGA.<\/b>\u00a02001. Foramin\u00edferos recientes en el \u00e1rea del r\u00edo Loa (21\u00ba25\u00b4S; 70\u00ba04\u00b4W), Chile. Estad. Oceanol. 20: 3-12.<\/li>\n<li><b>P\u00c1EZ, M., Z\u00da\u00d1IGA, \u00d3., VALD\u00c9S, J. &amp; L. ORTLIEB.<\/b>\u00a02001. Foramin\u00edferos bent\u00f3nicos recientes en sedimentos micr\u00f3xicos de la Bah\u00eda Mejillones del Sur (23\u00bas), Chile. Revista de Biolog\u00eda Marina y Oceanograf\u00eda. 36 (2): 129-139.<\/li>\n<\/ol>\n<p>&nbsp;<\/p>\n<p>EQUINODERMOS<\/p>\n<ol>\n<li><b>CASO, M. E.<\/b>\u00a01978. Los equinodermos de la Bah\u00eda de Mazatl\u00e1n, Sinaloa. Anales del Centro de Ciencias del Mar y Limnolog\u00eda. Pp. 163.<\/li>\n<li><b>MUTCHKE, E. &amp; C. R\u00cdOS.<\/b>\u00a02006. Distribuci\u00f3n espacial y abundancia relativa de equinodermos en el Estrecho de Magallanes, Chile. Cienc. Tecnol. Mar. 29 (1): 91-102.<\/li>\n<\/ol>\n<p>&nbsp;<\/p>\n<p>AGUA DULCE<\/p>\n<ol>\n<li><b>ANDERSON, C., ANDERSON, M. &amp; A. Z\u00da\u00d1IGA.<\/b>\u00a02004. nexo II: Clave para la identificaci\u00f3n de macroinvertebrados dulceacu\u00edcolas en la Regi\u00f3n de Cabo de Hornos. En Explorando la Micro-Biodiversidad del cabo de Hornos. Fundaci\u00f3n Omora, Puerto Williams.<\/li>\n<li><b>BERR\u00cdOS, V. &amp; W. SIEFELD.<\/b>\u00a02000. Superclase Crustacea. Gu\u00eda de identificaci\u00f3n y Biodiversidad Fauna Chilena. Apuntes de Zoolog\u00eda, Universidad Arturo Prat, Iquique, Chile. 32 pp.<\/li>\n<li><b>DE CASTELLANOS, Z. &amp; N. LANDONI.<\/b>\u00a01995. Mollusca Pelecypoda y Gastr\u00f3poda. Ecosistemas de aguas continentales. Tomo Ii. Pp. 759-763<\/li>\n<li><b>FIGUEROA, R., VALDOVINOS, C., ARAYA, E. &amp; O. PARRA.<\/b>\u00a02003. Macroinvertebrados Bent\u00f3nicos como indicadores de calidad de agua de r\u00edos del Sur de Chile. Revista Chilena de Historia Natural. 76: 275 \u2013 285.<\/li>\n<li><b>GONZ\u00c1LEZ, E.<\/b>\u00a02003. The Freshwater Amphipods <em>Hyalella<\/em> Smith, 1874 In Chile (Crustacea: Amphipoda). Revista Chilena De Historia Natural. 76: 623-637.<\/li>\n<li><b>JARA, C., RUDOLPH, E. &amp; E. GONZALEZ.<\/b>\u00a02006. Estado de Conocimiento de los Malacostr\u00e1ceos Dulceacu\u00edcolas de Chile. <em>Gayana (Concepc.)<\/em>. Jun. Vol.70, No.1, P.40-49.<\/li>\n<li><b>MACA, T. <\/b>1975.\u00a0Gu\u00eda de animales invertebrados de agua dulce. Ediciones Universidad de Navarra, Pamplona. Pp. 118.<\/li>\n<li><b>MERCADO, M. <\/b>2004. Macroinvertebrados de turberas australes (Tierra Del Fuego). Cap\u00edtulo 11.<\/li>\n<li><b>PARADA, E. &amp; S. PEREDO.<\/b>\u00a02002. Estado actual de la taxonom\u00eda de bivalvos dulceacu\u00edcolas chilenos: progresos y conflictos. Revista Chilena de Historia Natural. 75: 691-701.<\/li>\n<li><b>RETAMAL, M.<\/b>\u00a01981. Cat\u00e1logo ilustrado de los crust\u00e1ceos dec\u00e1podos de Chile. Gayana N\u00ba44. Pp 109.<\/li>\n<li><b>SOBARZO, C., JARA-SEGUEL, P., PEREDO, S., &amp; E. PARADA<\/b><b>.<\/b>\u00a02002. Primer registro de <em>Musculium Argentinum<\/em> (D&#8217;orbigny 1835) (Bivalvia: Sphaeriidae) en aguas continentales Chilenas. <em>Gayana (Concepc.)<\/em>.\u00a0 Vol.66, No.1 , P.39-43.<\/li>\n<li><b>STUARDO, J.<\/b>\u00a01961. Contribuci\u00f3n a un cat\u00e1logo de los moluscos gaster\u00f3podos Chilenos de agua dulce. Universidad de Concepci\u00f3n, Chile. Gayana, (Zoolog\u00eda). Vol1, 1961. P. 7-36.<\/li>\n<li><b>VALDOVINOS, C.<\/b>\u00a02006. Estado de conocimiento de los gastr\u00f3podos dulceacu\u00edcolas de Chile. <em>Gayana (Concepc.)<\/em>. Jun. Vol.70, No.1 , P.88-95.<\/li>\n<li><b>VILLALOBOS, L.<\/b>\u00a02006. Estado de conocimiento de los crust\u00e1ceos zooplanct\u00f3nicos dulceacu\u00edcolas de Chile. <em>Gayana (Concepc.)<\/em>. Jun. Vol.70, No.1 , P.31-39.<\/li>\n<\/ol>\n<p>&nbsp;<\/p>\n<p>ESPONJAS Y ACTINIAS<\/p>\n<ol>\n<li><b>ORELLANA, M. C.<\/b>\u00a02006. Estado de conocimiento de los briozoos dulceacu\u00edcolas de Chile. Gayana. 70(1): 96-99.<\/li>\n<\/ol>\n","protected":false},"excerpt":{"rendered":"<p>ABBOTT, T. 1974. American seashells: The marine mollusca of the Atlantic and Pacific coast of North America. Second Edition. ABBOTT, T. &amp; P. DANCE.\u00a01982. Compendium of seashells. Firth published in 1982 in the United States by E. P. Dutton, Inc., 2 Park Avenue, New York, N.Y. 100016. AGEITOS, Z.\u00a0 1992. Cat\u00e1logo descriptivo de la malacofauna marina Magall\u00e1nica. Provincia de Buenos Aires Comisi\u00f3n de Investigaciones Cient\u00edficas. ALDEA, C., OLAVE, J. &amp; C. VALDOVINOS.\u00a0 2002. Descripci\u00f3n de la concha de Cumingia Mutica Sowerby, 1833 (Bivalvia, Semelidae) de la Costa Chilena. Bol. Soc. Biol. Concepci\u00f3n, Chile. Tomo 73, Pp 77-82. ALDEA, C. &amp; [&hellip;]<\/p>\n","protected":false},"author":1,"featured_media":0,"parent":39,"menu_order":7,"comment_status":"closed","ping_status":"closed","template":"plantilla-minisitio_contenido.php","meta":{"footnotes":""},"class_list":["post-99","page","type-page","status-publish","hentry"],"_links":{"self":[{"href":"https:\/\/www.ifop.cl\/macrofauna\/wp-json\/wp\/v2\/pages\/99"}],"collection":[{"href":"https:\/\/www.ifop.cl\/macrofauna\/wp-json\/wp\/v2\/pages"}],"about":[{"href":"https:\/\/www.ifop.cl\/macrofauna\/wp-json\/wp\/v2\/types\/page"}],"author":[{"embeddable":true,"href":"https:\/\/www.ifop.cl\/macrofauna\/wp-json\/wp\/v2\/users\/1"}],"replies":[{"embeddable":true,"href":"https:\/\/www.ifop.cl\/macrofauna\/wp-json\/wp\/v2\/comments?post=99"}],"version-history":[{"count":23,"href":"https:\/\/www.ifop.cl\/macrofauna\/wp-json\/wp\/v2\/pages\/99\/revisions"}],"predecessor-version":[{"id":2907,"href":"https:\/\/www.ifop.cl\/macrofauna\/wp-json\/wp\/v2\/pages\/99\/revisions\/2907"}],"up":[{"embeddable":true,"href":"https:\/\/www.ifop.cl\/macrofauna\/wp-json\/wp\/v2\/pages\/39"}],"wp:attachment":[{"href":"https:\/\/www.ifop.cl\/macrofauna\/wp-json\/wp\/v2\/media?parent=99"}],"curies":[{"name":"wp","href":"https:\/\/api.w.org\/{rel}","templated":true}]}}