{"id":96,"date":"2017-11-23T15:27:35","date_gmt":"2017-11-23T15:27:35","guid":{"rendered":"https:\/\/www.ifop.cl\/macrofauna\/?page_id=96"},"modified":"2025-06-03T16:17:32","modified_gmt":"2025-06-03T16:17:32","slug":"glosario-poliquetos","status":"publish","type":"page","link":"https:\/\/www.ifop.cl\/macrofauna\/coleccion-de-especies\/glosario-poliquetos\/","title":{"rendered":"Glosario Poliquetos"},"content":{"rendered":"<p><b>Abdomen:<\/b>\u00a0regi\u00f3n posterior del cuerpo, detr\u00e1s del t\u00f3rax.<\/p>\n<p><b>Ac\u00edcula:<\/b>\u00a0estructura quitinosa con funci\u00f3n de sost\u00e9n del parapodio.<\/p>\n<p><b>Aler\u00f3n:<\/b>\u00a0placa mandibular accesoria en los glic\u00e9ridos.<\/p>\n<p><b>Antena:<\/b>\u00a0proyecci\u00f3n sensorial, generalmente delgada, que se encuentra en la parte anterior del prostomio.<\/p>\n<p><b>\u00c1podo:<\/b>\u00a0sin parapodio.<\/p>\n<p><b>Aqueto:<\/b>\u00a0que no posee quetas.<\/p>\n<p><b>Arborescente:<\/b>\u00a0se refiere a las branquias ramificadas, las cuales presentan forma de \u00e1rbol.<\/p>\n<p><b>Aristada:\u00a0<\/b>respecto de las quetas, seta simple con el asta lisa y un manojo de pelos o una sola espina distalmente.<\/p>\n<p><b>Asexual:<\/b>\u00a0propagaci\u00f3n que se cumple sin la intervenci\u00f3n de los sexos. Que no tiene sexo.<\/p>\n<p><b>Aquetigero:\u00a0<\/b>segmento que no presenta quetas.<\/p>\n<p><b>Asim\u00e9trico:<\/b>\u00a0no puede dividirse en partes equivalentes o de igual configuraci\u00f3n.<\/p>\n<p><b>Auricular:<\/b>\u00a0en forma de oreja.<\/p>\n<p><b>Avicular:<\/b>\u00a0en forma de pico.<\/p>\n<p><b>Biarticulado:<\/b>\u00a0con dos segmentos juntos, t\u00e9rmino usado en relaci\u00f3n con antenas, tent\u00e1culos y palpos.<\/p>\n<p><b>Bidentado:<\/b>\u00a0que presenta dos dientes.<\/p>\n<p><b>B\u00edfido:<\/b>\u00a0dividido en dos.<\/p>\n<p><b>Bifurcado:<\/b>\u00a0terminando en dos dientes o puntas.<\/p>\n<p><b>Bilimbado:<\/b>\u00a0quetas simples con dos alas o m\u00e1rgenes aplanados.<\/p>\n<p><b>Bipinado:<\/b>\u00a0con forma de pluma, con un eje principal y dos filas de ramas laterales.<\/p>\n<p><b>Birr\u00e1meo \u00f3 birremo:<\/b>\u00a0parapodio con dos grupos de quetas, uno en el notopodio, y uno en el neuropodio.<\/p>\n<p><b>Blastoporo:<\/b>\u00a0en la etapa de g\u00e1strula de un embri\u00f3n, la abertura que conecta el arquenter\u00f3n con el exterior; representa la futura boca en animales protostomados, y el futuro ano en animales deuterostomados.<\/p>\n<p><b>Borde cef\u00e1lico:<\/b>\u00a0reborde que rodea a la cabeza.<\/p>\n<p><b>Branquia:<\/b>\u00a0cualquier extensi\u00f3n de la pared corporal la cual est\u00e1 bien equipada con vasos sangu\u00edneos capilares; una agalla.<\/p>\n<p><b>Bucal:<\/b>\u00a0perteneciente a la boca.<\/p>\n<p><b>Caja o jaula cef\u00e1lica:<\/b>\u00a0quetas alargadas que protegen la cabeza.<\/p>\n<p><b>Capilares:<\/b>\u00a0en la literatura usada para poliquetos se usa tanto como adjetivo en la combinaci\u00f3n de quetas capilares o como sustantivo caracterizando lo largo y delgado de las quetas.<\/p>\n<p><b>Car\u00fancula:\u00a0<\/b>\u00f3rgano sensorial posterior que se proyecta desde el prostomio, algunas veces sobre algunos de los primeros segmentos.<\/p>\n<p><b>Cefal\u00f3n:<\/b>\u00a0cabeza.<\/p>\n<p><b>Celoma:<\/b>\u00a0cavidad corporal formada entre capas del mesodermo; en \u00e9l se hallan suspendidos el tubo digestivo y otros \u00f3rganos.<\/p>\n<p><b>Celomados:<\/b>\u00a0animales que poseen celoma.<\/p>\n<p><b>Cerat\u00f3foro:<\/b>\u00a0articulaci\u00f3n basal de una antena.<\/p>\n<p><b>Ceratostilo<\/b>: articulaci\u00f3n distal de una antena.<\/p>\n<p><b>Chaetopterus:<\/b>\u00a0grandes poliquetos tub\u00edculas que construyen tubos membranosos y circulan agua.<\/p>\n<p><b>Chevron o cheur\u00f3n:<\/b>\u00a0pieza mandibular quitinizada, en forma de V, ubicada en la base de la faringe evaginable en algunos goni\u00e1didos.<\/p>\n<p><b>Cirratulus:<\/b>\u00a0poliqueto que se entierra en sustratos blandos, provisto de largas prolongaciones.<\/p>\n<p><b>Cirriforme:<\/b>\u00a0delgado y cil\u00edndrico.<\/p>\n<p><b>Cirro:<\/b>\u00a0proyecci\u00f3n sensorial derivada de la parte superior del notopodio (cirro dorsal), de la parte interior del neuropodio (cirro ventral), o del segmento terminal o pigidio (cirro anal).<\/p>\n<p><b>Cirro anal:<\/b>\u00a0una o m\u00e1s proyecciones alargadas desde el pigidio, o segmento terminal; en el cual se abre el ano.<\/p>\n<p><b>Cirro tentacular:<\/b>\u00a0son estructuras alargadas que tienen funci\u00f3n t\u00e1ctil y que se ubican en el peristomio.<\/p>\n<p><b>Cirr\u00f3foro:<\/b>\u00a0articulaci\u00f3n basal del cirro.<\/p>\n<p><b>Cirrostilo:<\/b>\u00a0segmento distal de un cirro.<\/p>\n<p><b>Claviforme:<\/b>\u00a0con la forma de un mazo.<\/p>\n<p><b>Cut\u00edcula:\u00a0<\/b>es la capa m\u00e1s exterior del\u00a0cuerpo, inmediatamente por encima de la dermis\u00a0y segregada por \u00e9sta. Es una formaci\u00f3n r\u00edgida, acelular (sin c\u00e9lulas), de estructura compleja y compuesta por col\u00e1geno (poliquetos) o por\u00a0quitina, entre otras sustancias.<\/p>\n<p><b>Deciduo:<\/b>\u00a0que est\u00e1 expuesto a caerse.<\/p>\n<p><b>Dentado:<\/b>\u00a0con dientes.<\/p>\n<p><b>Dentellado:<\/b>\u00a0con dientes peque\u00f1os.<\/p>\n<p><b>Deprimido:<\/b>\u00a0referente al cuerpo aplanado dorso-ventralmente.<\/p>\n<p><b>Detrito:<\/b>\u00a0part\u00edculas de origen org\u00e1nico que se depositan sobre el fondo marino.<\/p>\n<p><b>Diente secundario:<\/b>\u00a0el segundo de dos dientes, siendo el primero el apical, terminal o primario.<\/p>\n<p><b>Digitiforme:<\/b>\u00a0con forma de dedo, se refiere a cirros.<\/p>\n<p><b>\u00c9litro:<\/b>\u00a0escama dorsal presente en algunos poliquetos.<\/p>\n<p><b>Elitr\u00f3foro:<\/b>\u00a0el cirr\u00f3foro de los poliquetos afroditoideos que lleva un \u00e9litro.<\/p>\n<p><b>Epidermis:<\/b>\u00a0la capa de\u00a0m\u00e1s superficial del organismo.<\/p>\n<p><b>Epitelio:<\/b>\u00a0tipo de tejido animal que recubre cavidades, reviste la superficie corporal y forma gl\u00e1ndulas.<\/p>\n<p><b>Epitoco:<\/b>\u00a0estado reproductivo o esp\u00e9cimen modificado, que generalmente forma enjambres.<\/p>\n<p><b>Escafo:<\/b>\u00a0ap\u00e9ndice caudal aplanado de Pectin\u00e1ridos<em>.<\/em><\/p>\n<p><b>Espatulado:<\/b>\u00a0en forma de hoja, con punta roma, a veces con un mucro.<\/p>\n<p><b>Espiniforme:<\/b>\u00a0seta que disminuye hacia una punta fina; mayormente usado en quetas compuestas.<\/p>\n<p><b>Estilodo:<\/b>\u00a0peque\u00f1a proyecci\u00f3n como un dedo asociada al parapodio, claramente m\u00e1s larga que ancha.<\/p>\n<p><b>Falcado:<\/b>\u00a0distalmente curvado y generalmente romo (t\u00e9rmino usado en relaci\u00f3n con las quetas)<\/p>\n<p><b>Falc\u00edgero:<\/b>\u00a0seta compuesta que presenta un segmento basal (mango), y una l\u00e1mina o ap\u00e9ndice distal; quetas distalmente romas y curvadas.<\/p>\n<p><b>Faringe:<\/b>\u00a0estructura muscular evaginable, asociada directamente a la boca, portadora de estructuras para atrapar y macerar el alimento.<\/p>\n<p><b>Filiforme:\u00a0<\/b>delgada y como hilo.<\/p>\n<p><b>Foli\u00e1ceo:\u00a0<\/b>ap\u00e9ndice con\u00a0forma de hoja<b>.<\/b><\/p>\n<p><b>Fusiforme:\u00a0<\/b>con forma de cigarro (puro) o de huso.<\/p>\n<p><b>Gancho:\u00a0<\/b>seta con un ped\u00fanculo largo, que presenta uno o m\u00e1s dientes cortos en el extremo apical.<\/p>\n<p><b>Geniculado:\u00a0<\/b>doblado o curvado (como una rodilla).<\/p>\n<p><b>Glycera:<\/b>\u00a0poliqueto carn\u00edvoro de sustratos blandos con gran faringe evaginable.<\/p>\n<p><b>Hemigonfa:<\/b>\u00a0articulaci\u00f3n asim\u00e9trica, aproximadamente en \u00e1ngulo recto al eje principal del asta.<\/p>\n<p><b>Hermafrodita:<\/b>\u00a0animal con \u00f3rganos reproductores masculinos y femeninos.<\/p>\n<p><b>Heterogonfo:<\/b>\u00a0articulaci\u00f3n de las quetas compuestas, donde las prolongaciones del mango presentan distinta longitud.<\/p>\n<p><b>Homogonfa:<\/b>\u00a0articulaci\u00f3n de las quetas compuestas, donde las prolongaciones del mango presentan la misma longitud.<\/p>\n<p><b>Imbricado:<\/b>\u00a0superpuesto.<\/p>\n<p><b>Inerme:<\/b>\u00a0desprovisto de espinas, o dientes.<\/p>\n<p><b>Inferior:<\/b>\u00a0la parte ventral (de dos o m\u00e1s estructuras).<\/p>\n<p><b>Jaula cef\u00e1lica:<\/b>\u00a0largas quetas protectoras que encierran y protegen a la cabeza.<\/p>\n<p><b>L\u00edgula:<\/b>\u00a0en forma de dedo, mayor proceso en un parapodio.<\/p>\n<p><b>Limbado:<\/b>\u00a0seta simple con un margen aplanado o ala.<\/p>\n<p><b>L\u00f3bulo acicular:<\/b>\u00a0la parte del l\u00f3bulo quetigero sostenido por la ac\u00edcula.<\/p>\n<p><b>L\u00f3bulo post-setal:<\/b>\u00a0lamela o l\u00f3bulo del parapodio que se encuentra detr\u00e1s de las quetas.<\/p>\n<p><b>L\u00f3bulo pre-setal<\/b>\u00a0: lamela o l\u00f3bulo del parapodio que se ubica anterior al punto donde se encuentran las quetas.<\/p>\n<p><b>Lumbrineris:<\/b>\u00a0poliqueto errante con estructuras cef\u00e1licas reducidas.<\/p>\n<p><b>Maldane:<\/b>\u00a0poliqueto de largos segmentos, que se entierra verticalmente en sustratos blandos.<\/p>\n<p><b>Mand\u00edbulas:<\/b>\u00a0estructuras quitinosas ubicadas en la faringe, las cuales son utilizadas para atrapar las presas.<\/p>\n<p><b>Met\u00e1mero:\u00a0<\/b>cada uno de los segmentos que se repiten en algunos grupos de\u00a0,\u00a0\u00a0de<\/p>\n<p><b>Metastomio:<\/b>\u00a0t\u00e9rmino raramente usado que incluye el cuerpo segmentado entre el prostomio y pigidio, pero no los incluye.<\/p>\n<p><b>Moniliforme:<\/b>\u00a0como un collar de cuentas.<\/p>\n<p><b>Mucro:<\/b>\u00a0con una punta aguda; abruptamente c\u00f3nica.<\/p>\n<p><b>Multiarticulado:<\/b>\u00a0con varios segmentos.<\/p>\n<p><b>Natatoria:<\/b>\u00a0que sirve para la nataci\u00f3n.<\/p>\n<p><b>Neuropodio:\u00a0<\/b>la rama ventral de un parapodio.<\/p>\n<p><b>Neuroquetas:<\/b>\u00a0quetas del neuropodio.<\/p>\n<p><b>Notopodio:\u00a0<\/b>la rama dorsal de un parapodio.<\/p>\n<p><b>Notoquetas:<\/b>\u00a0las quetas de un notopodio.<\/p>\n<p><b>Nucal:<\/b>\u00a0perteneciente al cuello; t\u00e9rmino usado en relaci\u00f3n a \u00f3rganos sensoriales ubicados en el lado posterodorsal de la cabeza y diversamente desarrollados como procesos pares o simples, depresiones o canales, algunas veces como charreteras pares que se alargan posteriormente desde el prostomio.<\/p>\n<p><b>Occipital:<\/b>\u00a0que pertenece a la parte posterior del prostomio.<\/p>\n<p><b>Op\u00e9rculo:<\/b>\u00a0literalmente una tapa; t\u00e9rmino usado respecto a una estructura que algunos poliquetos tub\u00edculas usan como tapones de sus tubos cuando el ocupante se retrae; por ejemplo en los poliquetos de las familias<em> Sabellariidae <\/em>y<em> Serpulidae<\/em>.<\/p>\n<p><b>\u00d3rgano nucal:<\/b>\u00a0un \u00f3rgano sensorial sobre el prostomio o que se extiende hacia atr\u00e1s; se presenta en forma de hendidura, o como un surco ciliado.<\/p>\n<p><b>Ov\u00edparos:<\/b>\u00a0animales de fecundaci\u00f3n interna cuyas hembras ponen huevos, por lo cual las cr\u00edas se desarrollan fuera del cuerpo materno.<\/p>\n<p><b>Ovoviv\u00edparos:<\/b>\u00a0animales de fecundaci\u00f3n interna cuyas hembras ponen huevos que hacen eclosi\u00f3n r\u00e1pidamente, sin necesidad de ser incubados.<\/p>\n<p><b>P\u00e1lea:<\/b>\u00a0seta ancha y plana, a menudo con brillo met\u00e1lico; por ejemplo, en el extremo anterior de\u00a0<em>Phragmatopoma<\/em>(Sabellariidae), quetas forman un c\u00edrculo llamado op\u00e9rculo que sirve para cerrar el tubo.<\/p>\n<p><b>Palmeado:<\/b>\u00a0parecido a las frondas de una palma.<\/p>\n<p><b>Palpo:<\/b>\u00a0\u00f3rgano sensorial par del prostomio o del primer segmento.<\/p>\n<p><b>Papila nefridial:<\/b>\u00a0una peque\u00f1a proyecci\u00f3n sobre la que se ubica un nefridi\u00f3poro, generalmente asociada a un parapodio.<\/p>\n<p><b>Papila nucal:<\/b>\u00a0una peque\u00f1a proyecci\u00f3n impar sobre el margen posterior del prostomio en algunos <em>Phyllodocidae<\/em>; no existe si hay una antena media.<\/p>\n<p><b>Paragnatos:<\/b>\u00a0estructuras quitinosas en formas de dientes que aparecen en la cavidad far\u00edngea de los organismos de la familia <em>Nereididae<\/em>, los cuales ayudan a macerar el alimento.<\/p>\n<p><b>Parapodio:<\/b>\u00a0estructura par segmentaria, presenta quetas y veces branquias, t\u00edpicamente es birremo (Nereididae), con notopodio y neuropodio, formados por l\u00f3bulos con quetas que se proyectan hacia el exterior; en los poliquetos tub\u00edcolas, los l\u00f3bulos generalmente se reducen y toman la forma de protuberancias bajas, con las quetas embebidas.<\/p>\n<p><b>Pectinado:<\/b>\u00a0serie de proyecciones que se asemejan a los dientes de un peine, se refiere a estructuras quitinosas far\u00edngeas (barras pectinadas, paragnatos pectinados).<\/p>\n<p><b>Pectinaria:<\/b>\u00a0poliqueto que fabrica tubos con forma de cono de helado de part\u00edculas de arena con una empalizada de cerdas en el prostomio.<\/p>\n<p><b>Ped\u00fanculo ocular:<\/b>\u00a0estructura proyectada que lleva los ojos, especialmente en los poliquetos poliod\u00f3ntidos.<\/p>\n<p><b>Penicilado:<\/b>\u00a0parecido a un pincel.<\/p>\n<p><b>Peristomio:\u00a0<\/b>primer segmento del cuerpo que lleva la boca ventral, detr\u00e1s del prostomio; tambi\u00e9n se denomina a la regi\u00f3n que corresponde a la fusi\u00f3n del primer segmento y algunos siguientes, que forman junto al prostomio una regi\u00f3n denominada \u201ccabeza\u201d.<\/p>\n<p><b>Pigidio:\u00a0<\/b>regi\u00f3n posterior post-segmental, presenta el ano y a veces estructuras como cirros, membranas, papilas, etc.<\/p>\n<p><b>Pinado:<\/b>\u00a0branquia con forma de pluma, con un tallo principal y ramas laterales.<\/p>\n<p><b>Plumoso:\u00a0<\/b>con forma de plumas.<\/p>\n<p><b>Postsetal:<\/b>\u00a0posterior a las quetas; usado en l\u00f3bulos o l\u00edgulas parapodiales.<\/p>\n<p><b>Presetal:<\/b>\u00a0anterior a las quetas; usado en l\u00f3bulos o l\u00edgulas parapodiales.<\/p>\n<p><b>Plexo nervioso subepid\u00e9rmico:<\/b>\u00a0red nerviosa ubicada bajo la epidermis.<\/p>\n<p><b>Prostomio:\u00a0<\/b>la regi\u00f3n anterior pre-segmental; a veces presenta ap\u00e9ndices sensoriales y ojos, o se encuentra muy reducida y sin ap\u00e9ndices como en los poliquetos sedentarios.<\/p>\n<p><b>Proventr\u00edculo:<\/b>\u00a0\u00f3rgano muscular en forma de barril, posterior a la faringe en <em>Syllidae<\/em>.<\/p>\n<p><b>Radiolo:<\/b>\u00a0cada uno de los tent\u00e1culos en la corona tentacular de los Sab\u00e9lidos y Serp\u00falidos.<\/p>\n<p><b>Ramoso:<\/b>\u00a0ramificado.<\/p>\n<p><b>Reniforme:<\/b>\u00a0con forma de ri\u00f1\u00f3n.<\/p>\n<p><b>Rugoso:<\/b>\u00a0\u00e1spero, aterronado.<\/p>\n<p><b>Segmento:\u00a0<\/b>cualquier parte del cuerpo, a parte del prostomio y el pigidio, separados internamente o externamente por septos o de otra manera de las partes anteriores y las posteriores.<\/p>\n<p><b>Septos:<\/b>\u00a0tabiques.<\/p>\n<p><b>S\u00e9sil:<\/b>\u00a0que no presenta movimiento; que no puede desplazarse de un lugar a otro.<\/p>\n<p><b>Sesquigomfo:<\/b>\u00a0articulaci\u00f3n de las quetas compuestas, donde una de las prolongaciones del mango es ligeramente m\u00e1s grande que la otra.<\/p>\n<p><b>Seta, queta:<\/b>\u00a0estructura quitinosa que se encuentra emergiendo o embebida en el parapodio, se forma en un saco setal de la epidermis.<\/p>\n<p><b>Seta acicular:\u00a0<\/b>una seta proyectada muy s\u00f3lida, hom\u00f3loga con otras quetas, pero similar en cuanto a grosor a la ac\u00edcula interna.<\/p>\n<p><b>Setas acompa\u00f1antes:\u00a0<\/b>setas simples, peque\u00f1as, en filas que acompa\u00f1an o alternan con setas m\u00e1s grandes, generalmente alg\u00fan tipo de ganchos.<\/p>\n<p><b>Setas aristas:\u00a0<\/b>una seta s\u00f3lida con un eje suave y un mech\u00f3n de finos pelos el el extremo.<\/p>\n<p><b>Seta arp\u00f3n:\u00a0<\/b>cerda puntuda, robusta, con barbas recurvadas (dirigidas hacia atr\u00e1s) cerca de la punta.<\/p>\n<p><b>Seta capilar:\u00a0<\/b>cualquiera seta delgada que termine en punta.<\/p>\n<p><b>Seta compuesta:<\/b>\u00a0seta que posee una hoja distal que articula con un mango o regi\u00f3n basal.<\/p>\n<p><b>Seta encapuchada:\u00a0<\/b>seta cubierta distalmente por una delicada envoltura quitinosa o protecci\u00f3n.<\/p>\n<p><b>Seta heterogonfa:<\/b>\u00a0seta compuesta, con una articulaci\u00f3n claramente oblicua respecto al eje de la regi\u00f3n basal.<\/p>\n<p><b>Seta homogonfa:<\/b>\u00a0seta compuesta, con la articulaci\u00f3n sim\u00e9trica, casi en \u00e1ngulo recto con respecto al eje de la regi\u00f3n basal.<\/p>\n<p><b>Seta limbada:<\/b>\u00a0una seta capilar con uno o dos lados planos en su extremo distal.<\/p>\n<p><b>Seta modificada:<\/b>\u00a0seta de uno o m\u00e1s segmentos, que presenta una forma diferente; por ejemplo, muy corta y gruesa, en algunos Spionida.<\/p>\n<p><b>Seta pseudocompuesta:<\/b>\u00a0seta que parece articulada o compuesta o con una articulaci\u00f3n reducida.<\/p>\n<p><b>Seta simple:<\/b>\u00a0seta no articulada, es decir no compuesta.<\/p>\n<p><b>Set\u00edgero, Quetigero:<\/b>\u00a0segmento que presenta setas o quetas.<\/p>\n<p><b>Simetr\u00eda bilateral:<\/b>\u00a0un \u00fanico plano sagital puede dividir al animal en dos partes especulares, una mitad izquierda y una mitad derecha.<\/p>\n<p><b>Simetr\u00eda radial:<\/b>\u00a0a trav\u00e9s del eje longitudinal, que pasa por la boca, el cuerpo del animal puede ser dividido en mitades iguales por m\u00e1s de dos planos.<\/p>\n<p><b>Sub-birramoso \u00f3 sub-birremo:<\/b>\u00a0parapodio que presenta un neuropodio bien desarrollado y el notopodio reducido.<\/p>\n<p><b>Subulado:<\/b>\u00a0con forma de punz\u00f3n; que se va ahusando hasta una punta fina.<\/p>\n<p><b>Superior:<\/b>\u00a0la m\u00e1s dorsal (de dos o m\u00e1s estructuras).<\/p>\n<p><b>Tent\u00e1culo:<\/b>\u00a0ap\u00e9ndice delgado del extremo anterior, a veces acanalado y ciliado.<\/p>\n<p><b>Tori:\u00a0<\/b>(plural de torus) abultamientos o engrosamientos de los notopodios o neuropodios reducidos y que llevan los uncinos.<\/p>\n<p><b>T\u00f3rax:<\/b>\u00a0regi\u00f3n anterior del tronco en algunos poliquetos sedentarios; se diferencia del abdomen por la estructura del segmento o la forma del parapodio o las quetas.<\/p>\n<p><b>Tr\u00e9pano \u00f3 trepan:\u00a0<\/b>parte quitinizada, anteriormente dentada, de la faringe eversible de algunos poliquetos especialmente los s\u00edlidos.<\/p>\n<p><b>Tub\u00e9rculos:\u00a0<\/b>peque\u00f1as elevaciones redondeadas, presentes en la superficie dorsal de algunos invertebrados.<\/p>\n<p><b>Tub\u00e9rculo dorsal:\u00a0<\/b>una protuberancia dorsal que ocupa la misma posici\u00f3n del elitr\u00f3foro, en los segmentos que no presentan \u00e9litros, en los <em>Polynoidae<\/em>.<\/p>\n<p><b>Tub\u00e9rculo facial:\u00a0<\/b>lomo proyectado, o l\u00f3bulo sobre el labio superior de ciertos poliquetos (especialmente en gusanos escamosos).<\/p>\n<p><b>Uncin\u00edgero:<\/b>\u00a0cualquier segmento que presenta uncinos.<\/p>\n<p><b>Uncino:<\/b>\u00a0t\u00e9rmino general que incluye quetas fuertemente dentadas embutidas profundamente, a menudo con una base como una placa; o quetas peque\u00f1as, con forma de S con un espol\u00f3n desarrollado; los uncinos generalmente est\u00e1n ordenados en filas transversales al eje principal del animal.<\/p>\n<p><b>Unidentado:\u00a0<\/b>distalmente indiviso.<\/p>\n<p><b>Unirr\u00e1meo, unirremo:<\/b>\u00a0parapodio con una sola rama y un fasc\u00edculo de quetas.<\/p>\n<p><b>Velo cef\u00e1lico:<\/b>\u00a0membrana como un capuch\u00f3n entre las paleas y los tent\u00e1culos bucales en los poliquetos pectin\u00e1ridos.<\/p>\n","protected":false},"excerpt":{"rendered":"<p>Abdomen:\u00a0regi\u00f3n posterior del cuerpo, detr\u00e1s del t\u00f3rax. Ac\u00edcula:\u00a0estructura quitinosa con funci\u00f3n de sost\u00e9n del parapodio. Aler\u00f3n:\u00a0placa mandibular accesoria en los glic\u00e9ridos. Antena:\u00a0proyecci\u00f3n sensorial, generalmente delgada, que se encuentra en la parte anterior del prostomio. \u00c1podo:\u00a0sin parapodio. Aqueto:\u00a0que no posee quetas. Arborescente:\u00a0se refiere a las branquias ramificadas, las cuales presentan forma de \u00e1rbol. Aristada:\u00a0respecto de las quetas, seta simple con el asta lisa y un manojo de pelos o una sola espina distalmente. Asexual:\u00a0propagaci\u00f3n que se cumple sin la intervenci\u00f3n de los sexos. Que no tiene sexo. Aquetigero:\u00a0segmento que no presenta quetas. Asim\u00e9trico:\u00a0no puede dividirse en partes equivalentes o de igual [&hellip;]<\/p>\n","protected":false},"author":1,"featured_media":0,"parent":39,"menu_order":6,"comment_status":"closed","ping_status":"closed","template":"plantilla-minisitio_contenido.php","meta":{"footnotes":""},"class_list":["post-96","page","type-page","status-publish","hentry"],"_links":{"self":[{"href":"https:\/\/www.ifop.cl\/macrofauna\/wp-json\/wp\/v2\/pages\/96"}],"collection":[{"href":"https:\/\/www.ifop.cl\/macrofauna\/wp-json\/wp\/v2\/pages"}],"about":[{"href":"https:\/\/www.ifop.cl\/macrofauna\/wp-json\/wp\/v2\/types\/page"}],"author":[{"embeddable":true,"href":"https:\/\/www.ifop.cl\/macrofauna\/wp-json\/wp\/v2\/users\/1"}],"replies":[{"embeddable":true,"href":"https:\/\/www.ifop.cl\/macrofauna\/wp-json\/wp\/v2\/comments?post=96"}],"version-history":[{"count":4,"href":"https:\/\/www.ifop.cl\/macrofauna\/wp-json\/wp\/v2\/pages\/96\/revisions"}],"predecessor-version":[{"id":879,"href":"https:\/\/www.ifop.cl\/macrofauna\/wp-json\/wp\/v2\/pages\/96\/revisions\/879"}],"up":[{"embeddable":true,"href":"https:\/\/www.ifop.cl\/macrofauna\/wp-json\/wp\/v2\/pages\/39"}],"wp:attachment":[{"href":"https:\/\/www.ifop.cl\/macrofauna\/wp-json\/wp\/v2\/media?parent=96"}],"curies":[{"name":"wp","href":"https:\/\/api.w.org\/{rel}","templated":true}]}}