{"id":80,"date":"2017-11-23T14:38:32","date_gmt":"2017-11-23T14:38:32","guid":{"rendered":"https:\/\/www.ifop.cl\/macrofauna\/?page_id=80"},"modified":"2020-10-13T18:16:20","modified_gmt":"2020-10-13T18:16:20","slug":"coleccion-de-poliquetos","status":"publish","type":"page","link":"https:\/\/www.ifop.cl\/macrofauna\/coleccion-de-especies\/coleccion-de-poliquetos\/","title":{"rendered":"Colecci\u00f3n de Poliquetos"},"content":{"rendered":"<p><b>Annelida<\/b><\/p>\n<p>El filo incluye las lombrices de tierra, sanguijuelas, y un gran n\u00famero de gusanos en su mayor\u00eda marinos conocidos como poliquetos. Estos gusanos segmentados son algunos de los organismos marinos m\u00e1s comunes, se pueden encontrar en las profundidades del oc\u00e9ano, flotando cerca de la superficie, o excavando en el barro y la arena de la playa.<\/p>\n<p>Los poliquetos se caracterizan por portar en cada segmento un par de parapodios, con su rama dorsal y su rama ventral, dotados de numerosas quetas (lo que da nombre a los poliquetos, literalmente &#8220;muchas quetas&#8221; \u201cmuchos pelos\u201d). Estos parapodios son utilizados para la locomoci\u00f3n, los poliquetos tub\u00edcolas los usan a modo de palas realizando movimientos repetitivos para mover el agua a trav\u00e9s de sus madrigueras y poder alimentarse. Existen muchas formas s\u00e9siles que secretan sus propios tubos a modo de protecci\u00f3n, y en situaciones en las que muchos de estos gusanos crecen juntos, los tubos pueden formar un arrecife. Estos poliquetos pueden formar tubos espirales y con sus tent\u00e1culos en forma de plumas filtran el agua para buscar comida. Los tent\u00e1culos son a menudo de colores y muy bonita apariencia. Existen Poliquetos de vida libre y tambi\u00e9n par\u00e1sitos.<\/p>\n<p>En Chile se han registrado un total de 593 especies de poliquetos bent\u00f3nicos distribu\u00eddas en\u00a0 47 familias (Rozbaczylo <em>et al<\/em>., 2017).<\/p>\n<p>&nbsp;<\/p>\n","protected":false},"excerpt":{"rendered":"<p>Annelida El filo incluye las lombrices de tierra, sanguijuelas, y un gran n\u00famero de gusanos en su mayor\u00eda marinos conocidos como poliquetos. Estos gusanos segmentados son algunos de los organismos marinos m\u00e1s comunes, se pueden encontrar en las profundidades del oc\u00e9ano, flotando cerca de la superficie, o excavando en el barro y la arena de la playa. Los poliquetos se caracterizan por portar en cada segmento un par de parapodios, con su rama dorsal y su rama ventral, dotados de numerosas quetas (lo que da nombre a los poliquetos, literalmente &#8220;muchas quetas&#8221; \u201cmuchos pelos\u201d). Estos parapodios son utilizados para la [&hellip;]<\/p>\n","protected":false},"author":1,"featured_media":0,"parent":39,"menu_order":3,"comment_status":"closed","ping_status":"closed","template":"plantilla_dendograma_poliquetos.php","meta":{"footnotes":""},"class_list":["post-80","page","type-page","status-publish","hentry"],"_links":{"self":[{"href":"https:\/\/www.ifop.cl\/macrofauna\/wp-json\/wp\/v2\/pages\/80"}],"collection":[{"href":"https:\/\/www.ifop.cl\/macrofauna\/wp-json\/wp\/v2\/pages"}],"about":[{"href":"https:\/\/www.ifop.cl\/macrofauna\/wp-json\/wp\/v2\/types\/page"}],"author":[{"embeddable":true,"href":"https:\/\/www.ifop.cl\/macrofauna\/wp-json\/wp\/v2\/users\/1"}],"replies":[{"embeddable":true,"href":"https:\/\/www.ifop.cl\/macrofauna\/wp-json\/wp\/v2\/comments?post=80"}],"version-history":[{"count":77,"href":"https:\/\/www.ifop.cl\/macrofauna\/wp-json\/wp\/v2\/pages\/80\/revisions"}],"predecessor-version":[{"id":2277,"href":"https:\/\/www.ifop.cl\/macrofauna\/wp-json\/wp\/v2\/pages\/80\/revisions\/2277"}],"up":[{"embeddable":true,"href":"https:\/\/www.ifop.cl\/macrofauna\/wp-json\/wp\/v2\/pages\/39"}],"wp:attachment":[{"href":"https:\/\/www.ifop.cl\/macrofauna\/wp-json\/wp\/v2\/media?parent=80"}],"curies":[{"name":"wp","href":"https:\/\/api.w.org\/{rel}","templated":true}]}}