{"id":4,"date":"2017-11-09T14:11:56","date_gmt":"2017-11-09T14:11:56","guid":{"rendered":"https:\/\/www.ifop.cl\/macrofauna\/?page_id=4"},"modified":"2025-06-03T17:01:52","modified_gmt":"2025-06-03T17:01:52","slug":"inicio","status":"publish","type":"page","link":"https:\/\/www.ifop.cl\/macrofauna\/","title":{"rendered":"Inicio"},"content":{"rendered":"<div class=\"row ms_descripcion text-center\">\n<h1>Macrofauna Bent\u00f3nica de Chile<\/h1>\n<p>Informaci\u00f3n acerca la macrofauna bent\u00f3nica en el litoral de Chile.<\/p>\n<\/div>\n<p style=\"font-weight: 400\">Las comunidades de la macrofauna han sido frecuentemente utilizadas como indicadores de la salud ambiental de los sedimentos debido a que permiten un diagn\u00f3stico precoz al estr\u00e9s natural o antropog\u00e9nico, que puedan afectar al lecho marino o acu\u00e1tico. Entre las caracter\u00edsticas intr\u00ednsecas de la macrofauna bent\u00f3nica y que le otorgan un rasgo distintivo como indicador de estr\u00e9s ambiental a estos organismos, se encuentran los siguientes: son animales relativamente sedimentarios, las comunidades de estos organismos se estructuran en funci\u00f3n de su tolerancia al estr\u00e9s ambiental habiendo algunos que proliferan en ambientes pr\u00edstinos y otros que crecen en ambientes con alta carga org\u00e1nica, y por \u00faltimo, conforman comunidades altamente diversas que incluyen un amplio rango de taxa que var\u00edan en caracter\u00edsticas de forma, tama\u00f1os corporales, cualidades funcionales y estrategias de alimentaci\u00f3n, sobre este \u00faltimo se incluyen filtradores, deposit\u00edvoros de superficie, deposit\u00edvoros, sub-superficiales, carn\u00edvoros y ramoneadores, por mencionar los m\u00e1s importantes.<\/p>\n<p style=\"font-weight: 400\">Con la promulgaci\u00f3n del Reglamento Ambiental para la Acuicultura (D.S. N\u00b0 320\/2001) y sus Resoluciones acompa\u00f1antes la macrofauna bent\u00f3nica qued\u00f3 incluida como una de las variables de monitoreo y control del estado ambiental de los sedimentos localizados en el \u00e1rea de emplazamiento de los centros de cultivo. Luego, con posterioridad a la publicaci\u00f3n del Reglamento, el Estado y varios grupos de investigaci\u00f3n propiciaron el desarrollo de iniciativas tendientes a mejorar el conocimiento necesario para la identificaci\u00f3n de la macrofauna bent\u00f3nica, especialmente para quienes deb\u00edan elaborar los Informes Ambientales (INFAs) de cada centro de cultivo.<\/p>\n<p style=\"font-weight: 400\">Una de estas iniciativas fue desarrollada por IFOP durante la ejecuci\u00f3n del proyecto \u201cDesarrollo de colecciones biol\u00f3gicas de macrobentos para incrementar la certidumbre en la identificaci\u00f3n taxon\u00f3mica en apoyo a los requerimientos del RAMA\u201d (INNOVA 06CN12IPM-38), cuyos principales productos fueron la creaci\u00f3n de una colecci\u00f3n de referencia taxon\u00f3mica de estos organismos y la confecci\u00f3n de una p\u00e1gina web www.macrofauna.cl cuya estructura y contenido fue dise\u00f1ada para servir de gu\u00eda de identificaci\u00f3n de la macrofauna bent\u00f3nica. Actualmente, la continuidad y mejora de ambos productos se han abordado dentro del proyecto \u201cEstudio del desempe\u00f1o ambiental de la acuicultura en Chile y su efecto en los ecosistemas de emplazamiento, Etapas 2012 &#8211; 2019\u201d (MINECOM), cuyo resultado nos permite contar con un listado de especies de 401 taxa, de los cuales los poliquetos representan 131 taxa con 60 de ellos identificados a nivel de especie, seguido por los moluscos con 127 taxa y 84 de ellos reconocidos a nivel de especie y luego los crust\u00e1ceos con 122 taxa y 52 de ellos identificados a nivel de especie.<\/p>\n<p style=\"font-weight: 400\">La actual renovaci\u00f3n de la p\u00e1gina (Agosto 2020) incorpora informaci\u00f3n actualizada y detallada de las familias de poliquetos Ampharetidae, Cirratulidae, Glyceridae, Goniadidae, Paraonidae, Terebellidae, Capitellidae, Lumbrineridae, Nephtyidae y Spionidae. Por otro lado, en adelante la p\u00e1gina estar\u00e1 en permanente revisi\u00f3n incorporando la informaci\u00f3n taxon\u00f3mica relevante que afecte la identificaci\u00f3n y clasificaci\u00f3n de los organismos de la macrofauna bent\u00f3nica, ya sea que provenga de publicaciones cient\u00edficas o mediante la interacci\u00f3n con grupos de investigaci\u00f3n taxon\u00f3mica nacional.<\/p>\n","protected":false},"excerpt":{"rendered":"<p>Macrofauna Bent\u00f3nica de Chile Informaci\u00f3n acerca la macrofauna bent\u00f3nica en el litoral de Chile. Las comunidades de la macrofauna han sido frecuentemente utilizadas como indicadores de la salud ambiental de los sedimentos debido a que permiten un diagn\u00f3stico precoz al estr\u00e9s natural o antropog\u00e9nico, que puedan afectar al lecho marino o acu\u00e1tico. Entre las caracter\u00edsticas intr\u00ednsecas de la macrofauna bent\u00f3nica y que le otorgan un rasgo distintivo como indicador de estr\u00e9s ambiental a estos organismos, se encuentran los siguientes: son animales relativamente sedimentarios, las comunidades de estos organismos se estructuran en funci\u00f3n de su tolerancia al estr\u00e9s ambiental habiendo algunos [&hellip;]<\/p>\n","protected":false},"author":1,"featured_media":0,"parent":0,"menu_order":0,"comment_status":"closed","ping_status":"closed","template":"plantilla-minisitio_contenido.php","meta":{"footnotes":""},"class_list":["post-4","page","type-page","status-publish","hentry"],"_links":{"self":[{"href":"https:\/\/www.ifop.cl\/macrofauna\/wp-json\/wp\/v2\/pages\/4"}],"collection":[{"href":"https:\/\/www.ifop.cl\/macrofauna\/wp-json\/wp\/v2\/pages"}],"about":[{"href":"https:\/\/www.ifop.cl\/macrofauna\/wp-json\/wp\/v2\/types\/page"}],"author":[{"embeddable":true,"href":"https:\/\/www.ifop.cl\/macrofauna\/wp-json\/wp\/v2\/users\/1"}],"replies":[{"embeddable":true,"href":"https:\/\/www.ifop.cl\/macrofauna\/wp-json\/wp\/v2\/comments?post=4"}],"version-history":[{"count":14,"href":"https:\/\/www.ifop.cl\/macrofauna\/wp-json\/wp\/v2\/pages\/4\/revisions"}],"predecessor-version":[{"id":3356,"href":"https:\/\/www.ifop.cl\/macrofauna\/wp-json\/wp\/v2\/pages\/4\/revisions\/3356"}],"wp:attachment":[{"href":"https:\/\/www.ifop.cl\/macrofauna\/wp-json\/wp\/v2\/media?parent=4"}],"curies":[{"name":"wp","href":"https:\/\/api.w.org\/{rel}","templated":true}]}}