{"id":39,"date":"2017-11-22T13:50:36","date_gmt":"2017-11-22T13:50:36","guid":{"rendered":"https:\/\/www.ifop.cl\/macrofauna\/?page_id=39"},"modified":"2025-06-03T18:35:14","modified_gmt":"2025-06-03T18:35:14","slug":"coleccion-de-especies","status":"publish","type":"page","link":"https:\/\/www.ifop.cl\/macrofauna\/coleccion-de-especies\/","title":{"rendered":"Colecci\u00f3n de especies"},"content":{"rendered":"<ul>\n<li><a href=\"https:\/\/www.ifop.cl\/macrofauna\/coleccion-de-especies\/coleccion-de-poliquetos\/\">Colecci\u00f3n de Poliquetos<\/a><\/li>\n<li><a href=\"https:\/\/www.ifop.cl\/macrofauna\/coleccion-de-especies\/coleccion-de-moluscos\/\">Colecci\u00f3n de Moluscos<\/a><\/li>\n<li><a href=\"https:\/\/www.ifop.cl\/macrofauna\/coleccion-de-especies\/coleccion-de-crustaceos\/\">Colecci\u00f3n de Crust\u00e1ceos<\/a><\/li>\n<\/ul>\n","protected":false},"excerpt":{"rendered":"<p>Colecci\u00f3n de Poliquetos Colecci\u00f3n de Moluscos Colecci\u00f3n de Crust\u00e1ceos<\/p>\n","protected":false},"author":1,"featured_media":0,"parent":0,"menu_order":0,"comment_status":"closed","ping_status":"closed","template":"plantilla-minisitio_contenido.php","meta":{"footnotes":""},"class_list":["post-39","page","type-page","status-publish","hentry"],"_links":{"self":[{"href":"https:\/\/www.ifop.cl\/macrofauna\/wp-json\/wp\/v2\/pages\/39"}],"collection":[{"href":"https:\/\/www.ifop.cl\/macrofauna\/wp-json\/wp\/v2\/pages"}],"about":[{"href":"https:\/\/www.ifop.cl\/macrofauna\/wp-json\/wp\/v2\/types\/page"}],"author":[{"embeddable":true,"href":"https:\/\/www.ifop.cl\/macrofauna\/wp-json\/wp\/v2\/users\/1"}],"replies":[{"embeddable":true,"href":"https:\/\/www.ifop.cl\/macrofauna\/wp-json\/wp\/v2\/comments?post=39"}],"version-history":[{"count":2,"href":"https:\/\/www.ifop.cl\/macrofauna\/wp-json\/wp\/v2\/pages\/39\/revisions"}],"predecessor-version":[{"id":3357,"href":"https:\/\/www.ifop.cl\/macrofauna\/wp-json\/wp\/v2\/pages\/39\/revisions\/3357"}],"wp:attachment":[{"href":"https:\/\/www.ifop.cl\/macrofauna\/wp-json\/wp\/v2\/media?parent=39"}],"curies":[{"name":"wp","href":"https:\/\/api.w.org\/{rel}","templated":true}]}}