{"id":37,"date":"2017-11-22T13:49:58","date_gmt":"2017-11-22T13:49:58","guid":{"rendered":"https:\/\/www.ifop.cl\/macrofauna\/?page_id=37"},"modified":"2021-01-15T15:12:22","modified_gmt":"2021-01-15T15:12:22","slug":"coleccion-de-moluscos","status":"publish","type":"page","link":"https:\/\/www.ifop.cl\/macrofauna\/coleccion-de-especies\/coleccion-de-moluscos\/","title":{"rendered":"Colecci\u00f3n de Moluscos"},"content":{"rendered":"<p><b>Mollusca<\/b><\/p>\n<p>Es uno de los grupos de animales m\u00e1s diversos en el planeta, entre ellos hay caracoles, pulpos, calamares, almejas, abalones, ostras, lapas y chitones entre otros. Est\u00e1n presentes en casi todos los ecosistemas en el mundo, monta\u00f1as, cuerpos de agua dulces (lagos, lagunas, r\u00edos) y en el mar, a grandes altura y profundidades.<\/p>\n<p>A pesar de su asombrosa diversidad, los moluscos comparten algunas caracter\u00edsticas \u00fanicas que definen su cuerpo. El cuerpo tiene una cabeza, un pie y masa visceral. Todo esto es cubierto con un manto, que normalmente segrega la concha. En algunos grupos, como las babosas y pulpos, el manto est\u00e1 en segundo lugar perdido, mientras que en otros, se utiliza para otras actividades, tales como la respiraci\u00f3n. En la parte anterior (cabeza) se encuentra la cavidad bucal, la que contiene la r\u00e1dula (ausente en bivalvos) es una cinta de dientes que utilizan para la alimentaci\u00f3n. El pie ventral es utilizado en la locomoci\u00f3n.<\/p>\n<p>En Chile Valdovinos (1999) se\u00f1ala la presencia de 1.245 especies, pertenecientes a 229 familias, cuya descripci\u00f3n ha sido el resultado del trabajo de tax\u00f3nomos nacionales y extranjeros.<\/p>\n","protected":false},"excerpt":{"rendered":"<p>Mollusca Es uno de los grupos de animales m\u00e1s diversos en el planeta, entre ellos hay caracoles, pulpos, calamares, almejas, abalones, ostras, lapas y chitones entre otros. Est\u00e1n presentes en casi todos los ecosistemas en el mundo, monta\u00f1as, cuerpos de agua dulces (lagos, lagunas, r\u00edos) y en el mar, a grandes altura y profundidades. A pesar de su asombrosa diversidad, los moluscos comparten algunas caracter\u00edsticas \u00fanicas que definen su cuerpo. El cuerpo tiene una cabeza, un pie y masa visceral. Todo esto es cubierto con un manto, que normalmente segrega la concha. En algunos grupos, como las babosas y pulpos, [&hellip;]<\/p>\n","protected":false},"author":1,"featured_media":0,"parent":39,"menu_order":1,"comment_status":"closed","ping_status":"closed","template":"plantilla_dendograma_moluscos.php","meta":{"footnotes":""},"class_list":["post-37","page","type-page","status-publish","hentry"],"_links":{"self":[{"href":"https:\/\/www.ifop.cl\/macrofauna\/wp-json\/wp\/v2\/pages\/37"}],"collection":[{"href":"https:\/\/www.ifop.cl\/macrofauna\/wp-json\/wp\/v2\/pages"}],"about":[{"href":"https:\/\/www.ifop.cl\/macrofauna\/wp-json\/wp\/v2\/types\/page"}],"author":[{"embeddable":true,"href":"https:\/\/www.ifop.cl\/macrofauna\/wp-json\/wp\/v2\/users\/1"}],"replies":[{"embeddable":true,"href":"https:\/\/www.ifop.cl\/macrofauna\/wp-json\/wp\/v2\/comments?post=37"}],"version-history":[{"count":25,"href":"https:\/\/www.ifop.cl\/macrofauna\/wp-json\/wp\/v2\/pages\/37\/revisions"}],"predecessor-version":[{"id":764,"href":"https:\/\/www.ifop.cl\/macrofauna\/wp-json\/wp\/v2\/pages\/37\/revisions\/764"}],"up":[{"embeddable":true,"href":"https:\/\/www.ifop.cl\/macrofauna\/wp-json\/wp\/v2\/pages\/39"}],"wp:attachment":[{"href":"https:\/\/www.ifop.cl\/macrofauna\/wp-json\/wp\/v2\/media?parent=37"}],"curies":[{"name":"wp","href":"https:\/\/api.w.org\/{rel}","templated":true}]}}