{"id":3384,"date":"2025-08-14T14:23:00","date_gmt":"2025-08-14T14:23:00","guid":{"rendered":"https:\/\/www.ifop.cl\/macrofauna\/?page_id=3384"},"modified":"2025-08-20T16:51:11","modified_gmt":"2025-08-20T16:51:11","slug":"presencia-de-especies-de-macrofauna-en-las-localidades-muestreadas","status":"publish","type":"page","link":"https:\/\/www.ifop.cl\/macrofauna\/webmaps\/presencia-de-especies-de-macrofauna-en-las-localidades-muestreadas\/","title":{"rendered":"Presencia de especies de macrofauna en las localidades muestreadas"},"content":{"rendered":"<p>La informaci\u00f3n que se entrega en esta secci\u00f3n, corresponde a la georeferenciaci\u00f3n de la macroinfauna recolectada en monitoreos desarrollados por IFOP en el proyecto \u201cESTUDIO SEGUIMIENTO DEL DESEMPE\u00d1O AMBIENTAL DE LA ACUICULTURA EN CHILE Y SU EFECTO EN LOS ECOSISTEMAS DE EMPLAZAMIENTO&#8221;, monitoreo que se ha ejecutado desde el a\u00f1o 2012 a la fecha.\u00a0 <\/p>\n<p>Se entrega la presencia de las especies visualizadas a trav\u00e9s de mapas, a\u00f1os en la que estuvo presente, zona donde fue encontrada y la abundancia relativa calculada.\u00a0<\/p>\n<p>Las especies que presentan georeferenciaci\u00f3n son las que han sido identificadas y recopiladas en nuestros monitoreos.<\/p>\n","protected":false},"excerpt":{"rendered":"<p>La informaci\u00f3n que se entrega en esta secci\u00f3n, corresponde a la georeferenciaci\u00f3n de la macroinfauna recolectada en monitoreos desarrollados por IFOP en el proyecto \u201cESTUDIO SEGUIMIENTO DEL DESEMPE\u00d1O AMBIENTAL DE LA ACUICULTURA EN CHILE Y SU EFECTO EN LOS ECOSISTEMAS DE EMPLAZAMIENTO&#8221;, monitoreo que se ha ejecutado desde el a\u00f1o 2012 a la fecha.\u00a0 Se entrega la presencia de las especies visualizadas a trav\u00e9s de mapas, a\u00f1os en la que estuvo presente, zona donde fue encontrada y la abundancia relativa calculada.\u00a0 Las especies que presentan georeferenciaci\u00f3n son las que han sido identificadas y recopiladas en nuestros monitoreos.<\/p>\n","protected":false},"author":1,"featured_media":0,"parent":3381,"menu_order":0,"comment_status":"closed","ping_status":"closed","template":"plantilla-macrofauna_mapa_abundancia_relativa.php","meta":{"footnotes":""},"class_list":["post-3384","page","type-page","status-publish","hentry"],"_links":{"self":[{"href":"https:\/\/www.ifop.cl\/macrofauna\/wp-json\/wp\/v2\/pages\/3384"}],"collection":[{"href":"https:\/\/www.ifop.cl\/macrofauna\/wp-json\/wp\/v2\/pages"}],"about":[{"href":"https:\/\/www.ifop.cl\/macrofauna\/wp-json\/wp\/v2\/types\/page"}],"author":[{"embeddable":true,"href":"https:\/\/www.ifop.cl\/macrofauna\/wp-json\/wp\/v2\/users\/1"}],"replies":[{"embeddable":true,"href":"https:\/\/www.ifop.cl\/macrofauna\/wp-json\/wp\/v2\/comments?post=3384"}],"version-history":[{"count":5,"href":"https:\/\/www.ifop.cl\/macrofauna\/wp-json\/wp\/v2\/pages\/3384\/revisions"}],"predecessor-version":[{"id":3390,"href":"https:\/\/www.ifop.cl\/macrofauna\/wp-json\/wp\/v2\/pages\/3384\/revisions\/3390"}],"up":[{"embeddable":true,"href":"https:\/\/www.ifop.cl\/macrofauna\/wp-json\/wp\/v2\/pages\/3381"}],"wp:attachment":[{"href":"https:\/\/www.ifop.cl\/macrofauna\/wp-json\/wp\/v2\/media?parent=3384"}],"curies":[{"name":"wp","href":"https:\/\/api.w.org\/{rel}","templated":true}]}}