{"id":200,"date":"2019-09-11T10:27:27","date_gmt":"2019-09-11T10:27:27","guid":{"rendered":"https:\/\/www.ifop.cl\/macrofauna\/?page_id=200"},"modified":"2025-06-03T16:25:21","modified_gmt":"2025-06-03T16:25:21","slug":"nota-legal","status":"publish","type":"page","link":"https:\/\/www.ifop.cl\/macrofauna\/nota-legal\/","title":{"rendered":"Nota Legal"},"content":{"rendered":"<p>Declaraci\u00f3n de privacidad<\/p>\n<p>IFOP agradece su inter\u00e9s y su visita a nuestra p\u00e1gina Web. Su privacidad es importante para nosotros y deseamos que se sienta seguro visitando nuestra p\u00e1gina. La protecci\u00f3n de su intimidad en relaci\u00f3n con el tratamiento de sus datos personales es un aspecto importante, que tenemos en cuenta en todos nuestros procedimientos inform\u00e1ticos. Mientras visita nuestra Website se le solicitar\u00e1 que nos facilite datos e informaci\u00f3n personal. Es Ud. completamente libre de entregarnos, si as\u00ed lo decide, la informaci\u00f3n solicitada. Si Ud. nos entrega la informaci\u00f3n solicitada, \u00e9sta ser\u00e1 tratada confidencialmente de acuerdo con la Ley vigente.<br \/>\nCopyrights<\/p>\n<p>Copyright 2009 IFOP todos los derechos reservados. El texto, im\u00e1genes, gr\u00e1ficos, ficheros de sonido, ficheros de animaci\u00f3n, ficheros de v\u00eddeo y su dise\u00f1o en la p\u00e1gina Web de IFOP son sujeto de Copyright y de protecci\u00f3n de la propiedad intelectual. Todos estos objetos no podr\u00e1n ser v\u00e1lida y leg\u00edtimamente copiados o distribuidos para uso comercial, ni podr\u00e1n ser modificados o insertados en otras p\u00e1ginas Web. La p\u00e1gina Web de IFOP en Chile puede contener igualmente im\u00e1genes y\/o textos cuyo Copyright pertenezca a terceras personas.<\/p>\n","protected":false},"excerpt":{"rendered":"<p>Declaraci\u00f3n de privacidad IFOP agradece su inter\u00e9s y su visita a nuestra p\u00e1gina Web. Su privacidad es importante para nosotros y deseamos que se sienta seguro visitando nuestra p\u00e1gina. La protecci\u00f3n de su intimidad en relaci\u00f3n con el tratamiento de sus datos personales es un aspecto importante, que tenemos en cuenta en todos nuestros procedimientos inform\u00e1ticos. Mientras visita nuestra Website se le solicitar\u00e1 que nos facilite datos e informaci\u00f3n personal. Es Ud. completamente libre de entregarnos, si as\u00ed lo decide, la informaci\u00f3n solicitada. Si Ud. nos entrega la informaci\u00f3n solicitada, \u00e9sta ser\u00e1 tratada confidencialmente de acuerdo con la Ley vigente. [&hellip;]<\/p>\n","protected":false},"author":1,"featured_media":0,"parent":0,"menu_order":0,"comment_status":"closed","ping_status":"closed","template":"plantilla-minisitio_contenido.php","meta":{"footnotes":""},"class_list":["post-200","page","type-page","status-publish","hentry"],"_links":{"self":[{"href":"https:\/\/www.ifop.cl\/macrofauna\/wp-json\/wp\/v2\/pages\/200"}],"collection":[{"href":"https:\/\/www.ifop.cl\/macrofauna\/wp-json\/wp\/v2\/pages"}],"about":[{"href":"https:\/\/www.ifop.cl\/macrofauna\/wp-json\/wp\/v2\/types\/page"}],"author":[{"embeddable":true,"href":"https:\/\/www.ifop.cl\/macrofauna\/wp-json\/wp\/v2\/users\/1"}],"replies":[{"embeddable":true,"href":"https:\/\/www.ifop.cl\/macrofauna\/wp-json\/wp\/v2\/comments?post=200"}],"version-history":[{"count":1,"href":"https:\/\/www.ifop.cl\/macrofauna\/wp-json\/wp\/v2\/pages\/200\/revisions"}],"predecessor-version":[{"id":201,"href":"https:\/\/www.ifop.cl\/macrofauna\/wp-json\/wp\/v2\/pages\/200\/revisions\/201"}],"wp:attachment":[{"href":"https:\/\/www.ifop.cl\/macrofauna\/wp-json\/wp\/v2\/media?parent=200"}],"curies":[{"name":"wp","href":"https:\/\/api.w.org\/{rel}","templated":true}]}}