{"id":141,"date":"2017-11-27T15:16:25","date_gmt":"2017-11-27T15:16:25","guid":{"rendered":"https:\/\/www.ifop.cl\/macrofauna\/?page_id=141"},"modified":"2025-06-03T16:23:43","modified_gmt":"2025-06-03T16:23:43","slug":"difusion","status":"publish","type":"page","link":"https:\/\/www.ifop.cl\/macrofauna\/difusion\/","title":{"rendered":"Difusi\u00f3n"},"content":{"rendered":"<p>Todas las actividades relacionadas a cursos de taxonom\u00eda de macrobentos, talleres y seminarios que el Departamento de Medio Ambiente, de la Divisi\u00f3n Investigaci\u00f3n en Acuicultura del Instituto de Fomento Pesquero (IFOP) organice, estar\u00e1n dispuestas en este sitio.<\/p>\n","protected":false},"excerpt":{"rendered":"<p>Todas las actividades relacionadas a cursos de taxonom\u00eda de macrobentos, talleres y seminarios que el Departamento de Medio Ambiente, de la Divisi\u00f3n Investigaci\u00f3n en Acuicultura del Instituto de Fomento Pesquero (IFOP) organice, estar\u00e1n dispuestas en este sitio.<\/p>\n","protected":false},"author":1,"featured_media":0,"parent":0,"menu_order":0,"comment_status":"closed","ping_status":"closed","template":"plantilla-minisitio_contenido.php","meta":{"footnotes":""},"class_list":["post-141","page","type-page","status-publish","hentry"],"_links":{"self":[{"href":"https:\/\/www.ifop.cl\/macrofauna\/wp-json\/wp\/v2\/pages\/141"}],"collection":[{"href":"https:\/\/www.ifop.cl\/macrofauna\/wp-json\/wp\/v2\/pages"}],"about":[{"href":"https:\/\/www.ifop.cl\/macrofauna\/wp-json\/wp\/v2\/types\/page"}],"author":[{"embeddable":true,"href":"https:\/\/www.ifop.cl\/macrofauna\/wp-json\/wp\/v2\/users\/1"}],"replies":[{"embeddable":true,"href":"https:\/\/www.ifop.cl\/macrofauna\/wp-json\/wp\/v2\/comments?post=141"}],"version-history":[{"count":2,"href":"https:\/\/www.ifop.cl\/macrofauna\/wp-json\/wp\/v2\/pages\/141\/revisions"}],"predecessor-version":[{"id":2490,"href":"https:\/\/www.ifop.cl\/macrofauna\/wp-json\/wp\/v2\/pages\/141\/revisions\/2490"}],"wp:attachment":[{"href":"https:\/\/www.ifop.cl\/macrofauna\/wp-json\/wp\/v2\/media?parent=141"}],"curies":[{"name":"wp","href":"https:\/\/api.w.org\/{rel}","templated":true}]}}