{"id":123,"date":"2017-11-24T14:39:23","date_gmt":"2017-11-24T14:39:23","guid":{"rendered":"https:\/\/www.ifop.cl\/macrofauna\/?page_id=123"},"modified":"2025-06-03T16:46:23","modified_gmt":"2025-06-03T16:46:23","slug":"bioindicadores","status":"publish","type":"page","link":"https:\/\/www.ifop.cl\/macrofauna\/coleccion-de-especies\/bioindicadores\/","title":{"rendered":"Bioindicadores"},"content":{"rendered":"<p>Numerosos estudios indican que las actividades de cultivo interfieren en alguna medida con el medio ambiente, alterando algunas variables, provocando disminuci\u00f3n de ox\u00edgeno disuelto, incremento en los nutrientes disueltos, materia org\u00e1nica particulada suspendida y sedimentaci\u00f3n org\u00e1nica, lo cual se traduce en cambios en el h\u00e1bitat y las comunidades bent\u00f3nicas (Burd, 1997).<\/p>\n<p>Las especies al habitar en la interfase agua-sedimento y presentar una movilidad muy limitada, no pueden evitar la exposici\u00f3n a sustancias contaminantes, convirtiendo por ello a determinadas especies bent\u00f3nicas en buenas indicadoras frente a la presencia de diversos agentes contaminantes.<\/p>\n<figure style=\"width: 250px\" class=\"wp-caption alignright\"><a href=\"https:\/\/www.ifop.cl\/wp-content\/contenidos\/uploads\/minisitios\/macrofauna2025\/imgs\/nassarius_gayi.jpg\" rel=\"123\"><img loading=\"lazy\" decoding=\"async\" src=\"https:\/\/www.ifop.cl\/wp-content\/contenidos\/uploads\/minisitios\/macrofauna2025\/imgs\/nassarius_gayi.jpg\" alt=\"\" width=\"250\" height=\"188\" \/><\/a><figcaption class=\"wp-caption-text\"><em>Nassarius gayii<\/em><\/figcaption><\/figure>\n<p>Se define como un indicador biol\u00f3gico de contaminaci\u00f3n a aquel ser vivo que refleja los cambios en la calidad de su ambiente o entorno, siendo un factor integrativo de dichos cambios (De la Lanza <em>et al.<\/em>, 2000). Se ha observado frecuentemente que los poliquetos de las familias<em> Capitellidae, Spionidae y Cirratulidae<\/em> est\u00e1n presentes en sectores con distintos grados de contaminaci\u00f3n org\u00e1nica producto de las descargas dom\u00e9sticas (M\u00e9ndez, 2002). Recientemente, se han propuesto a peque\u00f1os crust\u00e1ceos que se asocian naturalmente a sustratos blandos del tipo arenoso-fangoso y moluscos de la clase Gastr\u00f3poda y bivalvia de las familias <em>Nuculanidae<\/em> y <em>Nassaridae<\/em>.<\/p>\n<p>Por esta propiedad de indicador del estado ambiental, el Reglamento Ambiental para la Acuicultura (RAMA) considera la macroinfauna bent\u00f3nica en la Res. Ex. N\u00ba 3411\/06, indicando que es una de las variables que debe ser informada y donde la identificaci\u00f3n debe llegar al nivel m\u00e1s bajo posible, para el caso de las familias <em>Capitelliidae, Cirratulidae y Nassaridae<\/em>, es obligatorio que la determinaci\u00f3n sea, como m\u00ednimo, a nivel de g\u00e9nero. Adem\u00e1s se debe analizar la estructura de la comunidad a trav\u00e9s de los par\u00e1metros ecol\u00f3gicos: diversidad (Shannon-Wiener, H\u00b4), dominancia (J) y uniformidad (E).<\/p>\n<p>La familia <em>Capitellidae <\/em>se encuentra ampliamente distribuida en el mundo, puede alcanzar densidades mayores a 50.000 individuos por metro cuadrado en lugares org\u00e1nicamente enriquecidos como los son lugares cercanos a balsas de cultivo (Chareonpanich et al., 1994). Son un grupo com\u00fan en los estudios bent\u00f3nicos de fondos blandos. Es considerada una especie oportunista y se caracteriza por un ciclo de vida corto, alrededor de 1 a\u00f1o.<em> Capitella capitata, Capitella sp, Mediomastus sp.<\/em> son sus representantes mas conocidos.<\/p>\n<figure style=\"width: 250px\" class=\"wp-caption alignright\"><a href=\"https:\/\/www.ifop.cl\/wp-content\/contenidos\/uploads\/minisitios\/macrofauna2025\/imgs\/tharyx_longis_lo.jpg\" rel=\"123\"><img loading=\"lazy\" decoding=\"async\" src=\"https:\/\/www.ifop.cl\/wp-content\/contenidos\/uploads\/minisitios\/macrofauna2025\/imgs\/tharyx_longis_lo.jpg\" alt=\"\" width=\"250\" height=\"188\" \/><\/a><figcaption class=\"wp-caption-text\"><em>Apelochaeta longisetosa<\/em><\/figcaption><\/figure>\n<p>La Familia <em>Cirratulidae<\/em> presenta integrantes de compleja taxonom\u00eda, ha sido objeto de numerosas revisiones cient\u00edficas. Entre \u00e9stas, destacamos la efectuada por Blake (1991). Bas\u00e1ndose en diversos aspectos anat\u00f3micos, este autor coloca varias especies incluidas hasta entonces en el g\u00e9nero <em>Tharyx<\/em>, dentro de los g\u00e9neros<em> Tharyx, Kirkegaardia y Aphelochaeta<\/em>. Desde el punto de vista tr\u00f3fico, estos poliquetos poseen palpos y numerosos tent\u00e1culos dispuestos a lo largo del cuerpo con los que capturan de la capa superficial del sedimento el alimento necesario para su supervivencia, tambi\u00e9n son considerados indicadores de contaminaci\u00f3n por vivir en lugares con alto enriquecimiento org\u00e1nico. <em>Tharyx longisetosa, Cirratulus cirratus, Chaetozone setosa<\/em> y <em>Cirriformia sp.<\/em> son algunas de las especies pertenecientes a esta familia que encontramos citadas para Chile.<\/p>\n<p>Los gastr\u00f3podos de la familia <em>Nassaridae<\/em> son importantes en los fondos submareales arenosos o fangosos por su abundancia, son especies carro\u00f1eras y soportan altas cargas de materia org\u00e1nica. Por lo cual se les utiliza como indicadores de contaminaci\u00f3n.<em> Nassarius gayii<\/em> <em>, Nassarius coppingeri y Nassarius dentifer<\/em> son representantes de esta familia.<\/p>\n","protected":false},"excerpt":{"rendered":"<p>Numerosos estudios indican que las actividades de cultivo interfieren en alguna medida con el medio ambiente, alterando algunas variables, provocando disminuci\u00f3n de ox\u00edgeno disuelto, incremento en los nutrientes disueltos, materia org\u00e1nica particulada suspendida y sedimentaci\u00f3n org\u00e1nica, lo cual se traduce en cambios en el h\u00e1bitat y las comunidades bent\u00f3nicas (Burd, 1997). Las especies al habitar en la interfase agua-sedimento y presentar una movilidad muy limitada, no pueden evitar la exposici\u00f3n a sustancias contaminantes, convirtiendo por ello a determinadas especies bent\u00f3nicas en buenas indicadoras frente a la presencia de diversos agentes contaminantes. Se define como un indicador biol\u00f3gico de contaminaci\u00f3n a [&hellip;]<\/p>\n","protected":false},"author":1,"featured_media":0,"parent":39,"menu_order":12,"comment_status":"closed","ping_status":"closed","template":"plantilla-minisitio_contenido.php","meta":{"footnotes":""},"class_list":["post-123","page","type-page","status-publish","hentry"],"_links":{"self":[{"href":"https:\/\/www.ifop.cl\/macrofauna\/wp-json\/wp\/v2\/pages\/123"}],"collection":[{"href":"https:\/\/www.ifop.cl\/macrofauna\/wp-json\/wp\/v2\/pages"}],"about":[{"href":"https:\/\/www.ifop.cl\/macrofauna\/wp-json\/wp\/v2\/types\/page"}],"author":[{"embeddable":true,"href":"https:\/\/www.ifop.cl\/macrofauna\/wp-json\/wp\/v2\/users\/1"}],"replies":[{"embeddable":true,"href":"https:\/\/www.ifop.cl\/macrofauna\/wp-json\/wp\/v2\/comments?post=123"}],"version-history":[{"count":8,"href":"https:\/\/www.ifop.cl\/macrofauna\/wp-json\/wp\/v2\/pages\/123\/revisions"}],"predecessor-version":[{"id":3355,"href":"https:\/\/www.ifop.cl\/macrofauna\/wp-json\/wp\/v2\/pages\/123\/revisions\/3355"}],"up":[{"embeddable":true,"href":"https:\/\/www.ifop.cl\/macrofauna\/wp-json\/wp\/v2\/pages\/39"}],"wp:attachment":[{"href":"https:\/\/www.ifop.cl\/macrofauna\/wp-json\/wp\/v2\/media?parent=123"}],"curies":[{"name":"wp","href":"https:\/\/api.w.org\/{rel}","templated":true}]}}