{"id":118,"date":"2017-11-24T14:24:26","date_gmt":"2017-11-24T14:24:26","guid":{"rendered":"https:\/\/www.ifop.cl\/macrofauna\/?page_id=118"},"modified":"2025-06-03T16:24:41","modified_gmt":"2025-06-03T16:24:41","slug":"claves-taxonomicas","status":"publish","type":"page","link":"https:\/\/www.ifop.cl\/macrofauna\/coleccion-de-especies\/claves-taxonomicas\/","title":{"rendered":"Claves taxon\u00f3micas"},"content":{"rendered":"<p>La Taxonom\u00eda (del griego &#8220;taxis&#8221; que significa, &#8220;ordenamiento&#8221;, y &#8220;nomos&#8221; que significa &#8220;norma o regla&#8221;) es la ciencia que trata de los principios, m\u00e9todos y fines de la clasificaci\u00f3n. Se aplica en particular, dentro de la biolog\u00eda, para la ordenaci\u00f3n jerarquizada y sistem\u00e1tica, con sus nombres, de los grupos de animales y de vegetales (www.rae.es).<br \/>\nLa finalidad de la taxonom\u00eda es presentar un sistema de clasificaci\u00f3n que agrupe a toda la diversidad de organismos en unidades discretas dentro de un sistema estable. Este sistema de clasificaci\u00f3n permite trabajar a los investigadores con los principales taxones como son: especie, g\u00e9nero, familia, orden, clase, filo y reino. La especie es la categor\u00eda m\u00e1s peque\u00f1a de un reino y es la base sobre la cual se construyen las dem\u00e1s categor\u00edas. Dos o m\u00e1s especies que muestran relaciones muy cercanas constituyen una categor\u00eda m\u00e1s amplia que se denomina g\u00e9nero y varios g\u00e9neros con caracter\u00edsticas comunes constituyen una familia. A su vez, varias familias emparentadas constituyen un orden; varios \u00f3rdenes una clase y varias clases forman un filo, y varios filo conforman el reino.<br \/>\nPara descubrir a qu\u00e9 grupo pertenece un organismo, dentro de una clasificaci\u00f3n se usan las claves taxon\u00f3micas, las que pueden ser dicot\u00f3micas. El t\u00e9rmino dicot\u00f3mico significa \u201cdivisi\u00f3n en dos partes\u201d, est\u00e1n basadas en preguntas sobre la presencia de una cierta caracter\u00edstica y dependiendo de la respuesta positiva o negativa, se avanza desde niveles de clasificaci\u00f3n altos hacia los m\u00e1s bajos, pudiendo llegar a familia o especie.<\/p>\n<div class=\"panel panel-default\">\n<div class=\"panel-body\">\n<h4>Claves Moluscos<\/h4>\n<ul>\n<li><b>CLAVE PARA GASTROPODA<\/b><\/li>\n<li><b>CLAVE PARA LA IDENTIFICACI\u00d3N DE LOS POLIPLACOFOROS LITORALES DE CHILE CENTRAL (MOLLUSCA: POLYPLACOPHORA)<\/b><\/li>\n<li><b>CLAVE PARA ESPECIES DE MITILIDOS DE CHILE<\/b><\/li>\n<li><b>CLAVE PARA LAS CLASES DE MOLUSCOS<\/b><\/li>\n<li><b>CLAVE PARA GENEROS DE SCAPHOPODA<\/b><\/li>\n<li><b>CLAVE PARA GENEROS DE CEPHALOPODA<\/b><\/li>\n<li><b>CLAVE PARA FAMILIAS Y ALGUNOS G\u00c9NEROS DE GASTROPODA PROSOBRANQUIOS CHILENOS<\/b><\/li>\n<\/ul>\n<\/div>\n<\/div>\n<div class=\"panel panel-default\">\n<div class=\"panel-body\">\n<h4>Claves Crust\u00e1ceos<\/h4>\n<ul>\n<li><b>CLAVE PARA DETERMINAR TAXON\u00d3MICAMENTE JAIBAS O PANCORAS COMUNES EN PESCAS COMERCIALES EN CHILE <\/b>(Crustacea: Decapoda: Brachyura) (Universidad Austral de Chile, Facultad de Ciencias, Instituto de Zoolog\u00eda, Curso: ZOLL-204, Carlos Jara)<\/li>\n<li><b>CLAVES PARA EL RECONOCIMIENTO DE CRUSTACEOS MARINOS DE CHILE<\/b> (Universidad Austral de Chile, Facultad de Ciencias, Instituto de Zoolog\u00eda, Curso: ZOLL-204, Carlos Jara)<\/li>\n<li><b>Clave para especies chilenas de Pinnixa<\/b> (traducido\u2026 del \u201cThe Crustacea Decapoda Brachyura of Chile\u201d, John S. Garth, 1957)<\/li>\n<li><b>VALVIFERA<\/b> (The Zoogeography, ecology, and Systematics of the Chilean Marine Isopods, Robert James Menzies, 1962)<\/li>\n<li><b>CLAVE PARA DETERMINAR TAXON\u00d3MICAMENTE LAS ESPECIES CHILENAS DE PORCELLANIDAE (CRUSTACEA: DECAPODA: ANOMURA) <\/b>(Universidad Austral de Chile, Facultad de Ciencias, Instituto de Zoolog\u00eda, Curso: ZOLL-204, Carlos Jara)<\/li>\n<li><b>CLAVE PARA EL SUBORDEN AMPHIPODA<\/b> (After Kunkel, 1918)<\/li>\n<li><b>CLAVE PARA DETERMINAR LAS ESPECIES MAS COMUNES DE MACRURA CHILENOS<\/b> (Universidad Austral de Chile, Facultad de Ciencias, Instituto de Zoolog\u00eda, Curso: ZOLL-204, Carlos Jara)<\/li>\n<li><b>CLAVE TAXON\u00d3MICA PARA MARINOS IS\u00d3PODOS ENCONTRADOS EN PLAYAS ARENOSAS EN SUR DE CHILE <\/b>(traducida del texto Jaramillo, 1982)<\/li>\n<li><b>Clave para la determinaci\u00f3n taxon\u00f3mica de los capr\u00e9lidos de la costa de Coquimbo, Chile<\/b> (Guerra-Garc\u00eda &amp; Thiel, 2001)<\/li>\n<li><b>CLAVE PARA DETERMINAR TAXONOMICAMENTE LAS ESPECIES MAS COMUNES DE ANOMUROS MARINOS CHILENOS, EXCEPTO PORCELLANIDOS<\/b> (Universidad Austral de Chile, Facultad de Ciencias, Instituto de Zoolog\u00eda, Curso: ZOLL-204, Carlos Jara)<\/li>\n<\/ul>\n<\/div>\n<\/div>\n<div class=\"panel panel-default\">\n<div class=\"panel-body\">\n<h4>Claves Poliquetos<\/h4>\n<ul>\n<li><b>CLAVE PARA LOS G\u00c9NEROS DE NEREIDAE<\/b> (Rozbaczylo &amp; Bolados, 1980)<\/li>\n<li><b>CLAVE G\u00c9NEROS DE FAMILIA CIRRATULIDAE (CARUS, 1863)<\/b> (traducido de The Polychaeta Worms, Fauchald, 1977)<\/li>\n<li><b>CLAVE PARA LAS ESPECIES PSEUDONEREIS (KINBERG)<\/b> (Rozbaczylo &amp; Bolados, 1980)<\/li>\n<li><b>LOS POLIQUETOS <\/b>&#8211; Definiciones y claves para \u00d3rdenes, Familias y Genera. Por Kristian Fauchald<\/li>\n<\/ul>\n<\/div>\n<p>Si usted requiere informaci\u00f3n, no dude en contactarnos.<\/p>\n<\/div>\n","protected":false},"excerpt":{"rendered":"<p>La Taxonom\u00eda (del griego &#8220;taxis&#8221; que significa, &#8220;ordenamiento&#8221;, y &#8220;nomos&#8221; que significa &#8220;norma o regla&#8221;) es la ciencia que trata de los principios, m\u00e9todos y fines de la clasificaci\u00f3n. Se aplica en particular, dentro de la biolog\u00eda, para la ordenaci\u00f3n jerarquizada y sistem\u00e1tica, con sus nombres, de los grupos de animales y de vegetales (www.rae.es). La finalidad de la taxonom\u00eda es presentar un sistema de clasificaci\u00f3n que agrupe a toda la diversidad de organismos en unidades discretas dentro de un sistema estable. Este sistema de clasificaci\u00f3n permite trabajar a los investigadores con los principales taxones como son: especie, g\u00e9nero, familia, [&hellip;]<\/p>\n","protected":false},"author":1,"featured_media":0,"parent":39,"menu_order":11,"comment_status":"closed","ping_status":"closed","template":"plantilla-minisitio_contenido.php","meta":{"footnotes":""},"class_list":["post-118","page","type-page","status-publish","hentry"],"_links":{"self":[{"href":"https:\/\/www.ifop.cl\/macrofauna\/wp-json\/wp\/v2\/pages\/118"}],"collection":[{"href":"https:\/\/www.ifop.cl\/macrofauna\/wp-json\/wp\/v2\/pages"}],"about":[{"href":"https:\/\/www.ifop.cl\/macrofauna\/wp-json\/wp\/v2\/types\/page"}],"author":[{"embeddable":true,"href":"https:\/\/www.ifop.cl\/macrofauna\/wp-json\/wp\/v2\/users\/1"}],"replies":[{"embeddable":true,"href":"https:\/\/www.ifop.cl\/macrofauna\/wp-json\/wp\/v2\/comments?post=118"}],"version-history":[{"count":16,"href":"https:\/\/www.ifop.cl\/macrofauna\/wp-json\/wp\/v2\/pages\/118\/revisions"}],"predecessor-version":[{"id":511,"href":"https:\/\/www.ifop.cl\/macrofauna\/wp-json\/wp\/v2\/pages\/118\/revisions\/511"}],"up":[{"embeddable":true,"href":"https:\/\/www.ifop.cl\/macrofauna\/wp-json\/wp\/v2\/pages\/39"}],"wp:attachment":[{"href":"https:\/\/www.ifop.cl\/macrofauna\/wp-json\/wp\/v2\/media?parent=118"}],"curies":[{"name":"wp","href":"https:\/\/api.w.org\/{rel}","templated":true}]}}