{"id":111,"date":"2017-11-24T14:09:43","date_gmt":"2017-11-24T14:09:43","guid":{"rendered":"https:\/\/www.ifop.cl\/macrofauna\/?page_id=111"},"modified":"2025-06-03T16:24:13","modified_gmt":"2025-06-03T16:24:13","slug":"bibliografia-temas-generales","status":"publish","type":"page","link":"https:\/\/www.ifop.cl\/macrofauna\/coleccion-de-especies\/bibliografia-temas-generales\/","title":{"rendered":"Bibliograf\u00eda temas generales"},"content":{"rendered":"<p><b>MACROFAUNA Y MEIOFAUNA EN GENERAL<\/b><\/p>\n<ol start=\"1\">\n<li><b><span lang=\"en-US\">ARROYO<\/span><\/b><span lang=\"en-US\"><b>, N., AARNIO, K., &amp; E. BONSDORFF.<\/b><\/span>\u00a0<span lang=\"en-GB\">2006. rifting algae as a means of Re-Colonizing Defaunated Sediments in the Baltic Sea.<\/span> A Short-Term Microcosm Study. Hydrobiologia. 554: 83-95.<\/li>\n<li><b>\u00c1VILA-SERRANO, G., FLESSA, K., T\u00c9LLEZ-DUARTE, M., &amp; C. CINTRA-BUENROSTRO.<\/b>\u00a02006. Distribuci\u00f3n de la macrofauna intermareal del delta del R\u00edo Colorado, Norte del Golfo de California, M\u00e9xico. Ciencias Marinas. 32 (4): 649-661.<\/li>\n<li><b>BERTR\u00c1N, C., VARGAS, L., PE\u00d1A, F., MULSOW, S., TAPIA, J., HAUENSTEIN, E., SCHLATTER, R., &amp; A. BRAVO. 2006.<\/b>\u00a0Macrofauna bent\u00f3nica de los humedales de tres lagos salinos en el borde costero del sur de Chile. Ciencias Marinas. 32(3): 589-596.<\/li>\n<li><b><span lang=\"en-US\">COE<\/span><\/b><span lang=\"en-US\"><b>, M., DETWILER, P., HARRINGTON, L., &amp; D. DEXTER.<\/b><\/span>\u00a0 2000. Salton Sea Symposium.<\/li>\n<li><b>CROTHERS, J.<\/b>\u00a01997. A key to the major gr<span lang=\"en-GB\">oups of British Marine Invertebrates. Field Studies, 9, Pp. 1-177.<\/span><\/li>\n<li><b><span lang=\"en-US\">FERRARO<\/span><\/b><span lang=\"en-US\"><b>, S., &amp; F. COLE.<\/b>.<\/span> <span lang=\"en-GB\">Benthic macrofauna \u2013 habitat associations in Willapa Bay, Washington, Usa. Estuarine, Coastal and Shelf Science,<\/span> <span lang=\"en-US\">2007.<\/span> <span lang=\"en-GB\">71: 491-507.<\/span><\/li>\n<li><b>L\u00d3PEZ-JAMAR, E., &amp; J. MEJUTO.<\/b>\u00a01985. Bentos infaunal en la zona submareal de la R\u00eda de\u00a0la Coru\u00f1a. I. Estructura y distribuci\u00f3n espacial de las comunidades. Bol. Inst. Esp. Oceanog.. 2(3): 99-109.<\/li>\n<li><b>MAZZOLA, A.<\/b>\u00a0 2004. Caso di studio. La meiofauna come descrittore d`Impacto. Gruppo di Recerca in Biolog\u00eda e Risorse Marine, Palermo, Italia.<\/li>\n<li><b>MORALES, G., &amp; M. ALFARO.<\/b>\u00a02007. Caracterizaci\u00f3n temporal y espacial de la macroinfauna b\u00e9ntica tropical alrededor de jaulas sumergidas para el cultivo de peces en mar abierto. 58th Gulf and Caribbean Fisheries Institute. Pp. 173-178.<\/li>\n<li><b><span lang=\"en-GB\">SMITH<\/span><\/b><span lang=\"en-GB\"><b>, R.<\/b><\/span>\u00a01964.\u00a0<span lang=\"en-GB\">Keys to marine invertebrates of the Woods Hole Region. Contribution N\u00ba11 \/Systematics-Ecology Program, Mbl.<\/span><\/li>\n<li><b><span lang=\"en-GB\">YOUNG<\/span><\/b><span lang=\"en-GB\"><b>, C., SEWELL, M. &amp; M. RICE. <\/b>2006.<\/span>\u00a0<span lang=\"en-GB\">Atlas of marine invertebrate larvae. Academic Press is an Imprint of Elsevier. Pp. 626.<\/span><\/li>\n<li><b>ZAGAL, C., HERMOSILLA, C., &amp; A. RIEDEMANN.<\/b>\u00a02001. Gu\u00eda de Invertebrados Marinos del Litoral Valdiviano. Primera Edici\u00f3n, Santiago Chile. 217 pp.<\/li>\n<\/ol>\n<hr \/>\n<p><b>CALIDAD DE AGUA<\/b><\/p>\n<ol start=\"1\">\n<li><b>CASTA\u00d1EDA, M. del R., HERN\u00c1NDEZ, M., &amp; F. LANGO.<\/b> Calidad De Agua En Cultivos Marinos, Instituto Tecnol\u00f3gico De Boca Del R\u00edo, Argentina.<\/li>\n<li><b>CASTILLA, J. C., URIBE, M., BAHAMONDE, N., CLARKE, M., DESQUEYROUX, R.,\u00a0 KONG, I., MOYANO, H., ROZBACZYLO, N., SANTELICES, B., VALDOVINOS, C.,<\/b><b>\u00a0&amp; P. ZAVALA. <\/b>2005.\u00a0<span lang=\"en-GB\">Down under the southeastern Pacific: Marine non-indigenous species in Chile.<\/span> Biological Invasions. 7 (2). Pp. 213-232.<\/li>\n<li><b>FIGUEROA, R., VALDOVINOS, C., ARAYA, E., &amp; O. PARRA.<\/b>\u00a02003. Macroinvertebrados bent\u00f3nicos como bioindicadores de calidad de agua de r\u00edos del Sur de Chile. <span lang=\"en-GB\">Revista Chilena de Historia Natural. 76. Pp. 191-201.<\/span><\/li>\n<li><b><span lang=\"en-GB\">GIM\u00c9NEZ<\/span><span lang=\"en-GB\">, F.<\/span><\/b>\u00a02000.\u00a0<span lang=\"en-GB\">Bioindicators. Tools for the impact assessment of aquaculture activities on the marine communities.<\/span> <span lang=\"en-GB\">In<\/span><span lang=\"en-GB\">:<\/span> <span lang=\"en-GB\">Environmental impact assessment of Mediterranean aquaculture farms; proceedings of the seminar of the Ciheam network on technology of aquaculture in the Mediterranean (Tecam), Jointly Organized by Ciheam and Fao, Zaragoza (Spain). Pp. 17-21.\u00a0<\/span><\/li>\n<li><b>IBA\u00d1EZ, M., ROMERO, A., SAN VICENTE, C.,&amp; K. ZABALA.<\/b>\u00a01984. La contaminaci\u00f3n marina en Guip\u00fazcoa II: Estudio de los indicadores biol\u00f3gicos de la contaminaci\u00f3n en los sedimentos de las R\u00edas de Urola, Oria y Urumea. Inv. Espac.\u00a0 N\u00ba 7 Pp. 13-21.<\/li>\n<li><b>GRATEROL, H., GONCALVES, L., MEDINA, B., &amp;\u00a0 B. PEREZ.<\/b>\u00a02006.\u00a0<span lang=\"es-ES\">Insectos acu\u00e1ticos como indicadores de calidad del agua<\/span>\u00a0d<span lang=\"es-ES\">el r\u00edo Guacara, Carabobo-Venezuela.<\/span> <span lang=\"en-GB\"><span lang=\"en-GB\">(Aquatic Insects as Bioindicator of Water Quality in Guacara Stream, Carabobo-Venezuela).\u00a0<\/span><\/span>Revista Faraute de Ciencias y\u00a0<span class=\"a\">Tecnolog\u00eda. 1(1):57-67.<\/span><\/li>\n<li><b>LEIVA, M.<\/b>\u00a02004. Macroinvertebrados bent\u00f3nicos como bioindicadores de calidad de agua en la cuenca del estero Peu Peu, Comuna de Lautaro IX Regi\u00f3n de La Araucan\u00eda. Trabajo de titulaci\u00f3n (licenciado en Recursos Naturales). Temuco, Chile: Universidad Cat\u00f3lica de Temuco, Facultad De Ciencias. 94 Pp.<\/li>\n<li><b>L\u00d3PEZ-SAMANIEGO, E., MALONDA, I., HERR\u00c1EZ, I., MIRANDA, F. J., ROL, F., CANO, R., SIERRA, M. J., &amp; R. MILL\u00c1N.<\/b>\u00a02006. Aplicabilidad de la ROM 5.1-05 al Puerto de Cartagena. 16 Pp.<\/li>\n<li><b><span lang=\"es-ES\">MOLINA<\/span><\/b><span lang=\"es-ES\"><b>, X., &amp; I. VILA.<\/b><\/span>\u00a0 2006.\u00a0<span lang=\"es-ES\">Manual de evaluaci\u00f3n de la calidad del agua. 1\u00aa .Ed. Santiago:<\/span> Servicio Agr\u00edcola y Ganadero y El Cenma. 97 Pp.<\/li>\n<li><b><span lang=\"es-ES\">MOYA<\/span><\/b><span lang=\"es-ES\"><b>, N.,\u00a0<span class=\"auteurIRD\">OBERDORFF, T.,<\/span>\u00a0<span class=\"auteurIRD\">BIGORNE, R.,<\/span>\u00a0<span class=\"auteur-autre\">ZUBIETA, J. &amp; J. CAMACHO.<\/span><\/b><span class=\"auteur-autre\">\u00a02006.\u00a0<\/span><\/span><span lang=\"es-ES\">Comunidad de macroinvertebrados en r\u00edos de la cuenca Chipiriri c<\/span><span lang=\"es-ES\">on condiciones de referencia y alteradas, estudio preliminar para la bio-evaluaci\u00f3n de Arroyos.\u00a0<span class=\"enValeur\">Ciencia Abierta<\/span>, 30. Pp. 1-27.<\/span><\/li>\n<li><b>MU\u00d1OZ, P., &amp; M. SALAMANCA.<\/b>\u00a02001. Flujo de plomo particulado a los sedimentos marinos y su incorporaci\u00f3n en <em>Paraprionospio pinnata<\/em> (Polychaeta: Spionida) en Bah\u00eda Concepcion (36\u00b0 Lat. S), Chile. <em>Gayana (Concepc.)<\/em>. Vol.65, No.2 P.155-166.<\/li>\n<li><b>JARA, C.<\/b>\u00a0 2005. Material bibliogr\u00e1fico del curso: Introducci\u00f3n a los conceptos limnol\u00f3gicos para el estudio y evaluaci\u00f3n de la contaminaci\u00f3n acu\u00e1tica. Universidad Austral de Chile, Facultad de Ciencias, Instituto de Zoolog\u00eda. 500 Pp.<\/li>\n<li><b>PAV\u00c9, P., &amp; M. MARCHESE. <\/b>2005. Invertebrados bent\u00f3nicos como indicadores de calidad del agua en r\u00edos urbanos (Paran\u00e1- Entre R\u00edos, Argentina). Ecolog\u00eda Austral. 15 (3): 183-197.<\/li>\n<li><b>RIVERO, S., ELIAS, R., &amp; E. VALLARINO. <\/b>2005.\u00a0<span lang=\"en-GB\">First survey of macroinfauna in the Mar del Plata Harbor (Argentina), and the use of polychaetes as pollution indicators.<\/span> Revista de Biolog\u00eda Marina y Oceanograf\u00eda. 40(2). Pp. 101-108.<\/li>\n<li><b>SOTO, E., &amp; G. LEIGHTON.<\/b>\u00a01999. Indicadores biol\u00f3gicos de ecosistemas marinos de fondos blandos y su importancia en los programas de monitoreo ambiental. VI Jornadas Del Conaphi- Chile. P.15<\/li>\n<li><b>VITA, R., MAR\u00cdN, A., MADRID, J. A., JIM\u00c9NEZ-BRINQUIS, B., CESAR, A., &amp; L.\u00a0 MAR\u00cdN-GUIRAO.<\/b>\u00a02002. Impacto ambiental de la acuicultura en el bentos marino: experimentos de exclusi\u00f3n -inclusi\u00f3n. Bolet\u00edn Instituto Espa\u00f1ol de Oceanograf\u00eda. 18. Pp. 75-86.<\/li>\n<\/ol>\n<p>&nbsp;<\/p>\n<hr \/>\n<p><b>IMPACTO, POLUCI\u00d3N ASOCIADO A LA COMUNIDAD BENT\u00d3NICA<\/b><\/p>\n<ol start=\"1\">\n<li><b>AROCENA, R.<\/b>\u00a01995. La comunidad bent\u00f3nica como indicadora de zonas de degradaci\u00f3n y recuperaci\u00f3n en el Arroyo Toledo. Secci\u00f3n Limnolog\u00eda, Facultad de Ciencias, Uruguay. Revista de Biolog\u00eda Tropical. 44(2 ). Pp. 659-671.<\/li>\n<li><b><span lang=\"en-US\">BUSCHMANN<\/span><\/b><span lang=\"en-US\"><b>, A., COSTA-PIERCE, B., CROSS, S., IRIARTE, J. L., OLSEN, Y., &amp; G.\u00a0 REID.<\/b><\/span>\u00a02007. Informe Final \u201cImpacto de los nutrientes de Centros de cultivos de Salm\u00f3n Atl\u00e1ntico ( <em><i class='nomcientifico'>Salmo salar<\/i><\/em> ) en ecosistemas pel\u00e1gicos y consecuencias para la capacidad de carga.<\/li>\n<li><b><span lang=\"en-US\">CHUKWU<\/span><\/b><span lang=\"en-US\"><b>, L. O., &amp; D. I. NWANKWO.<\/b><\/span>\u00a02003.\u00a0<span lang=\"en-US\">The impacts of land based pollution on the hydrochemistry and macrobenthic community of a tropical west African Creek.<\/span> Diffuse Pollution Conference Dublin. Pp. 6-67.<\/li>\n<li><b>FREIRE, J., &amp; U. LABARTA.<\/b>\u00a02003. El Prestige: Impactos sobre los recursos y ecosistemas marinos. La Huella del Fuel. Ensayos sobre El \u201cPrestige\u201d. Ed. Fundaci\u00f3n Santiago Rey Fern\u00e1ndez-Latorre (A Coru\u00f1a). Pp. 104-135.<\/li>\n<li><b><span lang=\"en-US\">GASTON<\/span><\/b><span lang=\"en-US\"><b>, G., RAKOCINSKI, C., BROWN, S., &amp; C. CLEVELAND.<\/b><\/span>\u00a01998. Trop<span lang=\"en-GB\">hic function in estuaries: Response of macrobenthos to natural and contaminant gradients.<\/span> Mar. Freshwater Res., \u00a0Pp. 833-46.<\/li>\n<li><b>GIARRATANO, E., AM\u00cdN, O., ESTEVES, J. L., &amp; M. N. GIL.<\/b>\u00a02007. Toxicidad de metales pesados en el is\u00f3podo <em>Exosphaeroma gigas<\/em>, en el canal Beagle, Tierra del Fuego. <span lang=\"en-GB\">Ecotoxicology and Environmental Safety. vol. 68 Pp. 451-462.<\/span><\/li>\n<li><b><span lang=\"en-GB\">G\u00d3MEZ<\/span><span lang=\"en-GB\">, J. L. &amp; J-C. DAUVIN.<\/span><\/b>\u00a02000.\u00a0<span lang=\"en-GB\">Amphipods are good bioindicators of the impact of oil spills on soft-bottom macrobenthic communities.<\/span> <span lang=\"en-US\">Marine Pollution Bulletin<\/span><span lang=\"en-GB\">.<\/span> <span lang=\"en-US\">Vol. 40, N\u00ba11, Pp 1017-1027.<\/span><\/li>\n<li><b>GONZ\u00c1LEZ-D\u00cdAZ, P., DE LA GUARDIA, E., &amp; G. GONZ\u00c1LEZ-SANS\u00d3N.<\/b>\u00a02003. Efecto de efluentes terrestres sobre las comunidades bent\u00f3nicas de arrecifes coralinos de ciudad de la Habana, Cuba. <span lang=\"en-GB\">Rev. Invest. Mar.<\/span>. <span lang=\"en-GB\">24 (3): 193-204.<\/span><\/li>\n<li><b><span lang=\"en-GB\">HISCOCK<\/span><\/b><span lang=\"en-GB\"><b>, K., LANGMEAD, O., WARWICK, R., &amp; A. SMITH.<\/b><\/span>\u00a02005.\u00a0<span lang=\"en-GB\">Identification of seabed indicator species to support implementation of the EU habitats and water framework directives. Second Edition. Report to the Joint Nature Conservation Committee and the Environment Agency from the Marine Biological Association.<\/span> Plymouth: Marine Biological Association. Jncc Contract F90-01-705.\u00a077pp.<\/li>\n<li><b>IB\u00c1\u00d1EZ, M., ROMERO, A., SAN VICENTE, C., &amp; K. ZABALLA.<\/b>\u00a01984. La contaminaci\u00f3n marina en Guip\u00fazcoa Ii: Estudio de los indicadores biol\u00f3gicos de la contaminaci\u00f3n en los sedimentos de las R\u00edas del Urola, Oria y Urumea. Lurralde: Inv. Espac. N\u00ba7, Pp 13-21.<\/li>\n<li><b><span lang=\"en-US\">MIKAC<\/span><span lang=\"en-US\">, K., MAHER, W., &amp; A. JONES.<\/span><\/b>\u00a02007.\u00a0<span lang=\"en-US\">Do physicochemical sediment variables and their soft sediment macrofauna differ among microsize coastal lagoons with forested and urbanised catchments?.<\/span> Estuarine, Coastal and Shelf Science. 72 Pp. 308-318.<\/li>\n<li><b>PAV\u00c9, P., &amp; M. MARCHESE.<\/b>\u00a02005. Invertebrados bent\u00f3nicos como indicadores de calidad del agua en r\u00edos urbanos (Paran\u00e1- Entre R\u00edos, Argentina). Asociaci\u00f3n Argentina de Ecolog\u00eda.\u00a0Ecolog\u00eda Austral. 15: 183-197.<\/li>\n<li><b>RIVERO, S., EL\u00cdAS, R., &amp; E. VALLARINO.<\/b>\u00a02005.\u00a0<span lang=\"en-GB\">First survey of macroinfauna in the Mar del Plata Harbor (Argentina) and the use of Polychaetes as pollution indicators.<\/span> Revista de Biolog\u00eda Marina y Oceanograf\u00eda. 40(2): 101-108.<\/li>\n<li><b>TRONCOSO, J., ROJAS, X., MILL\u00c1N, N., &amp; G. SCHROEDER.<\/b>\u00a02006. Recuperaci\u00f3n de fondos marinos anaer\u00f3bicos, bajo balsas de cultivo de salmones, por medio del tratamiento con hidr\u00f3xido de magnesio. Salmo Ciencia.\u00a0 (1): 67\u201371.<\/li>\n<li><b>ZAPATA, E., NUSETTI, O., MARCANO, L., ESCLAP\u00c9S, M., &amp; L. ARREDONDO.<\/b>\u00a02004. Respuestas inmunol\u00f3gicas y cicatrizaci\u00f3n en el poliqueto <em>Eurythoe complanata<\/em> (Annelida: Amphinomidae) expuesto al cobre. Ciencias Marinas. 31 (1a): 1-10.<\/li>\n<\/ol>\n<p>&nbsp;<\/p>\n<hr \/>\n<p><b>FORAMIN\u00cdFEROS<\/b><\/p>\n<ol start=\"1\">\n<li><b>FIGUEROA, S., MARCHANT, M., GIGLIO, S., &amp; M. RAM\u00cdREZ.<\/b>\u00a02006. Foramin\u00edferos bent\u00f3nicos del talud continental desde Concepci\u00f3n a las Islas Guaitecas (36\u00ba &#8211; 44\u00bas), Chile (Foraminifera: Lagenina, Miliolina y Robertinina). Gayana. 70 (1): 255-279.<\/li>\n<li><b>HROMIC, T.<\/b>\u00a02006. Distribuci\u00f3n latitudinal de foramin\u00edferos bent\u00f3nicos (Protozoo: Foraminiferida) a nivel de sub\u00f3rdenes y familias, en canales y fiordos patag\u00f3nicos chilenos. Invest. Mar. Valpara\u00edso, 34(1): 71-81.<\/li>\n<li><b>P\u00c1EZ, M., &amp; O. Z\u00da\u00d1IGA. <\/b>2001. Foramin\u00edferos recientes en el \u00e1rea del r\u00edo Loa (21\u00ba25\u00b4S; 70\u00ba04\u00b4W), Chile. Estad. Oceanol.20: 3-12.<\/li>\n<li><b>P\u00c1EZ, M., Z\u00da\u00d1IGA, \u00d3., VALD\u00c9S, J., &amp; L. ORTLIEB.<\/b>\u00a02001. Foramin\u00edferos bent\u00f3nicos recientes en sedimentos micr\u00f3xicos de la bah\u00eda Mejillones del Sur (23\u00bas), Chile. Revista de Biolog\u00eda Marina y Oceanograf\u00eda. 36 (2): 129-139.<\/li>\n<\/ol>\n<p>&nbsp;<\/p>\n<hr \/>\n<p><b>EQUINODERMOS<\/b><\/p>\n<ol start=\"1\">\n<li><b>CASO, M. E.<\/b>\u00a01978. Los equinodermos de la bah\u00eda de Mazatl\u00e1n, Sinaloa. Anales del Centro de Ciencias del Mar y Limnolog\u00eda. Pp163.<\/li>\n<li><b>MUTCHKE, E. &amp; C. R\u00cdOS.<\/b>\u00a02006. Distribuci\u00f3n espacial y abundancia relativa de equinodermos en el Estrecho de Magallanes, Chile. Cienc. Tecnol. 29 (1): 91-102.<\/li>\n<\/ol>\n<p>&nbsp;<\/p>\n<hr \/>\n<p><b>AGUA DULCE<\/b><\/p>\n<ol start=\"1\">\n<li><b><span lang=\"en-GB\">ANDERSON<\/span><span lang=\"en-GB\">, C., ANDERSON, M., &amp; A. Z\u00da\u00d1IGA.<\/span><\/b>\u00a02004<span lang=\"en-GB\">.<\/span> Anexo II: Clave para la identificaci\u00f3n de macroinvertebrados dulceacu\u00edcolas en la regi\u00f3n de Cabo de Hornos. En: Explorando la Micro &#8211; Biodiversidad del Cabo de Hornos. Fundaci\u00f3n Omora. 96 Pp.<\/li>\n<li><b>BERR\u00cdOS, V., &amp; W. SIEFELD.\u00a0<\/b>Superclase Crustacea. Gu\u00eda de identificaci\u00f3n y biodiversidad de fauna chilena. Apuntes de Zoolog\u00eda. Universidad Arturo Prat, Iquique, Chile. 32 pp<\/li>\n<li><b>DE CASTELLANOS, Z., &amp; N. LANDONI. <\/b>1995.\u00a0Mollusca Pelecypoda y Gastropoda. Ecosistemas de Aguas Continentales, Tomo Ii. Pp. 759-763<\/li>\n<li><b>FIGUEROA, R., VALDOVINOS C., ARAYA E.,&amp; O. PARRA.<\/b>\u00a02003. Macroinvertebrados bent\u00f3nicos como indicadores de calidad de agua de r\u00edos del Sur de Chile. Revista Chilena de Historia Natural. 76: 275 \u2013 285.<\/li>\n<li><b>GONZ\u00c1LEZ, E.<\/b>\u00a02003. The freshwater amphipods <em>Hyalella<\/em>\u00a0smith, 1874 in Chile (Crustacea: Amphipoda). Revista Chilena de Historia Natural. 76: 623-637.<\/li>\n<li><b>JARA, C., RUDOLPH, E., &amp; E. GONZ\u00c1LEZ.<\/b>\u00a02006. Estado de conocimiento de los malacostr\u00e1ceos dulceacu\u00edcolas de Chile. <em>Gayana<\/em>.\u00a0 Vol.70, No.1. P.40-49.<\/li>\n<li><b>MACAN, T.<\/b>\u00a0 1975. Gu\u00eda de animales invertebrados de agua dulce. Ediciones Universidad de Navarra, Pamplona. 118Pp.<\/li>\n<li><b>MERCADO, M.<\/b>\u00a02004. Macroinvertebrados de turberas australes (Tierra del Fuego).Cap\u00edtulo 11. 8Pp. En: Blanco, D. E. y V. M. de la Balze (eds.). 2004. Los Turbales de la Patagonia: Bases para su inventario y la conservaci\u00f3n de su biodiversidad. Publicaci\u00f3n No. 19. Wetlands International. Buenos Aires, Argentina.<\/li>\n<li><b>PARADA, E., &amp; S. PEREDO.<\/b>\u00a02002. Estado actual de la taxonom\u00eda de bivalvos dulceacu\u00edcolas chilenos: progresos y conflictos. Revista Chilena de Historia Natural. 75: 691-701.<\/li>\n<li><b>RETAMAL, M.<\/b>\u00a01981. Cat\u00e1logo ilustrado de los crust\u00e1ceos dec\u00e1podos De Chile. Gayana N\u00ba44. 109Pp.<\/li>\n<li><b>SOBARZO, C.,JARA-SEGUE, P., PEREDO, S.,&amp; E. PARADA.<\/b>\u00a02002. Primer registro de <em>Musculium argentinum<\/em> (D&#8217;orbigny 1835) (Bivalvia: Sphaeriidae) en aguas continentales chilenas. Gayana.\u00a0 Vol.66, No.1 . Pp. 39-43.<\/li>\n<li><b>STUARDO, J.<\/b>\u00a01961. Contribuci\u00f3n a un cat\u00e1logo de los moluscos gaster\u00f3podos chilenos de agua dulce. Universidad de Concepci\u00f3n, Chile. Gayana, (Zoolog\u00eda) Vol1. Pp. 7-36.<\/li>\n<li><b>VALDOVINOS, C.<\/b>\u00a02006. Estado de conocimiento de los Gastr\u00f3podos dulceacu\u00edcolas de Chile. <em>Gayana.\u00a0<\/em>Vol.70, No.1. Pp. 88-95.<\/li>\n<li><b>VILLALOBOS, L.<\/b>\u00a02006. Estado de conocimiento de los crust\u00e1ceos zooplanct\u00f3nicos dulceacu\u00edcolas de Chile. Vol.70, No.1 Pp. 31-39.<\/li>\n<\/ol>\n<p>&nbsp;<\/p>\n<hr \/>\n<p><b>ESPONJAS Y ACTINIAS<\/b><\/p>\n<ol start=\"1\">\n<li><b>ORELLANA, M. C.<\/b>\u00a02006. Estado de conocimiento de los Briozoos dulceacu\u00edcolas de Chile. Gayana. 70(1): 96-99.<\/li>\n<\/ol>\n","protected":false},"excerpt":{"rendered":"<p>MACROFAUNA Y MEIOFAUNA EN GENERAL ARROYO, N., AARNIO, K., &amp; E. BONSDORFF.\u00a02006. rifting algae as a means of Re-Colonizing Defaunated Sediments in the Baltic Sea. A Short-Term Microcosm Study. Hydrobiologia. 554: 83-95. \u00c1VILA-SERRANO, G., FLESSA, K., T\u00c9LLEZ-DUARTE, M., &amp; C. CINTRA-BUENROSTRO.\u00a02006. Distribuci\u00f3n de la macrofauna intermareal del delta del R\u00edo Colorado, Norte del Golfo de California, M\u00e9xico. Ciencias Marinas. 32 (4): 649-661. BERTR\u00c1N, C., VARGAS, L., PE\u00d1A, F., MULSOW, S., TAPIA, J., HAUENSTEIN, E., SCHLATTER, R., &amp; A. BRAVO. 2006.\u00a0Macrofauna bent\u00f3nica de los humedales de tres lagos salinos en el borde costero del sur de Chile. Ciencias Marinas. 32(3): 589-596. [&hellip;]<\/p>\n","protected":false},"author":1,"featured_media":0,"parent":39,"menu_order":10,"comment_status":"closed","ping_status":"closed","template":"plantilla-minisitio_contenido.php","meta":{"footnotes":""},"class_list":["post-111","page","type-page","status-publish","hentry"],"_links":{"self":[{"href":"https:\/\/www.ifop.cl\/macrofauna\/wp-json\/wp\/v2\/pages\/111"}],"collection":[{"href":"https:\/\/www.ifop.cl\/macrofauna\/wp-json\/wp\/v2\/pages"}],"about":[{"href":"https:\/\/www.ifop.cl\/macrofauna\/wp-json\/wp\/v2\/types\/page"}],"author":[{"embeddable":true,"href":"https:\/\/www.ifop.cl\/macrofauna\/wp-json\/wp\/v2\/users\/1"}],"replies":[{"embeddable":true,"href":"https:\/\/www.ifop.cl\/macrofauna\/wp-json\/wp\/v2\/comments?post=111"}],"version-history":[{"count":22,"href":"https:\/\/www.ifop.cl\/macrofauna\/wp-json\/wp\/v2\/pages\/111\/revisions"}],"predecessor-version":[{"id":793,"href":"https:\/\/www.ifop.cl\/macrofauna\/wp-json\/wp\/v2\/pages\/111\/revisions\/793"}],"up":[{"embeddable":true,"href":"https:\/\/www.ifop.cl\/macrofauna\/wp-json\/wp\/v2\/pages\/39"}],"wp:attachment":[{"href":"https:\/\/www.ifop.cl\/macrofauna\/wp-json\/wp\/v2\/media?parent=111"}],"curies":[{"name":"wp","href":"https:\/\/api.w.org\/{rel}","templated":true}]}}