{"id":104,"date":"2017-11-23T15:47:41","date_gmt":"2017-11-23T15:47:41","guid":{"rendered":"https:\/\/www.ifop.cl\/macrofauna\/?page_id=104"},"modified":"2025-06-03T16:22:59","modified_gmt":"2025-06-03T16:22:59","slug":"bibliofrafia-crustaceos","status":"publish","type":"page","link":"https:\/\/www.ifop.cl\/macrofauna\/coleccion-de-especies\/bibliofrafia-crustaceos\/","title":{"rendered":"Bibliograf\u00eda Crust\u00e1ceos"},"content":{"rendered":"<ol>\n<li><b>AHYONG, SHANE T.<\/b> 2001. Revision of the Australian Stomatopod Crustacea. Records of the Australian Museum, Supplement 26: 1\u2013326. <\/li>\n<li><b>ALBORNOZ, L. &amp; I. WEHRTMANN.<\/b>\u00a01997. Descripci\u00f3n y clave de los primeros estad\u00edos larvales de camarones car\u00eddeos (Decapoda: Hippolytidae, Alpheidae, Rhynchocinetidae) de\u00a0aguas costeras de Chile. <i>Investig. Mar.<\/i>\u00a0 Vol.25, P. 121-133.<\/li>\n<li><b>ARNAUD, F. &amp; M. BRANCH.<\/b>\u00a01991. The Pycnogonida of Subantarctic marion and Prince Edward Islands: Illustrated keys to the species. S .Afr. J. Antarct. Vol 21 (1).\u00a0 P. 65-71.<\/li>\n<li><b>BACESCU, M., BELLAN-SANTINI, D., BOXSHALL, G.A., CALS, Ph., CASANOVA, J.-P., DALENS,\u00a0H., GUTU, M., HESSLER, R., LARD\u00c8RE, J.P., MONOD, Th., NOUVEL, H., PETRESCU, I., ROMAN,\u00a0M.L. &amp; J.P. SIEG.<\/b>\u00a01996. Trait\u00e8 de Zoologie. Anatomie, syst\u00e8matique, biologie. Tome VII.\u00a0Crustac\u00e8s Fascicule III A P\u00e8racarides. Mus\u00e8um National d\u00b4Histoire\u00a0Naturelle. \u00c8cole Practique des Haustes \u00c8tudes. 944 pages,\u00a0434 figures, 32 tableaux, Masson, \u00e8diteur, Paris, janvier 1994.<\/li>\n<li><b>BAEZ, P. &amp; R. SOTO.<\/b>\u00a01997.\u00a0<i>Paracrangon Areolata<\/i> Faxon, 1893 un camar\u00f3n nuevo para Chile (Decapoda, Crangonidae). Invest. Mar. Valpara\u00edso.\u00a0 Vol.25, P. 277-280.<\/li>\n<li><b>BAEZ, P.<\/b>\u00a01997. Clave de larvas de crust\u00e1ceos Dec\u00e1podos recolectadas frente al Norte de Chile durante un fen\u00f3meno El Ni\u00f1o\u00b9. <i>Investig. Mar.<\/i>\u00a0Vol.25, P. 167-176.<\/li>\n<li><b>BARNARD,\u00a0L.<\/b>\u00a01960. The Amphipod family phoxocephalidae in the easternpacific ocean, with analysies of other species and notes for a revision of the family. plates 1-75, Chart 1. Allan Hancocok pacific Expeditions. Volume 18.<\/li>\n<li><b>BARNARD, L.<\/b>\u00a01973. Revision of Corophiidae and related families (Amphipoda). Smithsonian<br \/>\ncontributions to zoology. Number 151.<\/li>\n<li><b>BARNARD,\u00a0L. &amp; C. BARNARD. <\/b>1980.\u00a0Two\u00a0new phoxocephalid genera, Fuegiphoxus and Phoxorgia, from magellanic South America\u00a0(Amphipoda: crustacea).\u00a0 Washington,Biological Society of Washington.\u00a0 Vol. 93. P. 849-874.<\/li>\n<li><b>BARNARD,\u00a0L. <\/b>1981.\u00a0The familias and genera of marine Gammaridean Amphipoda. Smithsonian\u00a0Institution Press. City of Washington.<\/li>\n<li><b>BARNARD,\u00a0L. &amp;\u00a0 J. CLARK.<\/b>\u00a01984. Redescription of Phoxophalopsis Zimmeri with a new\u00a0species and establishment of the family phoxocephalopsidae (Crustacea, Amphipoda) from Magellanic South America. Journal of Crustacean Biology. 4(1): 85-105.<\/li>\n<li><b>BARNARD,\u00a0L. &amp; G. KARAMAN.<\/b>\u00a01991. Records of the Australian museum. The familias and\u00a0genera of Marine gammaridean Amphipoda (except Marine Gammaroids), Part 1 and Part 2.\u00a0Printed by globe Press, Melbourne. 867 pp.<\/li>\n<li><b>BATE, C. <\/b>\u00a01862. Catalogue of the specimens of amphipodous Crustacea in the collection\u00a0of the British Museum. Br. Mus. (Natural History) London. 399 pp.<\/li>\n<li><b>BAHAMONDE, N.<\/b>\u00a01968. Bosquejo taxon\u00f3mico sobre Estomat\u00f3podos de Chile. Revista Universitaria (Universidad Cat\u00f3lica de Chile). N\u00ba 31.<\/li>\n<li><b>BLAKE, J. &amp; P. SCOTT.<\/b>\u00a01997. Taxonomic atlas of benthic fauna of the Santa\u00a0Barbara Basin and Western Santa Barbara Channel. Volume 10, The Crustacea Part 1 \u2013 The\u00a0Decapoda and Mysidacea. Santa Barbara, California: Santa Barbara Museum of Natural\u00a0History. 151 Pp.<\/li>\n<li><b>BLAKE, J. &amp; P. SCOTT.\u00a0<\/b>\u00a01997. Taxonomic atlas of benthic fauna of the Santa\u00a0Barbara Basin and Western Santa Barbara Channel Volume 11, The Crustacea Part 2 \u2013 The\u00a0Isoppoda, Cumacea and Tanaidacea. Santa Barbara, California: Santa Barbara Museum Of\u00a0Natural History. 278 Pp.<\/li>\n<li><b>BLAKE, J., WATLING, L. &amp; P. SCOTT.<\/b>\u00a01997. Taxonomic atlas of benthic fauna of the Santa Barbara Basin and Western Santa Barbara Channel. Volume 12, The\u00a0Crustacea Part 3 \u2013 The Amphipoda. Santa Barbara, California: Santa Barbara Museum\u00a0Of Natural History. 251 Pp.<\/li>\n<li><b>BOONE, P.L.<\/b>\u00a0 1920.\u00a0<em>Calamura porteri<\/em>. A new genus and species of isopod\u00a0from Chile. Revista chilena de historia natural. N\u00ba2. P. 25-31.<\/li>\n<li><b>BOSCHI, E., FISCHBACH, C. E. &amp; M. IORIO.<\/b>\u00a01992. Catalogo ilustrado de los\u00a0crustaceos Estomat\u00f3podos y Dec\u00e1podos\u00a0 marinos de Argentina. Vol. 10 Sec. A. P. 7\u201394.<\/li>\n<li><b>BRANCH, M., GRIFFITHS, C., KENSLEY, B. &amp; J. SIEG<\/b><b>.<\/b>\u00a01991. The benthic Crustacea of subantarctic Marion and Prince Edward Islands:\u00a0Illustrated keys to the species and results of the 1982\u20131989. University of Cape Town. Surveys. S. Afr. J. Antarct. Res 21 (1):3\u201344.<\/li>\n<li><b>BRAZEIRO, A., ROZBACZYLO, N. &amp; J.M. FARINA.<\/b>\u00a01998. Distribuci\u00f3n espacial de la macrofauna en una playa expuesta de Chile central: efectos de la\u00a0morfodin\u00e1mica\u00a0 intermareal. <i>Investig. Mar.<\/i>\u00a0Vol.26, P.119-126.<\/li>\n<li><b>BRANCH, M., ARNAUD,\u00a0P., CANTERA, J. &amp; D. GIANAKOURAS.<\/b>\u00a01991. The benthic Mollusca and Brachiopoda of subantarctic Marion and Prince Edward Islands: 1) Illustrated keys to the species 2) Records of the 1982-1989 university of Cape Town Surveys. S. Afr. J. Antarct. Res. Vol 21 (1) Pp. 45-64.<\/li>\n<li><b>BRUSCA, R., WETZER, R. &amp; S. FRANCE.<\/b>\u00a01995. Cirolannidae (Crustacea. Isopoda: Flabellifera) of the Tropical Eastern Pacific. Proceedings of the San\u00a0Diego Society of Natural History. Number 30, Pp.1-96.<\/li>\n<li><b>CARVACHO, A. <\/b>1977.\u00a0Isopodes intertidaux des cotes du centre et du nord du Chile.\u00a0 Crustaceana. 32 (1). E. J. Brill, Leiden.<\/li>\n<li><b>CARVACHO, A.<\/b>\u00a01982. Is\u00f3podos litorales de la costa de Concepci\u00f3n, Chile central.\u00a0Studies on neotropical\u00a0 fauna and environment. 17, pp. 195-207.<\/li>\n<li><b>CARVACHO, A. &amp; C. YA\u00d1EZ.<\/b> <i>Excorallana Meridionales<\/i> n sp. primer excorallaninae para la costa del pac\u00edfico sud oriental (Isopoda, Cirolanidae).\u00a0Revista de Biolog\u00eda Marina. Vol. 14, N\u00b03, Pp. 129-134.<\/li>\n<li><b>COHEN, A., PETERSON, D. &amp; R. Maddocks.\u00a0<\/b>2007. Ostracoda, Pp.\u00a0417-446, In: James T. Carlton, ed., The light &amp; Smith Manual: intertidal invertebrates\u00a0from central California to Oregon. Fourth edition. University of California Press,\u00a0Berkeley and Los Angeles. Tabular Keys to the Subclases of Ostracoda and Families of Myodocopa.<\/li>\n<li><b>CORBERA, J. &amp; M.J. CARDELL.\u00a0<\/b>1995. Cumaceans as indicators of eutrophication\u00a0on soft bottoms. Sci.Mar. 59(Supl. 1): 63-69.<\/li>\n<li><b>DAHL, E.<\/b>\u00a01954. Stomatopoda, Report N\u00ba 15 of the Lund University Chile Expedition\u00a01948-49. En: Lunds Universitets \u00c5 rsskrift. N. F. Avd. 2\u00a0Bd 49. Nr 17, 12p.<\/li>\n<li><b>DARWIN, J. &amp; L. BARNARD.<\/b>\u00a01983. The Platyischnopidae of America (Crustacea:\u00a0Amphipoda). Smithsonian contributions to zoology. N\u00ba\u00a0375.<\/li>\n<li><b>FERN\u00c1NDEZ, H. R. &amp; E. DOM\u00cdNGUEZ.<\/b>\u00a02001. Gu\u00eda para la determinaci\u00f3n de los artr\u00f3podos bent\u00f3nicos\u00a0 sudamericanos. Universidad Nacional de Tucum\u00e1n, Facultad de Ciencias Naturales\u00a0e Instituto M. Lillo. Pp. 282.<\/li>\n<li><b>GARTH, J. <\/b>1957.\u00a0The crustacea decapoda Brachyura of Chile &#8211; reports of The Lund\u00a0University Chile. Expedition 1948-49, (29). Lunds Universitets Arsskrift. N.F. Avd. 2, Bd.\u00a053, N\u00ba7. Pp. 127<\/li>\n<li><b>GERKEN, S. &amp; L. WATLING.<\/b>\u00a01998.\u00a0<em>Diastylis Tongoyensis<\/em>, a new Diastylid (Crustacea: Cumacea) from the Northern Central coast\u00a0of Chile, with an amendment to the description of <em>Diastylis crenellata<\/em> Watling &amp; Mccann, 1977.\u00a0Proceedings of the biological society of Washington 111 (4): 857-874, 23<\/li>\n<li><b>GERKEN, S. &amp; P. HAYE<\/b>. 2007. A new chilean Cumacean, <em>Anchistylis Watlingi<\/em>\u00a0n. Sp. (Cumacea:\u00a0Diastylidae). Journal of Crustacean Biology. 27(1): 140-148.<\/li>\n<li><b>GONZALEZ,\u00a0E. <\/b>1991.<b>\u00a0<\/b>The genus Hyale in Chile. Spixiana N\u00b014. Vol 2. pp 125-142.<\/li>\n<li><b>GONZALEZ,<\/b><b> E.<\/b>\u00a01991. Talitroidea\u00a0marinos y de agua dulce en Chile (Crustacea: Amphipoda). Estud. Oceanol. 10: 95-111.<\/li>\n<li><b>GONZALEZ,\u00a0E.<\/b>\u00a01991. Actual state of Gammaridean amphipoda taxonomy and catalogue of species from Chile. Hydrobiologia 223: 47-68.<\/li>\n<li><b>GONZALEZ, E.<\/b>\u00a02003. The freshwater amphipods <i>Hyalella<\/i> Smith, 1874 in Chile(Crustacea: Amphipoda). Revista Chilena de Historia y Natural. Vol. 76, N\u00ba 4, P.623-637.<\/li>\n<li><b>GUERRA-GARC\u00cdA, J. M. &amp; M. THIEL.<\/b>\u00a02001. La fauna de Capr\u00e9lidos (Crustacea:\u00a0Amphipoda: Caprellidea) de la costa de Coquimbo, Centro-Norte de Chile, con una clave taxon\u00f3mica para la identificaci\u00f3n de las especies. <i>Rev. Chil. Hist. Nat.<\/i>\u00a0Dic. Vol.74, No.4, P.873-883.<\/li>\n<li><b>GUZM\u00c1N, G.<\/b>\u00a02003. Crust\u00e1ceos chilenos: Orden decapoda. Gu\u00edas de identificaci\u00f3n y biodiversidad fauna\u00a0chilena. Apuntes De Zoolog\u00eda, Universidad Arturo Prat, Iquique,\u00a0Chile. 28 Pp,<\/li>\n<li><b>GUZM\u00c1N, G. &amp; J. RIVERA.<\/b>\u00a02002.\u00a0<i>Stylopandalus Richardi<\/i> (Couti\u00e8re, 1905) primer registro para aguas del Pac\u00edfico Sureste (Decapoda, Pandalidae). Invest. Mar. Valpara\u00edso, 30(1): 64-70.<\/li>\n<li><b>GUZM\u00c1N, G.<\/b>\u00a02003. Primer registro para Chile y descripci\u00f3n de la hembra de\u00a0<i>Cymonomus Menziesi<\/i> Garth, 1971 (Decapoda, Archaeobrachyura, Cymonomidae). Invest.\u00a0Mar. Valpara\u00edso, 31(2): 91-94.<\/li>\n<li><b>GUZM\u00c1N, G.<\/b>\u00a02003. Dec\u00e1podos mesopel\u00e1gicos capturados durante los proyectos Cimar<br \/>\n5 y Cimar 6, Islas Oce\u00e1nicas. Cienc. Tecnol. Mar. 27 (1): 69-78.<\/li>\n<li><b>GUZM\u00c1N, G.<\/b>\u00a02003. Crustacea: Dec\u00e1poda. Programa de biodiversidad, Universidad\u00a0Arturo Prat, Iquique.<\/li>\n<li><b>HAIG, J. <\/b>1955. The crustacea Anomura of Chile.- Reports of the Lund University Chile\u00a0Expedition 1948-49, #20. Lunds Universitet Arsskrift. N.F. Avd.\u00a02, Bd. 51, N\u00ba12. 68 Pp.<\/li>\n<li><b>HAYE, P. &amp; S. GERKEN<\/b>. 2005. A new species of Cumacea (Crustace: Peracarida) from Chile, <em>Lamprops Kensleyi<\/em>. Proceedings of the Biological Society of Washington. 118 (1): 30-37.<\/li>\n<li><b>HOLMQUIST,\u00a0C.<\/b>\u00a01957. Mysidacea of Chile. Reports of the Lund University\u00a0Chile Expedition 1948-49, #28. Lunds Universitet Arsskrift, N.F. Avd. 2, Bd. 53,\u00a0N\u00ba6.\u00a0 53 Pp.<\/li>\n<li><b>HOLTHUIS, L. B.<\/b>\u00a01952. The crustacea decapoda macrura of Chile &#8211; Reports of the\u00a0Lund University. Chile Expedition 1948-49, #5. Lunds Universitet Arsskrift.N.F.Avd. 2,\u00a0Bd. 47, N\u00ba 10.\u00a0 110 Pp.<\/li>\n<li><b>HURLEY, D. &amp; R.H. MURRAY. <\/b>1968.\u00a0A new species of Macrochiridothea from New Zeland, with notes on the\u00a0Idotheid Subfamily Chaetilinae (Crustacea Isopoda: Valvifera). Trans. R. Soc. N.Z.,\u00a0Zool. Vol. 10, N\u00b0 26, pp. 241-249, 4 figs.<\/li>\n<li><b>JAMES, R. <\/b>\u00a01962. The zoogeography, ecology, and systematics of the Chilean marine Isopods. Report of the Lund University Chile Expedition 1948-4942.<\/li>\n<li><b>JARA, C. <\/b>2007.\u00a0Sinopsis anat\u00f3mica de los infra\u00f3rdenes Caridea, Anomura y Brachyura de Crustacea Dec\u00e1poda y\u00a0Gu\u00eda para la observaci\u00f3n de la anatom\u00eda de Macruros, Anomuros y Braquiuros. Curso\u00a0Universidad Austral De Chile.<\/li>\n<li><b>JARA, C.<\/b>\u00a02007. Sinopsis de los infraordenes Caridea, Anomura y Brachyura de\u00a0Crustacea Decapoda y Gu\u00eda para la observaci\u00f3n de la anatom\u00eda de Macruros, Anomuros y Braquiuros. Curso: Zool-204. Universidad Austral De Chile.<\/li>\n<li><b>JARA, C.<\/b> Clave para determinar las especies m\u00e1s comunes de Macrura Chilenos.<\/li>\n<li><b>JARA, C.<\/b>\u00a01976. Clave para determinar taxon\u00f3micamente Jaibas \u00f3 Pancoras comunes en pescas comerciales en Chile. (Crustacea: Decapoda: Brachyura). En\u00a0: Henr\u00edquez, G. Y N. Bahamonde. Clave de identificaci\u00f3n y datos biol\u00f3gicos de\u00a0Jaibas y Pancoras frecuentes en las pescas comerciales de Chile. Instituto de Fomento\u00a0Pesquero (Chile); Invest. Pesquera. 21:1-75.<\/li>\n<li><b>JARA, C.<\/b> Clave para determinar taxon\u00f3micamente las especies Chilenas de\u00a0Porcellanidae (Crust\u00e1cea: Dec\u00e1poda: Anomura). En: Haig, J. the Crustacea Anomura of Chile. Report N\u00ba 20 of the Lund\u00a0University Chile Expedition 1948-1949. Lunds Universitets \u00c5 rsskrift. N. F. Avd. 2 Bd 51. Nr 12. 1955.<\/li>\n<li><b>JARA, C.<\/b> Clave para determinar taxon\u00f3micamente las especies m\u00e1s comunes de Anomuros marinos Chilenos, excepto Porcel\u00e1nidos.<\/li>\n<li><b>JARA, C.<\/b> Apuntes de anatom\u00eda de Cangrejos (Crustacea: Decapoda: Brachyura). En: Bond-Buckup, G. [Et Al]. 1991. O Caranguejo: Manual para o ensino pr\u00e1tico em Zoolog\u00eda. Editora da Universidade, Universidade Federal do Rio Grande do Sul (UFRGS), Brasil. 55pp.<\/li>\n<li><b>JARAMILLO,\u00a0\u00a0E.<\/b>\u00a01982. Taxonomy from the coast of southern Chile. Studies on Neotropical fauna and environment 17. pp. 175-194.<\/li>\n<li><b>KIRKWOOD,\u00a0J.<\/b>\u00a01982. Anuare Reserarch Notes 1, A guide to the Euphasiacea of the Southern Ocean. Australian National Antartic Research Expeditions, Australia.\u00a044pp.<\/li>\n<li><b>KIRKWOOD,\u00a0J. <\/b>1984.\u00a0Anuare Reserarch Notes 11, A Ggide to the Decapoda of the Southern Ocean. Australian National Antartic Research Expeditions, Australia, 1984. 447p.<\/li>\n<li><b>LANCELLOTTI, D. &amp; J. V\u00c1SQUEZ. <\/b>2000. Zoogeograf\u00eda de macroinvertebrados bent\u00f3nicos de la costa de Chile: contribuci\u00f3n para la conservaci\u00f3n marina. Rev. Chil. Hist. Nat.\u00a0 V.73n.1 Santiago\u00a0Mar.<\/li>\n<li><b>LAUREN, J<\/b>. 1981. The families and Genera of marine Gammaridean Amphipoda.\u00a02\u00aa. Ed. Washington. Smithsonian Institution Press. 535pp.<\/li>\n<li><b>MARTIN, J. &amp; G. DAVIS.<\/b>\u00a02001. An updated classification of the recent\u00a0Crustacea. Science Series N\u00ba39. 124 Pp.<\/li>\n<li><b>MENDEZ, M.<\/b> 1981. Claves de identificaci\u00f3n y distribuci\u00f3n de los langostinos y camarones (Crustacea: Decapoda) del mar y r\u00edos de la costa del Per\u00fa. Bolet\u00edn Instituto del Mar del Per\u00fa. Vol. 5: 169 Pp.<\/li>\n<li><b>MENZIES, R. J.<\/b>\u00a01962. The zoogeography, ecology and systematics of the chilean marine Isopods. Reports of the Lund University Chile Expedition 1948-49, #42. Lunds\u00a0Universitet Arsskrift. N.F. Avd. 2, Bd. 57, N\u00ba 11. 162 Pp.<\/li>\n<li><b>MURANO,\u00a0M.<\/b> 1999.\u00a0Mysidacea. South Atlantic Zooplancton. Edited by D.\u00a0Boltovskoy, The Netherlands. Pp 1099-1140,<\/li>\n<li><b>MURANO, M.<\/b>\u00a01999. Amphipoda. En: Boltovskoy, Demetrio\u00a0(Ed), South atlantic Zooplankton (1&amp;2), Backhuys Publs., Leiden, Holanda. 1706\u00a0Pp.<\/li>\n<li><b>MURANO, M.<\/b>\u00a01999. Mysidacea. En: Boltovskoy, Demetrio\u00a0(Ed), South Atlantic Zooplankton (1&amp;2), Backhuys Publs., Leiden, Holanda. 1706\u00a0Pp.<\/li>\n<li><b>ORTIZ, M. &amp; R. LALANA.<\/b>\u00a02001. Gu\u00eda ilustrada para la identificaci\u00f3n de los\u00a0Estomat\u00f3podos (Crustacea, Hoplocarida), del archipi\u00e9lago Cubano. Rev. Invest. Mar.\u00a022(3): 179-186.<\/li>\n<li><b>RAMIREZ, A.<\/b>\u00a01974. Isopodos litorales y marinos de la Bah\u00eda de Concepci\u00f3n\u00a0(Crustacea-Isopoda). Bol. Soc. Biol. de Concepci\u00f3n. Tomo XLVIII, pp. 409-421.<\/li>\n<li><b>RETAMAL, M.<\/b>\u00a01976. Contribuci\u00f3n al conocimiento de los Crustacea Dec\u00e1poda Ant\u00e1rticos.\u00a0Ser. Cient. Inst. Ant\u00e1rt. Chileno. 4(1), P. 89\u201394.<\/li>\n<li><b>RETAMAL, M.<\/b>\u00a01977. Los Crust\u00e1ceos Dec\u00e1podos Chilenos de Importancia Econ\u00f3mica. Gayana\u00a0N\u00ba 39. 50pp.<\/li>\n<li><b>RETAMAL, M.<\/b>\u00a01994. Los Lithodidae Chilenos The chilean Lithodidae. Ans. Inst. Pat.\u00a0Ser. Cs. Nts., Punta Arenas (Chile). Vol. 21.<\/li>\n<li><b>RETAMAL, M.<\/b>\u00a01981. Cat\u00e1logo Ilustrativo de los Crust\u00e1ceos de Chile. Gayana.\u00a044-110 pp.<\/li>\n<li><b>RETAMAL, M.<\/b> 2007. Nota sobre la biodiversidad carcinol\u00f3gica entre la Boca del Guafo y el Estero\u00a0Elefantes. Ciencia y Tecnolog\u00eda del Mar. vol 30. N\u00famero 001, Comit\u00e9 Oceanogr\u00e1fico Nacional, Valpara\u00edso, Chile.<\/li>\n<li><b>RIERA, R., GUERRA-GARC\u00cdA, J. M., BRITO, M. del C. &amp; J. NU\u00d1EZ.<\/b>\u00a02003. Estudio de los Capr\u00e9lidos de Lanzarote, Islas Canarias (Crustacea: Amphipoda:\u00a0Caprellidae). Viaraea 31: 157-166.<\/li>\n<li><b>RUDOLPH, E.<\/b>\u00a02002. Sobre la biolog\u00eda del Camar\u00f3n de r\u00edo <em>Samastacus spinifrons<\/em>\u00a0(Philippi 1882) (Decapoda, Parastacidae). <i>Gayana (Concepc.)<\/i>.\u00a0Vol.66, No.2, P.147-159.<\/li>\n<li><b>RUPPERT, E., FOX,\u00a0R. &amp; R. BARNES.<\/b>\u00a02004. Invertebrate Zoology. 7\u00aa Edition.\u00a0Usa: Thompson Brooks \/ Cole. 1006 pp.<\/li>\n<li><b>SALGADO-BARRAGAN, J. &amp; M. HENDRICKX.<\/b>\u00a02010. Clave ilustrada para la identificaci\u00f3n de los estomat\u00f3podos (Crustacea: Hoplocarida) del Pac\u00edfico oriental. Revista Mexicana de Biodiversidad 81: 1-49.<\/li>\n<li><b>SCHULTZ,\u00a0G.<\/b>\u00a01969. The marine Isopod Crustaceans. Wm.C. Brown Company\u00a0Publishers, Dubuque, Iowa. 359pp.<\/li>\n<li><b>SMITH, W.<\/b>\u00a01940. The Stomatopods of the West coast of America. The University Of Southern California Press Los Angeles, California. 100pp. <\/li>\n<li><b>SMITH, R.<\/b>\u00a01964. Keys to Marine Invertebrates of the Woods Hole Region, contribution\u00a0 N\u00b011\/ Systematics -Ecology program, MBL, Edited by Ralph I. Smith. Publisher by Marine Biological Laboratory. Woods Hole, MA.<\/li>\n<li><b>SYME, A.<\/b> 2006.\u00a0Ostracods: A systematic revision of the Cylindroleberididae.\u00a0Marine Research Home.<\/li>\n<li><b>TORRES,\u00a0E.<\/b>\u00a02006. Primer registro para Argentina de <i>Pinnixa valdiviensis<\/i> Rathbun,\u00a01907 (Decapada, Pinnotheridae). Invest. Mar. Valpara\u00edso, 34(2): 175-179.<\/li>\n<li><b>ULLBERG, J. &amp; E. \u00d3LAFSSON.<\/b> 2003. Effects of biological disturbance by <em>Monoporeia affinis<\/em> (Amphipoda) on small-scale migration of marine nematodos in low-energy sediments. Marine Biology. 143: 867-874.<\/li>\n<li><b>VARELA, C.<\/b>\u00a01983. Anf\u00edpodos de las playas de arena del sur de Chile (Bah\u00eda de\u00a0Maiquillahue, Valdivia). Studies on Neotropical Fauna and Environent. 18: 25-52.<\/li>\n<li><b>VINOGRADOV, G.<\/b>\u00a01999. South Atlantic zooplankton, Edited By D. Boltovskoy. Pp1141-1240.<\/li>\n<li><b>WINKLER,\u00a0H.<\/b> 1992.\u00a0<em>Neoectias chilensis<\/em>, a new Janirid genus and species\u00a0from Chile (Isopoda, Asellota, Janiridae). Zool. Anz. 228 \u00be, S. 174-181.<\/li>\n<li><b>WEHRTMANN, I. &amp; P. BAEZ. <\/b>1997. Larvas y estad\u00edos tempranos de desarrollo de Crust\u00e1ceos Dec\u00e1podos de Chile: Descripciones publicadas. <i>Investig. Mar.<\/i>\u00a0Vol.25, P.263-276.<\/li>\n<li><b>Zu\u00f1iga, O.<\/b>\u00a02002. Gu\u00eda de biodiversidad N\u00ba2 Crust\u00e1ceos. Antofagasta,\u00a0Chile: Crea. 76 Pp.<\/li>\n<\/ol>\n","protected":false},"excerpt":{"rendered":"<p>AHYONG, SHANE T. 2001. Revision of the Australian Stomatopod Crustacea. Records of the Australian Museum, Supplement 26: 1\u2013326. ALBORNOZ, L. &amp; I. WEHRTMANN.\u00a01997. Descripci\u00f3n y clave de los primeros estad\u00edos larvales de camarones car\u00eddeos (Decapoda: Hippolytidae, Alpheidae, Rhynchocinetidae) de\u00a0aguas costeras de Chile. Investig. Mar.\u00a0 Vol.25, P. 121-133. ARNAUD, F. &amp; M. BRANCH.\u00a01991. The Pycnogonida of Subantarctic marion and Prince Edward Islands: Illustrated keys to the species. S .Afr. J. Antarct. Vol 21 (1).\u00a0 P. 65-71. BACESCU, M., BELLAN-SANTINI, D., BOXSHALL, G.A., CALS, Ph., CASANOVA, J.-P., DALENS,\u00a0H., GUTU, M., HESSLER, R., LARD\u00c8RE, J.P., MONOD, Th., NOUVEL, H., PETRESCU, I., ROMAN,\u00a0M.L. &amp; [&hellip;]<\/p>\n","protected":false},"author":1,"featured_media":0,"parent":39,"menu_order":8,"comment_status":"closed","ping_status":"closed","template":"plantilla-minisitio_contenido.php","meta":{"footnotes":""},"class_list":["post-104","page","type-page","status-publish","hentry"],"_links":{"self":[{"href":"https:\/\/www.ifop.cl\/macrofauna\/wp-json\/wp\/v2\/pages\/104"}],"collection":[{"href":"https:\/\/www.ifop.cl\/macrofauna\/wp-json\/wp\/v2\/pages"}],"about":[{"href":"https:\/\/www.ifop.cl\/macrofauna\/wp-json\/wp\/v2\/types\/page"}],"author":[{"embeddable":true,"href":"https:\/\/www.ifop.cl\/macrofauna\/wp-json\/wp\/v2\/users\/1"}],"replies":[{"embeddable":true,"href":"https:\/\/www.ifop.cl\/macrofauna\/wp-json\/wp\/v2\/comments?post=104"}],"version-history":[{"count":28,"href":"https:\/\/www.ifop.cl\/macrofauna\/wp-json\/wp\/v2\/pages\/104\/revisions"}],"predecessor-version":[{"id":2912,"href":"https:\/\/www.ifop.cl\/macrofauna\/wp-json\/wp\/v2\/pages\/104\/revisions\/2912"}],"up":[{"embeddable":true,"href":"https:\/\/www.ifop.cl\/macrofauna\/wp-json\/wp\/v2\/pages\/39"}],"wp:attachment":[{"href":"https:\/\/www.ifop.cl\/macrofauna\/wp-json\/wp\/v2\/media?parent=104"}],"curies":[{"name":"wp","href":"https:\/\/api.w.org\/{rel}","templated":true}]}}