{"id":59,"date":"2016-01-26T13:33:10","date_gmt":"2016-01-26T13:33:10","guid":{"rendered":"http:\/\/192.168.168.168\/~mmasesorias\/laboratorioedadycrecimiento\/?page_id=59"},"modified":"2025-06-09T10:22:07","modified_gmt":"2025-06-09T14:22:07","slug":"sitios-de-interes","status":"publish","type":"page","link":"https:\/\/www.ifop.cl\/laboratorioedadycrecimiento\/sitios-de-interes\/","title":{"rendered":"Sitios de Inter\u00e9s"},"content":{"rendered":"A continuaci\u00f3n se detallan sitios de Internet relacionados con instituciones que tienen laboratorios en donde se realizan estudios de edad y crecimiento o p\u00e1ginas dedicadas al tema.<\/p>\n<ul>\n<li><a title=\"\tOtolith Research Laboratory (ORL)\t\" href=\"http:\/\/www.marinebiodiversity.ca\/otolith\/english\/home.htm\" target=\"_blank&quot;\" rel=\"noopener\"> Otolith Research Laboratory (ORL) <\/a><\/li>\n<li><a title=\"\tNational Institute of Water &amp; Atmospheric Research (NIWA)\t\" href=\"http:\/\/www.niwa.cri.nz\/\" target=\"_blank&quot;\" rel=\"noopener\"> National Institute of Water &amp; Atmospheric Research (NIWA) <\/a><\/li>\n<li><a title=\"\tInstituto del Mar del Per\u00fa (IMARPE)\t\" href=\"http:\/\/www.imarpe.gob.pe\/imarpe\/index.php\" target=\"_blank&quot;\" rel=\"noopener\"> Instituto del Mar del Per\u00fa (IMARPE) <\/a><\/li>\n<li><a title=\"\tInstituto Nacional de Investigaci\u00f3n y Desarrollo Pesquero (INIDEP)\t\" href=\"http:\/\/www.inidep.gov.ar\/\" target=\"_blank&quot;\" rel=\"noopener\"> Instituto Nacional de Investigaci\u00f3n y Desarrollo Pesquero (INIDEP) <\/a><\/li>\n<li><a title=\"\tComisi\u00f3n para la conservaci\u00f3n de los Recursos Vivos marinos Ant\u00e1rticos. (CCAMLR)\t\" href=\"http:\/\/www.ccamlr.org\/default.htm\" target=\"_blank&quot;\" rel=\"noopener\"> Comisi\u00f3n para la conservaci\u00f3n de los Recursos Vivos marinos Ant\u00e1rticos. (CCAMLR) <\/a><\/li>\n<li><a title=\"\tLaboratoire de Sclerochronologie des Animaux Aquatiques (LASAA)\t\" href=\"http:\/\/www.ifremer.fr\/lasaa\/index.htm\" target=\"_blank&quot;\" rel=\"noopener\"> Laboratoire de Sclerochronologie des Animaux Aquatiques (LASAA) <\/a><\/li>\n<li><a title=\"\tCentre Mediterrani D'Investigacions Marines I Ambientals (AFORO)\t\" href=\"http:\/\/www.cmima.csic.es\/\" target=\"_blank&quot;\" rel=\"noopener\"> Centre Mediterrani D&#8217;Investigacions Marines I Ambientals (AFORO) <\/a><\/li>\n<li><a title=\"\tNOAA Fisheries Service (NOAA)\t\" href=\"http:\/\/www.nmfs.noaa.gov\/\" target=\"_blank&quot;\" rel=\"noopener\"> NOAA Fisheries Service (NOAA) <\/a><\/li>\n<li><a title=\"\tAlaska Fisheries Sciencie Center (AFSC)\t\" href=\"http:\/\/www.afsc.noaa.gov\/refm\/age\/interactive.htm\" target=\"_blank&quot;\" rel=\"noopener\"> Alaska Fisheries Sciencie Center (AFSC) <\/a><\/li>\n<li><a title=\"\tAlaska dept of Fish and Game Otolith Processing Laboratory. Age Determination Unit (ADFG)\t\" href=\"http:\/\/tagotoweb.adfg.state.ak.us\/ADU\/default.asp\" target=\"_blank&quot;\" rel=\"noopener\"> Alaska dept of Fish and Game Otolith Processing Laboratory. Age Determination Unit (ADFG) <\/a><\/li>\n<li><a title=\"\tNortheast Fisheries Science Center\t\" href=\"http:\/\/www.nefsc.noaa.gov\/\" target=\"_blank&quot;\" rel=\"noopener\"> Northeast Fisheries Science Center <\/a><\/li>\n<li><a title=\"\tSoutheast Fisheries Science Center (SEFSC)\t\" href=\"http:\/\/www.sefsc.noaa.gov\/\" target=\"_blank&quot;\" rel=\"noopener\"> Southeast Fisheries Science Center (SEFSC) <\/a><\/li>\n<li><a title=\"\tPacific Islands Fisheries Science Center (PIFSC)\t\" href=\"http:\/\/www.pifsc.noaa.gov\/\" target=\"_blank&quot;\" rel=\"noopener\"> Pacific Islands Fisheries Science Center (PIFSC) <\/a><\/li>\n<li><a title=\"\tPacific States Marine Fisheries Commission (CARE)\t\" href=\"http:\/\/www.psmfc.org\/care\/index.htm\" target=\"_blank&quot;\" rel=\"noopener\"> Pacific States Marine Fisheries Commission (CARE) <\/a><\/li>\n<li><a title=\"\tFlorida Fish and Wildlife Conservation Commission\t\" href=\"http:\/\/www.floridamarine.org\/features\/category_sub.asp?id=5573\" target=\"_blank&quot;\" rel=\"noopener\"> Florida Fish and Wildlife Conservation Commission <\/a><\/li>\n<li><a title=\"\tOceanic Fisheries Programme\t\" href=\"http:\/\/www.spc.int\/OceanFish\/Html\/TEB\/Otolith\/Otolith.htm\" target=\"_blank&quot;\" rel=\"noopener\"> Oceanic Fisheries Programme <\/a><\/li>\n<li><a title=\"\tCRC Reef Research Center\t\" href=\"http:\/\/www.reef.crc.org.au\/research\/fishing_fisheries\/fishage.htm\" target=\"_blank&quot;\" rel=\"noopener\"> CRC Reef Research Center <\/a><\/li>\n<li><a title=\"\tThe Otolith Page\t\" href=\"http:\/\/www.iphc.washington.edu\/staff\/joan\/otolith.htm\" target=\"_blank&quot;\" rel=\"noopener\"> The Otolith Page <\/a><\/li>\n<li><a title=\"\tHumboldt State University Department of fisheries Biology\t\" href=\"http:\/\/www.humboldt.edu\/%7Efish\/facilities\/agegrowth.html\" target=\"_blank&quot;\" rel=\"noopener\"> Humboldt State University Department of fisheries Biology <\/a><\/li>\n<li><a title=\"\tGulf States Marine Fisheries Commission\t\" href=\"http:\/\/www.gsmfc.org\/\" target=\"_blank&quot;\" rel=\"noopener\"> Gulf States Marine Fisheries Commission <\/a><\/li>\n<li><a title=\"\tMassachusetts Division of Marine Fisheries\t\" href=\"http:\/\/www.mass.gov\/dfwele\/dmf\/index.html\" target=\"_blank&quot;\" rel=\"noopener\"> Massachusetts Division of Marine Fisheries <\/a><\/li>\n<li><a title=\"\tLarval otolith Microstructure\t\" href=\"http:\/\/www.astrosurf.com\/re\/otolith_bio.html\" target=\"_blank&quot;\" rel=\"noopener\"> Larval otolith Microstructure <\/a><\/li>\n<\/ul>","protected":false},"excerpt":{"rendered":"<p>A continuaci\u00f3n se detallan sitios de Internet relacionados con instituciones que tienen laboratorios en donde se realizan estudios de edad y crecimiento o p\u00e1ginas dedicadas al tema. Otolith Research Laboratory (ORL) National Institute of Water &amp; Atmospheric Research (NIWA) Instituto del Mar del Per\u00fa (IMARPE) Instituto Nacional de Investigaci\u00f3n y Desarrollo Pesquero (INIDEP) Comisi\u00f3n para la conservaci\u00f3n de los Recursos Vivos marinos Ant\u00e1rticos. (CCAMLR) Laboratoire de Sclerochronologie des Animaux Aquatiques (LASAA) Centre Mediterrani D&#8217;Investigacions Marines I Ambientals (AFORO) NOAA Fisheries Service (NOAA) Alaska Fisheries Sciencie Center (AFSC) Alaska dept of Fish and Game Otolith Processing Laboratory. Age Determination Unit (ADFG) [&hellip;]<\/p>\n","protected":false},"author":1,"featured_media":0,"parent":0,"menu_order":0,"comment_status":"closed","ping_status":"closed","template":"plantilla-minisitio_contenido.php","meta":{"footnotes":""},"class_list":["post-59","page","type-page","status-publish","hentry"],"_links":{"self":[{"href":"https:\/\/www.ifop.cl\/laboratorioedadycrecimiento\/wp-json\/wp\/v2\/pages\/59"}],"collection":[{"href":"https:\/\/www.ifop.cl\/laboratorioedadycrecimiento\/wp-json\/wp\/v2\/pages"}],"about":[{"href":"https:\/\/www.ifop.cl\/laboratorioedadycrecimiento\/wp-json\/wp\/v2\/types\/page"}],"author":[{"embeddable":true,"href":"https:\/\/www.ifop.cl\/laboratorioedadycrecimiento\/wp-json\/wp\/v2\/users\/1"}],"replies":[{"embeddable":true,"href":"https:\/\/www.ifop.cl\/laboratorioedadycrecimiento\/wp-json\/wp\/v2\/comments?post=59"}],"version-history":[{"count":2,"href":"https:\/\/www.ifop.cl\/laboratorioedadycrecimiento\/wp-json\/wp\/v2\/pages\/59\/revisions"}],"predecessor-version":[{"id":437,"href":"https:\/\/www.ifop.cl\/laboratorioedadycrecimiento\/wp-json\/wp\/v2\/pages\/59\/revisions\/437"}],"wp:attachment":[{"href":"https:\/\/www.ifop.cl\/laboratorioedadycrecimiento\/wp-json\/wp\/v2\/media?parent=59"}],"curies":[{"name":"wp","href":"https:\/\/api.w.org\/{rel}","templated":true}]}}