{"id":55,"date":"2016-01-26T13:16:46","date_gmt":"2016-01-26T13:16:46","guid":{"rendered":"http:\/\/192.168.168.168\/~mmasesorias\/laboratorioedadycrecimiento\/?page_id=55"},"modified":"2025-06-09T10:20:30","modified_gmt":"2025-06-09T14:20:30","slug":"imagenes-y-videos","status":"publish","type":"page","link":"https:\/\/www.ifop.cl\/laboratorioedadycrecimiento\/imagenes-y-videos\/","title":{"rendered":"Im\u00e1genes y Videos"},"content":{"rendered":"<ul>\n<li><a href=\"http:\/\/www.ifop.cl\/laboratorioedadycrecimiento\/imagenes\/\">Galer\u00eda de im\u00e1genes<\/a><\/li>\n<li><a href=\"http:\/\/www.ifop.cl\/laboratorioedadycrecimiento\/videos\/\">Galer\u00eda de videos<\/a><\/li>\n<\/ul>","protected":false},"excerpt":{"rendered":"<p>Galer\u00eda de im\u00e1genes Galer\u00eda de videos<\/p>\n","protected":false},"author":1,"featured_media":0,"parent":0,"menu_order":0,"comment_status":"open","ping_status":"open","template":"plantilla-minisitio_contenido.php","meta":{"footnotes":""},"class_list":["post-55","page","type-page","status-publish","hentry"],"_links":{"self":[{"href":"https:\/\/www.ifop.cl\/laboratorioedadycrecimiento\/wp-json\/wp\/v2\/pages\/55"}],"collection":[{"href":"https:\/\/www.ifop.cl\/laboratorioedadycrecimiento\/wp-json\/wp\/v2\/pages"}],"about":[{"href":"https:\/\/www.ifop.cl\/laboratorioedadycrecimiento\/wp-json\/wp\/v2\/types\/page"}],"author":[{"embeddable":true,"href":"https:\/\/www.ifop.cl\/laboratorioedadycrecimiento\/wp-json\/wp\/v2\/users\/1"}],"replies":[{"embeddable":true,"href":"https:\/\/www.ifop.cl\/laboratorioedadycrecimiento\/wp-json\/wp\/v2\/comments?post=55"}],"version-history":[{"count":5,"href":"https:\/\/www.ifop.cl\/laboratorioedadycrecimiento\/wp-json\/wp\/v2\/pages\/55\/revisions"}],"predecessor-version":[{"id":210,"href":"https:\/\/www.ifop.cl\/laboratorioedadycrecimiento\/wp-json\/wp\/v2\/pages\/55\/revisions\/210"}],"wp:attachment":[{"href":"https:\/\/www.ifop.cl\/laboratorioedadycrecimiento\/wp-json\/wp\/v2\/media?parent=55"}],"curies":[{"name":"wp","href":"https:\/\/api.w.org\/{rel}","templated":true}]}}