{"id":53,"date":"2016-01-26T13:15:52","date_gmt":"2016-01-26T13:15:52","guid":{"rendered":"http:\/\/192.168.168.168\/~mmasesorias\/laboratorioedadycrecimiento\/?page_id=53"},"modified":"2016-07-08T16:29:50","modified_gmt":"2016-07-08T16:29:50","slug":"proyectos","status":"publish","type":"page","link":"https:\/\/www.ifop.cl\/laboratorioedadycrecimiento\/proyectos\/","title":{"rendered":"Proyectos"},"content":{"rendered":"Las \u00e1reas de investigaci\u00f3n en que participa el Laboratorio de Edad y Crecimiento de IFOP, concentran diversos \u00e1mbitos investigativos, representados en los siguientes proyectos:<\/p>\n<p><strong>INNOVA<\/strong><\/p>\n<p><b>INNOVA N\u00ba05CN11IPT-16<\/b><br \/>\nActualizaci\u00f3n y perfeccionamiento de metodolog\u00edas cient\u00edficas de determinaci\u00f3n de edad en peces para la sustentabilidad de recursos pesqueros nacionales.<\/p>\n<p><strong>Fondo Investigaci\u00f3n Pesquera, FIP<\/strong><\/p>\n<p><b>FIP N\u00ba 2008-05<\/b><br \/>\nEvaluaci\u00f3n hidroac\u00fastica del recurso jurel en la V y X Regiones, a\u00f1o 2008.<\/p>\n<p><b>FIP N\u00ba 2008-07<\/b><br \/>\nEvaluaci\u00f3n hidroac\u00fastica de jurel en la I y II Regiones, a\u00f1o 2008.<\/p>\n<p><b>FIP N\u00ba 2008-11<\/b><br \/>\nEvaluaci\u00f3n del stock desovante de merluza del sur y merluza de cola en la zona sur austral, a\u00f1o 2008.<\/p>\n<p><b>FIP N\u00ba 2008-12<\/b><br \/>\nEvaluaci\u00f3n hidroac\u00fastica del stock desovante de merluza de tres aletas, a\u00f1o 2008.<\/p>\n<p><b>FIP N\u00ba 2008-14<\/b><br \/>\nEvaluaci\u00f3n hidroac\u00fastica de la merluza com\u00fan, a\u00f1o 2008.<\/p>\n<p><b>FIP N\u00ba 2007-04<\/b><br \/>\nEvaluaci\u00f3n hidroac\u00fastica del reclutamiento de anchoveta y sardina com\u00fan entre la V y X Regiones, a\u00f1o 2008.<\/p>\n<p><b>FIP N\u00ba 2007-27<\/b><br \/>\nEstudio de migraci\u00f3n de jurel en Chile, fase 1, a\u00f1o 2007.<\/p>\n<p><b>FIP N\u00ba 2007-43<\/b><br \/>\nEstudio de la din\u00e1mica poblacional del recurso macha entre el r\u00edo Maule y el r\u00edo Mataquito s\u00e9ptima regi\u00f3n.<\/p>\n<p><b>FIP N\u00ba 2006-39<\/b><br \/>\nEvaluaci\u00f3n Hidroac\u00fastica del reclutamiento de anchoveta entre la I y II Regiones.<\/p>\n<p><strong>Subsecretaria de Pesca, SUBPESCA<\/strong><\/p>\n<p><b>SUBPESCA<\/b><br \/>\nInvestigaci\u00f3n situaci\u00f3n pesquer\u00eda pel\u00e1gica zona centro-sur, 2008.<\/p>\n<p><b>SUBPESCA<\/b><br \/>\nInvestigaci\u00f3n situaci\u00f3n pesquer\u00eda demersal austral, 2008.<\/p>\n<p><b>SUBPESCA <\/b><br \/>\nInvestigaci\u00f3n situaci\u00f3n pesquer\u00eda demersal centro-sur y aguas profundas, 2008.<\/p>\n<p><b>SUBPESCA<\/b><br \/>\nInvestigaci\u00f3n situaci\u00f3n pesquer\u00eda pel\u00e1gica zona norte, 2008.<\/p>\n<p><b>SUBPESCA <\/b><br \/>\nInvestigaci\u00f3n situaci\u00f3n recursos altamente migratorios, 2008.","protected":false},"excerpt":{"rendered":"<p>Las \u00e1reas de investigaci\u00f3n en que participa el Laboratorio de Edad y Crecimiento de IFOP, concentran diversos \u00e1mbitos investigativos, representados en los siguientes proyectos: INNOVA INNOVA N\u00ba05CN11IPT-16 Actualizaci\u00f3n y perfeccionamiento de metodolog\u00edas cient\u00edficas de determinaci\u00f3n de edad en peces para la sustentabilidad de recursos pesqueros nacionales. Fondo Investigaci\u00f3n Pesquera, FIP FIP N\u00ba 2008-05 Evaluaci\u00f3n hidroac\u00fastica del recurso jurel en la V y X Regiones, a\u00f1o 2008. FIP N\u00ba 2008-07 Evaluaci\u00f3n hidroac\u00fastica de jurel en la I y II Regiones, a\u00f1o 2008. FIP N\u00ba 2008-11 Evaluaci\u00f3n del stock desovante de merluza del sur y merluza de cola en la zona sur [&hellip;]<\/p>\n","protected":false},"author":1,"featured_media":0,"parent":0,"menu_order":0,"comment_status":"open","ping_status":"open","template":"plantilla_pagina_full_with.php","meta":{"footnotes":""},"class_list":["post-53","page","type-page","status-publish","hentry"],"_links":{"self":[{"href":"https:\/\/www.ifop.cl\/laboratorioedadycrecimiento\/wp-json\/wp\/v2\/pages\/53"}],"collection":[{"href":"https:\/\/www.ifop.cl\/laboratorioedadycrecimiento\/wp-json\/wp\/v2\/pages"}],"about":[{"href":"https:\/\/www.ifop.cl\/laboratorioedadycrecimiento\/wp-json\/wp\/v2\/types\/page"}],"author":[{"embeddable":true,"href":"https:\/\/www.ifop.cl\/laboratorioedadycrecimiento\/wp-json\/wp\/v2\/users\/1"}],"replies":[{"embeddable":true,"href":"https:\/\/www.ifop.cl\/laboratorioedadycrecimiento\/wp-json\/wp\/v2\/comments?post=53"}],"version-history":[{"count":1,"href":"https:\/\/www.ifop.cl\/laboratorioedadycrecimiento\/wp-json\/wp\/v2\/pages\/53\/revisions"}],"predecessor-version":[{"id":54,"href":"https:\/\/www.ifop.cl\/laboratorioedadycrecimiento\/wp-json\/wp\/v2\/pages\/53\/revisions\/54"}],"wp:attachment":[{"href":"https:\/\/www.ifop.cl\/laboratorioedadycrecimiento\/wp-json\/wp\/v2\/media?parent=53"}],"curies":[{"name":"wp","href":"https:\/\/api.w.org\/{rel}","templated":true}]}}