{"id":47,"date":"2016-01-26T13:14:51","date_gmt":"2016-01-26T13:14:51","guid":{"rendered":"http:\/\/192.168.168.168\/~mmasesorias\/laboratorioedadycrecimiento\/?page_id=47"},"modified":"2025-06-09T10:21:37","modified_gmt":"2025-06-09T14:21:37","slug":"recursos","status":"publish","type":"page","link":"https:\/\/www.ifop.cl\/laboratorioedadycrecimiento\/recursos\/","title":{"rendered":"Recursos"},"content":{"rendered":"El estudio de las estructuras calcificadas, para reconstruir la historia de los recursos hidrobiol\u00f3gicos, ha sido el tema de inter\u00e9s desarrollado por la Secci\u00f3n de Edad y Crecimiento del Instituto de Fomento Pesquero. Mediante este importante quehacer, esta Secci\u00f3n ha sido capaz de contribuir en la generaci\u00f3n, desarrollo y transferencia de conocimiento de valor p\u00fablico, indispensable para el Sector pesquero nacional. Este trabajo se ha desarrollado y perfeccionado en el tiempo mediante diversas t\u00e9cnicas y metodolog\u00edas de investigaci\u00f3n cient\u00edfica aplicada, para realizar las lecturas de los anillos de crecimiento en las estructuras calcificadas de las especies. Cada t\u00e9cnica y metodolog\u00eda es probada, individualmente, en cada una de las especies a estudiar.<\/p>\n<div class=\"row\">\n<div class=\"col-sm-6\">\n<h2>Recursos Demersales<\/h2>\n<ul>\n<li><i class=\"fa fa-file-pdf-o\" aria-hidden=\"true\"><\/i>  <a href=\"http:\/\/www.ifop.cl\/laboratorioedadycrecimiento\/wp-content\/uploads\/sites\/3\/2016\/01\/Alfonsino.pdf\" target=\"_Blank\" rel=\"noopener\">Alfonsino<\/a><\/li>\n<li><i class=\"fa fa-file-pdf-o\" aria-hidden=\"true\"><\/i>  <a href=\"http:\/\/www.ifop.cl\/laboratorioedadycrecimiento\/wp-content\/uploads\/sites\/3\/2016\/01\/Bacalao_de_Profundidad.pdf\" target=\"_Blank\" rel=\"noopener\">Bacalao de Profundidad<\/a><\/li>\n<li><i class=\"fa fa-file-pdf-o\" aria-hidden=\"true\"><\/i>  <a href=\"http:\/\/www.ifop.cl\/laboratorioedadycrecimiento\/wp-content\/uploads\/sites\/3\/2016\/01\/Besugo.pdf\" target=\"_Blank\" rel=\"noopener\">Besugo<\/a><\/li>\n<li><i class=\"fa fa-file-pdf-o\" aria-hidden=\"true\"><\/i>  <a href=\"http:\/\/www.ifop.cl\/laboratorioedadycrecimiento\/wp-content\/uploads\/sites\/3\/2016\/01\/Congrio_Dorado.pdf\" target=\"_Blank\" rel=\"noopener\">Congrio Dorado<\/a><\/li>\n<li><i class=\"fa fa-file-pdf-o\" aria-hidden=\"true\"><\/i>  <a href=\"http:\/\/www.ifop.cl\/laboratorioedadycrecimiento\/wp-content\/uploads\/sites\/3\/2016\/01\/Merluza_Comun.pdf\" target=\"_Blank\" rel=\"noopener\">Merluza Comun<\/a><\/li>\n<li><i class=\"fa fa-file-pdf-o\" aria-hidden=\"true\"><\/i>  <a href=\"http:\/\/www.ifop.cl\/laboratorioedadycrecimiento\/wp-content\/uploads\/sites\/3\/2016\/01\/Merluza_de_Cola.pdf\" target=\"_Blank\" rel=\"noopener\">Merluza de Cola<\/a><\/li>\n<li><i class=\"fa fa-file-pdf-o\" aria-hidden=\"true\"><\/i>  <a href=\"http:\/\/www.ifop.cl\/laboratorioedadycrecimiento\/wp-content\/uploads\/sites\/3\/2016\/01\/Merluza_de_Tres_Aletas.pdf\" target=\"_Blank\" rel=\"noopener\">Merluza de Tres Aletas<\/a><\/li>\n<li><i class=\"fa fa-file-pdf-o\" aria-hidden=\"true\"><\/i>  <a href=\"http:\/\/www.ifop.cl\/laboratorioedadycrecimiento\/wp-content\/uploads\/sites\/3\/2016\/01\/Merluza_del_Sur.pdf\" target=\"_Blank\" rel=\"noopener\">Merluza del Sur<\/a><\/li>\n<li><i class=\"fa fa-file-pdf-o\" aria-hidden=\"true\"><\/i>  <a href=\"http:\/\/www.ifop.cl\/laboratorioedadycrecimiento\/wp-content\/uploads\/sites\/3\/2016\/01\/Orange_Roughy.pdf\" target=\"_Blank\" rel=\"noopener\">Orange Roughy<\/a><\/li>\n<\/ul><\/div>\n<div class=\"col-sm-6\">\n<h2>Recursos Pel\u00e1gicos<\/h2>\n<ul>\n<li><i class=\"fa fa-file-pdf-o\" aria-hidden=\"true\"><\/i>  <a href=\"http:\/\/www.ifop.cl\/laboratorioedadycrecimiento\/wp-content\/uploads\/sites\/3\/2016\/01\/Anchoveta.pdf\" target=\"_Blank\" rel=\"noopener\">Anchoveta<\/a><\/li>\n<li><i class=\"fa fa-file-pdf-o\" aria-hidden=\"true\"><\/i>  <a href=\"http:\/\/www.ifop.cl\/laboratorioedadycrecimiento\/wp-content\/uploads\/sites\/3\/2016\/01\/Caballa.pdf\" target=\"_Blank\" rel=\"noopener\">Caballa<\/a><\/li>\n<li><i class=\"fa fa-file-pdf-o\" aria-hidden=\"true\"><\/i>  <a href=\"http:\/\/www.ifop.cl\/laboratorioedadycrecimiento\/wp-content\/uploads\/sites\/3\/2016\/01\/Jurel.pdf\" target=\"_Blank\" rel=\"noopener\">Jurel<\/a><\/li>\n<li><i class=\"fa fa-file-pdf-o\" aria-hidden=\"true\"><\/i>  <a href=\"http:\/\/www.ifop.cl\/laboratorioedadycrecimiento\/wp-content\/uploads\/sites\/3\/2016\/01\/Pez_Espada.pdf\" target=\"_Blank\" rel=\"noopener\">Pez Espada<\/a><\/li>\n<li><i class=\"fa fa-file-pdf-o\" aria-hidden=\"true\"><\/i>  <a href=\"http:\/\/www.ifop.cl\/laboratorioedadycrecimiento\/wp-content\/uploads\/sites\/3\/2016\/01\/Sardina_Comun.pdf\" target=\"_Blank\" rel=\"noopener\">Sardina Comun<\/a><\/li>\n<li><i class=\"fa fa-file-pdf-o\" aria-hidden=\"true\"><\/i>  <a href=\"http:\/\/www.ifop.cl\/laboratorioedadycrecimiento\/wp-content\/uploads\/sites\/3\/2016\/01\/Tiburon_Marrajo.pdf\" target=\"_Blank\" rel=\"noopener\">Tiburon Marrajo<\/a><\/li>\n<li><i class=\"fa fa-file-pdf-o\" aria-hidden=\"true\"><\/i>  <a href=\"http:\/\/www.ifop.cl\/laboratorioedadycrecimiento\/wp-content\/uploads\/sites\/3\/2016\/01\/Sardina_Fueguina.pdf\" target=\"_Blank\" rel=\"noopener\">Sardina Fueguina<\/a><\/li>\n<li><i class=\"fa fa-file-pdf-o\" aria-hidden=\"true\"><\/i>  <a href=\"http:\/\/www.ifop.cl\/laboratorioedadycrecimiento\/wp-content\/uploads\/sites\/3\/2016\/01\/Tiburon_Azulejo.pdf\" target=\"_Blank\" rel=\"noopener\">Tiburon Azulejo<\/a><\/li>\n<\/ul><\/div>\n<\/div>","protected":false},"excerpt":{"rendered":"<p>El estudio de las estructuras calcificadas, para reconstruir la historia de los recursos hidrobiol\u00f3gicos, ha sido el tema de inter\u00e9s desarrollado por la Secci\u00f3n de Edad y Crecimiento del Instituto de Fomento Pesquero. Mediante este importante quehacer, esta Secci\u00f3n ha sido capaz de contribuir en la generaci\u00f3n, desarrollo y transferencia de conocimiento de valor p\u00fablico, indispensable para el Sector pesquero nacional. Este trabajo se ha desarrollado y perfeccionado en el tiempo mediante diversas t\u00e9cnicas y metodolog\u00edas de investigaci\u00f3n cient\u00edfica aplicada, para realizar las lecturas de los anillos de crecimiento en las estructuras calcificadas de las especies. Cada t\u00e9cnica y metodolog\u00eda [&hellip;]<\/p>\n","protected":false},"author":1,"featured_media":0,"parent":0,"menu_order":0,"comment_status":"closed","ping_status":"closed","template":"plantilla-minisitio_contenido.php","meta":{"footnotes":""},"class_list":["post-47","page","type-page","status-publish","hentry"],"_links":{"self":[{"href":"https:\/\/www.ifop.cl\/laboratorioedadycrecimiento\/wp-json\/wp\/v2\/pages\/47"}],"collection":[{"href":"https:\/\/www.ifop.cl\/laboratorioedadycrecimiento\/wp-json\/wp\/v2\/pages"}],"about":[{"href":"https:\/\/www.ifop.cl\/laboratorioedadycrecimiento\/wp-json\/wp\/v2\/types\/page"}],"author":[{"embeddable":true,"href":"https:\/\/www.ifop.cl\/laboratorioedadycrecimiento\/wp-json\/wp\/v2\/users\/1"}],"replies":[{"embeddable":true,"href":"https:\/\/www.ifop.cl\/laboratorioedadycrecimiento\/wp-json\/wp\/v2\/comments?post=47"}],"version-history":[{"count":3,"href":"https:\/\/www.ifop.cl\/laboratorioedadycrecimiento\/wp-json\/wp\/v2\/pages\/47\/revisions"}],"predecessor-version":[{"id":436,"href":"https:\/\/www.ifop.cl\/laboratorioedadycrecimiento\/wp-json\/wp\/v2\/pages\/47\/revisions\/436"}],"wp:attachment":[{"href":"https:\/\/www.ifop.cl\/laboratorioedadycrecimiento\/wp-json\/wp\/v2\/media?parent=47"}],"curies":[{"name":"wp","href":"https:\/\/api.w.org\/{rel}","templated":true}]}}