{"id":45,"date":"2016-01-26T13:14:31","date_gmt":"2016-01-26T13:14:31","guid":{"rendered":"http:\/\/192.168.168.168\/~mmasesorias\/laboratorioedadycrecimiento\/?page_id=45"},"modified":"2025-06-09T10:20:25","modified_gmt":"2025-06-09T14:20:25","slug":"almacenamiento","status":"publish","type":"page","link":"https:\/\/www.ifop.cl\/laboratorioedadycrecimiento\/almacenamiento\/","title":{"rendered":"Almacenamiento"},"content":{"rendered":"La Secci\u00f3n de Edad y Crecimiento del Instituto de Fomento Pesquero, resguarda como patrimonio hist\u00f3rico la colecci\u00f3n de estructuras duras que posee (otolitos, escamas, v\u00e9rtebras, espinas y otras estructuras), como una oportunidad \u00fanica de muestreos, no repetibles en ning\u00fan lugar. Desde ese marco, la Secci\u00f3n cuenta con una colecci\u00f3n hist\u00f3rica de estructuras duras que se remonta desde la d\u00e9cada del sesenta a la fecha. As\u00ed, posee un potencial de posibilidades investigativas de estas muestras para estudios de estimaci\u00f3n de edad de los recursos y su validaci\u00f3n, estudios de elementos traza e is\u00f3topos estables, microqu\u00edmica de los otolitos como marcadores naturales de \u00e1reas natales o de crianza, identificaci\u00f3n de stock y patrones migratorios, entre otros. En los \u00faltimos a\u00f1os, el estado de la colecci\u00f3n ha mejorado sustancialmente, llegando a disponer de una serie inventariada, de f\u00e1cil acceso, compuesta de estructuras simples de encasillamiento, rotuladas y almacenadas seg\u00fan especie, tipo de estructura, zona de pesca, a\u00f1o y mes. La relevancia que tiene esta Colecci\u00f3n hist\u00f3rica para el Sector y para el \u00e1rea de la investigaci\u00f3n cient\u00edfica aplicada, a nivel nacional e internacional, radica fundamentalmente en que se trata de la \u00fanica Colecci\u00f3n del pa\u00eds con tales caracter\u00edsticas.","protected":false},"excerpt":{"rendered":"<p>La Secci\u00f3n de Edad y Crecimiento del Instituto de Fomento Pesquero, resguarda como patrimonio hist\u00f3rico la colecci\u00f3n de estructuras duras que posee (otolitos, escamas, v\u00e9rtebras, espinas y otras estructuras), como una oportunidad \u00fanica de muestreos, no repetibles en ning\u00fan lugar. Desde ese marco, la Secci\u00f3n cuenta con una colecci\u00f3n hist\u00f3rica de estructuras duras que se remonta desde la d\u00e9cada del sesenta a la fecha. As\u00ed, posee un potencial de posibilidades investigativas de estas muestras para estudios de estimaci\u00f3n de edad de los recursos y su validaci\u00f3n, estudios de elementos traza e is\u00f3topos estables, microqu\u00edmica de los otolitos como marcadores naturales [&hellip;]<\/p>\n","protected":false},"author":1,"featured_media":0,"parent":0,"menu_order":0,"comment_status":"open","ping_status":"open","template":"plantilla-minisitio_contenido.php","meta":{"footnotes":""},"class_list":["post-45","page","type-page","status-publish","hentry"],"_links":{"self":[{"href":"https:\/\/www.ifop.cl\/laboratorioedadycrecimiento\/wp-json\/wp\/v2\/pages\/45"}],"collection":[{"href":"https:\/\/www.ifop.cl\/laboratorioedadycrecimiento\/wp-json\/wp\/v2\/pages"}],"about":[{"href":"https:\/\/www.ifop.cl\/laboratorioedadycrecimiento\/wp-json\/wp\/v2\/types\/page"}],"author":[{"embeddable":true,"href":"https:\/\/www.ifop.cl\/laboratorioedadycrecimiento\/wp-json\/wp\/v2\/users\/1"}],"replies":[{"embeddable":true,"href":"https:\/\/www.ifop.cl\/laboratorioedadycrecimiento\/wp-json\/wp\/v2\/comments?post=45"}],"version-history":[{"count":1,"href":"https:\/\/www.ifop.cl\/laboratorioedadycrecimiento\/wp-json\/wp\/v2\/pages\/45\/revisions"}],"predecessor-version":[{"id":46,"href":"https:\/\/www.ifop.cl\/laboratorioedadycrecimiento\/wp-json\/wp\/v2\/pages\/45\/revisions\/46"}],"wp:attachment":[{"href":"https:\/\/www.ifop.cl\/laboratorioedadycrecimiento\/wp-json\/wp\/v2\/media?parent=45"}],"curies":[{"name":"wp","href":"https:\/\/api.w.org\/{rel}","templated":true}]}}