{"id":41,"date":"2016-01-26T13:13:40","date_gmt":"2016-01-26T13:13:40","guid":{"rendered":"http:\/\/192.168.168.168\/~mmasesorias\/laboratorioedadycrecimiento\/?page_id=41"},"modified":"2025-06-09T10:20:34","modified_gmt":"2025-06-09T14:20:34","slug":"microscopio-estereoscopico","status":"publish","type":"page","link":"https:\/\/www.ifop.cl\/laboratorioedadycrecimiento\/microscopio-estereoscopico\/","title":{"rendered":"Microscopio Estereosc\u00f3pico"},"content":{"rendered":"Los microscopios estereosc\u00f3picos utilizados en el laboratorio forman parte integral de los equipos de an\u00e1lisis de im\u00e1genes, dando la posibilidad de visualizar macroanillos en las estructuras duras ya que entregan una magnificaci\u00f3n estereosc\u00f3pica desde 6.7 a 45 aumentos<\/p>\n<p><strong>Ficha T\u00e9cnica:<\/strong><\/p>\n<p><img loading=\"lazy\" decoding=\"async\" class=\" size-full wp-image-126 alignright\" src=\"http:\/\/192.168.168.168\/~mmasesorias\/laboratorioedadycrecimiento\/wp-content\/uploads\/sites\/3\/2016\/01\/MicroscopioEstereoscopico.jpg\" alt=\"MicroscopioEstereoscopico\" width=\"164\" height=\"261\" \/><\/p>\n<table border=\"0\">\n<tbody>\n<tr>\n<td>Equipo:<\/td>\n<td>Microscopio estereosc\u00f3pico<\/td>\n<\/tr>\n<tr>\n<td>Marca:<\/td>\n<td>Olympus<\/td>\n<\/tr>\n<tr>\n<td>Modelo:<\/td>\n<td>SZ61<\/td>\n<\/tr>\n<tr>\n<td>Iluminaci\u00f3n:<\/td>\n<td>Inclu\u00edda, Sistema Oblicuo y Sistema Luz Transmitida<\/td>\n<\/tr>\n<tr>\n<td>Tubo de Observaci\u00f3n:<\/td>\n<td>Trinocular<\/td>\n<\/tr>\n<tr>\n<td>Magnificaci\u00f3n:<\/td>\n<td>0,67X a 4,5X<\/td>\n<\/tr>\n<tr>\n<td>Oculares:<\/td>\n<td>HSZ10X\/22<\/td>\n<\/tr>\n<\/tbody>\n<\/table>\n<p>&nbsp;","protected":false},"excerpt":{"rendered":"<p>Los microscopios estereosc\u00f3picos utilizados en el laboratorio forman parte integral de los equipos de an\u00e1lisis de im\u00e1genes, dando la posibilidad de visualizar macroanillos en las estructuras duras ya que entregan una magnificaci\u00f3n estereosc\u00f3pica desde 6.7 a 45 aumentos Ficha T\u00e9cnica: Equipo: Microscopio estereosc\u00f3pico Marca: Olympus Modelo: SZ61 Iluminaci\u00f3n: Inclu\u00edda, Sistema Oblicuo y Sistema Luz Transmitida Tubo de Observaci\u00f3n: Trinocular Magnificaci\u00f3n: 0,67X a 4,5X Oculares: HSZ10X\/22 &nbsp;<\/p>\n","protected":false},"author":1,"featured_media":0,"parent":0,"menu_order":0,"comment_status":"open","ping_status":"open","template":"plantilla-minisitio_contenido.php","meta":{"footnotes":""},"class_list":["post-41","page","type-page","status-publish","hentry"],"_links":{"self":[{"href":"https:\/\/www.ifop.cl\/laboratorioedadycrecimiento\/wp-json\/wp\/v2\/pages\/41"}],"collection":[{"href":"https:\/\/www.ifop.cl\/laboratorioedadycrecimiento\/wp-json\/wp\/v2\/pages"}],"about":[{"href":"https:\/\/www.ifop.cl\/laboratorioedadycrecimiento\/wp-json\/wp\/v2\/types\/page"}],"author":[{"embeddable":true,"href":"https:\/\/www.ifop.cl\/laboratorioedadycrecimiento\/wp-json\/wp\/v2\/users\/1"}],"replies":[{"embeddable":true,"href":"https:\/\/www.ifop.cl\/laboratorioedadycrecimiento\/wp-json\/wp\/v2\/comments?post=41"}],"version-history":[{"count":3,"href":"https:\/\/www.ifop.cl\/laboratorioedadycrecimiento\/wp-json\/wp\/v2\/pages\/41\/revisions"}],"predecessor-version":[{"id":184,"href":"https:\/\/www.ifop.cl\/laboratorioedadycrecimiento\/wp-json\/wp\/v2\/pages\/41\/revisions\/184"}],"wp:attachment":[{"href":"https:\/\/www.ifop.cl\/laboratorioedadycrecimiento\/wp-json\/wp\/v2\/media?parent=41"}],"curies":[{"name":"wp","href":"https:\/\/api.w.org\/{rel}","templated":true}]}}