{"id":39,"date":"2016-01-26T13:13:21","date_gmt":"2016-01-26T13:13:21","guid":{"rendered":"http:\/\/192.168.168.168\/~mmasesorias\/laboratorioedadycrecimiento\/?page_id=39"},"modified":"2025-06-09T10:20:34","modified_gmt":"2025-06-09T14:20:34","slug":"microscopio","status":"publish","type":"page","link":"https:\/\/www.ifop.cl\/laboratorioedadycrecimiento\/microscopio\/","title":{"rendered":"Microscopio"},"content":{"rendered":"Su uso es imprescindible en la investigaci\u00f3n que realiza el laboratorio. Este tipo de tecnolog\u00eda entrega la capacidad de visualizar estructuras muy peque\u00f1as y, de esa forma, conocer microincrementos de crecimiento o estructuras que presentan \u00e1reas de crecimiento complejas. Este tipo de equipamiento da la capacidad de realizar observaciones desde 40 a 1000 aumentos.<\/p>\n<p><strong>Ficha T\u00e9cnica:<\/strong><\/p>\n<table border=\"0\">\n<tbody>\n<tr>\n<td>Equipo:<\/td>\n<td>Microscopio<\/td>\n<\/tr>\n<tr>\n<td>Marca:<\/td>\n<td>Olympus<\/td>\n<\/tr>\n<tr>\n<td>Modelo:<\/td>\n<td>CX31<\/td>\n<\/tr>\n<tr>\n<td>Sistema \u00d3ptico:<\/td>\n<td>UIS (Universal Infinity System)<\/td>\n<\/tr>\n<tr>\n<td>Iluminaci\u00f3n:<\/td>\n<td>Inclu\u00edda, ampolleta de 6V 30W<\/td>\n<\/tr>\n<tr>\n<td>Tubo de Observaci\u00f3n:<\/td>\n<td>Trinocular<\/td>\n<\/tr>\n<tr>\n<td>Condensador:<\/td>\n<td>Abbe (con filtro de luz d\u00eda)<\/td>\n<\/tr>\n<tr>\n<td>Objetivos:<\/td>\n<td>4X, 10X, 40X, 100X<\/td>\n<\/tr>\n<tr>\n<td>Unidades Adquiridas:<\/td>\n<td>1<\/td>\n<\/tr>\n<\/tbody>\n<\/table>\n<p><a href=\"http:\/\/192.168.168.168\/~mmasesorias\/laboratorioedadycrecimiento\/wp-content\/uploads\/sites\/3\/2016\/01\/Microscopio_Olympus_CX31.jpg\" rel=\"39\"><img loading=\"lazy\" decoding=\"async\" class=\" size-full wp-image-124 aligncenter\" src=\"http:\/\/192.168.168.168\/~mmasesorias\/laboratorioedadycrecimiento\/wp-content\/uploads\/sites\/3\/2016\/01\/Microscopio_Olympus_CX31.jpg\" alt=\"Microscopio_Olympus_CX31\" width=\"247\" height=\"237\" \/><\/a>","protected":false},"excerpt":{"rendered":"<p>Su uso es imprescindible en la investigaci\u00f3n que realiza el laboratorio. Este tipo de tecnolog\u00eda entrega la capacidad de visualizar estructuras muy peque\u00f1as y, de esa forma, conocer microincrementos de crecimiento o estructuras que presentan \u00e1reas de crecimiento complejas. Este tipo de equipamiento da la capacidad de realizar observaciones desde 40 a 1000 aumentos. Ficha T\u00e9cnica: Equipo: Microscopio Marca: Olympus Modelo: CX31 Sistema \u00d3ptico: UIS (Universal Infinity System) Iluminaci\u00f3n: Inclu\u00edda, ampolleta de 6V 30W Tubo de Observaci\u00f3n: Trinocular Condensador: Abbe (con filtro de luz d\u00eda) Objetivos: 4X, 10X, 40X, 100X Unidades Adquiridas: 1<\/p>\n","protected":false},"author":1,"featured_media":0,"parent":0,"menu_order":0,"comment_status":"open","ping_status":"open","template":"plantilla-minisitio_contenido.php","meta":{"footnotes":""},"class_list":["post-39","page","type-page","status-publish","hentry"],"_links":{"self":[{"href":"https:\/\/www.ifop.cl\/laboratorioedadycrecimiento\/wp-json\/wp\/v2\/pages\/39"}],"collection":[{"href":"https:\/\/www.ifop.cl\/laboratorioedadycrecimiento\/wp-json\/wp\/v2\/pages"}],"about":[{"href":"https:\/\/www.ifop.cl\/laboratorioedadycrecimiento\/wp-json\/wp\/v2\/types\/page"}],"author":[{"embeddable":true,"href":"https:\/\/www.ifop.cl\/laboratorioedadycrecimiento\/wp-json\/wp\/v2\/users\/1"}],"replies":[{"embeddable":true,"href":"https:\/\/www.ifop.cl\/laboratorioedadycrecimiento\/wp-json\/wp\/v2\/comments?post=39"}],"version-history":[{"count":2,"href":"https:\/\/www.ifop.cl\/laboratorioedadycrecimiento\/wp-json\/wp\/v2\/pages\/39\/revisions"}],"predecessor-version":[{"id":125,"href":"https:\/\/www.ifop.cl\/laboratorioedadycrecimiento\/wp-json\/wp\/v2\/pages\/39\/revisions\/125"}],"wp:attachment":[{"href":"https:\/\/www.ifop.cl\/laboratorioedadycrecimiento\/wp-json\/wp\/v2\/media?parent=39"}],"curies":[{"name":"wp","href":"https:\/\/api.w.org\/{rel}","templated":true}]}}