{"id":37,"date":"2016-01-26T13:12:56","date_gmt":"2016-01-26T13:12:56","guid":{"rendered":"http:\/\/192.168.168.168\/~mmasesorias\/laboratorioedadycrecimiento\/?page_id=37"},"modified":"2025-06-09T10:20:21","modified_gmt":"2025-06-09T14:20:21","slug":"analisis-de-imagenes","status":"publish","type":"page","link":"https:\/\/www.ifop.cl\/laboratorioedadycrecimiento\/analisis-de-imagenes\/","title":{"rendered":"An\u00e1lisis de Im\u00e1genes"},"content":{"rendered":"Los Sistemas de An\u00e1lisis de Im\u00e1genes con los que cuenta la Secci\u00f3n de Edad y Crecimiento de IFOP, est\u00e1n compuestos por:<\/p>\n<ol>\n<li>Microscopio<\/li>\n<li>Microscopio Estereosc\u00f3pico<\/li>\n<li>C\u00e1mara<\/li>\n<li>PC<\/li>\n<li>Monitor<\/li>\n<li>Sofware<\/li>\n<\/ol>\n<p><a href=\"http:\/\/192.168.168.168\/~mmasesorias\/laboratorioedadycrecimiento\/wp-content\/uploads\/sites\/3\/2016\/01\/Sistema_Analisis_Imagenes.jpg\" rel=\"37\"><img loading=\"lazy\" decoding=\"async\" class=\" size-medium wp-image-122 aligncenter\" src=\"http:\/\/192.168.168.168\/~mmasesorias\/laboratorioedadycrecimiento\/wp-content\/uploads\/sites\/3\/2016\/01\/Sistema_Analisis_Imagenes-300x225.jpg\" alt=\"Sistema_Analisis_Imagenes\" width=\"300\" height=\"225\" srcset=\"https:\/\/www.ifop.cl\/laboratorioedadycrecimiento\/wp-content\/uploads\/sites\/3\/2016\/01\/Sistema_Analisis_Imagenes-300x225.jpg 300w, https:\/\/www.ifop.cl\/laboratorioedadycrecimiento\/wp-content\/uploads\/sites\/3\/2016\/01\/Sistema_Analisis_Imagenes-160x120.jpg 160w, https:\/\/www.ifop.cl\/laboratorioedadycrecimiento\/wp-content\/uploads\/sites\/3\/2016\/01\/Sistema_Analisis_Imagenes.jpg 400w\" sizes=\"(max-width: 300px) 100vw, 300px\" \/><\/a>","protected":false},"excerpt":{"rendered":"<p>Los Sistemas de An\u00e1lisis de Im\u00e1genes con los que cuenta la Secci\u00f3n de Edad y Crecimiento de IFOP, est\u00e1n compuestos por: Microscopio Microscopio Estereosc\u00f3pico C\u00e1mara PC Monitor Sofware<\/p>\n","protected":false},"author":1,"featured_media":0,"parent":0,"menu_order":0,"comment_status":"closed","ping_status":"closed","template":"plantilla-minisitio_contenido.php","meta":{"footnotes":""},"class_list":["post-37","page","type-page","status-publish","hentry"],"_links":{"self":[{"href":"https:\/\/www.ifop.cl\/laboratorioedadycrecimiento\/wp-json\/wp\/v2\/pages\/37"}],"collection":[{"href":"https:\/\/www.ifop.cl\/laboratorioedadycrecimiento\/wp-json\/wp\/v2\/pages"}],"about":[{"href":"https:\/\/www.ifop.cl\/laboratorioedadycrecimiento\/wp-json\/wp\/v2\/types\/page"}],"author":[{"embeddable":true,"href":"https:\/\/www.ifop.cl\/laboratorioedadycrecimiento\/wp-json\/wp\/v2\/users\/1"}],"replies":[{"embeddable":true,"href":"https:\/\/www.ifop.cl\/laboratorioedadycrecimiento\/wp-json\/wp\/v2\/comments?post=37"}],"version-history":[{"count":2,"href":"https:\/\/www.ifop.cl\/laboratorioedadycrecimiento\/wp-json\/wp\/v2\/pages\/37\/revisions"}],"predecessor-version":[{"id":123,"href":"https:\/\/www.ifop.cl\/laboratorioedadycrecimiento\/wp-json\/wp\/v2\/pages\/37\/revisions\/123"}],"wp:attachment":[{"href":"https:\/\/www.ifop.cl\/laboratorioedadycrecimiento\/wp-json\/wp\/v2\/media?parent=37"}],"curies":[{"name":"wp","href":"https:\/\/api.w.org\/{rel}","templated":true}]}}