{"id":35,"date":"2016-01-26T13:12:36","date_gmt":"2016-01-26T13:12:36","guid":{"rendered":"http:\/\/192.168.168.168\/~mmasesorias\/laboratorioedadycrecimiento\/?page_id=35"},"modified":"2025-06-09T10:21:18","modified_gmt":"2025-06-09T14:21:18","slug":"tecnologia","status":"publish","type":"page","link":"https:\/\/www.ifop.cl\/laboratorioedadycrecimiento\/tecnologia\/","title":{"rendered":"Tecnolog\u00eda"},"content":{"rendered":"En el proceso de generaci\u00f3n, desarrollo y transferencia de conocimiento de valor p\u00fablico, es esencial contar con tecnolog\u00edas de punta que otorguen a la investigaci\u00f3n cient\u00edfica aplicada las bases para su validaci\u00f3n. La Secci\u00f3n de Edad y Crecimiento del Instituto de Fomento Pesquero, posee tecnolog\u00eda de punta en sistemas de an\u00e1lisis de im\u00e1genes, lo que permite una amplia gama de trabajos, entre ellos, la elaboraci\u00f3n de colecciones de referencia, reuniones de co-observaci\u00f3n en pantallas ampliadas, estudios morfom\u00e9tricos. Abre adem\u00e1s la posibilidad de realizar trabajos en conjunto con otras instituciones a nivel internacional pues no s\u00f3lo se cuenta con la muestra en t\u00e9rminos f\u00edsicos, sino que adem\u00e1s se pueden dejar registros de las observaciones realizadas por las diferentes instituciones permitiendo mediciones comparativas entre los diferentes an\u00e1lisis realizados. Por otra parte, estos sistemas permiten almacenar inmediatamente los datos de las mediciones realizadas eliminando posibles errores de transcripci\u00f3n que pueden ocurrir si las mediciones son registradas manualmente, dando un input extra a la calidad de los an\u00e1lisis realizados en las muestras.<\/p>\n<h3>An\u00e1lisis de Im\u00e1genes<\/h3>\n<p><img loading=\"lazy\" decoding=\"async\" class=\"size-medium wp-image-122 alignright\" src=\"https:\/\/www.ifop.cl\/laboratorioedadycrecimiento\/wp-content\/uploads\/sites\/3\/2016\/01\/Sistema_Analisis_Imagenes-300x225.jpg\" alt=\"Sistema_Analisis_Imagenes\" width=\"300\" height=\"225\" srcset=\"https:\/\/www.ifop.cl\/laboratorioedadycrecimiento\/wp-content\/uploads\/sites\/3\/2016\/01\/Sistema_Analisis_Imagenes-300x225.jpg 300w, https:\/\/www.ifop.cl\/laboratorioedadycrecimiento\/wp-content\/uploads\/sites\/3\/2016\/01\/Sistema_Analisis_Imagenes-160x120.jpg 160w, https:\/\/www.ifop.cl\/laboratorioedadycrecimiento\/wp-content\/uploads\/sites\/3\/2016\/01\/Sistema_Analisis_Imagenes.jpg 400w\" sizes=\"(max-width: 300px) 100vw, 300px\" \/><br \/>\nLos Sistemas de An\u00e1lisis de Im\u00e1genes con los que cuenta la Secci\u00f3n de Edad y Crecimiento de IFOP, est\u00e1n compuestos por:<\/p>\n<ol>\n<li>Microscopio<\/li>\n<li>Microscopio Estereosc\u00f3pico<\/li>\n<li>C\u00e1mara<\/li>\n<li>PC<\/li>\n<li>Monitor<\/li>\n<li>Sofware<\/li>\n<\/ol>\n<hr \/>\n<h3>Microscopio<\/h3>\n<figure id=\"attachment_124\" aria-describedby=\"caption-attachment-124\" style=\"width: 150px\" class=\"wp-caption alignright\"><img loading=\"lazy\" decoding=\"async\" class=\"wp-image-124 size-thumbnail\" src=\"https:\/\/www.ifop.cl\/laboratorioedadycrecimiento\/wp-content\/uploads\/sites\/3\/2016\/01\/Microscopio_Olympus_CX31-150x150.jpg\" alt=\"Microscopio_Olympus_CX31\" width=\"150\" height=\"150\" \/><figcaption id=\"caption-attachment-124\" class=\"wp-caption-text\">Microscopio<\/figcaption><\/figure>\n<p>Su uso es imprescindible en la investigaci\u00f3n que realiza el laboratorio. Este tipo de tecnolog\u00eda entrega la capacidad de visualizar estructuras muy peque\u00f1as y, de esa forma, conocer microincrementos de crecimiento o estructuras que presentan \u00e1reas de crecimiento complejas. Este tipo de equipamiento da la capacidad de realizar observaciones desde 40 a 1000 aumentos.<\/p>\n<p><strong>Ficha T\u00e9cnica:<\/strong><\/p>\n<table border=\"0\">\n<tbody>\n<tr>\n<td>Equipo:<\/td>\n<td>Microscopio<\/td>\n<\/tr>\n<tr>\n<td>Marca:<\/td>\n<td>Olympus<\/td>\n<\/tr>\n<tr>\n<td>Modelo:<\/td>\n<td>CX31<\/td>\n<\/tr>\n<tr>\n<td>Sistema \u00d3ptico:<\/td>\n<td>UIS (Universal Infinity System)<\/td>\n<\/tr>\n<tr>\n<td>Iluminaci\u00f3n:<\/td>\n<td>Inclu\u00edda, ampolleta de 6V 30W<\/td>\n<\/tr>\n<tr>\n<td>Tubo de Observaci\u00f3n:<\/td>\n<td>Trinocular<\/td>\n<\/tr>\n<tr>\n<td>Condensador:<\/td>\n<td>Abbe (con filtro de luz d\u00eda)<\/td>\n<\/tr>\n<tr>\n<td>Objetivos:<\/td>\n<td>4X, 10X, 40X, 100X<\/td>\n<\/tr>\n<tr>\n<td>Unidades Adquiridas:<\/td>\n<td>1<\/td>\n<\/tr>\n<\/tbody>\n<\/table>\n<hr \/>\n<h3>Microscopio Estereosc\u00f3pico<\/h3>\n<figure id=\"attachment_126\" aria-describedby=\"caption-attachment-126\" style=\"width: 150px\" class=\"wp-caption alignright\"><img loading=\"lazy\" decoding=\"async\" class=\"wp-image-126 size-thumbnail\" src=\"https:\/\/www.ifop.cl\/laboratorioedadycrecimiento\/wp-content\/uploads\/sites\/3\/2016\/01\/MicroscopioEstereoscopico-150x150.jpg\" alt=\"MicroscopioEstereoscopico\" width=\"150\" height=\"150\" \/><figcaption id=\"caption-attachment-126\" class=\"wp-caption-text\">Microscopio Estereosc\u00f3pico<\/figcaption><\/figure>\n<p>Los microscopios estereosc\u00f3picos utilizados en el laboratorio forman parte integral de los equipos de an\u00e1lisis de im\u00e1genes, dando la posibilidad de visualizar macroanillos en las estructuras duras ya que entregan una magnificaci\u00f3n estereosc\u00f3pica desde 6.7 a 45 aumentos<\/p>\n<p><strong>Ficha T\u00e9cnica:<\/strong><\/p>\n<table border=\"0\">\n<tbody>\n<tr>\n<td>Equipo:<\/td>\n<td>Microscopio estereosc\u00f3pico<\/td>\n<\/tr>\n<tr>\n<td>Marca:<\/td>\n<td>Olympus<\/td>\n<\/tr>\n<tr>\n<td>Modelo:<\/td>\n<td>SZ61<\/td>\n<\/tr>\n<tr>\n<td>Iluminaci\u00f3n:<\/td>\n<td>Inclu\u00edda, Sistema Oblicuo y Sistema Luz Transmitida<\/td>\n<\/tr>\n<tr>\n<td>Tubo de Observaci\u00f3n:<\/td>\n<td>Trinocular<\/td>\n<\/tr>\n<tr>\n<td>Magnificaci\u00f3n:<\/td>\n<td>0,67X a 4,5X<\/td>\n<\/tr>\n<tr>\n<td>Oculares:<\/td>\n<td>HSZ10X\/22<\/td>\n<\/tr>\n<\/tbody>\n<\/table>\n<hr \/>\n<h3>Software<\/h3>\n<p>Software que desarrolla el procesamiento digital de im\u00e1genes que contiene herramientas que permiten incrementar la precisi\u00f3n en el an\u00e1lisis de estructuras duras, desarrollando la investigaci\u00f3n y asegurando la calidad de la informaci\u00f3n.<\/p>\n<p><strong>Ficha T\u00e9cnica:<\/strong><\/p>\n<figure id=\"attachment_122\" aria-describedby=\"caption-attachment-122\" style=\"width: 150px\" class=\"wp-caption alignright\"><img loading=\"lazy\" decoding=\"async\" class=\"wp-image-122 size-thumbnail\" src=\"https:\/\/www.ifop.cl\/laboratorioedadycrecimiento\/wp-content\/uploads\/sites\/3\/2016\/01\/Sistema_Analisis_Imagenes-150x150.jpg\" alt=\"Sistema_Analisis_Imagenes\" width=\"150\" height=\"150\" \/><figcaption id=\"caption-attachment-122\" class=\"wp-caption-text\">Sistema de An\u00e1lisis de Im\u00e1genes<\/figcaption><\/figure>\n<p>Equipo : Software IMAGE PRO PLUS F\u00e1brica: Media Cibernetic Caracter\u00edsticas:<br \/>\nAdquiere Im\u00e1genes, analiza, mide, procesa y realza a trav\u00e9s de:<\/p>\n<ul>\n<li>Captura de Im\u00e1genes<\/li>\n<li>Maneja Memoria<\/li>\n<li>Procesa Im\u00e1genes<\/li>\n<li>Realza Im\u00e1genes<\/li>\n<li>Filtra Im\u00e1genes<\/li>\n<li>Transformaci\u00f3n R\u00e1pida de Fourier (FFT)<\/li>\n<li>Operaciones de Fluorescencia Tablas and Overlays<\/li>\n<li>Herramientas 3D<\/li>\n<li>Calibraci\u00f3n Espacial e Intensidad<\/li>\n<li>Clasifica Objetos<\/li>\n<li>Seguimiento de Objetos<\/li>\n<li>Medidas Espaciales<\/li>\n<li>An\u00e1lisis de Im\u00e1genes<\/li>\n<li>Anotaciones en Im\u00e1genes<\/li>\n<li>Database de Im\u00e1genes<\/li>\n<li>Generador de Reportes<\/li>\n<li>Publicaciones e Impresiones<\/li>\n<li>Soporta Internet<\/li>\n<li>Arreglo para casos particulares y Programaci\u00f3n Macro<\/li>\n<li>Soporta Formatos de Datos de Im\u00e1genes y Archivos<\/li>\n<\/ul>","protected":false},"excerpt":{"rendered":"<p>En el proceso de generaci\u00f3n, desarrollo y transferencia de conocimiento de valor p\u00fablico, es esencial contar con tecnolog\u00edas de punta que otorguen a la investigaci\u00f3n cient\u00edfica aplicada las bases para su validaci\u00f3n. La Secci\u00f3n de Edad y Crecimiento del Instituto de Fomento Pesquero, posee tecnolog\u00eda de punta en sistemas de an\u00e1lisis de im\u00e1genes, lo que permite una amplia gama de trabajos, entre ellos, la elaboraci\u00f3n de colecciones de referencia, reuniones de co-observaci\u00f3n en pantallas ampliadas, estudios morfom\u00e9tricos. Abre adem\u00e1s la posibilidad de realizar trabajos en conjunto con otras instituciones a nivel internacional pues no s\u00f3lo se cuenta con la muestra [&hellip;]<\/p>\n","protected":false},"author":1,"featured_media":0,"parent":0,"menu_order":0,"comment_status":"closed","ping_status":"closed","template":"plantilla-minisitio_contenido.php","meta":{"footnotes":""},"class_list":["post-35","page","type-page","status-publish","hentry"],"_links":{"self":[{"href":"https:\/\/www.ifop.cl\/laboratorioedadycrecimiento\/wp-json\/wp\/v2\/pages\/35"}],"collection":[{"href":"https:\/\/www.ifop.cl\/laboratorioedadycrecimiento\/wp-json\/wp\/v2\/pages"}],"about":[{"href":"https:\/\/www.ifop.cl\/laboratorioedadycrecimiento\/wp-json\/wp\/v2\/types\/page"}],"author":[{"embeddable":true,"href":"https:\/\/www.ifop.cl\/laboratorioedadycrecimiento\/wp-json\/wp\/v2\/users\/1"}],"replies":[{"embeddable":true,"href":"https:\/\/www.ifop.cl\/laboratorioedadycrecimiento\/wp-json\/wp\/v2\/comments?post=35"}],"version-history":[{"count":3,"href":"https:\/\/www.ifop.cl\/laboratorioedadycrecimiento\/wp-json\/wp\/v2\/pages\/35\/revisions"}],"predecessor-version":[{"id":410,"href":"https:\/\/www.ifop.cl\/laboratorioedadycrecimiento\/wp-json\/wp\/v2\/pages\/35\/revisions\/410"}],"wp:attachment":[{"href":"https:\/\/www.ifop.cl\/laboratorioedadycrecimiento\/wp-json\/wp\/v2\/media?parent=35"}],"curies":[{"name":"wp","href":"https:\/\/api.w.org\/{rel}","templated":true}]}}