{"id":317,"date":"2016-07-18T14:41:39","date_gmt":"2016-07-18T14:41:39","guid":{"rendered":"http:\/\/oceano.ifop.cl\/laboratorioedadycrecimiento\/?page_id=317"},"modified":"2025-06-09T10:20:30","modified_gmt":"2025-06-09T14:20:30","slug":"informes-tecnicos","status":"publish","type":"page","link":"https:\/\/www.ifop.cl\/laboratorioedadycrecimiento\/informes-tecnicos\/","title":{"rendered":"Informes t\u00e9cnicos"},"content":{"rendered":"La Secci\u00f3n se ha hecho part\u00edcipe en diversas investigaciones realizadas por el Instituto de Fomento Pesquero, las cuales se han traducido en innumerables informes t\u00e9cnicos. Algunos de los cuales, se detallan a continuaci\u00f3n.<\/p>\n<ul>\n<li><strong>Ojeda, V., O. Guzm\u00e1n, V. Bocic, L. Mu\u00f1oz. J. Olivares y F. Cerna. Colaboradores: A. Villal\u00f3n, C. Brito, G. P\u00e9rez, A. L\u00f3pez, R. Bravo, L. Cid, L. Vidal, L. Miranda, K. Hunt, M. Miranda, C. Labr\u00edn, C. Machuca, H. Hidalgo, V. Torres, M. Gonz\u00e1lez, M. Nilo, Z. Young, J. Carrasco, R. Wiff. 2008. <\/strong><br \/>\nActualizaci\u00f3n y perfeccionamiento de metodolog\u00edas cient\u00edficas de determinaci\u00f3n de edad en peces para la sustentabilidad de los recursos pesqueros nacionales 05CN11IPT-16. Informe Final INNOVA \u2013 CHILE \u2013 IFOP.<\/li>\n<li><strong>C\u00e9spedes, R, L. Adasme, L. Chong, V. Ojeda, L. Mu\u00f1oz, H. Hidalgo, R. Bravo, L. Cid, L. Miranda, K. Hunt, M. Miranda. 2008. <\/strong><br \/>\nInforme Final BIP N\u00ba 30066268-0 Seguimiento del Estado de Situaci\u00f3n de las Principales Pesquer\u00edas Nacionales. Investigaci\u00f3n Situaci\u00f3n Pesquer\u00eda Demersal Austral, 2007. Subsecretar\u00eda de Pesca \u2013 IFOP.<\/li>\n<li><strong>Aranis, A., L. Caballero, A. G\u00f3mez., G. Rosson, M. Gonz\u00e1lez, F. Cerna, V. Bocic, C. Machuca, M Troncoso. 2008. <\/strong><br \/>\nInforme Final Seguimiento del Estado de Situaci\u00f3n de las Principales Pesquer\u00edas Nacionales. Investigaci\u00f3n Situaci\u00f3n Pesquer\u00eda Pel\u00e1gica Centro-Sur, 2007. Subsecretar\u00eda de Pesca \u2013 IFOP.<\/li>\n<li><strong>Mart\u00ednez, C, G. B\u00f6hm, E. D\u00edaz, L. Ossa, H. Reyes, R. Aravena, F. Cerna, V. Bocic, C. Machuca, L. Mu\u00f1oz, M. Troncoso. 2008. <\/strong><br \/>\nInforme Final. Programa de Seguimiento del Estado de Situaci\u00f3n de las Principales Pesquer\u00edas Nacionales. Investigaci\u00f3n Situaci\u00f3n Pesquer\u00eda Pel\u00e1gica Zona Norte, 2007. Subsecretar\u00eda de Pesca \u2013 IFOP.<\/li>\n<li><strong>G\u00e1lvez, P., J. Sateler, J. Olivares. 2008. <\/strong><br \/>\nPesquer\u00eda Merluza com\u00fan. En: Informe Final. Programa de Seguimiento del Estado de Situaci\u00f3n de las Principales Pesquer\u00edas Nacionales. Investigaci\u00f3n Situaci\u00f3n Pesquer\u00eda Demersal Centro-Sur y Aguas Profundas, 2007. Secci\u00f3n II. Subsecretar\u00eda de Pesca \u2013 IFOP.<\/li>\n<li><strong>Escobar, V., P. G\u00e1lvez, V. Ojeda, C. Labr\u00edn. 2008. <\/strong><br \/>\nPesquer\u00eda Besugo. En: Informe Final. Pesquer\u00eda Demersal. Programa de Seguimiento del Estado de Situaci\u00f3n de las Principales Pesquer\u00edas Nacionales. Investigaci\u00f3n Situaci\u00f3n Pesquer\u00eda Demersal Centro-Sur y Aguas Profundas, 2007. Secci\u00f3n II. Subsecretar\u00eda de Pesca \u2013 IFOP.<\/li>\n<li><strong>Escobar, V., P. G\u00e1lvez, J. Sateler, V. Ojeda, H. Hidalgo, J. Gonz\u00e1lez. 2008. <\/strong><br \/>\nAn\u00e1lisis Integrado de Merluza de cola Centro Sur y Sur Austral. En: Informe Final. Programa de Seguimiento del Estado de Situaci\u00f3n de las Principales Pesquer\u00edas Nacionales. Investigaci\u00f3n Situaci\u00f3n Pesquer\u00eda Demersal Centro-Sur y Aguas Profundas, 2007. Secci\u00f3n III. Subsecretar\u00eda de Pesca \u2013 IFOP.<\/li>\n<li><strong>Ojeda, V., M. Miranda. 2008. <\/strong><br \/>\nEdad de merluza de tres aletas. En: Evaluaci\u00f3n hidroac\u00fastica del stock desovante de merluza de tres aletas, a\u00f1o 2007. FIP N\u00ba 2007-15.<\/li>\n<li><strong>C\u00e9spedes, R, L. Adasme, L. Chong; V. Ojeda, L. Mu\u00f1oz, H. Hidalgo, R. Bravo, L. Cid., K. Hunt. 2007. <\/strong><br \/>\nInforme Final Programa de Seguimiento del Estado de Situaci\u00f3n de las Principales Pesquer\u00edas Nacionales. Investigaci\u00f3n Situaci\u00f3n Pesquer\u00eda Demersal Austral, 2006. Subsecretar\u00eda de Pesca \u2013 IFOP.<\/li>\n<li><strong>Mart\u00ednez, C, G. B\u00f6hm, E. D\u00edaz, F. Cerna, M. Ayala, R. Aravena, H. Reyes, M. Troncoso, V. Bocic, C. Machuca, L. Mu\u00f1oz. 2007. <\/strong><br \/>\nInforme Final Programa de Seguimiento del Estado de Situaci\u00f3n de las Principales Pesquer\u00edas Nacionales Investigaci\u00f3n Situaci\u00f3n Pesquer\u00eda Pel\u00e1gica Zona Norte 2006. Subsecretar\u00eda de Pesca \u2013 IFOP.<\/li>\n<li><strong>Ojeda, V, H. Hidalgo. 2007. <\/strong><br \/>\nEdad de merluza de cola. Evaluaci\u00f3n del stock desovante de merluza de cola en aguas exteriores, a\u00f1o 2007. FIP 2007 \u2013 13.<\/li>\n<li><strong>Ojeda, V., L. Mu\u00f1oz, L. Miranda. 2007. <\/strong><br \/>\nEdad de merluza del sur. En: Evaluaci\u00f3n del stock desovante de merluza del sur en aguas exteriores, a\u00f1o 2007. FIP 2007 \u2013 12.<\/li>\n<li><strong>Ojeda, V., L. Mu\u00f1oz, L. Miranda. 2007. <\/strong><br \/>\nEdad de merluza del sur. En: Evaluaci\u00f3n hidroac\u00fastica de merluza del sur en aguas interiores de la X y XI regiones, a\u00f1o 2006. FIP 2006 \u2013 10.<\/li>\n<li><strong>Quiroz, J. y V. Ojeda. 2007. <\/strong><br \/>\nInvestigaci\u00f3n evaluaci\u00f3n de stock y CTP congrio dorado, 2007. SUBPESCA, Pre-Informe Final. IFOP, 61 p.<\/li>\n<li><strong>Quiroz, J., E. Leal y V. Ojeda. 2007. <\/strong><br \/>\nInvestigaci\u00f3n evaluaci\u00f3n de stock y CTP merluza del sur, 2007. SUBPESCA, Pre-Informe Final. IFOP, 47 p.<\/li>\n<li><strong>Saavedra, A., V. Correa, R. C\u00e9spedes, V. Ojeda, L. Adarme, E. D\u00edaz y J. Oliva. 2007. <\/strong><br \/>\nEvaluaci\u00f3n hidroac\u00fastica del stock parental de merluza de tres aletas en su unidad de pesquer\u00eda, a\u00f1o 2006.<\/li>\n<li><strong>Aranis, A., L. Caballero, G. B\u00f6hm, C. Martinez, M. Nilo, E. Palta, F. Cerna, C. Vera, V. Bocic, A. G\u00f3mez, G. Rosson, M. Troncoso, C. Machuca. 2006. <\/strong><br \/>\nInforme Final Programa de Seguimiento del Estado de Situaci\u00f3n de las Principales Pesquer\u00edas Nacionales. Investigaci\u00f3n Situaci\u00f3n Pesquer\u00eda Pel\u00e1gica Zona Centro-Sur 2005. Subsecretar\u00eda de Pesca \u2013 IFOP.<\/li>\n<li><strong>C\u00e9spedes, R, L. Adasme, L. Chong; V. Ojeda, L. Mu\u00f1oz, H. Hidalgo, R. Bravo, L. Cid., K. Hunt. 2006. <\/strong><br \/>\nInforme Final Programa de Seguimiento del Estado de Situaci\u00f3n de las Principales Pesquer\u00edas Nacionales. Investigaci\u00f3n Situaci\u00f3n Pesquer\u00eda Demersal Austral, 2005. Subsecretar\u00eda de Pesca \u2013 IFOP.<\/li>\n<li><strong>C\u00f3rdova, J., R. C\u00e9spedes, V. Ojeda, F. Balbont\u00edn, P. Rojas, A. Saavedra, M Barbieri y J. Saavedra. 2006. <\/strong><br \/>\nEvaluaci\u00f3n del stock desovante de merluza del sur y merluza de cola en la zona sur austral a\u00f1o 2005. FIP 2005-04, IFOP.<\/li>\n<li><strong>Lillo, S., R. C\u00e9spedes, M Barbieri, R. Melendez, V. Ojeda. 2006. <\/strong><br \/>\nPrograma temporal de evaluaci\u00f3n hidroac\u00fastica de merluza del sur en aguas interiores de la X y XI regiones, a\u00f1o 2004. FIP 2004-40.<\/li>\n<li><strong>Mart\u00ednez C, G. B\u00f6hm, L. Caballero, E. D\u00edaz, A. Aranis, F. Esp\u00edndola, F. Cerna, V. Bocic, L. Mu\u00f1oz, R. Aravena, M. Ayala, H. Reyes, C. Vera, Z. Young. 2006. <\/strong><br \/>\nInforme Final Programa de Seguimiento del Estado de Situaci\u00f3n de las Principales Pesquer\u00edas Nacionales Investigaci\u00f3n Situaci\u00f3n Pesquer\u00eda Pel\u00e1gica Zona Norte 2005. Subsecretar\u00eda de Pesca \u2013 IFOP.<\/li>\n<li><strong>Ojeda, V, K. Hunt, L. Cid y H. Hidalgo. 2006. <\/strong><br \/>\nSecci\u00f3n Edad en: Evaluaci\u00f3n hidroac\u00fastica del stock parental de merluza de tres aletas en su unidad de pesquer\u00eda, a\u00f1o 2006. BIP N\u00ba 30043868-0. IFOP.<\/li>\n<li><strong>Saavedra, A., V. Correa, R. C\u00e9spedes, V. Ojeda, L. Adarme, E. D\u00edaz, J. Oliva y P. Rojas. 2006. <\/strong><br \/>\nEvaluaci\u00f3n hidroac\u00fastica del stock parental de merluza de tres aletas en su unidad de pesquer\u00eda, a\u00f1o 2005. FIP 2005-06.<\/li>\n<li><strong>C\u00e9spedes, R, L. Adasme, V. Ojeda, C. Toledo, L. Mu\u00f1oz, H. Hidalgo, R. Bravo, L. Cid., L. Chong, K. Hunt. 2005. <\/strong><br \/>\nInforme Final Programa de Seguimiento del Estado de Situaci\u00f3n de las Principales Pesquer\u00edas Nacionales. Investigaci\u00f3n Estado de Situaci\u00f3n Pesquer\u00eda Demersal Zona Sur \u2013 Austral, 2004. Subsecretar\u00eda de Pesca \u2013 IFOP.<\/li>\n<li><strong>Lillo, S., R. C\u00e9spedes, V. Ojeda, F. Balbont\u00edn, P. Bravo, A. Saavedra, M Barbieri, C. Vera. 2005. <\/strong><br \/>\nEvaluaci\u00f3n hidroac\u00fastica del stock desovante de merluza del sur y merluza de cola en la zona sur austral, 2004. FIP 2004-07, IFOP.<\/li>\n<li><strong>Lillo, S., R. C\u00e9spedes, V. Ojeda, A. Saavedra, E. D\u00edaz, L. Adarme. 2005. <\/strong><br \/>\nEvaluaci\u00f3n hidroac\u00fastica del stock parental de merluza de tres aletas en su unidad de pesquer\u00eda, a\u00f1o 2004. FIP 2004-08.<\/li>\n<li><strong>Mart\u00ednez, C., G. B\u00f6hm, L. Caballero, A. Aranis, M. Cort\u00e9s, E. D\u00edaz, F. Cerna, V. Bocic, L. Mu\u00f1oz, A. Lopez, C. Canales, Z. Young, M. Nilo, E. Palta. 2005. <\/strong><br \/>\nInforme Final Programa de Seguimiento del Estado de Situaci\u00f3n de las Principales Pesquer\u00edas Nacionales. Investigaci\u00f3n Situaci\u00f3n Pesquer\u00eda Pel\u00e1gica Zona Norte, 2004. Subsecretar\u00eda de Pesca \u2013 IFOP.<\/li>\n<li><strong>Aranis A., L. Caballero, G. B\u00f6hm, C. Martinez, M. Nilo, V. Bocic, E. Palta, M. Canales, A. Lopez, H. Hidalgo, C. Toledo, F. Cerna, Z. Young. 2004. <\/strong><br \/>\nInforme Final Programa de Seguimiento del Estado de Situaci\u00f3n de las Principales Pesquer\u00edas Nacionales Investigaci\u00f3n Situaci\u00f3n Pesquer\u00eda Pel\u00e1gica Zona Centro-Sur 2003. Subsecretar\u00eda de Pesca \u2013 IFOP.<\/li>\n<li><strong>Barr\u00eda, P., M. Donoso, F. Cerna, J. Az\u00f3car, M. Nilo, E. Palta. 2004. <\/strong><br \/>\nInforme Final Programa de Seguimiento del estado de situaci\u00f3n de las principales pesquer\u00edas nacionales. Investigaci\u00f3n situaci\u00f3n recursos altamente migratorios, 2003. Subsecretar\u00eda de Pesca \u2013 IFOP.<\/li>\n<li><strong>C\u00e9spedes, R., L. Adasme, V. Ojeda, C. Toledo, E. Palta, L. Mu\u00f1oz, H. Hidalgo, R. Bravo, L. Cid y L. Chong, K Hunt y F. Cerna. 2004. <\/strong><br \/>\nPrograma de Seguimiento del Estado de Situaci\u00f3n de las Principales Pesquer\u00edas Nacionales. Investigaci\u00f3n Situaci\u00f3n Pesquer\u00eda Demersal Austral, 2003. Subsecretar\u00eda de Pesca \u2013 IFOP.<\/li>\n<li><strong>Lillo, S., R. C\u00e9spedes, E. D\u00edaz, V. Ojeda. 2004. <\/strong><br \/>\nEvaluaci\u00f3n hidroac\u00fastica del stock desovante de merluza de tres aletas en su \u00e1rea de pesquer\u00eda, a\u00f1o 2003. FIP 2003-10.<\/li>\n<li><strong>Lillo, S., R. C\u00e9spedes, F. Balbont\u00edn, V. Ojeda A. Saavedra. 2004. <\/strong><br \/>\nEvaluaci\u00f3n hidroac\u00fastica del stock desovante de merluza del sur y merluza de cola en la zona sur austral, 2003. FIP 2003-09, IFOP.<\/li>\n<li><strong>Tascheri, R., J. Sateler, V. Ojeda, J. Olivares, R. Vega, R. Wiff, M.Montecinos, L. Cid, J. Merino; J. Gonz\u00e1lez; C. Toledo y E. Palta. 2004. <\/strong><br \/>\nPrograma de Seguimiento del Estado de Situaci\u00f3n de las Principales Pesquer\u00edas Nacionales. Investigaci\u00f3n Situaci\u00f3n Pesquer\u00eda Demersal Zona Centro \u2013 Sur, 2003. Subsecretar\u00eda de Pesca \u2013 IFOP.<\/li>\n<li><strong>Aranis, A., L. Caballero, C. Martinez, G. B\u00f6hm, R. Gili, V. Bocic, H. Hidalgo, M. Nilo, E. Palta, S. Mora, P. Barr\u00eda. 2003. <\/strong><br \/>\nInforme Final Programa de Seguimiento del Estado de Situaci\u00f3n de las Principales Pesquer\u00edas Nacionales. Investigaci\u00f3n Situaci\u00f3n Pesquer\u00eda Pel\u00e1gica Zona Centro-Sur 2002. Subsecretar\u00eda de Pesca \u2013 IFOP.<\/li>\n<li><strong>C\u00e9spedes, R., L. Adasme, M. Nilo, E. Palta, V. Ojeda, M. Montecinos, V. Espejo, Z. Young, L. Mu\u00f1oz, F. Cerna, H. Hidalgo, R. Bravo, L. Cid y L. Chong. 2003. <\/strong><br \/>\nPrograma de Seguimiento del Estado de Situaci\u00f3n de las Principales Pesquer\u00edas Nacionales.. Investigaci\u00f3n Situaci\u00f3n Pesquer\u00eda Demersal Austral, 2002. Subsecretar\u00eda de Pesca \u2013 IFOP.<\/li>\n<li><strong>C\u00e9spedes, R., L. Adasme, M. Nilo, E. Palta, V. Ojeda, M. Montecinos, V. Espejo, Z. Young, L. Mu\u00f1oz, F. Cerna, H. Hidalgo, R. Bravo, L. Cid, L. Chong. 2003. <\/strong><br \/>\nInforme Final Programa de Seguimiento del Estado de Situaci\u00f3n de las Principales Pesquer\u00edas Nacionales. Investigaci\u00f3n Estado de Situaci\u00f3n Pesquer\u00eda Demersal Zona Sur \u2013 Austral, 2001. Subsecretar\u00eda de Pesca \u2013 IFOP.<\/li>\n<li><strong>C\u00f3rdova, J., M. Barbieri, M. Espejo, A. Saavedra, V. Ojeda, L. Mu\u00f1oz, L. Chong, R. C\u00e9spedes, L. Adasme, J. Oliva, E. D\u00edaz. 2003. <\/strong><br \/>\nEvaluaci\u00f3n hidroac\u00fastica del stock desovante de merluza de tres aletas en su \u00e1rea de pesquer\u00eda, a\u00f1o 2002. FIP 2002-20.<\/li>\n<li><strong>Donoso M., P. Barr\u00eda, F. Cerna, J. Az\u00f3car, J. Campos. 2003. <\/strong><br \/>\nPrograma de Seguimiento del estado de situaci\u00f3n de las principales pesquer\u00edas nacionales. Investigaci\u00f3n situaci\u00f3n recursos altamente migratorios, 2002. Informe Final. Subsecretar\u00eda de Pesca \u2013 IFOP.<\/li>\n<li><strong>Far\u00edas, J.; Tascheri R., J. Sateler, J. Merino, O. Carrasco; J. Gonz\u00e1lez; E. D\u00edaz; V. Ojeda, J. Olivares, R. Gili, R. Bravo, L. Cid. 2003. <\/strong><br \/>\nPrograma de Seguimiento del Estado de Situaci\u00f3n de las Principales Pesquer\u00edas Nacionales. Investigaci\u00f3n Situaci\u00f3n Pesquer\u00eda Demersal Zona Centro \u2013 Sur, 2002. Subsecretar\u00eda de Pesca \u2013 IFOP.<\/li>\n<li><strong>Lillo, S., V. Ojeda, R. C\u00e9spedes, F. Balbont\u00edn, A. Saavedra, R. Bravo, C. Vera, L. Adasme, y M. Rojas. 2003. <\/strong><br \/>\nEvaluaci\u00f3n hidroac\u00fastica del stock desovante de merluza del sur y merluza de cola en la zona sur austral, 2002. FIP 2002-19, IFOP.<\/li>\n<li><strong>Lillo, S., M. Rojas, R. Tascheri, V. Ojeda, J. Olivares, F. Balbont\u00edn, R. Bravo, S. N\u00fa\u00f1ez, M. Braun, J. Ortiz, P. Torres, F. Vejar, L. Cubillos. 2003. <\/strong><br \/>\nEvaluaci\u00f3n hidroac\u00fastica de merluza com\u00fan, a\u00f1o 2002. FIP N\u00b0 2002-03.<\/li>\n<li><strong>Tascheri, R., J. Sateler, J. Merino, E. D\u00edaz, V. Ojeda, M. Montecinos. 2003. <\/strong><br \/>\nEstudio biol\u00f3gico-pesquero del congrio colorado, congrio negro y congrio dorado en la zona centro-sur. FIP 2001-15.<\/li>\n<li><strong>Aranis A., G. B\u00f6hm, P, R. Gili, V. Bocic, H. Hidalgo. P. Barr\u00eda, L. Caballero, M. Nilo, E. Palta, H Miranda, R. Serra, S. Mora. 2002. <\/strong><br \/>\nInvestigaci\u00f3n Situaci\u00f3n Pesquer\u00eda Pel\u00e1gica Zona Centro Sur 2001. Seguimiento del Estado de Situaci\u00f3n de las Principales Pesquer\u00edas Nacionales. Subsecretar\u00eda de Pesca \u2013 IFOP.<\/li>\n<li><strong>C\u00e9spedes, R., L. Adasme, V. Ojeda, M. Nilo, F. Cerna, E. Palta, H. Hidalgo, R. Bravo, L. Cid, L. Mu\u00f1oz y L. Chong. 2002. <\/strong><br \/>\nPrograma de Seguimiento del Estado de Situaci\u00f3n de las Principales Pesquer\u00edas Nacionales. Investigaci\u00f3n Estado de Situaci\u00f3n Pesquer\u00eda Demersal Zona Sur \u2013 Austral, 2001. Subsecretar\u00eda de Pesca \u2013 IFOP.<\/li>\n<li><strong>C\u00e9spedes, R., L. Adasme, V. Ojeda, M. Nilo, F. Cerna, H. Hidalgo, R. Bravo, L. Cid, L. Mu\u00f1oz, L. Chong. 2002. <\/strong><br \/>\nInforme Final Parte II. Determinaci\u00f3n de edad. Programa de Seguimiento del Estado de Situaci\u00f3n de las Principales Pesquer\u00edas Nacionales. Investigaci\u00f3n Situaci\u00f3n Pesquer\u00eda Demersal Zona Sur \u2013 Austral, 2001. Subsecretar\u00eda de Pesca \u2013 IFOP.<\/li>\n<li><strong>Donoso, M., F. Cerna, J. Campos, R. Vega. 2002. <\/strong><br \/>\nSeguimiento del estado de situaci\u00f3n de las principales pesquer\u00edas nacionales. Investigaci\u00f3n situaci\u00f3n recursos altamente migratorios, 2001. Informe Final. Subsecretar\u00eda de Pesca \u2013 IFOP.<\/li>\n<li><strong>Lillo, S., V. Ojeda, R. C\u00e9spedes, F. Balbont\u00edn, A. Saavedra, R. Bravo, L. Adasme, y M. Rojas. 2002. <\/strong><br \/>\nEvaluaci\u00f3n hidroac\u00fastica de merluza del sur y merluza de cola, 2001. FIP 2001-19, IFOP.<\/li>\n<li><strong>Lillo, S., S. N\u00fa\u00f1ez, V. Ojeda, F. Balbont\u00edn, M. Braun, R.Tascheri, A. Saavedra, R. Bravo, L. Cubillos, J. Olivares. 2002. <\/strong><br \/>\nEvaluaci\u00f3n hidroac\u00fastica del recurso merluza com\u00fan en la zona centro-sur, a\u00f1o 2001. FIP N\u00b0 2001-18.<\/li>\n<li><strong>Mart\u00ednez, C., G. B\u00f6hm, R. Gili, J. Oliva, M Cort\u00e9s G., L. Mu\u00f1oz R., R. Aravena G., A. L\u00f3pez A., C. Vera E. 2002. <\/strong><br \/>\nPrograma de seguimiento de las Principales pesquer\u00edas nacionales. Investigaci\u00f3n situaci\u00f3n pesquer\u00edas pel\u00e1gicas Zona Norte. 2000. Subsecretar\u00eda de Pesca \u2013 IFOP.<\/li>\n<li><strong>Ojeda, V., L. Mu\u00f1oz R., Chong L. y F. Cerna. 2002. <\/strong><br \/>\nSecci\u00f3n Edad en: Programa Temporal de Evaluaci\u00f3n Hidroac\u00fastica de Merluza del Sur en Aguas Interiores de la X y XI regiones, a\u00f1o 2002. FIP 2002-07.<\/li>\n<li><strong>Pool, H. y V. Ojeda. 2002. <\/strong><br \/>\nInvestigaci\u00f3n CTP Congrio dorado 2002.<\/li>\n<li><strong>Tascheri, R., Z. Young, J. Sateler, J. Merino, J. Gonz\u00e1lez, E. D\u00edaz, Y. Mu\u00f1oz, V. Ojeda, J. Olivares, R. Gili, R. Bravo. 2002. <\/strong><br \/>\nPrograma de Seguimiento del Estado de Situaci\u00f3n de las Principales Pesquer\u00edas Nacionales. Investigaci\u00f3n Estado de Situaci\u00f3n Pesquer\u00eda Demersal Zona Centro \u2013 Sur, 2000. Subsecretar\u00eda de Pesca \u2013 IFOP.<\/li>\n<li><strong>Aranis, A., G. B\u00f6hm, P. Barr\u00eda, R. Gili, V. Bocic, G. Rosson, C. Vera, S. Mora, H. Miranda, A. G\u00f3mez, A. L\u00f3pez y H. Hidalgo. 2001. <\/strong><br \/>\nSeguimiento del Estado de Situaci\u00f3n de las Principales Pesquer\u00edas Nacionales. Investigaci\u00f3n Situaci\u00f3n Pesquer\u00eda Pel\u00e1gica Zona Centro-Sur 2000. Subsecretar\u00eda de Pesca \u2013 IFOP.<\/li>\n<li><strong>Barbieri, M., S. Lillo, A. Saavedra, R. C\u00e9spedes, L. Adasme, V. Ojeda, A. L\u00f3pez, L. Cid, P. Rojas, B. Menares, V. Catasti. 2001. <\/strong><br \/>\nEvaluaci\u00f3n del reclutamiento de merluza de cola, a\u00f1o 2001. FIP N\u00b0 2001-21.<\/li>\n<li><strong>Donoso M., F. Cerna, J. Campos, R. Vega. 2001. <\/strong><br \/>\nInforme Final. Programa de Seguimiento del Estado de Situaci\u00f3n de las Principales Pesquer\u00edas Nacionales. Investigaci\u00f3n situaci\u00f3n recursos altamente migratorios, 2000. Subsecretar\u00eda de Pesca \u2013 IFOP.<\/li>\n<li><strong>Lillo, S., R. C\u00e9spedes, V. Ojeda, F. Balbont\u00edn, M. Aguayo, L. Adasme, A. Saavedra. 2001.<\/strong><br \/>\nEvaluaci\u00f3n ac\u00fastica del stock de merluza del sur en aguas exteriores. FIP N\u00b0 2000-14.<\/li>\n<li><strong>Lillo, S., V. Ojeda, J. Olivares, R.Tascheri, M. Braun, S. N\u00fa\u00f1ez y J. Ortiz y P. Torres. 2001. <\/strong><br \/>\nEvaluaci\u00f3n ac\u00fastica del recurso merluza com\u00fan en la zona centro \u2013 sur, 2000. FIP 2000-04.<\/li>\n<li><strong>Mart\u00ednez F. C., G. B\u00f6hm S., R. Gili V., J. Oliva L., M. Cort\u00e9s G., L. Mu\u00f1oz R., R. Aravena G., A. L\u00f3pez A., C. Vera E. 2001. <\/strong><br \/>\nPrograma de Seguimiento de las Principales Pesquer\u00edas Nacionales. Investigaci\u00f3n situaci\u00f3n pesquer\u00edas pel\u00e1gicas Zona Norte. 2000. Subsecretar\u00eda de Pesca \u2013 IFOP.<\/li>\n<li><strong>Ojeda, V., F. Cerna, H. Hidalgo, R. Bravo, L. Cid; L. Mu\u00f1oz; L. Chong. 2001. <\/strong><br \/>\nDeterminaci\u00f3n de Edad. En: Programa de Seguimiento del Estado de Situaci\u00f3n de las Principales Pesquer\u00edas Nacionales. Investigaci\u00f3n Estado de Situaci\u00f3n Pesquer\u00eda Demersal Zona Sur \u2013 Austral, 2000. II Parte. Subsecretar\u00eda de Pesca \u2013 IFOP.<\/li>\n<li><strong>Tascheri R., J. Sateler, J. Merino, V. Ojeda, J. Olivares, R. Gili, R. Bravo, H. Miranda, C. Vera, L. Adasme, C. Bravo. 2001. <\/strong><br \/>\nPrograma de Seguimiento del Estado de Situaci\u00f3n de las Principales Pesquer\u00edas Nacionales. Investigaci\u00f3n Estado de Situaci\u00f3n Pesquer\u00eda Demersal Zona Centro \u2013 Sur, 2000. Subsecretar\u00eda de Pesca \u2013 IFOP.<\/li>\n<li><strong>Rubilar, P., L. Ariz, V. Ojeda, E. Lozada, P. Campos, G. Jerez, C. Osorio, J. Olivares. 2001. <\/strong><br \/>\nEstudio Biol\u00f3gico Pesquero del recurso macha en la X regi\u00f3n. FIP 2000-17.<\/li>\n<\/ul>","protected":false},"excerpt":{"rendered":"<p>La Secci\u00f3n se ha hecho part\u00edcipe en diversas investigaciones realizadas por el Instituto de Fomento Pesquero, las cuales se han traducido en innumerables informes t\u00e9cnicos. Algunos de los cuales, se detallan a continuaci\u00f3n. Ojeda, V., O. Guzm\u00e1n, V. Bocic, L. Mu\u00f1oz. J. Olivares y F. Cerna. Colaboradores: A. Villal\u00f3n, C. Brito, G. P\u00e9rez, A. L\u00f3pez, R. Bravo, L. Cid, L. Vidal, L. Miranda, K. Hunt, M. Miranda, C. Labr\u00edn, C. Machuca, H. Hidalgo, V. Torres, M. Gonz\u00e1lez, M. Nilo, Z. Young, J. Carrasco, R. Wiff. 2008. Actualizaci\u00f3n y perfeccionamiento de metodolog\u00edas cient\u00edficas de determinaci\u00f3n de edad en peces para la [&hellip;]<\/p>\n","protected":false},"author":1,"featured_media":0,"parent":0,"menu_order":0,"comment_status":"closed","ping_status":"closed","template":"plantilla-minisitio_contenido.php","meta":{"footnotes":""},"class_list":["post-317","page","type-page","status-publish","hentry"],"_links":{"self":[{"href":"https:\/\/www.ifop.cl\/laboratorioedadycrecimiento\/wp-json\/wp\/v2\/pages\/317"}],"collection":[{"href":"https:\/\/www.ifop.cl\/laboratorioedadycrecimiento\/wp-json\/wp\/v2\/pages"}],"about":[{"href":"https:\/\/www.ifop.cl\/laboratorioedadycrecimiento\/wp-json\/wp\/v2\/types\/page"}],"author":[{"embeddable":true,"href":"https:\/\/www.ifop.cl\/laboratorioedadycrecimiento\/wp-json\/wp\/v2\/users\/1"}],"replies":[{"embeddable":true,"href":"https:\/\/www.ifop.cl\/laboratorioedadycrecimiento\/wp-json\/wp\/v2\/comments?post=317"}],"version-history":[{"count":4,"href":"https:\/\/www.ifop.cl\/laboratorioedadycrecimiento\/wp-json\/wp\/v2\/pages\/317\/revisions"}],"predecessor-version":[{"id":328,"href":"https:\/\/www.ifop.cl\/laboratorioedadycrecimiento\/wp-json\/wp\/v2\/pages\/317\/revisions\/328"}],"wp:attachment":[{"href":"https:\/\/www.ifop.cl\/laboratorioedadycrecimiento\/wp-json\/wp\/v2\/media?parent=317"}],"curies":[{"name":"wp","href":"https:\/\/api.w.org\/{rel}","templated":true}]}}