{"id":315,"date":"2016-07-18T14:40:46","date_gmt":"2016-07-18T14:40:46","guid":{"rendered":"http:\/\/oceano.ifop.cl\/laboratorioedadycrecimiento\/?page_id=315"},"modified":"2020-10-29T23:39:39","modified_gmt":"2020-10-30T02:39:39","slug":"congresos","status":"publish","type":"page","link":"https:\/\/www.ifop.cl\/laboratorioedadycrecimiento\/congresos\/","title":{"rendered":"Participaci\u00f3n en congresos"},"content":{"rendered":"La Secci\u00f3n de Edad y Crecimiento del Instituto de Fomento Pesquero, realiza una importante transferencia de conocimiento de valor p\u00fablico, a trav\u00e9s de diversos informes y publicaciones, contenidas en revistas especializadas, presentaciones a congresos e informes t\u00e9cnicos. En cuanto a las presentaciones a congresos, destacan las siguientes investigaciones:<\/p>\n<h3>2015<\/h3>\n<ul>\n<li><strong><i class=\"fa fa-file-pdf-o\"><\/i> <a href=\"http:\/\/www.ifop.cl\/laboratorioedadycrecimiento\/wp-content\/contenidos\/uploads\/sites\/3\/2016\/07\/CMachuca2015.pdf\" target=\"_Blank\">Machuca. C., F. Cerna y L. Mu\u00f1oz. 2015<\/a><\/strong><br \/>\nDeterminaci\u00f3n de unidades poblacionales de anchoveta (<em><i class='nomcientifico'>Engraulis ringens<\/i><\/em>) en el pacifico sur frente a chile utilizando morfometria del otolito. Presentaci\u00f3n en el X Congreso de Ciencias del Mar (MARCUBA). La Habana-Cuba. 2015.<\/li>\n<li><strong><i class=\"fa fa-file-pdf-o\"><\/i> <a href=\"http:\/\/www.ifop.cl\/laboratorioedadycrecimiento\/wp-content\/contenidos\/uploads\/sites\/3\/2016\/07\/GMoyano2015.pdf\" target=\"_Blank\">Moyano, G y F. Cerna. 2015<\/a><\/strong><br \/>\nPar\u00e1metros de historia de vida del besugo (<em><i class='nomcientifico'>Epigonus crassicaudus<\/i><\/em>) en la zona centro-sur de chile. Presentaci\u00f3n en el X Congreso de Ciencias del Mar (MARCUBA). La Habana-Cuba. 2015.<\/li>\n<\/ul>\n<h3>2014<\/h3>\n<ul>\n<li><strong><i class=\"fa fa-file-pdf-o\"><\/i> <a href=\"http:\/\/www.ifop.cl\/laboratorioedadycrecimiento\/wp-content\/contenidos\/uploads\/sites\/3\/2016\/07\/CValero2014.pdf\" target=\"_Blank\">Valero, C., V. Bocic, L. Mu\u00f1oz y F. Cerna. 2014<\/a><\/strong><br \/>\nDescription of the main sources of error in allocation of age associated and protocol of Chilean Jack Mackerel reading. Presentaci\u00f3n en el 5th International Otolith Symposium. Mallorca-Espa\u00f1a. 2014.<\/li>\n<li><strong><i class=\"fa fa-file-pdf-o\"><\/i> <a href=\"http:\/\/www.ifop.cl\/laboratorioedadycrecimiento\/wp-content\/contenidos\/uploads\/sites\/3\/2016\/07\/FCerna2014-1.pdf\" target=\"_Blank\">Cerna. F., S. Campana, G. Moyano, V. Bocic y V. Ojeda. 2014<\/a><\/strong><br \/>\nAge validation of the jack mackerel (<em><i class='nomcientifico'>Trachurus murphyi<\/i><\/em>) off Chile. Presentaci\u00f3n en el 5th International Otolith Symposium. Mallorca-Espa\u00f1a. 2014.<\/li>\n<li><strong><i class=\"fa fa-file-pdf-o\"><\/i> <a href=\"http:\/\/www.ifop.cl\/laboratorioedadycrecimiento\/wp-content\/contenidos\/uploads\/sites\/3\/2016\/07\/FCerna2014-b-1.pdf\" target=\"_Blank\">Cerna. F y G. Plaza. 2014<\/a><\/strong><br \/>\nHigh growth of the Peruvian anchovy (<em><i class='nomcientifico'>Engraulis ringens<\/i><\/em>) in northern Chile, estimated using daily increment of sagittal otoliths in juvenile and adult fish. Presentaci\u00f3n en el 5th International Otolith Symposium. Mallorca-Espa\u00f1a.2014.<\/li>\n<\/ul>\n<h3>2011<\/h3>\n<ul>\n<li><strong><i class=\"fa fa-file-pdf-o\"><\/i> <a href=\"http:\/\/www.ifop.cl\/laboratorioedadycrecimiento\/wp-content\/contenidos\/uploads\/sites\/3\/2016\/07\/GMoyano2011.pdf\" target=\"_Blank\">Moyano. G., G. Plaza y M. Toledo. 2011<\/a><\/strong><br \/>\nPatrones de crecimiento en alevines de trucha arco-\u00edris durante la etapa de incubaci\u00f3n revelados con an\u00e1lisis de la micro-estructura de otolitos (MO). Presentaci\u00f3n Congreso International Conference: \u201cEnvironment and Resources of the South Pacific\u201d. Vi\u00f1a del Mar. 2011<\/li>\n<\/ul>\n<h3>2008<\/h3>\n<ul>\n<li><strong><i class=\"fa fa-file-pdf-o\"><\/i> <a href=\"http:\/\/www.ifop.cl\/laboratorioedadycrecimiento\/wp-content\/contenidos\/uploads\/sites\/3\/2016\/07\/ReporteLMu\u00f1oz2008.pdf\" target=\"_Blank\">Lizandro Mu\u00f1oz. 2008<\/a><\/strong><br \/>\nReport of the south pacific regional fisheries management organization chilean jack mackerel (<em><i class='nomcientifico'>Trachurus murphyi<\/i><\/em>). Workshop. Santiago. 2008.<\/li>\n<li><strong><i class=\"fa fa-file-pdf-o\"><\/i> <a href=\"http:\/\/www.ifop.cl\/laboratorioedadycrecimiento\/wp-content\/uploads\/sites\/3\/2016\/01\/Ojeda_Bocic_Munoz_2008.pdf\" target=\"_Blank\">Ojeda V., V._Bocic y L._Munoz._2008<\/a><\/strong><br \/>\nMethodology used to determine the Jack Mackerel (<em><i class='nomcientifico'>Trachurus murphyi<\/i><\/em>) age in Chile. Chilean Jack Mackerel Workshop. Santiago. 2008.<\/li>\n<\/ul>\n<h3>2003 &#8211; 2007<\/h3>\n<ul>\n<li><strong><i class=\"fa fa-file-pdf-o\"><\/i> <a href=\"http:\/\/www.ifop.cl\/laboratorioedadycrecimiento\/wp-content\/uploads\/sites\/3\/2016\/01\/Aranis_Machuca_2007.pdf\" target=\"_Blank\">Aranis A. y C._Machuca._2007<\/a><\/strong><br \/>\nPrimeros procesos reproductivos de anchoveta. Presentaci\u00f3n XXVII Congreso de Ciencias del Mar. Iquique 2007.<\/li>\n<li><strong><i class=\"fa fa-file-pdf-o\"><\/i> <a href=\"http:\/\/www.ifop.cl\/laboratorioedadycrecimiento\/wp-content\/uploads\/sites\/3\/2016\/01\/Brito_Ojeda_Rodriguez_2007.pdf\" target=\"_Blank\">Brito_C, V. Ojeda_y L. Rodriguez._2007<\/a><\/strong><br \/>\nAn\u00e1lisis morfom\u00e9trico de otolitos de congrio dorado (<em><i class='nomcientifico'>Genypterus blacodes<\/i><\/em>) como mecanismo de discriminaci\u00f3n de unidades poblacionales y aplicaci\u00f3n de redes neuronales artificiales en estimaci\u00f3n de edad. Presentaci\u00f3n XXVII Congreso de Ciencias del Mar. Iquique 2007.<\/li>\n<li><strong><i class=\"fa fa-file-pdf-o\"><\/i> <a href=\"http:\/\/www.ifop.cl\/laboratorioedadycrecimiento\/wp-content\/uploads\/sites\/3\/2016\/01\/Cerna_Quiroz_Lopez_Aranis_2007.pdf\" target=\"_Blank\">Cerna F., J._Quiroz, A._Lopez y A._Aranis._2007<\/a><\/strong><br \/>\nEdad y Crecimiento de sardina fueguina (<em>Sprattus fueguensis<\/em>, Jenyns, 1842) en el mar interior de la Isla Chilo\u00e9, Pac\u00edfico sur-este frente a Chile. Presentaci\u00f3n XXVII Congreso de Ciencias del Mar. Iquique 2007.<\/li>\n<li><strong><i class=\"fa fa-file-pdf-o\"><\/i> <a href=\"http:\/\/www.ifop.cl\/laboratorioedadycrecimiento\/wp-content\/uploads\/sites\/3\/2016\/01\/Cerna_Licandeo_2006.pdf\" target=\"_Blank\">Cerna F. y R._Licandeo._2006<\/a><\/strong><br \/>\nEdad y crecimiento del tibur\u00f3n marrajo dientudo <em><i class='nomcientifico'>Isurus oxyrinchus<\/i><\/em> (Rafinesque, 1810) en Pac\u00edfico sur oriental frente a las costas de Chile. Presentaci\u00f3n XXVI Congreso de Ciencias del Mar. Iquique 2006.<\/li>\n<li><strong><i class=\"fa fa-file-pdf-o\"><\/i> <a href=\"http:\/\/www.ifop.cl\/laboratorioedadycrecimiento\/wp-content\/uploads\/sites\/3\/2016\/01\/Wiff_Montecinos_Ojeda_Farias_2005.pdf\" target=\"_Blank\">Wiff R., M._Montecinos, V._Ojeda y J._Farias._2005<\/a><\/strong><br \/>\nCongrio dorado en la pesquer\u00eda demersal sur austral: \u00bfEs plausible la hip\u00f3tesis de una sola unidad poblacional? Presentaci\u00f3n XXV Congreso de Ciencias del Mar.<\/li>\n<li><strong><i class=\"fa fa-file-pdf-o\"><\/i> <a href=\"http:\/\/www.ifop.cl\/laboratorioedadycrecimiento\/wp-content\/uploads\/sites\/3\/2016\/01\/Paya_Montecinos_Ojeda_Cid_2003.pdf\" target=\"_Blank\">Paya_I., M. Montecinos, V._Ojeda y L._Cid._2003<\/a><\/strong><br \/>\nAn overview of the orange roughy (<em>Hoplostethus sp.<\/em>) fishery off Chile. Deep Sea 2003: Conference on the Governance and management of Deep-sea Fisheries. Part 2 Conference poster papers and workshop papers. Queenstown, New Zealand, 1-5 December 2003. Dunedin, New Zealand, 27-29 November 2003.<\/li>\n<\/ul>","protected":false},"excerpt":{"rendered":"<p>La Secci\u00f3n de Edad y Crecimiento del Instituto de Fomento Pesquero, realiza una importante transferencia de conocimiento de valor p\u00fablico, a trav\u00e9s de diversos informes y publicaciones, contenidas en revistas especializadas, presentaciones a congresos e informes t\u00e9cnicos. En cuanto a las presentaciones a congresos, destacan las siguientes investigaciones: 2015 Machuca. C., F. Cerna y L. Mu\u00f1oz. 2015 Determinaci\u00f3n de unidades poblacionales de anchoveta (Engraulis ringens) en el pacifico sur frente a chile utilizando morfometria del otolito. Presentaci\u00f3n en el X Congreso de Ciencias del Mar (MARCUBA). La Habana-Cuba. 2015. Moyano, G y F. Cerna. 2015 Par\u00e1metros de historia de vida [&hellip;]<\/p>\n","protected":false},"author":1,"featured_media":0,"parent":0,"menu_order":0,"comment_status":"closed","ping_status":"closed","template":"plantilla_pagina_full_with.php","meta":{"footnotes":""},"class_list":["post-315","page","type-page","status-publish","hentry"],"_links":{"self":[{"href":"https:\/\/www.ifop.cl\/laboratorioedadycrecimiento\/wp-json\/wp\/v2\/pages\/315"}],"collection":[{"href":"https:\/\/www.ifop.cl\/laboratorioedadycrecimiento\/wp-json\/wp\/v2\/pages"}],"about":[{"href":"https:\/\/www.ifop.cl\/laboratorioedadycrecimiento\/wp-json\/wp\/v2\/types\/page"}],"author":[{"embeddable":true,"href":"https:\/\/www.ifop.cl\/laboratorioedadycrecimiento\/wp-json\/wp\/v2\/users\/1"}],"replies":[{"embeddable":true,"href":"https:\/\/www.ifop.cl\/laboratorioedadycrecimiento\/wp-json\/wp\/v2\/comments?post=315"}],"version-history":[{"count":23,"href":"https:\/\/www.ifop.cl\/laboratorioedadycrecimiento\/wp-json\/wp\/v2\/pages\/315\/revisions"}],"predecessor-version":[{"id":433,"href":"https:\/\/www.ifop.cl\/laboratorioedadycrecimiento\/wp-json\/wp\/v2\/pages\/315\/revisions\/433"}],"wp:attachment":[{"href":"https:\/\/www.ifop.cl\/laboratorioedadycrecimiento\/wp-json\/wp\/v2\/media?parent=315"}],"curies":[{"name":"wp","href":"https:\/\/api.w.org\/{rel}","templated":true}]}}