{"id":312,"date":"2016-07-18T14:39:54","date_gmt":"2016-07-18T14:39:54","guid":{"rendered":"http:\/\/oceano.ifop.cl\/laboratorioedadycrecimiento\/?page_id=312"},"modified":"2020-10-29T23:37:41","modified_gmt":"2020-10-30T02:37:41","slug":"revistas-especializadas","status":"publish","type":"page","link":"https:\/\/www.ifop.cl\/laboratorioedadycrecimiento\/revistas-especializadas\/","title":{"rendered":"Revistas especializadas"},"content":{"rendered":"La Secci\u00f3n de Edad y Crecimiento del Instituto de Fomento Pesquero, realiza una importante transferencia de conocimiento de valor p\u00fablico, a trav\u00e9s de diversos informes y publicaciones, contenidas en revistas especializadas, presentaciones a congresos e informes t\u00e9cnicos. En cuanto a las publicaciones realizadas en revistas especializadas, destacan las siguientes investigaciones:<\/p>\n<h3>2016<\/h3>\n<ul>\n<li><i class=\"fa fa-file-pdf-o\"><\/i><strong> <a href=\"http:\/\/www.ifop.cl\/laboratorioedadycrecimiento\/wp-content\/contenidos\/uploads\/sites\/3\/2016\/07\/FCerna2016.pdf\" target=\"_blank\">Cerna. F y G. Plaza. 2016<\/a> <\/strong><br \/>\nDaily growth patterns of juveniles and adults of the Peruvian anchovy (<em><i class='nomcientifico'>Engraulis ringens<\/i><\/em>) in northern Chile. Marine and Freshwater Research, 2016, 67, 899\u2013912<\/li>\n<\/ul>\n<h3>2015<\/h3>\n<ul>\n<li><i class=\"fa fa-file-pdf-o\"><\/i><strong> <a href=\"http:\/\/www.ifop.cl\/laboratorioedadycrecimiento\/wp-content\/contenidos\/uploads\/sites\/3\/2016\/07\/FCerna2015.pdf\" target=\"_blank\">Plaza. G y F. Cerna. 2015<\/a> <\/strong><br \/>\nValidation of dail y microincrement deposition in otoliths of juvenile and adult Peruvian anchovy <em><i class='nomcientifico'>Engraulis ringens<\/i><\/em>. Journal of Fish Biology (2015) 86,203\u2013216.<\/li>\n<\/ul>\n<h3>2014<\/h3>\n<ul>\n<li><i class=\"fa fa-file-pdf-o\"><\/i> <b><a href=\"http:\/\/www.ifop.cl\/laboratorioedadycrecimiento\/wp-content\/contenidos\/uploads\/sites\/3\/2016\/07\/VOjeda2014.pdf\" target=\"_Blank\">Baker, L., R. Wiff, JC Quiroz, A. Flores, R. C\u00e9spedes, M. Barrientos, V. Ojeda, C. Gatica.<\/a><\/b><br \/>\nReproductive ecology of the female pink cusk-eel (<em><i class='nomcientifico'>Genypterus blacodes<\/i><\/em>): evaluating differences between fishery management zones in the Chilean austral zone. 2014. Env. Bio. of Fish. 97 (10): 1083-1093.<\/li>\n<li><i class=\"fa fa-file-pdf-o\"><\/i> <b><a href=\"http:\/\/www.ifop.cl\/laboratorioedadycrecimiento\/wp-content\/contenidos\/uploads\/sites\/3\/2016\/07\/FCerna2014.pdf\" target=\"_Blank\">Cerna. F., Leal E, Lopez A y Plaza. G (2014)<\/a><\/b><br \/>\nAge, growth and natural mortality of the Patagonian sprat <em><i class='nomcientifico'>Sprattus fuegensis<\/i><\/em> (Jenyns, 1842) in Chiloe inland sea, southern. Latin American Journal of Aquatic Research 42(3): 580-587<\/li>\n<li><i class=\"fa fa-file-pdf-o\"><\/i> <b><a href=\"http:\/\/www.ifop.cl\/laboratorioedadycrecimiento\/wp-content\/contenidos\/uploads\/sites\/3\/2016\/07\/FCerna2014-b.pdf\" target=\"_Blank\">Thresher, R., J. Morrongiello, B.M. Sloyan, K. Krusic-Golub, S. Shephard, C. Minto, C.P. Nolan, F. Cerna, y L. Cid. 2014.<\/a><\/b><br \/>\nParallel decadal variability of inferred water temperatures for Northern and Southern Hemisphere intermediate water masses. Geophysical Research Letters, 41, 1232-1237.<\/li>\n<li><i class=\"fa fa-file-pdf-o\"><\/i> <b><a href=\"http:\/\/www.ifop.cl\/laboratorioedadycrecimiento\/wp-content\/contenidos\/uploads\/sites\/3\/2016\/07\/FCerna2014-c.pdf\" target=\"_Blank\">Cerna. F \u00a0y G. Plaza. 2014<\/a><\/b>Life history parameters of chub mackerel (<em><i class='nomcientifico'>Scomber japonicus<\/i><\/em>) from two areas off Chile. Bull Mar Sci. 90(3):833\u2013848. 2014<\/li>\n<\/ul>\n<h3>2013<\/h3>\n<ul>\n<li><i class=\"fa fa-file-pdf-o\"><\/i><strong> <a href=\"http:\/\/www.ifop.cl\/laboratorioedadycrecimiento\/wp-content\/contenidos\/uploads\/sites\/3\/2016\/07\/FCerna2013.pdf\" target=\"_blank\">Cerna. F., Cubilos L, Plaza G. \u00a02013<\/a><\/strong><br \/>\nAn\u00e1lisis hist\u00f3rico del crecimiento som\u00e1tico de merluza com\u00fan (<em><i class='nomcientifico'>Merluccius gayi gayi<\/i><\/em>) frente a la costa central de Chile. Latin American Journal of Aquatic Research 41: 570-575<\/li>\n<\/ul>\n<h3>2012<\/h3>\n<ul>\n<li><i class=\"fa fa-file-pdf-o\"><\/i><strong> <a href=\"http:\/\/www.ifop.cl\/laboratorioedadycrecimiento\/wp-content\/contenidos\/uploads\/sites\/3\/2016\/07\/Moyano2012.pdf\" target=\"_blank\">Moyano. G., G. Plaza y M.Toledo. 2012.<\/a> <\/strong><br \/>\nOtolith micro-structure analysis of rainbow trout alevins (<em>Oncorhynchus mykiss<\/em>) under rearing conditions. Lat. Am. J. Aquat. Res.,40 (3):722-729,2012<\/li>\n<\/ul>\n<h3>2011<\/h3>\n<ul>\n<li><i class=\"fa fa-file-pdf-o\"><\/i><strong> <a href=\"http:\/\/www.ifop.cl\/laboratorioedadycrecimiento\/wp-content\/contenidos\/uploads\/sites\/3\/2016\/07\/VOjeda2011.pdf\" target=\"_blank\">Wiff R., J. Quiroz, V. Ojeda &amp; M. Barrientos. 2011. <\/a> <\/strong><br \/>\nEstimaci\u00f3n de mortalidad natural e incertidumbre para congrio dorado (<em><i class='nomcientifico'>Genypterus blacodes<\/i><\/em> Schneider, 1801) en la zona sur-austral de Chile. Lat. Am. J. Aquat. Res. 39(2):316-326.<\/li>\n<\/ul>\n<h3>2010<\/h3>\n<ul>\n<li><i class=\"fa fa-file-pdf-o\"><\/i><strong> <a href=\"http:\/\/www.ifop.cl\/laboratorioedadycrecimiento\/wp-content\/contenidos\/uploads\/sites\/3\/2016\/07\/VOjeda2010.pdf\" target=\"_blank\">Ojeda, V., R. Wiff, C. Labr\u00edn y F. Contreras. 2010.<\/a> <\/strong><br \/>\nLa longevidad del besugo <em><i class='nomcientifico'>Epigonus crassicaudus<\/i><\/em> en Chile: \u00bfes similar a la de sus parientes? RBMO Vol. 45 (3):507-511.<\/li>\n<\/ul>\n<h3>2009<\/h3>\n<ul>\n<li><i class=\"fa fa-file-pdf-o\"><\/i><strong> <a href=\"http:\/\/www.ifop.cl\/laboratorioedadycrecimiento\/wp-content\/contenidos\/uploads\/sites\/3\/2016\/07\/FCerna2009.pdf\" target=\"_blank\">Cerna, F., y R. Licandeo. 2009<\/a><\/strong><br \/>\nAge and growth of the shortfin mako (<em><i class='nomcientifico'>Isurus oxyrinchus<\/i><\/em>) in the south-eastern Pacific off Chile. Marine and Freshwater Research 60, 394\u2013403.<\/li>\n<\/ul>\n<h3>2008<\/h3>\n<ul>\n<li><strong><i class=\"fa fa-file-pdf-o\"><\/i> <a href=\"http:\/\/www.ifop.cl\/laboratorioedadycrecimiento\/wp-content\/uploads\/sites\/3\/2016\/01\/Cerna_2008.pdf\" target=\"_Blank\">Cerna, J.F. 2008<\/a><\/strong><br \/>\nAge and growth of the swordfish (<em><i class='nomcientifico'>Xiphias gladius<\/i> Linnaeus<\/em>, 1758.) in the southeastern Pacific off Chile. Lat. Am. J. Aquat. Res. Special issue &#8220;Pesquer\u00eda del pez espada. Ed. E. Ya\u00f1ez (In Press).<\/li>\n<\/ul>\n<h3>2007<\/h3>\n<ul>\n<li><strong><i class=\"fa fa-file-pdf-o\"><\/i> <a href=\"http:\/\/www.ifop.cl\/laboratorioedadycrecimiento\/wp-content\/uploads\/sites\/3\/2016\/01\/Aranis_Melendez_Pequeno_Cerna_2007.pdf\" target=\"_Blank\">Aranis A., R. Melendez, G. Peque\u00f1o, F._Cerna._2007<\/a><\/strong><br \/>\n<em>Sprattus fueguensis<\/em> (Jenyns, 1842) en aguas interiores de Chilo\u00e9 &#8211; Cheile (Osteichthyes: Clupeiformes: Clupeidae). Gayana 71 (1): 102-113.<\/li>\n<li><strong><i class=\"fa fa-file-pdf-o\"><\/i> <a href=\"http:\/\/www.ifop.cl\/laboratorioedadycrecimiento\/wp-content\/uploads\/sites\/3\/2016\/01\/Wiff_Ojeda_Quiroz_2007.pdf\" target=\"_Blank\">Wiff_R., V. Ojeda y J._Quiroz._2007<\/a><\/strong><br \/>\nAge and growth in pink cusk-eel (<em><i class='nomcientifico'>Genypterus blacodes<\/i><\/em>) off the Chilean austral zone: evaluating differences between management fishing zones. J. Appl. Ichthyol. 23:270-272.<\/li>\n<li><strong><i class=\"fa fa-file-pdf-o\"><\/i> <a href=\"http:\/\/www.ifop.cl\/laboratorioedadycrecimiento\/wp-content\/uploads\/sites\/3\/2016\/01\/Licandeo_Cerna_2007.pdf\" target=\"_Blank\">Licandeo_R. y F. Cerna._2007<\/a><\/strong><br \/>\nGeographic variation in life-history traits of the endemic kite skate <em>Dipturus chilensis<\/em> (Batoidea: Rajidae), along its distribution in the fjords and channels of southern Chile. Journal offish Biology. 71:421-440.<\/li>\n<\/ul>\n<h3>1986 -2003<\/h3>\n<ul>\n<li><strong><i class=\"fa fa-file-pdf-o\"><\/i> <a href=\"http:\/\/www.ifop.cl\/laboratorioedadycrecimiento\/wp-content\/uploads\/sites\/3\/2016\/01\/Gonzalez_Miranda_Ortiz_2003.pdf\" target=\"_Blank\">Gonzalez A., L._Miranda_y J. Ortiz._2003<\/a><\/strong><br \/>\nFirst Record of a Gravid Marine Turtle from Chile. Chelonian Biology and Conservation Volume 4, Number 3. 716 pp.<\/li>\n<li><strong><i class=\"fa fa-file-pdf-o\"><\/i> <a href=\"http:\/\/www.ifop.cl\/laboratorioedadycrecimiento\/wp-content\/uploads\/sites\/3\/2016\/01\/Miranda_Moreno_2003.pdf\" target=\"_Blank\">Miranda L. y R._Moreno._2003<\/a><\/strong><br \/>\nReptiles marinos de Chile. Gu\u00edas de Identificaci\u00f3n y Biodiversidad Fauna Chilena. Apuntes de Zoolog\u00eda, Universidad Arturo Prat, Iquique, Chile. 11 pp.<\/li>\n<li><strong><i class=\"fa fa-file-pdf-o\"><\/i> <a href=\"http:\/\/www.ifop.cl\/laboratorioedadycrecimiento\/wp-content\/uploads\/sites\/3\/2016\/01\/Miranda_Moreno_2002.pdf\" target=\"_Blank\">Miranda L. y_Moreno, R.A._2002<\/a><\/strong><br \/>\nEpibiontes de <em><i class='nomcientifico'>Lepidochelys olivacea<\/i><\/em> (Eschsholtz, 1829) (Reptilia: Testudinata: Cheloniidae) en la Regi\u00f3n Centro Sur de Chile. Revista de Biolog\u00eda Marina y Oceanograf\u00eda 37 (2): 145-146.<\/li>\n<li><strong><i class=\"fa fa-file-pdf-o\"><\/i> <a href=\"http:\/\/www.ifop.cl\/laboratorioedadycrecimiento\/wp-content\/uploads\/sites\/3\/2016\/01\/Cerna_Oyarzun_1998.pdf\" target=\"_Blank\">Cerna F. y C._Oyarzun._1998<\/a><\/strong><br \/>\nTalla de primera madurez sexual y fecundidad parcial de la merluza com\u00fan (<em><i class='nomcientifico'>Merluccius gayi<\/i><\/em>, Guichenot 1848) del \u00e1rea de la pesquer\u00eda industrial de la zona de Talcahuano, Chile. Invest. Mar. 26: 31-40.<\/li>\n<li><strong><i class=\"fa fa-file-pdf-o\"><\/i> <a href=\"http:\/\/www.ifop.cl\/laboratorioedadycrecimiento\/wp-content\/uploads\/sites\/3\/2016\/01\/Aguayo_Ojeda_1987.pdf\" target=\"_Blank\">Aguayo M. y V. Ojeda._1987<\/a><\/strong><br \/>\nEstudio de la edad y crecimiento de merluza com\u00fan (<em><i class='nomcientifico'>Merluccius gayi gayi<\/i><\/em> Guichenot, 1848) (Gadiformes &#8211; Merlucciidae). Invest. Pesq. (Chile) 34: 99-112.<\/li>\n<li><strong><i class=\"fa fa-file-pdf-o\"><\/i> <a href=\"http:\/\/www.ifop.cl\/laboratorioedadycrecimiento\/wp-content\/uploads\/sites\/3\/2016\/01\/Ojeda_Aguayo_1986.pdf\" target=\"_Blank\">Ojeda V. y M._Aguayo._1986<\/a><\/strong><br \/>\nEdad y crecimiento de merluza del sur (<em><i class='nomcientifico'>Merluccius australis<\/i><\/em>) (Gadiformes &#8211; Merlucciidae). Invest. Pesq. (Chile) 33: 47-59.<\/li>\n<li><strong><i class=\"fa fa-file-pdf-o\"><\/i> <a href=\"http:\/\/www.ifop.cl\/laboratorioedadycrecimiento\/wp-content\/uploads\/sites\/3\/2016\/01\/Ojeda_Penailillo_Aguayo_1986.pdf\" target=\"_Blank\">Ojeda V., T._Pe\u00f1ailillo, M._Aguayo._1986<\/a><\/strong><br \/>\nEstimaci\u00f3n de la tasa instanst\u00e1nea de la mortalidad natural de algunas especies demersales explotadas en la zona Sur Austral de Chile (<em><i class='nomcientifico'>Merluccius australis<\/i>, <i class='nomcientifico'>Macruronus magellanicus<\/i><\/em> y <em><i class='nomcientifico'>Genypterus blacodes<\/i><\/em>. La Pesca en Chile. Escuela de Ciencias del Mar UCV Ed. P. Arana.<\/li>\n<\/ul>","protected":false},"excerpt":{"rendered":"<p>La Secci\u00f3n de Edad y Crecimiento del Instituto de Fomento Pesquero, realiza una importante transferencia de conocimiento de valor p\u00fablico, a trav\u00e9s de diversos informes y publicaciones, contenidas en revistas especializadas, presentaciones a congresos e informes t\u00e9cnicos. En cuanto a las publicaciones realizadas en revistas especializadas, destacan las siguientes investigaciones: 2016 Cerna. F y G. Plaza. 2016 Daily growth patterns of juveniles and adults of the Peruvian anchovy (Engraulis ringens) in northern Chile. Marine and Freshwater Research, 2016, 67, 899\u2013912 2015 Plaza. G y F. Cerna. 2015 Validation of dail y microincrement deposition in otoliths of juvenile and adult Peruvian [&hellip;]<\/p>\n","protected":false},"author":1,"featured_media":0,"parent":0,"menu_order":0,"comment_status":"closed","ping_status":"closed","template":"plantilla_pagina_full_with.php","meta":{"footnotes":""},"class_list":["post-312","page","type-page","status-publish","hentry"],"_links":{"self":[{"href":"https:\/\/www.ifop.cl\/laboratorioedadycrecimiento\/wp-json\/wp\/v2\/pages\/312"}],"collection":[{"href":"https:\/\/www.ifop.cl\/laboratorioedadycrecimiento\/wp-json\/wp\/v2\/pages"}],"about":[{"href":"https:\/\/www.ifop.cl\/laboratorioedadycrecimiento\/wp-json\/wp\/v2\/types\/page"}],"author":[{"embeddable":true,"href":"https:\/\/www.ifop.cl\/laboratorioedadycrecimiento\/wp-json\/wp\/v2\/users\/1"}],"replies":[{"embeddable":true,"href":"https:\/\/www.ifop.cl\/laboratorioedadycrecimiento\/wp-json\/wp\/v2\/comments?post=312"}],"version-history":[{"count":28,"href":"https:\/\/www.ifop.cl\/laboratorioedadycrecimiento\/wp-json\/wp\/v2\/pages\/312\/revisions"}],"predecessor-version":[{"id":432,"href":"https:\/\/www.ifop.cl\/laboratorioedadycrecimiento\/wp-json\/wp\/v2\/pages\/312\/revisions\/432"}],"wp:attachment":[{"href":"https:\/\/www.ifop.cl\/laboratorioedadycrecimiento\/wp-json\/wp\/v2\/media?parent=312"}],"curies":[{"name":"wp","href":"https:\/\/api.w.org\/{rel}","templated":true}]}}