{"id":29,"date":"2016-01-26T13:11:23","date_gmt":"2016-01-26T13:11:23","guid":{"rendered":"http:\/\/192.168.168.168\/~mmasesorias\/laboratorioedadycrecimiento\/?page_id=29"},"modified":"2025-06-09T10:20:27","modified_gmt":"2025-06-09T14:20:27","slug":"cortadora-baja-velocidad","status":"publish","type":"page","link":"https:\/\/www.ifop.cl\/laboratorioedadycrecimiento\/cortadora-baja-velocidad\/","title":{"rendered":"Cortadora Baja Velocidad"},"content":{"rendered":"El laboratorio de edad y crecimiento posee dos cortadoras de baja velocidad, que otorgan gran precisi\u00f3n en los cortes. Posibilitan obtener secciones o l\u00e1minas de estructuras duras para el an\u00e1lisis de la edad de los recursos, seg\u00fan requerimientos.<\/p>\n<p><strong>Ficha T\u00e9cnica:<\/strong><\/p>\n<table border=\"0\">\n<tbody>\n<tr>\n<td>Equipo:<\/td>\n<td>Cortadora de Baja Velocidad<\/td>\n<\/tr>\n<tr>\n<td>Marca:<\/td>\n<td>Buehler<\/td>\n<\/tr>\n<tr>\n<td>Modelo:<\/td>\n<td>Isomet<\/td>\n<\/tr>\n<tr>\n<td>Velocidad:<\/td>\n<td>0 &#8211; 300 RPM<\/td>\n<\/tr>\n<tr>\n<td>Discos<\/td>\n<td>4&#8221;<\/td>\n<\/tr>\n<\/tbody>\n<\/table>\n<p><a href=\"http:\/\/192.168.168.168\/~mmasesorias\/laboratorioedadycrecimiento\/wp-content\/uploads\/sites\/3\/2016\/01\/CortadoraBV_Buehler_Isomet.jpg\" rel=\"29\"><img loading=\"lazy\" decoding=\"async\" class=\" size-medium wp-image-116 aligncenter\" src=\"http:\/\/192.168.168.168\/~mmasesorias\/laboratorioedadycrecimiento\/wp-content\/uploads\/sites\/3\/2016\/01\/CortadoraBV_Buehler_Isomet-300x230.jpg\" alt=\"CortadoraBV_Buehler_Isomet\" width=\"300\" height=\"230\" srcset=\"https:\/\/www.ifop.cl\/laboratorioedadycrecimiento\/wp-content\/uploads\/sites\/3\/2016\/01\/CortadoraBV_Buehler_Isomet-300x230.jpg 300w, https:\/\/www.ifop.cl\/laboratorioedadycrecimiento\/wp-content\/uploads\/sites\/3\/2016\/01\/CortadoraBV_Buehler_Isomet.jpg 400w\" sizes=\"(max-width: 300px) 100vw, 300px\" \/><\/a>","protected":false},"excerpt":{"rendered":"<p>El laboratorio de edad y crecimiento posee dos cortadoras de baja velocidad, que otorgan gran precisi\u00f3n en los cortes. Posibilitan obtener secciones o l\u00e1minas de estructuras duras para el an\u00e1lisis de la edad de los recursos, seg\u00fan requerimientos. Ficha T\u00e9cnica: Equipo: Cortadora de Baja Velocidad Marca: Buehler Modelo: Isomet Velocidad: 0 &#8211; 300 RPM Discos 4&#8221;<\/p>\n","protected":false},"author":1,"featured_media":0,"parent":0,"menu_order":0,"comment_status":"open","ping_status":"open","template":"plantilla-minisitio_contenido.php","meta":{"footnotes":""},"class_list":["post-29","page","type-page","status-publish","hentry"],"_links":{"self":[{"href":"https:\/\/www.ifop.cl\/laboratorioedadycrecimiento\/wp-json\/wp\/v2\/pages\/29"}],"collection":[{"href":"https:\/\/www.ifop.cl\/laboratorioedadycrecimiento\/wp-json\/wp\/v2\/pages"}],"about":[{"href":"https:\/\/www.ifop.cl\/laboratorioedadycrecimiento\/wp-json\/wp\/v2\/types\/page"}],"author":[{"embeddable":true,"href":"https:\/\/www.ifop.cl\/laboratorioedadycrecimiento\/wp-json\/wp\/v2\/users\/1"}],"replies":[{"embeddable":true,"href":"https:\/\/www.ifop.cl\/laboratorioedadycrecimiento\/wp-json\/wp\/v2\/comments?post=29"}],"version-history":[{"count":2,"href":"https:\/\/www.ifop.cl\/laboratorioedadycrecimiento\/wp-json\/wp\/v2\/pages\/29\/revisions"}],"predecessor-version":[{"id":117,"href":"https:\/\/www.ifop.cl\/laboratorioedadycrecimiento\/wp-json\/wp\/v2\/pages\/29\/revisions\/117"}],"wp:attachment":[{"href":"https:\/\/www.ifop.cl\/laboratorioedadycrecimiento\/wp-json\/wp\/v2\/media?parent=29"}],"curies":[{"name":"wp","href":"https:\/\/api.w.org\/{rel}","templated":true}]}}