{"id":27,"date":"2016-01-26T13:10:54","date_gmt":"2016-01-26T13:10:54","guid":{"rendered":"http:\/\/192.168.168.168\/~mmasesorias\/laboratorioedadycrecimiento\/?page_id=27"},"modified":"2016-04-11T13:16:21","modified_gmt":"2016-04-11T13:16:21","slug":"pulidora","status":"publish","type":"page","link":"https:\/\/www.ifop.cl\/laboratorioedadycrecimiento\/pulidora\/","title":{"rendered":"Pulidora"},"content":{"rendered":"<figure id=\"attachment_114\" aria-describedby=\"caption-attachment-114\" style=\"width: 150px\" class=\"wp-caption alignright\"><img loading=\"lazy\" decoding=\"async\" class=\"wp-image-114 size-thumbnail\" src=\"http:\/\/www.ifop.cl\/laboratorioedadycrecimiento\/wp-content\/uploads\/sites\/3\/2016\/01\/Pulidora_Buehler_MetaServ2000-150x150.jpg\" alt=\"Pulidora_Buehler_MetaServ2000\" width=\"150\" height=\"150\" \/><figcaption id=\"caption-attachment-114\" class=\"wp-caption-text\">Pulidora Buehler MetaServ2000<\/figcaption><\/figure>\nSe trata de una pulidora de dos platos, caracter\u00edstica que posibilita un tratamiento de pulimiento de las l\u00e1minas de las estructuras duras que permite variar desde mayor a menor grosor de los pa\u00f1os. Entrega a las l\u00e1minas de muestra una excelente calidad beneficiando el estudio de \u00e9stas.<\/p>\n<p><strong>Ficha T\u00e9cnica:<\/strong><\/p>\n<table border=\"0\">\n<tbody>\n<tr>\n<td>Equipo:<\/td>\n<td>Pulidora<\/td>\n<\/tr>\n<tr>\n<td>Marca:<\/td>\n<td>Buehler<\/td>\n<\/tr>\n<tr>\n<td>Modelo:<\/td>\n<td>Meta serv 2000<\/td>\n<\/tr>\n<tr>\n<td>Talla de plato:<\/td>\n<td>7&#8221;<\/td>\n<\/tr>\n<tr>\n<td>Velocidad:<\/td>\n<td>50 &#8211; 500 rpm<\/td>\n<\/tr>\n<\/tbody>\n<\/table>","protected":false},"excerpt":{"rendered":"<p>Se trata de una pulidora de dos platos, caracter\u00edstica que posibilita un tratamiento de pulimiento de las l\u00e1minas de las estructuras duras que permite variar desde mayor a menor grosor de los pa\u00f1os. Entrega a las l\u00e1minas de muestra una excelente calidad beneficiando el estudio de \u00e9stas. Ficha T\u00e9cnica: Equipo: Pulidora Marca: Buehler Modelo: Meta serv 2000 Talla de plato: 7&#8221; Velocidad: 50 &#8211; 500 rpm<\/p>\n","protected":false},"author":1,"featured_media":0,"parent":0,"menu_order":0,"comment_status":"open","ping_status":"open","template":"","meta":{"footnotes":""},"class_list":["post-27","page","type-page","status-publish","hentry"],"_links":{"self":[{"href":"https:\/\/www.ifop.cl\/laboratorioedadycrecimiento\/wp-json\/wp\/v2\/pages\/27"}],"collection":[{"href":"https:\/\/www.ifop.cl\/laboratorioedadycrecimiento\/wp-json\/wp\/v2\/pages"}],"about":[{"href":"https:\/\/www.ifop.cl\/laboratorioedadycrecimiento\/wp-json\/wp\/v2\/types\/page"}],"author":[{"embeddable":true,"href":"https:\/\/www.ifop.cl\/laboratorioedadycrecimiento\/wp-json\/wp\/v2\/users\/1"}],"replies":[{"embeddable":true,"href":"https:\/\/www.ifop.cl\/laboratorioedadycrecimiento\/wp-json\/wp\/v2\/comments?post=27"}],"version-history":[{"count":3,"href":"https:\/\/www.ifop.cl\/laboratorioedadycrecimiento\/wp-json\/wp\/v2\/pages\/27\/revisions"}],"predecessor-version":[{"id":209,"href":"https:\/\/www.ifop.cl\/laboratorioedadycrecimiento\/wp-json\/wp\/v2\/pages\/27\/revisions\/209"}],"wp:attachment":[{"href":"https:\/\/www.ifop.cl\/laboratorioedadycrecimiento\/wp-json\/wp\/v2\/media?parent=27"}],"curies":[{"name":"wp","href":"https:\/\/api.w.org\/{rel}","templated":true}]}}