{"id":251,"date":"2016-05-25T17:32:16","date_gmt":"2016-05-25T17:32:16","guid":{"rendered":"http:\/\/oceano.ifop.cl\/laboratorioedadycrecimiento\/?page_id=251"},"modified":"2025-06-09T10:20:22","modified_gmt":"2025-06-09T14:20:22","slug":"acerca-de-la-seccion","status":"publish","type":"page","link":"https:\/\/www.ifop.cl\/laboratorioedadycrecimiento\/acerca-de-la-seccion\/","title":{"rendered":"Acerca de la secci\u00f3n"},"content":{"rendered":"La Secci\u00f3n de Edad y Crecimiento consta de personal y equipamiento especializado de Laboratorio que permite orientar su quehacer hacia la generaci\u00f3n de conocimiento e informaci\u00f3n cient\u00edfica de valor p\u00fablico indispensable para apoyar las decisiones t\u00e9cnicas que contribuyen a los intereses del pa\u00eds.<\/p>\n<p>Principalmente sus estudios se enfocan a la determinaci\u00f3n de la edad y el crecimiento de las especies marinas, aportando los indicadores necesarios para la evaluaci\u00f3n de stock y el an\u00e1lisis del estatus de las poblaciones explotadas.<\/p>\n<p>Nuestros estudios se basan en la esclerocronolog\u00eda, que es la t\u00e9cnica que utiliza estructuras duras como otolitos, espinas, v\u00e9rtebras, valvas de moluscos, etc., para identificar anillos de crecimiento cuya periodicidad de formaci\u00f3n puede ser validada en exactitud y precisi\u00f3n para estimar la edad de las especies, en a\u00f1os o d\u00edas.<\/p>\n<p>Durante los \u00faltimos a\u00f1os se ha empleado el an\u00e1lisis de los otolitos de peces como una herramienta que contribuye en la determinaci\u00f3n de unidades poblacionales (en base a la morfometr\u00eda), y en asociaci\u00f3n con instituciones universitarias, se ha avanzado en an\u00e1lisis qu\u00edmico de estas estructuras y crecimiento de estadios tempranos, para conocer los patrones migratorios y avanzar en el conocimiento del modelo conceptual que subyace en la din\u00e1mica de recursos explotados.","protected":false},"excerpt":{"rendered":"<p>La Secci\u00f3n de Edad y Crecimiento consta de personal y equipamiento especializado de Laboratorio que permite orientar su quehacer hacia la generaci\u00f3n de conocimiento e informaci\u00f3n cient\u00edfica de valor p\u00fablico indispensable para apoyar las decisiones t\u00e9cnicas que contribuyen a los intereses del pa\u00eds. Principalmente sus estudios se enfocan a la determinaci\u00f3n de la edad y el crecimiento de las especies marinas, aportando los indicadores necesarios para la evaluaci\u00f3n de stock y el an\u00e1lisis del estatus de las poblaciones explotadas. Nuestros estudios se basan en la esclerocronolog\u00eda, que es la t\u00e9cnica que utiliza estructuras duras como otolitos, espinas, v\u00e9rtebras, valvas de [&hellip;]<\/p>\n","protected":false},"author":1,"featured_media":0,"parent":0,"menu_order":0,"comment_status":"closed","ping_status":"closed","template":"plantilla-minisitio_contenido.php","meta":{"footnotes":""},"class_list":["post-251","page","type-page","status-publish","hentry"],"_links":{"self":[{"href":"https:\/\/www.ifop.cl\/laboratorioedadycrecimiento\/wp-json\/wp\/v2\/pages\/251"}],"collection":[{"href":"https:\/\/www.ifop.cl\/laboratorioedadycrecimiento\/wp-json\/wp\/v2\/pages"}],"about":[{"href":"https:\/\/www.ifop.cl\/laboratorioedadycrecimiento\/wp-json\/wp\/v2\/types\/page"}],"author":[{"embeddable":true,"href":"https:\/\/www.ifop.cl\/laboratorioedadycrecimiento\/wp-json\/wp\/v2\/users\/1"}],"replies":[{"embeddable":true,"href":"https:\/\/www.ifop.cl\/laboratorioedadycrecimiento\/wp-json\/wp\/v2\/comments?post=251"}],"version-history":[{"count":1,"href":"https:\/\/www.ifop.cl\/laboratorioedadycrecimiento\/wp-json\/wp\/v2\/pages\/251\/revisions"}],"predecessor-version":[{"id":252,"href":"https:\/\/www.ifop.cl\/laboratorioedadycrecimiento\/wp-json\/wp\/v2\/pages\/251\/revisions\/252"}],"wp:attachment":[{"href":"https:\/\/www.ifop.cl\/laboratorioedadycrecimiento\/wp-json\/wp\/v2\/media?parent=251"}],"curies":[{"name":"wp","href":"https:\/\/api.w.org\/{rel}","templated":true}]}}