{"id":25,"date":"2016-01-26T13:10:33","date_gmt":"2016-01-26T13:10:33","guid":{"rendered":"http:\/\/192.168.168.168\/~mmasesorias\/laboratorioedadycrecimiento\/?page_id=25"},"modified":"2025-06-09T10:20:25","modified_gmt":"2025-06-09T14:20:25","slug":"balanza-analitica-digital","status":"publish","type":"page","link":"https:\/\/www.ifop.cl\/laboratorioedadycrecimiento\/balanza-analitica-digital\/","title":{"rendered":"Balanza Anal\u00edtica Digital"},"content":{"rendered":"<figure id=\"attachment_112\" aria-describedby=\"caption-attachment-112\" style=\"width: 150px\" class=\"wp-caption alignright\"><img loading=\"lazy\" decoding=\"async\" class=\"wp-image-112 size-thumbnail\" src=\"http:\/\/www.ifop.cl\/laboratorioedadycrecimiento\/wp-content\/uploads\/sites\/3\/2016\/01\/Balanza_AND_GR200-150x150.jpg\" alt=\"Balanza_AND_GR200\" width=\"150\" height=\"150\" \/><figcaption id=\"caption-attachment-112\" class=\"wp-caption-text\">Balanza AND GR200<\/figcaption><\/figure>\n<p>Equipamiento que posibilita realizar gravimetr\u00eda de otolitos con una exactitud de 0,0001 g. Adem\u00e1s, cuenta con un Sofware incluido que permite una r\u00e1pida colecci\u00f3n de datos.<\/p>\n<p><strong>Ficha T\u00e9cnica:<\/strong><\/p>\n<table border=\"0\">\n<tbody>\n<tr>\n<td>Equipo:<\/td>\n<td>Balanza Anal\u00edtica Digital<\/td>\n<\/tr>\n<tr>\n<td>Marca:<\/td>\n<td>AND<\/td>\n<\/tr>\n<tr>\n<td>Modelo:<\/td>\n<td>GR 200<\/td>\n<\/tr>\n<tr>\n<td>Gramaje:<\/td>\n<td>210 * 0,0001 g<\/td>\n<\/tr>\n<tr>\n<td>Conteo M\u00ednimo de Peso:<\/td>\n<td>0.1 g<\/td>\n<\/tr>\n<tr>\n<td>Capacidad de Repetici\u00f3n\/Std.Dev.<\/td>\n<td>0.0001 g<\/td>\n<\/tr>\n<tr>\n<td>Tiempo de Estabilizaci\u00f3n:<\/td>\n<td>3.5 seg.<\/td>\n<\/tr>\n<tr>\n<td>Dimensiones:<\/td>\n<td>249*330*328 mm<\/td>\n<\/tr>\n<\/tbody>\n<\/table>","protected":false},"excerpt":{"rendered":"<p>Equipamiento que posibilita realizar gravimetr\u00eda de otolitos con una exactitud de 0,0001 g. Adem\u00e1s, cuenta con un Sofware incluido que permite una r\u00e1pida colecci\u00f3n de datos. Ficha T\u00e9cnica: Equipo: Balanza Anal\u00edtica Digital Marca: AND Modelo: GR 200 Gramaje: 210 * 0,0001 g Conteo M\u00ednimo de Peso: 0.1 g Capacidad de Repetici\u00f3n\/Std.Dev. 0.0001 g Tiempo de Estabilizaci\u00f3n: 3.5 seg. Dimensiones: 249*330*328 mm<\/p>\n","protected":false},"author":1,"featured_media":0,"parent":0,"menu_order":0,"comment_status":"open","ping_status":"open","template":"plantilla-minisitio_contenido.php","meta":{"footnotes":""},"class_list":["post-25","page","type-page","status-publish","hentry"],"_links":{"self":[{"href":"https:\/\/www.ifop.cl\/laboratorioedadycrecimiento\/wp-json\/wp\/v2\/pages\/25"}],"collection":[{"href":"https:\/\/www.ifop.cl\/laboratorioedadycrecimiento\/wp-json\/wp\/v2\/pages"}],"about":[{"href":"https:\/\/www.ifop.cl\/laboratorioedadycrecimiento\/wp-json\/wp\/v2\/types\/page"}],"author":[{"embeddable":true,"href":"https:\/\/www.ifop.cl\/laboratorioedadycrecimiento\/wp-json\/wp\/v2\/users\/1"}],"replies":[{"embeddable":true,"href":"https:\/\/www.ifop.cl\/laboratorioedadycrecimiento\/wp-json\/wp\/v2\/comments?post=25"}],"version-history":[{"count":4,"href":"https:\/\/www.ifop.cl\/laboratorioedadycrecimiento\/wp-json\/wp\/v2\/pages\/25\/revisions"}],"predecessor-version":[{"id":205,"href":"https:\/\/www.ifop.cl\/laboratorioedadycrecimiento\/wp-json\/wp\/v2\/pages\/25\/revisions\/205"}],"wp:attachment":[{"href":"https:\/\/www.ifop.cl\/laboratorioedadycrecimiento\/wp-json\/wp\/v2\/media?parent=25"}],"curies":[{"name":"wp","href":"https:\/\/api.w.org\/{rel}","templated":true}]}}