{"id":23,"date":"2016-01-26T13:10:04","date_gmt":"2016-01-26T13:10:04","guid":{"rendered":"http:\/\/192.168.168.168\/~mmasesorias\/laboratorioedadycrecimiento\/?page_id=23"},"modified":"2025-06-09T10:20:29","modified_gmt":"2025-06-09T14:20:29","slug":"horno-de-secado","status":"publish","type":"page","link":"https:\/\/www.ifop.cl\/laboratorioedadycrecimiento\/horno-de-secado\/","title":{"rendered":"Horno de Secado"},"content":{"rendered":"<figure id=\"attachment_110\" aria-describedby=\"caption-attachment-110\" style=\"width: 150px\" class=\"wp-caption alignright\"><img loading=\"lazy\" decoding=\"async\" class=\"wp-image-110 size-thumbnail\" src=\"http:\/\/www.ifop.cl\/laboratorioedadycrecimiento\/wp-content\/uploads\/sites\/3\/2016\/01\/Horno_Binder_ED115-150x150.jpg\" alt=\"Horno_Binder_ED115\" width=\"150\" height=\"150\" \/><figcaption id=\"caption-attachment-110\" class=\"wp-caption-text\">Horno Binder ED115<\/figcaption><\/figure>\n<p>Equipo de convenci\u00f3n natural, temperatura regulable y programable hasta los 300\u00b0C. Con una capacidad de 115 litros, posibilitando hornear una gran cantidad de muestras de otolitos a la vez, facilitando la l\u00ednea de proceso.<\/p>\n<p><strong>Ficha T\u00e9cnica:<\/strong><\/p>\n<table border=\"0\">\n<tbody>\n<tr>\n<td>Equipo:<\/td>\n<td>Horno de Secado<\/td>\n<\/tr>\n<tr>\n<td>Marca:<\/td>\n<td>Binder<\/td>\n<\/tr>\n<tr>\n<td>Modelo:<\/td>\n<td>ED 115<\/td>\n<\/tr>\n<tr>\n<td>Ancho Exterior (mm):<\/td>\n<td>834<\/td>\n<\/tr>\n<tr>\n<td>Altura Exterior (mm):<\/td>\n<td>702<\/td>\n<\/tr>\n<tr>\n<td>Profundidad Exterior (mm):<\/td>\n<td>645<\/td>\n<\/tr>\n<tr>\n<td>N\u00famero de Puertas:<\/td>\n<td>1<\/td>\n<\/tr>\n<tr>\n<td>Volumen Interior (l):<\/td>\n<td>115<\/td>\n<\/tr>\n<tr>\n<td>N\u00famero Bandejas M\u00e1x.:<\/td>\n<td>6<\/td>\n<\/tr>\n<tr>\n<td>Rango de temperatura (\u00baC):<\/td>\n<td>Hasta 300<\/td>\n<\/tr>\n<tr>\n<td>Poder Nominal (W):<\/td>\n<td>1600<\/td>\n<\/tr>\n<\/tbody>\n<\/table>","protected":false},"excerpt":{"rendered":"<p>Equipo de convenci\u00f3n natural, temperatura regulable y programable hasta los 300\u00b0C. Con una capacidad de 115 litros, posibilitando hornear una gran cantidad de muestras de otolitos a la vez, facilitando la l\u00ednea de proceso. Ficha T\u00e9cnica: Equipo: Horno de Secado Marca: Binder Modelo: ED 115 Ancho Exterior (mm): 834 Altura Exterior (mm): 702 Profundidad Exterior (mm): 645 N\u00famero de Puertas: 1 Volumen Interior (l): 115 N\u00famero Bandejas M\u00e1x.: 6 Rango de temperatura (\u00baC): Hasta 300 Poder Nominal (W): 1600<\/p>\n","protected":false},"author":1,"featured_media":0,"parent":0,"menu_order":0,"comment_status":"open","ping_status":"open","template":"plantilla-minisitio_contenido.php","meta":{"footnotes":""},"class_list":["post-23","page","type-page","status-publish","hentry"],"_links":{"self":[{"href":"https:\/\/www.ifop.cl\/laboratorioedadycrecimiento\/wp-json\/wp\/v2\/pages\/23"}],"collection":[{"href":"https:\/\/www.ifop.cl\/laboratorioedadycrecimiento\/wp-json\/wp\/v2\/pages"}],"about":[{"href":"https:\/\/www.ifop.cl\/laboratorioedadycrecimiento\/wp-json\/wp\/v2\/types\/page"}],"author":[{"embeddable":true,"href":"https:\/\/www.ifop.cl\/laboratorioedadycrecimiento\/wp-json\/wp\/v2\/users\/1"}],"replies":[{"embeddable":true,"href":"https:\/\/www.ifop.cl\/laboratorioedadycrecimiento\/wp-json\/wp\/v2\/comments?post=23"}],"version-history":[{"count":3,"href":"https:\/\/www.ifop.cl\/laboratorioedadycrecimiento\/wp-json\/wp\/v2\/pages\/23\/revisions"}],"predecessor-version":[{"id":202,"href":"https:\/\/www.ifop.cl\/laboratorioedadycrecimiento\/wp-json\/wp\/v2\/pages\/23\/revisions\/202"}],"wp:attachment":[{"href":"https:\/\/www.ifop.cl\/laboratorioedadycrecimiento\/wp-json\/wp\/v2\/media?parent=23"}],"curies":[{"name":"wp","href":"https:\/\/api.w.org\/{rel}","templated":true}]}}