{"id":21,"date":"2016-01-26T13:09:32","date_gmt":"2016-01-26T13:09:32","guid":{"rendered":"http:\/\/192.168.168.168\/~mmasesorias\/laboratorioedadycrecimiento\/?page_id=21"},"modified":"2025-06-09T10:20:33","modified_gmt":"2025-06-09T14:20:33","slug":"laboratorio","status":"publish","type":"page","link":"https:\/\/www.ifop.cl\/laboratorioedadycrecimiento\/laboratorio\/","title":{"rendered":"Laboratorio"},"content":{"rendered":"Para generar, desarrollar y transferir conocimiento de valor p\u00fablico para el Sector, es imprescindible contar no solamente con profesionales del m\u00e1s alto nivel, sino que tambi\u00e9n con la infraestructura amplia y especializada. La Secci\u00f3n de Edad y Crecimiento del Instituto de Fomento Pesquero, posee un laboratorio altamente equipado y oficinas donde realiza el an\u00e1lisis de las muestras y de datos para la elaboraci\u00f3n de informes que permiten una posterior toma de decisiones, lo que conlleva a la planificaci\u00f3n y coordinaci\u00f3n para el desarrollo de los estudios requeridos.<\/p>\n<h2>Equipamiento<\/h2>\n<h3>Horno de secado<\/h3>\n<figure id=\"attachment_110\" aria-describedby=\"caption-attachment-110\" style=\"width: 150px\" class=\"wp-caption alignright\"><img loading=\"lazy\" decoding=\"async\" class=\"wp-image-110 size-thumbnail\" src=\"https:\/\/www.ifop.cl\/laboratorioedadycrecimiento\/wp-content\/uploads\/sites\/3\/2016\/01\/Horno_Binder_ED115-150x150.jpg\" alt=\"Horno_Binder_ED115\" width=\"150\" height=\"150\" \/><figcaption id=\"caption-attachment-110\" class=\"wp-caption-text\">Horno Binder ED115<\/figcaption><\/figure>\n<p>Equipo de convenci\u00f3n natural, temperatura regulable y programable hasta los 300\u00b0C. Con una capacidad de 115 litros, posibilitando hornear una gran cantidad de muestras de otolitos a la vez, facilitando la l\u00ednea de proceso.<\/p>\n<p><strong>Ficha T\u00e9cnica:<\/strong><\/p>\n<table border=\"0\">\n<tbody>\n<tr>\n<td>Equipo:<\/td>\n<td>Horno de Secado<\/td>\n<\/tr>\n<tr>\n<td>Marca:<\/td>\n<td>Binder<\/td>\n<\/tr>\n<tr>\n<td>Modelo:<\/td>\n<td>ED 115<\/td>\n<\/tr>\n<tr>\n<td>Ancho Exterior (mm):<\/td>\n<td>834<\/td>\n<\/tr>\n<tr>\n<td>Altura Exterior (mm):<\/td>\n<td>702<\/td>\n<\/tr>\n<tr>\n<td>Profundidad Exterior (mm):<\/td>\n<td>645<\/td>\n<\/tr>\n<tr>\n<td>N\u00famero de Puertas:<\/td>\n<td>1<\/td>\n<\/tr>\n<tr>\n<td>Volumen Interior (l):<\/td>\n<td>115<\/td>\n<\/tr>\n<tr>\n<td>N\u00famero Bandejas M\u00e1x.:<\/td>\n<td>6<\/td>\n<\/tr>\n<tr>\n<td>Rango de temperatura (\u00baC):<\/td>\n<td>Hasta 300<\/td>\n<\/tr>\n<tr>\n<td>Poder Nominal (W):<\/td>\n<td>1600<\/td>\n<\/tr>\n<\/tbody>\n<\/table>\n<hr \/>\n<h3>Balanza Anal\u00edtica Digital<\/h3>\n<figure id=\"attachment_112\" aria-describedby=\"caption-attachment-112\" style=\"width: 150px\" class=\"wp-caption alignright\"><img loading=\"lazy\" decoding=\"async\" class=\"wp-image-112 size-thumbnail\" src=\"https:\/\/www.ifop.cl\/laboratorioedadycrecimiento\/wp-content\/uploads\/sites\/3\/2016\/01\/Balanza_AND_GR200-150x150.jpg\" alt=\"Balanza_AND_GR200\" width=\"150\" height=\"150\" \/><figcaption id=\"caption-attachment-112\" class=\"wp-caption-text\">Balanza AND GR200<\/figcaption><\/figure>\n<p>Equipamiento que posibilita realizar gravimetr\u00eda de otolitos con una exactitud de 0,0001 g. Adem\u00e1s, cuenta con un Sofware incluido que permite una r\u00e1pida colecci\u00f3n de datos.<\/p>\n<p><strong>Ficha T\u00e9cnica:<\/strong><\/p>\n<table border=\"0\">\n<tbody>\n<tr>\n<td>Equipo:<\/td>\n<td>Balanza Anal\u00edtica Digital<\/td>\n<\/tr>\n<tr>\n<td>Marca:<\/td>\n<td>AND<\/td>\n<\/tr>\n<tr>\n<td>Modelo:<\/td>\n<td>GR 200<\/td>\n<\/tr>\n<tr>\n<td>Gramaje:<\/td>\n<td>210 * 0,0001 g<\/td>\n<\/tr>\n<tr>\n<td>Conteo M\u00ednimo de Peso:<\/td>\n<td>0.1 g<\/td>\n<\/tr>\n<tr>\n<td>Capacidad de Repetici\u00f3n\/Std.Dev.<\/td>\n<td>0.0001 g<\/td>\n<\/tr>\n<tr>\n<td>Tiempo de Estabilizaci\u00f3n:<\/td>\n<td>3.5 seg.<\/td>\n<\/tr>\n<tr>\n<td>Dimensiones:<\/td>\n<td>249*330*328 mm<\/td>\n<\/tr>\n<\/tbody>\n<\/table>\n<hr \/>\n<h3>Pulidora<\/h3>\n<figure id=\"attachment_114\" aria-describedby=\"caption-attachment-114\" style=\"width: 150px\" class=\"wp-caption alignright\"><img loading=\"lazy\" decoding=\"async\" class=\"wp-image-114 size-thumbnail\" src=\"https:\/\/www.ifop.cl\/laboratorioedadycrecimiento\/wp-content\/uploads\/sites\/3\/2016\/01\/Pulidora_Buehler_MetaServ2000-150x150.jpg\" alt=\"Pulidora_Buehler_MetaServ2000\" width=\"150\" height=\"150\" \/><figcaption id=\"caption-attachment-114\" class=\"wp-caption-text\">Pulidora Buehler MetaServ2000<\/figcaption><\/figure>\n<p>Se trata de una pulidora de dos platos, caracter\u00edstica que posibilita un tratamiento de pulimiento de las l\u00e1minas de las estructuras duras que permite variar desde mayor a menor grosor de los pa\u00f1os. Entrega a las l\u00e1minas de muestra una excelente calidad beneficiando el estudio de \u00e9stas.<\/p>\n<p><strong>Ficha T\u00e9cnica:<\/strong><\/p>\n<table border=\"0\">\n<tbody>\n<tr>\n<td>Equipo:<\/td>\n<td>Pulidora<\/td>\n<\/tr>\n<tr>\n<td>Marca:<\/td>\n<td>Buehler<\/td>\n<\/tr>\n<tr>\n<td>Modelo:<\/td>\n<td>Meta serv 2000<\/td>\n<\/tr>\n<tr>\n<td>Talla de plato:<\/td>\n<td>7&#8221;<\/td>\n<\/tr>\n<tr>\n<td>Velocidad:<\/td>\n<td>50 &#8211; 500 rpm<\/td>\n<\/tr>\n<\/tbody>\n<\/table>\n<hr \/>\n<h3>Cortadora Baja Velocidad<\/h3>\n<figure id=\"attachment_116\" aria-describedby=\"caption-attachment-116\" style=\"width: 150px\" class=\"wp-caption alignright\"><img loading=\"lazy\" decoding=\"async\" class=\"wp-image-116 size-thumbnail\" src=\"https:\/\/www.ifop.cl\/laboratorioedadycrecimiento\/wp-content\/uploads\/sites\/3\/2016\/01\/CortadoraBV_Buehler_Isomet-150x150.jpg\" alt=\"CortadoraBV_Buehler_Isomet\" width=\"150\" height=\"150\" \/><figcaption id=\"caption-attachment-116\" class=\"wp-caption-text\">Cortadora de Baja Velocidad<\/figcaption><\/figure>\n<p>El laboratorio de edad y crecimiento posee dos cortadoras de baja velocidad, que otorgan gran precisi\u00f3n en los cortes. Posibilitan obtener secciones o l\u00e1minas de estructuras duras para el an\u00e1lisis de la edad de los recursos, seg\u00fan requerimientos.<\/p>\n<p><strong>Ficha T\u00e9cnica:<\/strong><\/p>\n<table border=\"0\">\n<tbody>\n<tr>\n<td>Equipo:<\/td>\n<td>Cortadora de Baja Velocidad<\/td>\n<\/tr>\n<tr>\n<td>Marca:<\/td>\n<td>Buehler<\/td>\n<\/tr>\n<tr>\n<td>Modelo:<\/td>\n<td>Isomet<\/td>\n<\/tr>\n<tr>\n<td>Velocidad:<\/td>\n<td>0 &#8211; 300 RPM<\/td>\n<\/tr>\n<tr>\n<td>Discos<\/td>\n<td>4&#8221;<\/td>\n<\/tr>\n<\/tbody>\n<\/table>\n<hr \/>\n<h3>Cortadora Alta Velocidad<\/h3>\n<figure id=\"attachment_118\" aria-describedby=\"caption-attachment-118\" style=\"width: 150px\" class=\"wp-caption alignright\"><img loading=\"lazy\" decoding=\"async\" class=\"wp-image-118 size-thumbnail\" src=\"https:\/\/www.ifop.cl\/laboratorioedadycrecimiento\/wp-content\/uploads\/sites\/3\/2016\/01\/CortadoraAV_Struers_Secotom10-150x150.jpg\" alt=\"CortadoraAV_Struers_Secotom10\" width=\"150\" height=\"150\" \/><figcaption id=\"caption-attachment-118\" class=\"wp-caption-text\">Cortadora Alta Velocidad<\/figcaption><\/figure>\n<p>Cortadora de alta velocidad y precisi\u00f3n, que entrega la capacidad de realizar cortes masivos de muestras previamente preparadas y dispuestas en forma secuencial en moldes de resina.<\/p>\n<p><strong>Ficha T\u00e9cnica:<\/strong><\/p>\n<table border=\"0\">\n<tbody>\n<tr>\n<td>Equipo:<\/td>\n<td>Cortadora de Alta Velocidad<\/td>\n<\/tr>\n<tr>\n<td>Marca:<\/td>\n<td>Struers<\/td>\n<\/tr>\n<tr>\n<td>Modelo:<\/td>\n<td>Secotom10<\/td>\n<\/tr>\n<tr>\n<td>Motor de Corte:<\/td>\n<td>800 W<\/td>\n<\/tr>\n<tr>\n<td>Poder de Corte:<\/td>\n<td>800 W<\/td>\n<\/tr>\n<tr>\n<td>Velocidad de Rotaci\u00f3n:<\/td>\n<td>300 &#8211; 5000 RPM<\/td>\n<\/tr>\n<tr>\n<td>Dimensiones Mesa de Corte:<\/td>\n<td>196*184 mm<\/td>\n<\/tr>\n<tr>\n<td>Dimensiones:<\/td>\n<td>356*610*740 mm<\/td>\n<\/tr>\n<\/tbody>\n<\/table>\n<hr \/>\n<h3>Lector de Escamas<\/h3>\n<figure id=\"attachment_120\" aria-describedby=\"caption-attachment-120\" style=\"width: 150px\" class=\"wp-caption alignright\"><img loading=\"lazy\" decoding=\"async\" class=\"wp-image-120 size-thumbnail\" src=\"https:\/\/www.ifop.cl\/laboratorioedadycrecimiento\/wp-content\/uploads\/sites\/3\/2016\/01\/LectorEscamas_Nikon_6cProfileLector-150x150.jpg\" alt=\"LectorEscamas_Nikon_6cProfileLector\" width=\"150\" height=\"150\" \/><figcaption id=\"caption-attachment-120\" class=\"wp-caption-text\">Lector de Escamas<\/figcaption><\/figure>\n<p>Equipo que entrega una proyecci\u00f3n aumentada del tama\u00f1o de muestras de escamas, las que se colocan sobre portaobjetos, y que son trabajadas en un cuarto oscuro dentro del Laboratorio de Edad y Crecimiento, lo que permite que las marcas de crecimiento no sean perjudicadas por factores de luz externos.<\/p>\n<p><strong>Ficha T\u00e9cnica:<\/strong><\/p>\n<table border=\"0\">\n<tbody>\n<tr>\n<td>Equipo:<\/td>\n<td>Lector de Escamas<\/td>\n<\/tr>\n<tr>\n<td>Marca:<\/td>\n<td>NIKON<\/td>\n<\/tr>\n<tr>\n<td>Modelo:<\/td>\n<td>6C-PROFILE PROYECTOR<\/td>\n<\/tr>\n<tr>\n<td>Magnificaci\u00f3n:<\/td>\n<td>10X &#8211; 50X<\/td>\n<\/tr>\n<\/tbody>\n<\/table>","protected":false},"excerpt":{"rendered":"<p>Para generar, desarrollar y transferir conocimiento de valor p\u00fablico para el Sector, es imprescindible contar no solamente con profesionales del m\u00e1s alto nivel, sino que tambi\u00e9n con la infraestructura amplia y especializada. La Secci\u00f3n de Edad y Crecimiento del Instituto de Fomento Pesquero, posee un laboratorio altamente equipado y oficinas donde realiza el an\u00e1lisis de las muestras y de datos para la elaboraci\u00f3n de informes que permiten una posterior toma de decisiones, lo que conlleva a la planificaci\u00f3n y coordinaci\u00f3n para el desarrollo de los estudios requeridos. Equipamiento Horno de secado Equipo de convenci\u00f3n natural, temperatura regulable y programable hasta [&hellip;]<\/p>\n","protected":false},"author":1,"featured_media":0,"parent":0,"menu_order":0,"comment_status":"open","ping_status":"open","template":"plantilla-minisitio_contenido.php","meta":{"footnotes":""},"class_list":["post-21","page","type-page","status-publish","hentry"],"_links":{"self":[{"href":"https:\/\/www.ifop.cl\/laboratorioedadycrecimiento\/wp-json\/wp\/v2\/pages\/21"}],"collection":[{"href":"https:\/\/www.ifop.cl\/laboratorioedadycrecimiento\/wp-json\/wp\/v2\/pages"}],"about":[{"href":"https:\/\/www.ifop.cl\/laboratorioedadycrecimiento\/wp-json\/wp\/v2\/types\/page"}],"author":[{"embeddable":true,"href":"https:\/\/www.ifop.cl\/laboratorioedadycrecimiento\/wp-json\/wp\/v2\/users\/1"}],"replies":[{"embeddable":true,"href":"https:\/\/www.ifop.cl\/laboratorioedadycrecimiento\/wp-json\/wp\/v2\/comments?post=21"}],"version-history":[{"count":7,"href":"https:\/\/www.ifop.cl\/laboratorioedadycrecimiento\/wp-json\/wp\/v2\/pages\/21\/revisions"}],"predecessor-version":[{"id":409,"href":"https:\/\/www.ifop.cl\/laboratorioedadycrecimiento\/wp-json\/wp\/v2\/pages\/21\/revisions\/409"}],"wp:attachment":[{"href":"https:\/\/www.ifop.cl\/laboratorioedadycrecimiento\/wp-json\/wp\/v2\/media?parent=21"}],"curies":[{"name":"wp","href":"https:\/\/api.w.org\/{rel}","templated":true}]}}