{"id":185,"date":"2016-04-08T14:48:10","date_gmt":"2016-04-08T14:48:10","guid":{"rendered":"http:\/\/oceano.ifop.cl\/laboratorioedadycrecimiento\/?page_id=185"},"modified":"2025-06-09T10:30:07","modified_gmt":"2025-06-09T14:30:07","slug":"inicio","status":"publish","type":"page","link":"https:\/\/www.ifop.cl\/laboratorioedadycrecimiento\/","title":{"rendered":"Inicio"},"content":{"rendered":"<h3>Laboratorio Edad y Crecimiento<\/h3>\n<p>La Secci\u00f3n de Edad y Crecimiento consta de personal y equipamiento especializado de Laboratorio que permite orientar su quehacer hacia la generaci\u00f3n de conocimiento e informaci\u00f3n cient\u00edfica de valor p\u00fablico indispensable para apoyar las decisiones t\u00e9cnicas que contribuyen a los intereses del pa\u00eds.","protected":false},"excerpt":{"rendered":"<p>Laboratorio Edad y Crecimiento La Secci\u00f3n de Edad y Crecimiento consta de personal y equipamiento especializado de Laboratorio que permite orientar su quehacer hacia la generaci\u00f3n de conocimiento e informaci\u00f3n cient\u00edfica de valor p\u00fablico indispensable para apoyar las decisiones t\u00e9cnicas que contribuyen a los intereses del pa\u00eds.<\/p>\n","protected":false},"author":1,"featured_media":0,"parent":0,"menu_order":0,"comment_status":"open","ping_status":"open","template":"plantilla-minisitio_contenido.php","meta":{"footnotes":""},"class_list":["post-185","page","type-page","status-publish","hentry"],"_links":{"self":[{"href":"https:\/\/www.ifop.cl\/laboratorioedadycrecimiento\/wp-json\/wp\/v2\/pages\/185"}],"collection":[{"href":"https:\/\/www.ifop.cl\/laboratorioedadycrecimiento\/wp-json\/wp\/v2\/pages"}],"about":[{"href":"https:\/\/www.ifop.cl\/laboratorioedadycrecimiento\/wp-json\/wp\/v2\/types\/page"}],"author":[{"embeddable":true,"href":"https:\/\/www.ifop.cl\/laboratorioedadycrecimiento\/wp-json\/wp\/v2\/users\/1"}],"replies":[{"embeddable":true,"href":"https:\/\/www.ifop.cl\/laboratorioedadycrecimiento\/wp-json\/wp\/v2\/comments?post=185"}],"version-history":[{"count":2,"href":"https:\/\/www.ifop.cl\/laboratorioedadycrecimiento\/wp-json\/wp\/v2\/pages\/185\/revisions"}],"predecessor-version":[{"id":438,"href":"https:\/\/www.ifop.cl\/laboratorioedadycrecimiento\/wp-json\/wp\/v2\/pages\/185\/revisions\/438"}],"wp:attachment":[{"href":"https:\/\/www.ifop.cl\/laboratorioedadycrecimiento\/wp-json\/wp\/v2\/media?parent=185"}],"curies":[{"name":"wp","href":"https:\/\/api.w.org\/{rel}","templated":true}]}}