{"id":10,"date":"2016-01-26T12:57:44","date_gmt":"2016-01-26T12:57:44","guid":{"rendered":"http:\/\/192.168.168.168\/~mmasesorias\/laboratorioedadycrecimiento\/?page_id=10"},"modified":"2025-06-09T10:20:23","modified_gmt":"2025-06-09T14:20:23","slug":"areas-de-investigacion","status":"publish","type":"page","link":"https:\/\/www.ifop.cl\/laboratorioedadycrecimiento\/acerca-de-la-seccion\/areas-de-investigacion\/","title":{"rendered":"Areas de Investigaci\u00f3n"},"content":{"rendered":"La Secci\u00f3n de Edad y Crecimiento del Instituto de Fomento Pesquero, focaliza su accionar en la determinaci\u00f3n de edad de peces, usando tecnolog\u00edas de punta y agregando valor fundamental para la administraci\u00f3n de los recursos pesqueros del pa\u00eds. Actualmente, las \u00e1reas de investigaci\u00f3n y su impacto son las siguientes:<\/p>\n<ul>\n<li><strong>Edad Macroanillos:<\/strong><\/li>\n<\/ul>\n<p>Se ejecutan, anualmente, en los recursos pesqueros de mayor importancia econ\u00f3mica. Mediante su estudio se espera:<\/p>\n<ol>\n<li>Satisfacer la demanda de conocimiento de valor p\u00fablico sobre la estructura de edades poblacionales.<\/li>\n<li>Validar la asignaci\u00f3n de edad realizada en las estructuras duras seg\u00fan los soportes econ\u00f3micos de los estudios.<\/li>\n<li>Generar un soporte t\u00e9cnico.<\/li>\n<li>Disponer de una serie hist\u00f3rica.<\/li>\n<li>Contribuir a las evaluaciones de stock con serie de informaci\u00f3n construidas con criterio estable.<\/li>\n<li>Conocer la longevidad de las especies.<\/li>\n<li>Conocer los cambios en la edad de primera madurez.<\/li>\n<\/ol>\n<p>&nbsp;<\/p>\n<ul>\n<li><strong>Estudio de los par\u00e1metros de crecimiento:<\/strong><\/li>\n<\/ul>\n<p>Se realizan estudios espor\u00e1dicos en los recursos pesqueros. A trav\u00e9s de su investigaci\u00f3n se espera:<\/p>\n<ol>\n<li>Satisfacer la demanda de conocimiento de valor p\u00fablico en cuanto a los par\u00e1metros de crecimiento.<\/li>\n<li>Conocer la tasa de crecimiento de las especies.<\/li>\n<li>Disponer de la historia de los recursos y sus variaciones en el tiempo.<\/li>\n<\/ol>\n<p>&nbsp;<\/p>\n<ul>\n<li><strong>Estudio de componentes qu\u00edmicos en estructuras duras:<\/strong><\/li>\n<\/ul>\n<p>Se realiza el an\u00e1lisis de componentes qu\u00edmicos mediante contratos en el extranjero. Con este tipo de investigaci\u00f3n se espera:<\/p>\n<ol>\n<li>Conocer v\u00edas de migraci\u00f3n del recurso: Se encuentra en desarrollo un proyecto entre el Instituto de Fomento Pesquero y otras instituciones internacionales, en el que se estudian variados temas adem\u00e1s de los otolitos.<\/li>\n<li>Validar la edad determinada por macroanillos, generando soporte t\u00e9cnico.<\/li>\n<li>Estudiar los lugares de nacimiento. Tema en v\u00edas de desarrollo.<\/li>\n<\/ol>\n<p>&nbsp;<\/p>\n<ul>\n<li><strong>Estudios morfol\u00f3gicos de otolitos:<\/strong><\/li>\n<\/ul>\n<p>Este trabajo est\u00e1 en desarrollo en jurel internacional. Adem\u00e1s, se lleva a cabo en tema de tesis con alumnos de diversas universidades. A trav\u00e9s de este trabajo cient\u00edfico se espera:<\/p>\n<ol>\n<li>Entregar los antecedentes que aporten para la identificaci\u00f3n de stock.<\/li>\n<\/ol>\n<p>&nbsp;<\/p>\n<ul>\n<li><strong>Investigaci\u00f3n sobre Cadena Alimenticia:<\/strong><\/li>\n<\/ul>\n<p>Actualmente, se trata de un incipiente trabajo de la Secci\u00f3n de Edad y Crecimiento. Se han desarrollado muestras pilotos en forma de m\u00f3dulos de inter\u00e9s, sin financiamiento espec\u00edfico. Gracias a su estudio se espera:<\/p>\n<ol>\n<li>Conocer antecedentes en cuanto a la dieta de las especies estudiadas.<\/li>\n<li>Conocer antecedentes sobre predadores de las especies estudiadas.<\/li>\n<\/ol>\n<p>&nbsp;<\/p>\n<ul>\n<li><strong>Investigaci\u00f3n Arqueol\u00f3gica:<\/strong><\/li>\n<\/ul>\n<p>Servicio otorgado a profesionales para caracterizar sus hallazgos. Se han desarrollado m\u00f3dulos de inter\u00e9s, sin financiamiento espec\u00edfico. A trav\u00e9s de este tipo de investigaci\u00f3n se espera:<\/p>\n<ol>\n<li>Conocer la historia de vida de las comunidades estudiadas.<\/li>\n<\/ol>\n<p>&nbsp;<\/p>\n<ul>\n<li><strong>Estudio de variables ambientales a trav\u00e9s de la historia contenida en las estructuras duras:<\/strong><\/li>\n<\/ul>\n<p>Se trata de un trabajo que se encuentra s\u00f3lo a nivel informativo a modo de preparar l\u00edneas de desarrollo donde se espera:<\/p>\n<ol>\n<li>Conocer las series de tiempo y la historia de las variables ambientales en las que est\u00e1n inmersas las especies hidrobiol\u00f3gicas.<\/li>\n<\/ol>","protected":false},"excerpt":{"rendered":"<p>La Secci\u00f3n de Edad y Crecimiento del Instituto de Fomento Pesquero, focaliza su accionar en la determinaci\u00f3n de edad de peces, usando tecnolog\u00edas de punta y agregando valor fundamental para la administraci\u00f3n de los recursos pesqueros del pa\u00eds. Actualmente, las \u00e1reas de investigaci\u00f3n y su impacto son las siguientes: Edad Macroanillos: Se ejecutan, anualmente, en los recursos pesqueros de mayor importancia econ\u00f3mica. Mediante su estudio se espera: Satisfacer la demanda de conocimiento de valor p\u00fablico sobre la estructura de edades poblacionales. Validar la asignaci\u00f3n de edad realizada en las estructuras duras seg\u00fan los soportes econ\u00f3micos de los estudios. Generar un [&hellip;]<\/p>\n","protected":false},"author":1,"featured_media":0,"parent":251,"menu_order":0,"comment_status":"closed","ping_status":"closed","template":"plantilla-minisitio_contenido.php","meta":{"footnotes":""},"class_list":["post-10","page","type-page","status-publish","hentry"],"_links":{"self":[{"href":"https:\/\/www.ifop.cl\/laboratorioedadycrecimiento\/wp-json\/wp\/v2\/pages\/10"}],"collection":[{"href":"https:\/\/www.ifop.cl\/laboratorioedadycrecimiento\/wp-json\/wp\/v2\/pages"}],"about":[{"href":"https:\/\/www.ifop.cl\/laboratorioedadycrecimiento\/wp-json\/wp\/v2\/types\/page"}],"author":[{"embeddable":true,"href":"https:\/\/www.ifop.cl\/laboratorioedadycrecimiento\/wp-json\/wp\/v2\/users\/1"}],"replies":[{"embeddable":true,"href":"https:\/\/www.ifop.cl\/laboratorioedadycrecimiento\/wp-json\/wp\/v2\/comments?post=10"}],"version-history":[{"count":1,"href":"https:\/\/www.ifop.cl\/laboratorioedadycrecimiento\/wp-json\/wp\/v2\/pages\/10\/revisions"}],"predecessor-version":[{"id":11,"href":"https:\/\/www.ifop.cl\/laboratorioedadycrecimiento\/wp-json\/wp\/v2\/pages\/10\/revisions\/11"}],"up":[{"embeddable":true,"href":"https:\/\/www.ifop.cl\/laboratorioedadycrecimiento\/wp-json\/wp\/v2\/pages\/251"}],"wp:attachment":[{"href":"https:\/\/www.ifop.cl\/laboratorioedadycrecimiento\/wp-json\/wp\/v2\/media?parent=10"}],"curies":[{"name":"wp","href":"https:\/\/api.w.org\/{rel}","templated":true}]}}