{"id":8,"date":"2018-10-05T02:56:19","date_gmt":"2018-10-05T02:56:19","guid":{"rendered":"https:\/\/www.ifop.cl\/enfoque-ecosistemico\/?page_id=8"},"modified":"2019-02-06T15:15:24","modified_gmt":"2019-02-06T15:15:24","slug":"proyecto-lenfest","status":"publish","type":"page","link":"https:\/\/www.ifop.cl\/enfoque-ecosistemico\/proyecto-lenfest\/","title":{"rendered":"Proyecto LENFEST"},"content":{"rendered":"<h2>Introducci\u00f3n<\/h2>\n<p>Una de las maneras en que se puede operacionalizar el manejo de pesquer\u00edas con enfoque ecosist\u00e9mico (EAFM) es a trav\u00e9s de la identificaci\u00f3n y utilizaci\u00f3n de indicadores ecosist\u00e9micos. Estos deben informar acerca de las variaciones en la estructura o el funcionamiento de los ecosistemas. De hecho, son estas las que dan luz acerca de posibles compromisos o riesgos en los sistemas que forman parte del manejo. Es ideal, por lo tanto, que los indicadores reflejen correctamente la estructura y funci\u00f3n del ecosistema y que puedan entregar informaci\u00f3n cient\u00edfica \u00fatil para la toma de decisiones.<\/p>\n<p>Adicionalmente, en sistemas pesqueros como los actuales \u2014caracterizados por m\u00faltiples recursos de pesca que forman parte de diversos ecosistemas y que, a su vez, est\u00e1n bajo diferentes sistemas de manejo\u2014 es esencial tener alg\u00fan conjunto m\u00ednimo de indicadores que puedan ser transversalmente aplicables e informativos.<\/p>\n<p>El proyecto LENFEST enfrenta este reto y se abre a la b\u00fasqueda de indicadores ecosist\u00e9micos aplicables a sistemas de pesquer\u00eda que operan en distintos lugares del mundo, con diferentes recursos e importantes diferencias en las formas de manejo y la informaci\u00f3n disponible para la toma de decisiones.<\/p>\n<div id=\"attachment_29\" style=\"width: 310px\" class=\"wp-caption aligncenter\"><a href=\"http:\/\/www.ifop.cl\/enfoque-ecosistemico\/wp-content\/uploads\/sites\/19\/2018\/10\/lenfest_figura1.jpg\"><img loading=\"lazy\" decoding=\"async\" aria-describedby=\"caption-attachment-29\" class=\"wp-image-29 size-medium\" title=\"Figura 1: Botes de pesca. Valpara\u00edso, Chile.\" src=\"http:\/\/www.ifop.cl\/enfoque-ecosistemico\/wp-content\/uploads\/sites\/19\/2018\/10\/lenfest_figura1-300x109.jpg\" alt=\"Figura 1: Botes de pesca. Valpara\u00edso, Chile.\" width=\"300\" height=\"109\" srcset=\"https:\/\/www.ifop.cl\/enfoque-ecosistemico\/wp-content\/uploads\/sites\/19\/2018\/10\/lenfest_figura1-300x109.jpg 300w, https:\/\/www.ifop.cl\/enfoque-ecosistemico\/wp-content\/uploads\/sites\/19\/2018\/10\/lenfest_figura1-768x279.jpg 768w, https:\/\/www.ifop.cl\/enfoque-ecosistemico\/wp-content\/uploads\/sites\/19\/2018\/10\/lenfest_figura1-1024x372.jpg 1024w, https:\/\/www.ifop.cl\/enfoque-ecosistemico\/wp-content\/uploads\/sites\/19\/2018\/10\/lenfest_figura1-960x350.jpg 960w, https:\/\/www.ifop.cl\/enfoque-ecosistemico\/wp-content\/uploads\/sites\/19\/2018\/10\/lenfest_figura1.jpg 2048w\" sizes=\"(max-width: 300px) 100vw, 300px\" \/><\/a><p id=\"caption-attachment-29\" class=\"wp-caption-text\">Figura 1: Botes de pesca. Valpara\u00edso, Chile.<\/p><\/div>\n<h2>El enfoque de investigaci\u00f3n.<\/h2>\n<p>Los Drs. Beth\u00a0Fulton\u00a0y Keith\u00a0Sainsbury de la Commonwealth Scientific and Industrial Research Organisation (CSIRO) colaborar\u00e1n con investigadores, gerentes y formuladores de pol\u00edticas en cuatro pa\u00edses para proporcionar orientaci\u00f3n, a fin de seleccionar indicadores de la estructura del ecosistema y su funci\u00f3n, adem\u00e1s de la operacionalizaci\u00f3n del EAFM en una diversidad de contextos. El proyecto se llevar\u00e1 a cabo en las siguientes cuatro etapas:<\/p>\n<h4>1. Desarrollar indicadores candidatos de los ecosistemas<\/h4>\n<p>El equipo de investigaci\u00f3n comenzar\u00e1 por consolidar las opciones de indicadores basados en los datos cient\u00edficos existentes y en los esfuerzos para desarrollar indicadores de ecosistemas. Durante esta etapa, se trabajar\u00e1 para definir los indicadores candidatos sobre los cuales basar las evaluaciones de los ecosistemas e identificar informaci\u00f3n sobre c\u00f3mo desarrollar nuevos indicadores.<\/p>\n<h4>2. Colaborar con gestores y responsables pol\u00edticos<\/h4>\n<p>Fulton y Sainsbury convocar&aacute;n a un comit&eacute; asesor compuesto por un gerente, un formulador de pol&iacute;ticas y un cient&iacute;fico de aquellos pa&iacute;ses vinculados con las cuatro regiones que forman parte del estudio: (ver Figura 2).<\/p>\n<div id=\"attachment_28\" style=\"width: 310px\" class=\"wp-caption aligncenter\"><a href=\"http:\/\/www.ifop.cl\/enfoque-ecosistemico\/wp-content\/uploads\/sites\/19\/2018\/10\/lenfest_figura2.jpg\"><img loading=\"lazy\" decoding=\"async\" aria-describedby=\"caption-attachment-28\" class=\"wp-image-28 size-medium\" title=\"Figura 2: Casos de estudio\" src=\"http:\/\/www.ifop.cl\/enfoque-ecosistemico\/wp-content\/uploads\/sites\/19\/2018\/10\/lenfest_figura2-300x188.jpg\" alt=\"Figura 2: Casos de estudio\" width=\"300\" height=\"188\" srcset=\"https:\/\/www.ifop.cl\/enfoque-ecosistemico\/wp-content\/uploads\/sites\/19\/2018\/10\/lenfest_figura2-300x188.jpg 300w, https:\/\/www.ifop.cl\/enfoque-ecosistemico\/wp-content\/uploads\/sites\/19\/2018\/10\/lenfest_figura2.jpg 577w\" sizes=\"(max-width: 300px) 100vw, 300px\" \/><\/a><p id=\"caption-attachment-28\" class=\"wp-caption-text\">Figura 2: Casos de estudio<\/p><\/div>\n<ul>\n<li>\n<p>El mar de Bering y Alaska en Estados Unidos; <\/p>\n<\/li>\n<li>\n<p>aguas marinas frente al sureste de Australia; <\/p>\n<\/li>\n<li>\n<p>aguas marinas del suroeste de India y <\/p>\n<\/li>\n<li>\n<p>el sistema de surgencia de la corriente de Humboldt en Chile.<\/p>\n<\/li>\n<\/ul>\n<p>Dichos investigadores seleccionaron estas regiones porque difieren en la estructura del ecosistema, la producci&oacute;n de alimentos y en el enfoque de gesti&oacute;n de pesca. Las regiones comparten el inter&eacute;s en la administraci&oacute;n de los ecosistemas, as&iacute; como en los sistemas reguladores que son susceptibles de seguir las directrices y pr&aacute;cticas de este enfoque.<\/p>\n<p>El comit&eacute; asesor trabajar&aacute; con el equipo de investigaci&oacute;n para identificar los indicadores m&aacute;s prometedores o aquellos que podr&iacute;an aplicarse f&aacute;cilmente en sus regiones, cuyos desaf&iacute;os deber&aacute;n ser superados en el contexto local seg&uacute;n condiciones y objetivos. Los investigadores proporcionar&aacute;n a su vez orientaci&oacute;n acerca de los marcos regulatorios existentes y sobre la mejor manera de operacionalizar los resultados, asegurando que los indicadores puedan ser adoptados por los programas de gesti&oacute;n de pesca existentes.<\/p>\n<h4>3. Prueba de la robustez de los indicadores y evaluaciones de ecosistemas<\/h4>\n<p>El equipo de investigaci\u00f3n utilizar\u00e1 una gama de modelos ecosist\u00e9micos para probar el desempe\u00f1o de los indicadores m\u00e1s prometedores en diferentes tipos de: ecosistemas, especies objetivo, niveles de selectividad y niveles de intensidad de pesca. Los modelos tambi\u00e9n ser\u00e1n aplicados a una gama de escenarios ambientales, tales como, el cambio clim\u00e1tico o la eutrofizaci\u00f3n de la zona costera. Una vez informado acerca de los resultados de estas simulaciones, el equipo de investigaci\u00f3n ser\u00e1 capaz de definir umbrales y puntos de referencia para la estructura y funci\u00f3n del ecosistema. Los investigadores usar\u00e1n los modelos para explorar la robustez de las evaluaciones de los ecosistemas y los posibles enfoques de manejo de EBFM para pesquer\u00edas multiespec\u00edficas.<\/p>\n<h4>4.Aplicaci\u00f3n de los indicadores en las regiones de estudio de casos<\/h4>\n<p>Finalmente, el equipo de investigaci\u00f3n probar\u00e1 la utilidad y la solidez de los indicadores utilizando datos y modelos de las regiones que forman parte del estudio de caso. Este paso ayudar\u00e1 al equipo de investigaci\u00f3n y al comit\u00e9 asesor a explorar c\u00f3mo los encargados en esas regiones pueden usar y monitorear indicadores, junto con las posibles barreras de uso. De esta manera, la utilidad y robustez del indicador se probar\u00e1, permitiendo a su vez contar con orientaciones para la aplicaci\u00f3n pr\u00e1ctica de los indicadores y la forma c\u00f3mo estos podr\u00edan informar acerca de la gesti\u00f3n y los posibles enfoques de EAFM.<\/p>\n<p>El equipo de investigaci\u00f3n llevar\u00e1 a cabo el proyecto hasta 2020. Se celebrar\u00e1n dos reuniones por a\u00f1o, cada una de las cuales incluir\u00e1 una reuni\u00f3n con el comit\u00e9 asesor. El equipo tambi\u00e9n realizar\u00e1 talleres investigaci\u00f3n con un conjunto m\u00e1s amplio de partes interesadas, como la industria, ONG y agencias de gesti\u00f3n adicionales.<\/p>\n<h2>Qui\u00e9nes somos<\/h2>\n<p>Somos un equipo interdisciplinario que forma parte del Instituto de Fomento Pesquero (IFOP). Como tal estamos interesados en aplicar el enfoque ecosist\u00e9mico a los sistemas de pesca en Chile, haciendo de esto un avance al alcance del usuario, que otorgue informaci\u00f3n cient\u00edfica confiable y aplicable en los procesos de toma de decisiones.<\/p>\n<h2>Con qui\u00e9nes trabajamos<\/h2>\n<p>Trabajamos con un equipo de expertos que forman parte de\u00a0Lenfest Ocean Program\u00a0y de la consultora australiana\u00a0Commonwealth Scientific and Industrial Research Organization\u00a0(CSIRO).<\/p>\n<h2>Resumen del proyecto<\/h2>\n<div class=\"row\">\n<div class=\"col-sm-6 col-md-4\">\n<div class=\"thumbnail\">\n<p><a href=\"http:\/\/www.ifop.cl\/enfoque-ecosistemico\/wp-content\/uploads\/sites\/19\/2018\/12\/Benchmarks-for-Ecosystem-Assessments-Espa\u00f1ol.pdf\" target=\"_blank\" rel=\"noopener noreferrer\"><img decoding=\"async\" src=\"http:\/\/www.ifop.cl\/enfoque-ecosistemico\/wp-content\/uploads\/sites\/19\/2018\/12\/Benchmarks-for-Ecosystem-Assessments-Espa\u00f1ol.jpg\" alt=\"\" width=\"\" \/><\/a><\/p>\n<div class=\"caption\">\n<h3><a href=\"http:\/\/www.ifop.cl\/enfoque-ecosistemico\/wp-content\/uploads\/sites\/19\/2018\/12\/Benchmarks-for-Ecosystem-Assessments-Espa\u00f1ol.pdf\" target=\"_blank\" rel=\"noopener noreferrer\">Criterios para la evaluaci\u00f3n ecosist\u00e9mica:<\/a><\/h3>\n<p>Indicadores para un manejo pesquero pr\u00e1ctico basado en ecosistemas.<\/p>\n<\/div>\n<\/div>\n<\/div>\n<\/div>\n","protected":false},"excerpt":{"rendered":"<p>Introducci\u00f3n Una de las maneras en que se puede operacionalizar el manejo de pesquer\u00edas con enfoque ecosist\u00e9mico (EAFM) es a trav\u00e9s de la identificaci\u00f3n y utilizaci\u00f3n de indicadores ecosist\u00e9micos. Estos deben informar acerca de las variaciones en la estructura o el funcionamiento de los ecosistemas. De hecho, son estas las que dan luz acerca de [&hellip;]<\/p>\n","protected":false},"author":1,"featured_media":0,"parent":0,"menu_order":0,"comment_status":"closed","ping_status":"closed","template":"plantilla_pagina_full_with.php","meta":{"footnotes":""},"class_list":["post-8","page","type-page","status-publish","hentry"],"_links":{"self":[{"href":"https:\/\/www.ifop.cl\/enfoque-ecosistemico\/wp-json\/wp\/v2\/pages\/8"}],"collection":[{"href":"https:\/\/www.ifop.cl\/enfoque-ecosistemico\/wp-json\/wp\/v2\/pages"}],"about":[{"href":"https:\/\/www.ifop.cl\/enfoque-ecosistemico\/wp-json\/wp\/v2\/types\/page"}],"author":[{"embeddable":true,"href":"https:\/\/www.ifop.cl\/enfoque-ecosistemico\/wp-json\/wp\/v2\/users\/1"}],"replies":[{"embeddable":true,"href":"https:\/\/www.ifop.cl\/enfoque-ecosistemico\/wp-json\/wp\/v2\/comments?post=8"}],"version-history":[{"count":16,"href":"https:\/\/www.ifop.cl\/enfoque-ecosistemico\/wp-json\/wp\/v2\/pages\/8\/revisions"}],"predecessor-version":[{"id":162,"href":"https:\/\/www.ifop.cl\/enfoque-ecosistemico\/wp-json\/wp\/v2\/pages\/8\/revisions\/162"}],"wp:attachment":[{"href":"https:\/\/www.ifop.cl\/enfoque-ecosistemico\/wp-json\/wp\/v2\/media?parent=8"}],"curies":[{"name":"wp","href":"https:\/\/api.w.org\/{rel}","templated":true}]}}